{"id":4595,"date":"2022-12-23T11:58:35","date_gmt":"2022-12-23T11:58:35","guid":{"rendered":"https:\/\/melpool.i-aspect.com\/vandbehandling\/"},"modified":"2023-03-22T14:00:16","modified_gmt":"2023-03-22T13:00:16","slug":"vandbehandling","status":"publish","type":"page","link":"https:\/\/www.melpool.com\/da\/vandbehandling\/","title":{"rendered":"Vandbehandling"},"content":{"rendered":"\t\t<div data-elementor-type=\"wp-page\" data-elementor-id=\"4595\" class=\"elementor elementor-4595 elementor-35\" data-elementor-post-type=\"page\">\n\t\t\t\t\t\t<section class=\"elementor-section elementor-top-section elementor-element elementor-element-824c3af elementor-section-height-min-height elementor-section-boxed elementor-section-height-default elementor-section-items-middle\" data-id=\"824c3af\" data-element_type=\"section\" data-e-type=\"section\" data-settings=\"{&quot;background_background&quot;:&quot;classic&quot;}\">\n\t\t\t\t\t\t\t<div class=\"elementor-background-overlay\"><\/div>\n\t\t\t\t\t\t\t<div class=\"elementor-container elementor-column-gap-default\">\n\t\t\t\t\t<div class=\"elementor-column elementor-col-50 elementor-top-column elementor-element elementor-element-e99d1c3\" data-id=\"e99d1c3\" data-element_type=\"column\" data-e-type=\"column\">\n\t\t\t<div class=\"elementor-widget-wrap elementor-element-populated\">\n\t\t\t\t\t\t<div class=\"elementor-element elementor-element-372eb65 elementor-widget elementor-widget-heading\" data-id=\"372eb65\" data-element_type=\"widget\" data-e-type=\"widget\" data-widget_type=\"heading.default\">\n\t\t\t\t<div class=\"elementor-widget-container\">\n\t\t\t\t\t<h1 class=\"elementor-heading-title elementor-size-default\">Hj\u00e6lp til vandbehandling<\/h1>\t\t\t\t<\/div>\n\t\t\t\t<\/div>\n\t\t\t\t\t<\/div>\n\t\t<\/div>\n\t\t\t\t<div class=\"elementor-column elementor-col-50 elementor-top-column elementor-element elementor-element-fce0cf1 elementor-hidden-mobile\" data-id=\"fce0cf1\" data-element_type=\"column\" data-e-type=\"column\">\n\t\t\t<div class=\"elementor-widget-wrap\">\n\t\t\t\t\t\t\t<\/div>\n\t\t<\/div>\n\t\t\t\t\t<\/div>\n\t\t<\/section>\n\t\t<div class=\"elementor-element elementor-element-07bfe73 e-flex e-con-boxed elementor-invisible e-con e-parent\" data-id=\"07bfe73\" data-element_type=\"container\" data-e-type=\"container\" data-settings=\"{&quot;animation&quot;:&quot;fadeInUp&quot;,&quot;animation_mobile&quot;:&quot;none&quot;}\">\n\t\t\t\t\t<div class=\"e-con-inner\">\n\t\t<div class=\"elementor-element elementor-element-39c42e5 e-con-full e-flex e-con e-child\" data-id=\"39c42e5\" data-element_type=\"container\" data-e-type=\"container\">\n\t\t\t\t<div class=\"elementor-element elementor-element-9eb5354 elementor-widget elementor-widget-heading\" data-id=\"9eb5354\" data-element_type=\"widget\" data-e-type=\"widget\" data-widget_type=\"heading.default\">\n\t\t\t\t<div class=\"elementor-widget-container\">\n\t\t\t\t\t<h2 class=\"elementor-heading-title elementor-size-default\">Hj\u00e6lp til vandbehandling<\/h2>\t\t\t\t<\/div>\n\t\t\t\t<\/div>\n\t\t\t\t<div class=\"elementor-element elementor-element-22f0b51 elementor-widget elementor-widget-text-editor\" data-id=\"22f0b51\" data-element_type=\"widget\" data-e-type=\"widget\" data-widget_type=\"text-editor.default\">\n\t\t\t\t<div class=\"elementor-widget-container\">\n\t\t\t\t\t\t\t\t\t<p>Sv\u00f8mning b\u00f8r v\u00e6re en form for afslapning.&nbsp;Men ingen pool forbliver ren og hygiejnisk uden vedligeholdelse. Vi fors\u00f8ger at g\u00f8re denne vedligeholdelse s\u00e5 nem som muligt. Derfor kan du allerede opn\u00e5 optimal vandkvalitet med et begr\u00e6nset antal Melpool-produkter. Vi mener, at god r\u00e5dgivning er afg\u00f8rende. Melpool er derfor kun tilg\u00e6ngelig gennem poolhandel. Men vi er glade for at dele grundprincipper, l\u00f8sninger og tips om vandbehandling med dig via dette websted.<\/p>\n\t\t\t\t\t\t\t\t<\/div>\n\t\t\t\t<\/div>\n\t\t\t\t<\/div>\n\t\t<div class=\"elementor-element elementor-element-021b4c9 iconlist e-con-full e-flex e-con e-child\" data-id=\"021b4c9\" data-element_type=\"container\" data-e-type=\"container\">\n\t\t<a class=\"elementor-element elementor-element-cebd003 e-con-full button e-flex e-con e-child\" data-id=\"cebd003\" data-element_type=\"container\" data-e-type=\"container\" href=\"https:\/\/www.melpool.com\/nl\/opstarten\/\">\n\t\t\t\t<div class=\"elementor-element elementor-element-37f941f elementor-widget__width-initial elementor-widget elementor-widget-image\" data-id=\"37f941f\" data-element_type=\"widget\" data-e-type=\"widget\" data-widget_type=\"image.default\">\n\t\t\t\t<div class=\"elementor-widget-container\">\n\t\t\t\t\t\t\t\t\t\t\t\t\t\t\t<img decoding=\"async\" width=\"120\" height=\"120\" data-src=\"https:\/\/www.melpool.com\/wp-content\/uploads\/2023\/03\/swimming-pool.png\" class=\"attachment-large size-large wp-image-7127 lazyload\" alt=\"\" src=\"data:image\/svg+xml;base64,PHN2ZyB3aWR0aD0iMSIgaGVpZ2h0PSIxIiB4bWxucz0iaHR0cDovL3d3dy53My5vcmcvMjAwMC9zdmciPjwvc3ZnPg==\" style=\"--smush-placeholder-width: 120px; --smush-placeholder-aspect-ratio: 120\/120;\" \/>\t\t\t\t\t\t\t\t\t\t\t\t\t\t\t<\/div>\n\t\t\t\t<\/div>\n\t\t\t\t<div class=\"elementor-element elementor-element-6e904b2 elementor-widget elementor-widget-heading\" data-id=\"6e904b2\" data-element_type=\"widget\" data-e-type=\"widget\" data-widget_type=\"heading.default\">\n\t\t\t\t<div class=\"elementor-widget-container\">\n\t\t\t\t\t<h5 class=\"elementor-heading-title elementor-size-default\">Opstart og dosering<\/h5>\t\t\t\t<\/div>\n\t\t\t\t<\/div>\n\t\t\t\t<\/a>\n\t\t<a class=\"elementor-element elementor-element-a8146fe e-con-full button e-flex e-con e-child\" data-id=\"a8146fe\" data-element_type=\"container\" data-e-type=\"container\" href=\"https:\/\/www.melpool.com\/nl\/ph-waarde\/\">\n\t\t\t\t<div class=\"elementor-element elementor-element-a9559cd elementor-widget__width-initial elementor-widget elementor-widget-image\" data-id=\"a9559cd\" data-element_type=\"widget\" data-e-type=\"widget\" data-widget_type=\"image.default\">\n\t\t\t\t<div class=\"elementor-widget-container\">\n\t\t\t\t\t\t\t\t\t\t\t\t\t\t\t<img decoding=\"async\" width=\"120\" height=\"120\" data-src=\"https:\/\/www.melpool.com\/wp-content\/uploads\/2023\/03\/ph.png\" class=\"attachment-large size-large wp-image-7119 lazyload\" alt=\"\" src=\"data:image\/svg+xml;base64,PHN2ZyB3aWR0aD0iMSIgaGVpZ2h0PSIxIiB4bWxucz0iaHR0cDovL3d3dy53My5vcmcvMjAwMC9zdmciPjwvc3ZnPg==\" style=\"--smush-placeholder-width: 120px; --smush-placeholder-aspect-ratio: 120\/120;\" \/>\t\t\t\t\t\t\t\t\t\t\t\t\t\t\t<\/div>\n\t\t\t\t<\/div>\n\t\t\t\t<div class=\"elementor-element elementor-element-9ef47f3 elementor-widget elementor-widget-heading\" data-id=\"9ef47f3\" data-element_type=\"widget\" data-e-type=\"widget\" data-widget_type=\"heading.default\">\n\t\t\t\t<div class=\"elementor-widget-container\">\n\t\t\t\t\t<h5 class=\"elementor-heading-title elementor-size-default\">pH-v\u00e6rdi<\/h5>\t\t\t\t<\/div>\n\t\t\t\t<\/div>\n\t\t\t\t<\/a>\n\t\t<a class=\"elementor-element elementor-element-c78025e e-con-full button e-flex e-con e-child\" data-id=\"c78025e\" data-element_type=\"container\" data-e-type=\"container\" href=\"https:\/\/www.melpool.com\/nl\/desinfectie\/\">\n\t\t\t\t<div class=\"elementor-element elementor-element-0cd3f6a elementor-widget__width-initial elementor-widget elementor-widget-image\" data-id=\"0cd3f6a\" data-element_type=\"widget\" data-e-type=\"widget\" data-widget_type=\"image.default\">\n\t\t\t\t<div class=\"elementor-widget-container\">\n\t\t\t\t\t\t\t\t\t\t\t\t\t\t\t<img decoding=\"async\" width=\"120\" height=\"120\" data-src=\"https:\/\/www.melpool.com\/wp-content\/uploads\/2023\/03\/test.png\" class=\"attachment-large size-large wp-image-7167 lazyload\" alt=\"\" src=\"data:image\/svg+xml;base64,PHN2ZyB3aWR0aD0iMSIgaGVpZ2h0PSIxIiB4bWxucz0iaHR0cDovL3d3dy53My5vcmcvMjAwMC9zdmciPjwvc3ZnPg==\" style=\"--smush-placeholder-width: 120px; --smush-placeholder-aspect-ratio: 120\/120;\" \/>\t\t\t\t\t\t\t\t\t\t\t\t\t\t\t<\/div>\n\t\t\t\t<\/div>\n\t\t\t\t<div class=\"elementor-element elementor-element-694b6d4 elementor-widget elementor-widget-heading\" data-id=\"694b6d4\" data-element_type=\"widget\" data-e-type=\"widget\" data-widget_type=\"heading.default\">\n\t\t\t\t<div class=\"elementor-widget-container\">\n\t\t\t\t\t<h5 class=\"elementor-heading-title elementor-size-default\">Vandanalyse<\/h5>\t\t\t\t<\/div>\n\t\t\t\t<\/div>\n\t\t\t\t<\/a>\n\t\t<a class=\"elementor-element elementor-element-af4ed19 e-con-full button e-flex e-con e-child\" data-id=\"af4ed19\" data-element_type=\"container\" data-e-type=\"container\" href=\"https:\/\/www.melpool.com\/nl\/flocculatie\/\">\n\t\t\t\t<div class=\"elementor-element elementor-element-b3ad18e elementor-widget__width-initial elementor-widget elementor-widget-image\" data-id=\"b3ad18e\" data-element_type=\"widget\" data-e-type=\"widget\" data-widget_type=\"image.default\">\n\t\t\t\t<div class=\"elementor-widget-container\">\n\t\t\t\t\t\t\t\t\t\t\t\t\t\t\t<img decoding=\"async\" width=\"120\" height=\"120\" data-src=\"https:\/\/www.melpool.com\/wp-content\/uploads\/2023\/03\/molecule.png\" class=\"attachment-large size-large wp-image-7143 lazyload\" alt=\"\" src=\"data:image\/svg+xml;base64,PHN2ZyB3aWR0aD0iMSIgaGVpZ2h0PSIxIiB4bWxucz0iaHR0cDovL3d3dy53My5vcmcvMjAwMC9zdmciPjwvc3ZnPg==\" style=\"--smush-placeholder-width: 120px; --smush-placeholder-aspect-ratio: 120\/120;\" \/>\t\t\t\t\t\t\t\t\t\t\t\t\t\t\t<\/div>\n\t\t\t\t<\/div>\n\t\t\t\t<div class=\"elementor-element elementor-element-a28b537 elementor-widget elementor-widget-heading\" data-id=\"a28b537\" data-element_type=\"widget\" data-e-type=\"widget\" data-widget_type=\"heading.default\">\n\t\t\t\t<div class=\"elementor-widget-container\">\n\t\t\t\t\t<h5 class=\"elementor-heading-title elementor-size-default\">Floculering<\/h5>\t\t\t\t<\/div>\n\t\t\t\t<\/div>\n\t\t\t\t<\/a>\n\t\t<a class=\"elementor-element elementor-element-96fc310 e-con-full button e-flex e-con e-child\" data-id=\"96fc310\" data-element_type=\"container\" data-e-type=\"container\" href=\"https:\/\/www.melpool.com\/nl\/algenverwijdering\/\">\n\t\t\t\t<div class=\"elementor-element elementor-element-80a8436 elementor-widget__width-initial elementor-widget elementor-widget-image\" data-id=\"80a8436\" data-element_type=\"widget\" data-e-type=\"widget\" data-widget_type=\"image.default\">\n\t\t\t\t<div class=\"elementor-widget-container\">\n\t\t\t\t\t\t\t\t\t\t\t\t\t\t\t<img decoding=\"async\" width=\"120\" height=\"120\" data-src=\"https:\/\/www.melpool.com\/wp-content\/uploads\/2023\/03\/algen_icon.png\" class=\"attachment-large size-large wp-image-7111 lazyload\" alt=\"\" src=\"data:image\/svg+xml;base64,PHN2ZyB3aWR0aD0iMSIgaGVpZ2h0PSIxIiB4bWxucz0iaHR0cDovL3d3dy53My5vcmcvMjAwMC9zdmciPjwvc3ZnPg==\" style=\"--smush-placeholder-width: 120px; --smush-placeholder-aspect-ratio: 120\/120;\" \/>\t\t\t\t\t\t\t\t\t\t\t\t\t\t\t<\/div>\n\t\t\t\t<\/div>\n\t\t\t\t<div class=\"elementor-element elementor-element-86f0e32 elementor-widget elementor-widget-heading\" data-id=\"86f0e32\" data-element_type=\"widget\" data-e-type=\"widget\" data-widget_type=\"heading.default\">\n\t\t\t\t<div class=\"elementor-widget-container\">\n\t\t\t\t\t<h5 class=\"elementor-heading-title elementor-size-default\">Fjernelse af alger<\/h5>\t\t\t\t<\/div>\n\t\t\t\t<\/div>\n\t\t\t\t<\/a>\n\t\t<a class=\"elementor-element elementor-element-915c8f2 e-con-full button e-flex e-con e-child\" data-id=\"915c8f2\" data-element_type=\"container\" data-e-type=\"container\" href=\"https:\/\/www.melpool.com\/nl\/reiniging\/\">\n\t\t\t\t<div class=\"elementor-element elementor-element-ac4bff7 elementor-widget__width-initial elementor-widget elementor-widget-image\" data-id=\"ac4bff7\" data-element_type=\"widget\" data-e-type=\"widget\" data-widget_type=\"image.default\">\n\t\t\t\t<div class=\"elementor-widget-container\">\n\t\t\t\t\t\t\t\t\t\t\t\t\t\t\t<img decoding=\"async\" width=\"120\" height=\"120\" data-src=\"https:\/\/www.melpool.com\/wp-content\/uploads\/2023\/03\/cleaning.png\" class=\"attachment-large size-large wp-image-7135 lazyload\" alt=\"\" src=\"data:image\/svg+xml;base64,PHN2ZyB3aWR0aD0iMSIgaGVpZ2h0PSIxIiB4bWxucz0iaHR0cDovL3d3dy53My5vcmcvMjAwMC9zdmciPjwvc3ZnPg==\" style=\"--smush-placeholder-width: 120px; --smush-placeholder-aspect-ratio: 120\/120;\" \/>\t\t\t\t\t\t\t\t\t\t\t\t\t\t\t<\/div>\n\t\t\t\t<\/div>\n\t\t\t\t<div class=\"elementor-element elementor-element-ea7b9ba elementor-widget elementor-widget-heading\" data-id=\"ea7b9ba\" data-element_type=\"widget\" data-e-type=\"widget\" data-widget_type=\"heading.default\">\n\t\t\t\t<div class=\"elementor-widget-container\">\n\t\t\t\t\t<h5 class=\"elementor-heading-title elementor-size-default\">Reng\u00f8ring<\/h5>\t\t\t\t<\/div>\n\t\t\t\t<\/div>\n\t\t\t\t<\/a>\n\t\t<a class=\"elementor-element elementor-element-9ad8e7b e-con-full button e-flex e-con e-child\" data-id=\"9ad8e7b\" data-element_type=\"container\" data-e-type=\"container\" href=\"https:\/\/www.melpool.com\/nl\/waterbalans-herstellen\/\">\n\t\t\t\t<div class=\"elementor-element elementor-element-b244958 elementor-widget__width-initial elementor-widget elementor-widget-image\" data-id=\"b244958\" data-element_type=\"widget\" data-e-type=\"widget\" data-widget_type=\"image.default\">\n\t\t\t\t<div class=\"elementor-widget-container\">\n\t\t\t\t\t\t\t\t\t\t\t\t\t\t\t<img decoding=\"async\" width=\"120\" height=\"120\" data-src=\"https:\/\/www.melpool.com\/wp-content\/uploads\/2023\/03\/speedometer.png\" class=\"attachment-large size-large wp-image-7159 lazyload\" alt=\"\" src=\"data:image\/svg+xml;base64,PHN2ZyB3aWR0aD0iMSIgaGVpZ2h0PSIxIiB4bWxucz0iaHR0cDovL3d3dy53My5vcmcvMjAwMC9zdmciPjwvc3ZnPg==\" style=\"--smush-placeholder-width: 120px; --smush-placeholder-aspect-ratio: 120\/120;\" \/>\t\t\t\t\t\t\t\t\t\t\t\t\t\t\t<\/div>\n\t\t\t\t<\/div>\n\t\t\t\t<div class=\"elementor-element elementor-element-5bd712e elementor-widget elementor-widget-heading\" data-id=\"5bd712e\" data-element_type=\"widget\" data-e-type=\"widget\" data-widget_type=\"heading.default\">\n\t\t\t\t<div class=\"elementor-widget-container\">\n\t\t\t\t\t<h5 class=\"elementor-heading-title elementor-size-default\">Alkalinitet og vandbalance<\/h5>\t\t\t\t<\/div>\n\t\t\t\t<\/div>\n\t\t\t\t<\/a>\n\t\t<a class=\"elementor-element elementor-element-3d869ba e-con-full button e-flex e-con e-child\" data-id=\"3d869ba\" data-element_type=\"container\" data-e-type=\"container\" href=\"https:\/\/www.melpool.com\/nl\/winterklaar-maken\/\">\n\t\t\t\t<div class=\"elementor-element elementor-element-9e6ceff elementor-widget__width-initial elementor-widget elementor-widget-image\" data-id=\"9e6ceff\" data-element_type=\"widget\" data-e-type=\"widget\" data-widget_type=\"image.default\">\n\t\t\t\t<div class=\"elementor-widget-container\">\n\t\t\t\t\t\t\t\t\t\t\t\t\t\t\t<img decoding=\"async\" width=\"120\" height=\"120\" data-src=\"https:\/\/www.melpool.com\/wp-content\/uploads\/2023\/03\/hexagonal.png\" class=\"attachment-large size-large wp-image-7175 lazyload\" alt=\"\" src=\"data:image\/svg+xml;base64,PHN2ZyB3aWR0aD0iMSIgaGVpZ2h0PSIxIiB4bWxucz0iaHR0cDovL3d3dy53My5vcmcvMjAwMC9zdmciPjwvc3ZnPg==\" style=\"--smush-placeholder-width: 120px; --smush-placeholder-aspect-ratio: 120\/120;\" \/>\t\t\t\t\t\t\t\t\t\t\t\t\t\t\t<\/div>\n\t\t\t\t<\/div>\n\t\t\t\t<div class=\"elementor-element elementor-element-0433274 elementor-widget elementor-widget-heading\" data-id=\"0433274\" data-element_type=\"widget\" data-e-type=\"widget\" data-widget_type=\"heading.default\">\n\t\t\t\t<div class=\"elementor-widget-container\">\n\t\t\t\t\t<h5 class=\"elementor-heading-title elementor-size-default\">Overvintring<\/h5>\t\t\t\t<\/div>\n\t\t\t\t<\/div>\n\t\t\t\t<\/a>\n\t\t\t\t<\/div>\n\t\t\t\t\t<\/div>\n\t\t\t\t<\/div>\n\t\t\t\t<\/div>\n\t\t","protected":false},"excerpt":{"rendered":"<p>Hj\u00e6lp til vandbehandling Hj\u00e6lp til vandbehandling Sv\u00f8mning b\u00f8r v\u00e6re en form for afslapning.&nbsp;Men ingen pool forbliver ren og hygiejnisk uden vedligeholdelse. Vi fors\u00f8ger at g\u00f8re denne vedligeholdelse s\u00e5 nem som muligt. Derfor kan du allerede opn\u00e5 optimal vandkvalitet med et begr\u00e6nset antal Melpool-produkter. Vi mener, at god r\u00e5dgivning er afg\u00f8rende. Melpool er derfor kun tilg\u00e6ngelig [&hellip;]<\/p>\n","protected":false},"author":1,"featured_media":0,"parent":0,"menu_order":0,"comment_status":"closed","ping_status":"closed","template":"","meta":{"_acf_changed":false,"footnotes":""},"class_list":["post-4595","page","type-page","status-publish","hentry"],"acf":[],"yoast_head":"<!-- This site is optimized with the Yoast SEO plugin v27.5 - https:\/\/yoast.com\/product\/yoast-seo-wordpress\/ -->\n<title>Vandbehandling - Melpool<\/title>\n<meta name=\"robots\" content=\"index, follow, max-snippet:-1, max-image-preview:large, max-video-preview:-1\" \/>\n<link rel=\"canonical\" href=\"https:\/\/www.melpool.com\/da\/vandbehandling\/\" \/>\n<meta property=\"og:locale\" content=\"da_DK\" \/>\n<meta property=\"og:type\" content=\"article\" \/>\n<meta property=\"og:title\" content=\"Vandbehandling - Melpool\" \/>\n<meta property=\"og:description\" content=\"Hj\u00e6lp til vandbehandling Hj\u00e6lp til vandbehandling Sv\u00f8mning b\u00f8r v\u00e6re en form for afslapning.&nbsp;Men ingen pool forbliver ren og hygiejnisk uden vedligeholdelse. Vi fors\u00f8ger at g\u00f8re denne vedligeholdelse s\u00e5 nem som muligt. Derfor kan du allerede opn\u00e5 optimal vandkvalitet med et begr\u00e6nset antal Melpool-produkter. Vi mener, at god r\u00e5dgivning er afg\u00f8rende. Melpool er derfor kun tilg\u00e6ngelig [&hellip;]\" \/>\n<meta property=\"og:url\" content=\"https:\/\/www.melpool.com\/da\/vandbehandling\/\" \/>\n<meta property=\"og:site_name\" content=\"Melpool\" \/>\n<meta property=\"article:modified_time\" content=\"2023-03-22T13:00:16+00:00\" \/>\n<meta property=\"og:image\" content=\"https:\/\/www.melpool.com\/wp-content\/uploads\/2023\/03\/swimming-pool.png\" \/>\n<meta name=\"twitter:card\" content=\"summary_large_image\" \/>\n<meta name=\"twitter:label1\" content=\"Estimeret l\u00e6setid\" \/>\n\t<meta name=\"twitter:data1\" content=\"1 minut\" \/>\n<script type=\"application\/ld+json\" class=\"yoast-schema-graph\">{\"@context\":\"https:\\\/\\\/schema.org\",\"@graph\":[{\"@type\":\"WebPage\",\"@id\":\"https:\\\/\\\/www.melpool.com\\\/da\\\/vandbehandling\\\/\",\"url\":\"https:\\\/\\\/www.melpool.com\\\/da\\\/vandbehandling\\\/\",\"name\":\"Vandbehandling - Melpool\",\"isPartOf\":{\"@id\":\"https:\\\/\\\/www.melpool.com\\\/da\\\/#website\"},\"primaryImageOfPage\":{\"@id\":\"https:\\\/\\\/www.melpool.com\\\/da\\\/vandbehandling\\\/#primaryimage\"},\"image\":{\"@id\":\"https:\\\/\\\/www.melpool.com\\\/da\\\/vandbehandling\\\/#primaryimage\"},\"thumbnailUrl\":\"https:\\\/\\\/www.melpool.com\\\/wp-content\\\/uploads\\\/2023\\\/03\\\/swimming-pool.png\",\"datePublished\":\"2022-12-23T11:58:35+00:00\",\"dateModified\":\"2023-03-22T13:00:16+00:00\",\"breadcrumb\":{\"@id\":\"https:\\\/\\\/www.melpool.com\\\/da\\\/vandbehandling\\\/#breadcrumb\"},\"inLanguage\":\"da-DK\",\"potentialAction\":[{\"@type\":\"ReadAction\",\"target\":[\"https:\\\/\\\/www.melpool.com\\\/da\\\/vandbehandling\\\/\"]}]},{\"@type\":\"ImageObject\",\"inLanguage\":\"da-DK\",\"@id\":\"https:\\\/\\\/www.melpool.com\\\/da\\\/vandbehandling\\\/#primaryimage\",\"url\":\"https:\\\/\\\/www.melpool.com\\\/wp-content\\\/uploads\\\/2023\\\/03\\\/swimming-pool.png\",\"contentUrl\":\"https:\\\/\\\/www.melpool.com\\\/wp-content\\\/uploads\\\/2023\\\/03\\\/swimming-pool.png\"},{\"@type\":\"BreadcrumbList\",\"@id\":\"https:\\\/\\\/www.melpool.com\\\/da\\\/vandbehandling\\\/#breadcrumb\",\"itemListElement\":[{\"@type\":\"ListItem\",\"position\":1,\"name\":\"Home\",\"item\":\"https:\\\/\\\/www.melpool.com\\\/da\\\/\"},{\"@type\":\"ListItem\",\"position\":2,\"name\":\"Vandbehandling\"}]},{\"@type\":\"WebSite\",\"@id\":\"https:\\\/\\\/www.melpool.com\\\/da\\\/#website\",\"url\":\"https:\\\/\\\/www.melpool.com\\\/da\\\/\",\"name\":\"Melpool\",\"description\":\"Alles voor waterbehandeling van uw zwembad\",\"publisher\":{\"@id\":\"https:\\\/\\\/www.melpool.com\\\/da\\\/#organization\"},\"potentialAction\":[{\"@type\":\"SearchAction\",\"target\":{\"@type\":\"EntryPoint\",\"urlTemplate\":\"https:\\\/\\\/www.melpool.com\\\/da\\\/?s={search_term_string}\"},\"query-input\":{\"@type\":\"PropertyValueSpecification\",\"valueRequired\":true,\"valueName\":\"search_term_string\"}}],\"inLanguage\":\"da-DK\"},{\"@type\":\"Organization\",\"@id\":\"https:\\\/\\\/www.melpool.com\\\/da\\\/#organization\",\"name\":\"Melpool\",\"url\":\"https:\\\/\\\/www.melpool.com\\\/da\\\/\",\"logo\":{\"@type\":\"ImageObject\",\"inLanguage\":\"da-DK\",\"@id\":\"https:\\\/\\\/www.melpool.com\\\/da\\\/#\\\/schema\\\/logo\\\/image\\\/\",\"url\":\"https:\\\/\\\/www.melpool.com\\\/wp-content\\\/uploads\\\/2021\\\/08\\\/Melpool-Logo-blauw.png\",\"contentUrl\":\"https:\\\/\\\/www.melpool.com\\\/wp-content\\\/uploads\\\/2021\\\/08\\\/Melpool-Logo-blauw.png\",\"width\":1729,\"height\":542,\"caption\":\"Melpool\"},\"image\":{\"@id\":\"https:\\\/\\\/www.melpool.com\\\/da\\\/#\\\/schema\\\/logo\\\/image\\\/\"}}]}<\/script>\n<!-- \/ Yoast SEO plugin. -->","yoast_head_json":{"title":"Vandbehandling - Melpool","robots":{"index":"index","follow":"follow","max-snippet":"max-snippet:-1","max-image-preview":"max-image-preview:large","max-video-preview":"max-video-preview:-1"},"canonical":"https:\/\/www.melpool.com\/da\/vandbehandling\/","og_locale":"da_DK","og_type":"article","og_title":"Vandbehandling - Melpool","og_description":"Hj\u00e6lp til vandbehandling Hj\u00e6lp til vandbehandling Sv\u00f8mning b\u00f8r v\u00e6re en form for afslapning.&nbsp;Men ingen pool forbliver ren og hygiejnisk uden vedligeholdelse. Vi fors\u00f8ger at g\u00f8re denne vedligeholdelse s\u00e5 nem som muligt. Derfor kan du allerede opn\u00e5 optimal vandkvalitet med et begr\u00e6nset antal Melpool-produkter. Vi mener, at god r\u00e5dgivning er afg\u00f8rende. Melpool er derfor kun tilg\u00e6ngelig [&hellip;]","og_url":"https:\/\/www.melpool.com\/da\/vandbehandling\/","og_site_name":"Melpool","article_modified_time":"2023-03-22T13:00:16+00:00","og_image":[{"url":"https:\/\/www.melpool.com\/wp-content\/uploads\/2023\/03\/swimming-pool.png","type":"","width":"","height":""}],"twitter_card":"summary_large_image","twitter_misc":{"Estimeret l\u00e6setid":"1 minut"},"schema":{"@context":"https:\/\/schema.org","@graph":[{"@type":"WebPage","@id":"https:\/\/www.melpool.com\/da\/vandbehandling\/","url":"https:\/\/www.melpool.com\/da\/vandbehandling\/","name":"Vandbehandling - Melpool","isPartOf":{"@id":"https:\/\/www.melpool.com\/da\/#website"},"primaryImageOfPage":{"@id":"https:\/\/www.melpool.com\/da\/vandbehandling\/#primaryimage"},"image":{"@id":"https:\/\/www.melpool.com\/da\/vandbehandling\/#primaryimage"},"thumbnailUrl":"https:\/\/www.melpool.com\/wp-content\/uploads\/2023\/03\/swimming-pool.png","datePublished":"2022-12-23T11:58:35+00:00","dateModified":"2023-03-22T13:00:16+00:00","breadcrumb":{"@id":"https:\/\/www.melpool.com\/da\/vandbehandling\/#breadcrumb"},"inLanguage":"da-DK","potentialAction":[{"@type":"ReadAction","target":["https:\/\/www.melpool.com\/da\/vandbehandling\/"]}]},{"@type":"ImageObject","inLanguage":"da-DK","@id":"https:\/\/www.melpool.com\/da\/vandbehandling\/#primaryimage","url":"https:\/\/www.melpool.com\/wp-content\/uploads\/2023\/03\/swimming-pool.png","contentUrl":"https:\/\/www.melpool.com\/wp-content\/uploads\/2023\/03\/swimming-pool.png"},{"@type":"BreadcrumbList","@id":"https:\/\/www.melpool.com\/da\/vandbehandling\/#breadcrumb","itemListElement":[{"@type":"ListItem","position":1,"name":"Home","item":"https:\/\/www.melpool.com\/da\/"},{"@type":"ListItem","position":2,"name":"Vandbehandling"}]},{"@type":"WebSite","@id":"https:\/\/www.melpool.com\/da\/#website","url":"https:\/\/www.melpool.com\/da\/","name":"Melpool","description":"Alles voor waterbehandeling van uw zwembad","publisher":{"@id":"https:\/\/www.melpool.com\/da\/#organization"},"potentialAction":[{"@type":"SearchAction","target":{"@type":"EntryPoint","urlTemplate":"https:\/\/www.melpool.com\/da\/?s={search_term_string}"},"query-input":{"@type":"PropertyValueSpecification","valueRequired":true,"valueName":"search_term_string"}}],"inLanguage":"da-DK"},{"@type":"Organization","@id":"https:\/\/www.melpool.com\/da\/#organization","name":"Melpool","url":"https:\/\/www.melpool.com\/da\/","logo":{"@type":"ImageObject","inLanguage":"da-DK","@id":"https:\/\/www.melpool.com\/da\/#\/schema\/logo\/image\/","url":"https:\/\/www.melpool.com\/wp-content\/uploads\/2021\/08\/Melpool-Logo-blauw.png","contentUrl":"https:\/\/www.melpool.com\/wp-content\/uploads\/2021\/08\/Melpool-Logo-blauw.png","width":1729,"height":542,"caption":"Melpool"},"image":{"@id":"https:\/\/www.melpool.com\/da\/#\/schema\/logo\/image\/"}}]}},"_links":{"self":[{"href":"https:\/\/www.melpool.com\/da\/wp-json\/wp\/v2\/pages\/4595","targetHints":{"allow":["GET"]}}],"collection":[{"href":"https:\/\/www.melpool.com\/da\/wp-json\/wp\/v2\/pages"}],"about":[{"href":"https:\/\/www.melpool.com\/da\/wp-json\/wp\/v2\/types\/page"}],"author":[{"embeddable":true,"href":"https:\/\/www.melpool.com\/da\/wp-json\/wp\/v2\/users\/1"}],"replies":[{"embeddable":true,"href":"https:\/\/www.melpool.com\/da\/wp-json\/wp\/v2\/comments?post=4595"}],"version-history":[{"count":5,"href":"https:\/\/www.melpool.com\/da\/wp-json\/wp\/v2\/pages\/4595\/revisions"}],"predecessor-version":[{"id":7242,"href":"https:\/\/www.melpool.com\/da\/wp-json\/wp\/v2\/pages\/4595\/revisions\/7242"}],"wp:attachment":[{"href":"https:\/\/www.melpool.com\/da\/wp-json\/wp\/v2\/media?parent=4595"}],"curies":[{"name":"wp","href":"https:\/\/api.w.org\/{rel}","templated":true}]}}