{"id":4643,"date":"2022-12-23T12:15:09","date_gmt":"2022-12-23T12:15:09","guid":{"rendered":"https:\/\/melpool.i-aspect.com\/privatliv\/"},"modified":"2023-03-20T16:17:59","modified_gmt":"2023-03-20T15:17:59","slug":"privatliv","status":"publish","type":"page","link":"https:\/\/www.melpool.com\/da\/privatliv\/","title":{"rendered":"Privatliv"},"content":{"rendered":"\t\t<div data-elementor-type=\"wp-page\" data-elementor-id=\"4643\" class=\"elementor elementor-4643 elementor-686\" data-elementor-post-type=\"page\">\n\t\t\t\t\t\t<section class=\"elementor-section elementor-top-section elementor-element elementor-element-7113285a elementor-section-boxed elementor-section-height-default elementor-section-height-default\" data-id=\"7113285a\" data-element_type=\"section\" data-e-type=\"section\">\n\t\t\t\t\t\t<div class=\"elementor-container elementor-column-gap-default\">\n\t\t\t\t\t<div class=\"elementor-column elementor-col-100 elementor-top-column elementor-element elementor-element-4bbdace4\" data-id=\"4bbdace4\" data-element_type=\"column\" data-e-type=\"column\">\n\t\t\t<div class=\"elementor-widget-wrap elementor-element-populated\">\n\t\t\t\t\t\t<div class=\"elementor-element elementor-element-81056bd elementor-widget elementor-widget-text-editor\" data-id=\"81056bd\" data-element_type=\"widget\" data-e-type=\"widget\" data-widget_type=\"text-editor.default\">\n\t\t\t\t<div class=\"elementor-widget-container\">\n\t\t\t\t\t\t\t\t\t<p><\/p>\n<p><strong>Generelle oplysninger om virksomheden<\/strong><br>Melspring International B.V., Arnhemsestraatweg 8, 6881NG VELP, er ansvarlig for behandlingen af personoplysninger som afspejlet i denne erkl\u00e6ring om beskyttelse af personlige oplysninger.  <br><span style=\"color: var( --e-global-color-text ); font-family: var( --e-global-typography-text-font-family ), Sans-serif;\"><br><b>Kontaktoplysninger<br><\/b><\/span>Melspring<span style=\"color: var( --e-global-color-text ); font-family: var( --e-global-typography-text-font-family ), Sans-serif; font-weight: var( --e-global-typography-text-font-weight );\">&nbsp;International B.V.&nbsp;<br><\/span><span style=\"color: var( --e-global-color-text ); font-family: var( --e-global-typography-text-font-family ), Sans-serif; font-weight: var( --e-global-typography-text-font-weight );\">Arnhemsestraatweg 8<br><\/span><span style=\"color: var( --e-global-color-text ); font-family: var( --e-global-typography-text-font-family ), Sans-serif; font-weight: var( --e-global-typography-text-font-weight );\">6881 NG VELP<br><\/span><span style=\"color: var( --e-global-color-text ); font-family: var( --e-global-typography-text-font-family ), Sans-serif;\"><span style=\"font-weight: var( --e-global-typography-text-font-weight );\">Generelt telefonnummer: +31 (0)26 384 2000<\/span><br><\/span><span style=\"color: var( --e-global-color-text ); font-family: var( --e-global-typography-text-font-family ), Sans-serif;\"><br><b>Personoplysninger, vi behandler<br><\/b><\/span>Melspring<span style=\"color: var( --e-global-color-text ); font-family: var( --e-global-typography-text-font-family ), Sans-serif; font-weight: var( --e-global-typography-text-font-weight );\">&nbsp;International B.V. behandler dine personoplysninger, fordi du bruger vores tjenester, og\/eller fordi du selv giver os dem til os.&nbsp;<\/span><span style=\"color: var( --e-global-color-text ); font-family: var( --e-global-typography-text-font-family ), Sans-serif; font-weight: var( --e-global-typography-text-font-weight );\">Nedenfor er en oversigt over de personoplysninger, som vi behandler:<\/span><\/p>\n<p><\/p>\n<ul>\n<li>Fornavn og efternavn<\/li>\n<li>Adresseoplysninger<\/li>\n<li>Telefon nummer<\/li>\n<li>E-mail-adresse<\/li>\n<li>IP-adresse<\/li>\n<li>Andre personlige oplysninger, som du aktivt giver ved at oprette en profil p\u00e5 dette websted, eller som du f\u00e5r i korrespondance og pr. telefon<\/li>\n<li>Oplysninger om placering<\/li>\n<li>Data om dine aktiviteter p\u00e5 vores websted<\/li>\n<li>Data om din browsingadf\u00e6rd p\u00e5 forskellige websteder (f.eks. fordi denne virksomhed er en del af et reklamenetv\u00e6rk)<\/li>\n<li>Liste over kundekontaktoplysninger via en app<\/li>\n<li>Internetbrowser og enhedstype<\/li>\n<\/ul>\n<p><\/p>\n<p><strong><br>S\u00e6rlige og\/eller f\u00f8lsomme personoplysninger, som vi behandler<\/strong><br>Vores websted og\/eller tjeneste har ikke til hensigt at indsamle data om bes\u00f8gende p\u00e5 webstedet, som er under 16 \u00e5r. Medmindre de har tilladelse fra for\u00e6ldre eller v\u00e6rge. Vi kan dog ikke kontrollere, om en bes\u00f8gende er over 16 \u00e5r. Vi r\u00e5der derfor for\u00e6ldre til at v\u00e6re involveret i deres b\u00f8rns onlineaktiviteter for at undg\u00e5 at indsamle data om b\u00f8rn uden for\u00e6ldrenes samtykke. Hvis du mener, at vi har indsamlet personlige oplysninger om en mindre\u00e5rig uden et s\u00e5dant samtykke, bedes du kontakte os p\u00e5 info@melpool.com, s\u00e5 vil vi slette disse oplysninger.<br><span style=\"color: var( --e-global-color-text ); font-family: var( --e-global-typography-text-font-family ), Sans-serif;\">\n  <br>\n  <b>Form\u00e5l<br><\/b>\n<\/span><span style=\"color: var( --e-global-color-text ); font-family: var( --e-global-typography-text-font-family ), Sans-serif; font-weight: var( --e-global-typography-text-font-weight );\">Melspring&nbsp;International B.V. behandler dine personoplysninger til f\u00f8lgende form\u00e5l:<\/span><\/p>\n<p><\/p>\n<ul>\n<li>Afsendelse af vores nyhedsbrev<\/li>\n<li>Telefon- eller e-mailkontakt, hvis det er n\u00f8dvendigt for at udf\u00f8re vores tjenester<\/li>\n<li>pr\u00e6sentere oplysninger om \u00e6ndringer i vores tjenester og produkter<\/li>\n<\/ul>\n<p><\/p>\n<p><strong>Analyse<\/strong><br>Melspring&nbsp;International B.V. analyserer din adf\u00e6rd p\u00e5 webstedet for at forbedre webstedet og skr\u00e6ddersy tilbuddet om produkter og tjenester til dine pr\u00e6ferencer. Melspring&nbsp;International B.V. sporer din browsingadf\u00e6rd p\u00e5 forskellige websteder for at hj\u00e6lpe os med at skr\u00e6ddersy vores produkter og tjenester til dine behov.&nbsp;<br><span style=\"color: var( --e-global-color-text ); font-family: var( --e-global-typography-text-font-family ), Sans-serif;\"><br><b>Hvor l\u00e6nge vi opbevarer personlige oplysninger<br><\/b><\/span><span style=\"color: var( --e-global-color-text ); font-family: var( --e-global-typography-text-font-family ), Sans-serif;\"><span style=\"font-weight: var( --e-global-typography-text-font-weight );\">Melspring&nbsp;International B.V. opbevarer ikke dine personoplysninger i l\u00e6ngere tid, end det er strengt n\u00f8dvendigt for at opfylde de form\u00e5l, som dine oplysninger indsamles til.<\/span><br><\/span><span style=\"color: var( --e-global-color-text ); font-family: var( --e-global-typography-text-font-family ), Sans-serif;\"><br><b>Deling af personoplysninger med tredjeparter<br><\/b><\/span>Melspring<span style=\"color: var( --e-global-color-text ); font-family: var( --e-global-typography-text-font-family ), Sans-serif;\"><span style=\"font-weight: var( --e-global-typography-text-font-weight );\">&nbsp;International B.V. s\u00e6lger ikke dine data til tredjeparter og giver dem kun, hvis det er n\u00f8dvendigt for at opfylde vores aftale med dig eller for at overholde en juridisk forpligtelse.&nbsp;<\/span><br><\/span><span style=\"color: var( --e-global-color-text ); font-family: var( --e-global-typography-text-font-family ), Sans-serif;\"><br><b>Cookies<br><\/b><\/span>Melspring<span style=\"color: var( --e-global-color-text ); font-family: var( --e-global-typography-text-font-family ), Sans-serif; font-weight: var( --e-global-typography-text-font-weight );\">&nbsp;International B.V. bruger funktionelle, analytiske og sporingscookies. En cookie er en lille tekstfil, der gemmes i browseren p\u00e5 din computer, tablet eller smartphone, f\u00f8rste gang du bes\u00f8ger dette websted.&nbsp;<\/span>Melspring<span style=\"color: var( --e-global-color-text ); font-family: var( --e-global-typography-text-font-family ), Sans-serif; font-weight: var( --e-global-typography-text-font-weight );\">&nbsp;International B.V. bruger cookies med rent teknisk funktionalitet. Disse sikrer, at webstedet fungerer korrekt, og at f.eks. dine indstillinger huskes. Disse cookies bruges ogs\u00e5 til at f\u00e5 hjemmesiden til at fungere korrekt og til at optimere den. Vi placerer ogs\u00e5 cookies, der sporer din browsingadf\u00e6rd, s\u00e5 vi kan tilbyde skr\u00e6ddersyet indhold og reklamer.<br><\/span><span style=\"color: var( --e-global-color-text ); font-family: var( --e-global-typography-text-font-family ), Sans-serif;\"><br><span style=\"font-weight: var( --e-global-typography-text-font-weight );\">Allerede ved dit f\u00f8rste bes\u00f8g p\u00e5 vores websted har vi informeret dig om disse cookies og bedt dig om tilladelse til at indstille dem. Du kan frav\u00e6lge cookies ved at indstille din internetbrowser til at stoppe lagring af cookies. Derudover kan du ogs\u00e5 slette alle oplysninger, der tidligere er gemt via din browsers indstillinger.&nbsp;<\/span><br><\/span><span style=\"color: var( --e-global-color-text ); font-family: var( --e-global-typography-text-font-family ), Sans-serif;\"><br><b>Se, \u00e6ndre eller slette data<br><\/b><\/span><span style=\"color: var( --e-global-color-text ); font-family: var( --e-global-typography-text-font-family ), Sans-serif; font-weight: var( --e-global-typography-text-font-weight );\">Du har ret til at f\u00e5 adgang til, rette eller slette dine personlige oplysninger. Derudover har du ret til at tr\u00e6kke dit eventuelle samtykke til databehandling tilbage eller g\u00f8re indsigelse mod Melspring&#8217;s behandling af dine personoplysninger.<\/span><span style=\"color: var( --e-global-color-text ); font-family: var( --e-global-typography-text-font-family ), Sans-serif; font-weight: var( --e-global-typography-text-font-weight );\">&nbsp;International B.V., og du har ret til dataportabilitet. Det betyder, at du kan anmode os om at sende de personoplysninger, som vi har om dig i en computerfil, til dig eller en anden organisation, som du har angivet.<br><\/span><span style=\"color: var( --e-global-color-text ); font-family: var( --e-global-typography-text-font-family ), Sans-serif; font-weight: var( --e-global-typography-text-font-weight );\"><br>Du kan sende en anmodning om at f\u00e5 adgang til, rette, slette, overf\u00f8re dine personoplysninger eller anmode om tilbagekaldelse af dit samtykke eller indsigelse mod behandlingen af dine personoplysninger til info@melpool.com. For at sikre, at anmodningen om indsigt er indgivet af dig, beder vi dig om at sende en kopi af dit identitetsbevis sammen med anmodningen. P\u00e5 denne kopi skal du med sort udstrege dit pasfoto, MRZ (maskinl\u00e6sbar zone, den stribe tal, der er nederst i passet), pasnummer og Citizen Service Number (BSN). Dette er for at beskytte dit privatliv. Vi besvarer din anmodning s\u00e5 hurtigt som muligt, dog inden for fire uger.<br><\/span><span style=\"color: var( --e-global-color-text ); font-family: var( --e-global-typography-text-font-family ), Sans-serif; font-weight: var( --e-global-typography-text-font-weight );\"><br><\/span>Melspring<span style=\"color: var( --e-global-color-text ); font-family: var( --e-global-typography-text-font-family ), Sans-serif;\"><span style=\"font-weight: var( --e-global-typography-text-font-weight );\">&nbsp;International B.V. vil ogs\u00e5 gerne informere dig om, at du har mulighed for at indgive en klage til den nationale tilsynsmyndighed, Persondatatilsynet. Det kan du g\u00f8re via f\u00f8lgende link: https:\/\/autoriteitpersoonsgegevens.nl\/nl\/contact-met-de-autoriteit-persoonsgegevens\/tip-ons<\/span><br><\/span><span style=\"color: var( --e-global-color-text ); font-family: var( --e-global-typography-text-font-family ), Sans-serif;\">\n  <br>\n  <b>S\u00e5dan sikrer vi personlige oplysninger<br><\/b>\n<\/span>Melspring<span style=\"color: var( --e-global-color-text ); font-family: var( --e-global-typography-text-font-family ), Sans-serif; font-weight: var( --e-global-typography-text-font-weight );\">&nbsp;International B.V. tager beskyttelsen af dine data alvorligt og tr\u00e6ffer passende foranstaltninger for at forhindre misbrug, tab, uautoriseret adgang, u\u00f8nsket videregivelse og uautoriseret \u00e6ndring. Hvis du har indtryk af, at dine data ikke er ordentligt sikret, eller hvis der er tegn p\u00e5 misbrug, bedes du kontakte os p\u00e5 info@melpool.com.<\/span><\/p>\n<p><\/p>\t\t\t\t\t\t\t\t<\/div>\n\t\t\t\t<\/div>\n\t\t\t\t\t<\/div>\n\t\t<\/div>\n\t\t\t\t\t<\/div>\n\t\t<\/section>\n\t\t\t\t<\/div>\n\t\t","protected":false},"excerpt":{"rendered":"<p>Generelle oplysninger om virksomhedenMelspring International B.V., Arnhemsestraatweg 8, 6881NG VELP, er ansvarlig for behandlingen af personoplysninger som afspejlet i denne erkl\u00e6ring om beskyttelse af personlige oplysninger. KontaktoplysningerMelspring&nbsp;International B.V.&nbsp;Arnhemsestraatweg 86881 NG VELPGenerelt telefonnummer: +31 (0)26 384 2000 Personoplysninger, vi behandlerMelspring&nbsp;International B.V. behandler dine personoplysninger, fordi du bruger vores tjenester, og\/eller fordi du selv giver os dem [&hellip;]<\/p>\n","protected":false},"author":1,"featured_media":0,"parent":0,"menu_order":0,"comment_status":"closed","ping_status":"closed","template":"","meta":{"_acf_changed":false,"footnotes":""},"class_list":["post-4643","page","type-page","status-publish","hentry"],"acf":[],"yoast_head":"<!-- This site is optimized with the Yoast SEO plugin v27.3 - https:\/\/yoast.com\/product\/yoast-seo-wordpress\/ -->\n<title>Privatliv - Melpool<\/title>\n<meta name=\"robots\" content=\"index, follow, max-snippet:-1, max-image-preview:large, max-video-preview:-1\" \/>\n<link rel=\"canonical\" href=\"https:\/\/www.melpool.com\/da\/privatliv\/\" \/>\n<meta property=\"og:locale\" content=\"da_DK\" \/>\n<meta property=\"og:type\" content=\"article\" \/>\n<meta property=\"og:title\" content=\"Privatliv - Melpool\" \/>\n<meta property=\"og:description\" content=\"Generelle oplysninger om virksomhedenMelspring International B.V., Arnhemsestraatweg 8, 6881NG VELP, er ansvarlig for behandlingen af personoplysninger som afspejlet i denne erkl\u00e6ring om beskyttelse af personlige oplysninger. KontaktoplysningerMelspring&nbsp;International B.V.&nbsp;Arnhemsestraatweg 86881 NG VELPGenerelt telefonnummer: +31 (0)26 384 2000 Personoplysninger, vi behandlerMelspring&nbsp;International B.V. behandler dine personoplysninger, fordi du bruger vores tjenester, og\/eller fordi du selv giver os dem [&hellip;]\" \/>\n<meta property=\"og:url\" content=\"https:\/\/www.melpool.com\/da\/privatliv\/\" \/>\n<meta property=\"og:site_name\" content=\"Melpool\" \/>\n<meta property=\"article:modified_time\" content=\"2023-03-20T15:17:59+00:00\" \/>\n<meta name=\"twitter:card\" content=\"summary_large_image\" \/>\n<meta name=\"twitter:label1\" content=\"Estimeret l\u00e6setid\" \/>\n\t<meta name=\"twitter:data1\" content=\"4 minutter\" \/>\n<script type=\"application\/ld+json\" class=\"yoast-schema-graph\">{\"@context\":\"https:\\\/\\\/schema.org\",\"@graph\":[{\"@type\":\"WebPage\",\"@id\":\"https:\\\/\\\/www.melpool.com\\\/da\\\/privatliv\\\/\",\"url\":\"https:\\\/\\\/www.melpool.com\\\/da\\\/privatliv\\\/\",\"name\":\"Privatliv - Melpool\",\"isPartOf\":{\"@id\":\"https:\\\/\\\/www.melpool.com\\\/da\\\/#website\"},\"datePublished\":\"2022-12-23T12:15:09+00:00\",\"dateModified\":\"2023-03-20T15:17:59+00:00\",\"breadcrumb\":{\"@id\":\"https:\\\/\\\/www.melpool.com\\\/da\\\/privatliv\\\/#breadcrumb\"},\"inLanguage\":\"da-DK\",\"potentialAction\":[{\"@type\":\"ReadAction\",\"target\":[\"https:\\\/\\\/www.melpool.com\\\/da\\\/privatliv\\\/\"]}]},{\"@type\":\"BreadcrumbList\",\"@id\":\"https:\\\/\\\/www.melpool.com\\\/da\\\/privatliv\\\/#breadcrumb\",\"itemListElement\":[{\"@type\":\"ListItem\",\"position\":1,\"name\":\"Home\",\"item\":\"https:\\\/\\\/www.melpool.com\\\/da\\\/\"},{\"@type\":\"ListItem\",\"position\":2,\"name\":\"Privatliv\"}]},{\"@type\":\"WebSite\",\"@id\":\"https:\\\/\\\/www.melpool.com\\\/da\\\/#website\",\"url\":\"https:\\\/\\\/www.melpool.com\\\/da\\\/\",\"name\":\"Melpool\",\"description\":\"Alles voor waterbehandeling van uw zwembad\",\"publisher\":{\"@id\":\"https:\\\/\\\/www.melpool.com\\\/da\\\/#organization\"},\"potentialAction\":[{\"@type\":\"SearchAction\",\"target\":{\"@type\":\"EntryPoint\",\"urlTemplate\":\"https:\\\/\\\/www.melpool.com\\\/da\\\/?s={search_term_string}\"},\"query-input\":{\"@type\":\"PropertyValueSpecification\",\"valueRequired\":true,\"valueName\":\"search_term_string\"}}],\"inLanguage\":\"da-DK\"},{\"@type\":\"Organization\",\"@id\":\"https:\\\/\\\/www.melpool.com\\\/da\\\/#organization\",\"name\":\"Melpool\",\"url\":\"https:\\\/\\\/www.melpool.com\\\/da\\\/\",\"logo\":{\"@type\":\"ImageObject\",\"inLanguage\":\"da-DK\",\"@id\":\"https:\\\/\\\/www.melpool.com\\\/da\\\/#\\\/schema\\\/logo\\\/image\\\/\",\"url\":\"https:\\\/\\\/www.melpool.com\\\/wp-content\\\/uploads\\\/2021\\\/08\\\/Melpool-Logo-blauw.png\",\"contentUrl\":\"https:\\\/\\\/www.melpool.com\\\/wp-content\\\/uploads\\\/2021\\\/08\\\/Melpool-Logo-blauw.png\",\"width\":1729,\"height\":542,\"caption\":\"Melpool\"},\"image\":{\"@id\":\"https:\\\/\\\/www.melpool.com\\\/da\\\/#\\\/schema\\\/logo\\\/image\\\/\"}}]}<\/script>\n<!-- \/ Yoast SEO plugin. -->","yoast_head_json":{"title":"Privatliv - Melpool","robots":{"index":"index","follow":"follow","max-snippet":"max-snippet:-1","max-image-preview":"max-image-preview:large","max-video-preview":"max-video-preview:-1"},"canonical":"https:\/\/www.melpool.com\/da\/privatliv\/","og_locale":"da_DK","og_type":"article","og_title":"Privatliv - Melpool","og_description":"Generelle oplysninger om virksomhedenMelspring International B.V., Arnhemsestraatweg 8, 6881NG VELP, er ansvarlig for behandlingen af personoplysninger som afspejlet i denne erkl\u00e6ring om beskyttelse af personlige oplysninger. KontaktoplysningerMelspring&nbsp;International B.V.&nbsp;Arnhemsestraatweg 86881 NG VELPGenerelt telefonnummer: +31 (0)26 384 2000 Personoplysninger, vi behandlerMelspring&nbsp;International B.V. behandler dine personoplysninger, fordi du bruger vores tjenester, og\/eller fordi du selv giver os dem [&hellip;]","og_url":"https:\/\/www.melpool.com\/da\/privatliv\/","og_site_name":"Melpool","article_modified_time":"2023-03-20T15:17:59+00:00","twitter_card":"summary_large_image","twitter_misc":{"Estimeret l\u00e6setid":"4 minutter"},"schema":{"@context":"https:\/\/schema.org","@graph":[{"@type":"WebPage","@id":"https:\/\/www.melpool.com\/da\/privatliv\/","url":"https:\/\/www.melpool.com\/da\/privatliv\/","name":"Privatliv - Melpool","isPartOf":{"@id":"https:\/\/www.melpool.com\/da\/#website"},"datePublished":"2022-12-23T12:15:09+00:00","dateModified":"2023-03-20T15:17:59+00:00","breadcrumb":{"@id":"https:\/\/www.melpool.com\/da\/privatliv\/#breadcrumb"},"inLanguage":"da-DK","potentialAction":[{"@type":"ReadAction","target":["https:\/\/www.melpool.com\/da\/privatliv\/"]}]},{"@type":"BreadcrumbList","@id":"https:\/\/www.melpool.com\/da\/privatliv\/#breadcrumb","itemListElement":[{"@type":"ListItem","position":1,"name":"Home","item":"https:\/\/www.melpool.com\/da\/"},{"@type":"ListItem","position":2,"name":"Privatliv"}]},{"@type":"WebSite","@id":"https:\/\/www.melpool.com\/da\/#website","url":"https:\/\/www.melpool.com\/da\/","name":"Melpool","description":"Alles voor waterbehandeling van uw zwembad","publisher":{"@id":"https:\/\/www.melpool.com\/da\/#organization"},"potentialAction":[{"@type":"SearchAction","target":{"@type":"EntryPoint","urlTemplate":"https:\/\/www.melpool.com\/da\/?s={search_term_string}"},"query-input":{"@type":"PropertyValueSpecification","valueRequired":true,"valueName":"search_term_string"}}],"inLanguage":"da-DK"},{"@type":"Organization","@id":"https:\/\/www.melpool.com\/da\/#organization","name":"Melpool","url":"https:\/\/www.melpool.com\/da\/","logo":{"@type":"ImageObject","inLanguage":"da-DK","@id":"https:\/\/www.melpool.com\/da\/#\/schema\/logo\/image\/","url":"https:\/\/www.melpool.com\/wp-content\/uploads\/2021\/08\/Melpool-Logo-blauw.png","contentUrl":"https:\/\/www.melpool.com\/wp-content\/uploads\/2021\/08\/Melpool-Logo-blauw.png","width":1729,"height":542,"caption":"Melpool"},"image":{"@id":"https:\/\/www.melpool.com\/da\/#\/schema\/logo\/image\/"}}]}},"_links":{"self":[{"href":"https:\/\/www.melpool.com\/da\/wp-json\/wp\/v2\/pages\/4643","targetHints":{"allow":["GET"]}}],"collection":[{"href":"https:\/\/www.melpool.com\/da\/wp-json\/wp\/v2\/pages"}],"about":[{"href":"https:\/\/www.melpool.com\/da\/wp-json\/wp\/v2\/types\/page"}],"author":[{"embeddable":true,"href":"https:\/\/www.melpool.com\/da\/wp-json\/wp\/v2\/users\/1"}],"replies":[{"embeddable":true,"href":"https:\/\/www.melpool.com\/da\/wp-json\/wp\/v2\/comments?post=4643"}],"version-history":[{"count":3,"href":"https:\/\/www.melpool.com\/da\/wp-json\/wp\/v2\/pages\/4643\/revisions"}],"predecessor-version":[{"id":6461,"href":"https:\/\/www.melpool.com\/da\/wp-json\/wp\/v2\/pages\/4643\/revisions\/6461"}],"wp:attachment":[{"href":"https:\/\/www.melpool.com\/da\/wp-json\/wp\/v2\/media?parent=4643"}],"curies":[{"name":"wp","href":"https:\/\/api.w.org\/{rel}","templated":true}]}}