{"id":4822,"date":"2022-12-23T13:11:45","date_gmt":"2022-12-23T13:11:45","guid":{"rendered":"https:\/\/melpool.i-aspect.com\/product\/melpool-55-g\/"},"modified":"2023-10-06T15:31:21","modified_gmt":"2023-10-06T14:31:21","slug":"melpool-55-g","status":"publish","type":"product","link":"https:\/\/www.melpool.com\/da\/produkt\/melpool-55-g\/","title":{"rendered":"Melpool 55\/G"},"content":{"rendered":"\n<p><strong>Granulat til desinfektion og algekontrol<\/strong>.  <\/p>\n\n<p>Hurtigt opl\u00f8sende stabiliseret klor (min. 55% Cl.) i granulatform. Til kontinuerlig desinfektion i bl\u00f8dt og h\u00e5rdt vand. Ideel til et klorchok og til s\u00e6sonstart. Stabilisator beskytter klor mod UV-str\u00e5ling fra solen. Meget effektiv mod alger og organiske aflejringer. <\/p>\n","protected":false},"excerpt":{"rendered":"<p>Granulat til desinfektion og algekontrol. Hurtigt opl\u00f8sende stabiliseret klor (min. 55% Cl.) i granulatform. Til kontinuerlig desinfektion i bl\u00f8dt og h\u00e5rdt vand. Ideel til et klorchok og til s\u00e6sonstart. Stabilisator beskytter klor mod UV-str\u00e5ling fra solen. Meget effektiv mod alger og organiske aflejringer.<\/p>\n","protected":false},"featured_media":3226,"template":"","behandeling":[148,141],"product_categorie":[140],"product_type":[],"class_list":["post-4822","product","type-product","status-publish","has-post-thumbnail","hentry","behandeling-opstart-og-dosering","behandeling-vandanalyse","product_categorie-desinfektion-da"],"acf":[],"yoast_head":"<!-- This site is optimized with the Yoast SEO plugin v27.3 - https:\/\/yoast.com\/product\/yoast-seo-wordpress\/ -->\n<title>Melpool 55\/G - Melpool<\/title>\n<meta name=\"robots\" content=\"index, follow, max-snippet:-1, max-image-preview:large, max-video-preview:-1\" \/>\n<link rel=\"canonical\" href=\"https:\/\/www.melpool.com\/da\/produkt\/melpool-55-g\/\" \/>\n<meta property=\"og:locale\" content=\"da_DK\" \/>\n<meta property=\"og:type\" content=\"article\" \/>\n<meta property=\"og:title\" content=\"Melpool 55\/G - Melpool\" \/>\n<meta property=\"og:description\" content=\"Granulat til desinfektion og algekontrol. Hurtigt opl\u00f8sende stabiliseret klor (min. 55% Cl.) i granulatform. Til kontinuerlig desinfektion i bl\u00f8dt og h\u00e5rdt vand. Ideel til et klorchok og til s\u00e6sonstart. Stabilisator beskytter klor mod UV-str\u00e5ling fra solen. Meget effektiv mod alger og organiske aflejringer.\" \/>\n<meta property=\"og:url\" content=\"https:\/\/www.melpool.com\/da\/produkt\/melpool-55-g\/\" \/>\n<meta property=\"og:site_name\" content=\"Melpool\" \/>\n<meta property=\"article:modified_time\" content=\"2023-10-06T14:31:21+00:00\" \/>\n<meta property=\"og:image\" content=\"https:\/\/www.melpool.com\/wp-content\/uploads\/2022\/05\/Melpool.5kg.55-G-NL.chloor-shock-1.jpg\" \/>\n\t<meta property=\"og:image:width\" content=\"2000\" \/>\n\t<meta property=\"og:image:height\" content=\"2500\" \/>\n\t<meta property=\"og:image:type\" content=\"image\/jpeg\" \/>\n<meta name=\"twitter:card\" content=\"summary_large_image\" \/>\n<script type=\"application\/ld+json\" class=\"yoast-schema-graph\">{\"@context\":\"https:\\\/\\\/schema.org\",\"@graph\":[{\"@type\":\"WebPage\",\"@id\":\"https:\\\/\\\/www.melpool.com\\\/da\\\/produkt\\\/melpool-55-g\\\/\",\"url\":\"https:\\\/\\\/www.melpool.com\\\/da\\\/produkt\\\/melpool-55-g\\\/\",\"name\":\"Melpool 55\\\/G - Melpool\",\"isPartOf\":{\"@id\":\"https:\\\/\\\/www.melpool.com\\\/da\\\/#website\"},\"primaryImageOfPage\":{\"@id\":\"https:\\\/\\\/www.melpool.com\\\/da\\\/produkt\\\/melpool-55-g\\\/#primaryimage\"},\"image\":{\"@id\":\"https:\\\/\\\/www.melpool.com\\\/da\\\/produkt\\\/melpool-55-g\\\/#primaryimage\"},\"thumbnailUrl\":\"https:\\\/\\\/www.melpool.com\\\/wp-content\\\/uploads\\\/2022\\\/05\\\/Melpool.5kg.55-G-NL.chloor-shock-1.jpg\",\"datePublished\":\"2022-12-23T13:11:45+00:00\",\"dateModified\":\"2023-10-06T14:31:21+00:00\",\"breadcrumb\":{\"@id\":\"https:\\\/\\\/www.melpool.com\\\/da\\\/produkt\\\/melpool-55-g\\\/#breadcrumb\"},\"inLanguage\":\"da-DK\",\"potentialAction\":[{\"@type\":\"ReadAction\",\"target\":[\"https:\\\/\\\/www.melpool.com\\\/da\\\/produkt\\\/melpool-55-g\\\/\"]}]},{\"@type\":\"ImageObject\",\"inLanguage\":\"da-DK\",\"@id\":\"https:\\\/\\\/www.melpool.com\\\/da\\\/produkt\\\/melpool-55-g\\\/#primaryimage\",\"url\":\"https:\\\/\\\/www.melpool.com\\\/wp-content\\\/uploads\\\/2022\\\/05\\\/Melpool.5kg.55-G-NL.chloor-shock-1.jpg\",\"contentUrl\":\"https:\\\/\\\/www.melpool.com\\\/wp-content\\\/uploads\\\/2022\\\/05\\\/Melpool.5kg.55-G-NL.chloor-shock-1.jpg\",\"width\":2000,\"height\":2500},{\"@type\":\"BreadcrumbList\",\"@id\":\"https:\\\/\\\/www.melpool.com\\\/da\\\/produkt\\\/melpool-55-g\\\/#breadcrumb\",\"itemListElement\":[{\"@type\":\"ListItem\",\"position\":1,\"name\":\"Home\",\"item\":\"https:\\\/\\\/www.melpool.com\\\/da\\\/\"},{\"@type\":\"ListItem\",\"position\":2,\"name\":\"Produkter\",\"item\":\"https:\\\/\\\/www.melpool.com\\\/da\\\/produkt\\\/\"},{\"@type\":\"ListItem\",\"position\":3,\"name\":\"Desinfektion\",\"item\":\"https:\\\/\\\/www.melpool.com\\\/da\\\/produktkategori\\\/desinfektion-da\\\/\"},{\"@type\":\"ListItem\",\"position\":4,\"name\":\"Melpool 55\\\/G\"}]},{\"@type\":\"WebSite\",\"@id\":\"https:\\\/\\\/www.melpool.com\\\/da\\\/#website\",\"url\":\"https:\\\/\\\/www.melpool.com\\\/da\\\/\",\"name\":\"Melpool\",\"description\":\"Alles voor waterbehandeling van uw zwembad\",\"publisher\":{\"@id\":\"https:\\\/\\\/www.melpool.com\\\/da\\\/#organization\"},\"potentialAction\":[{\"@type\":\"SearchAction\",\"target\":{\"@type\":\"EntryPoint\",\"urlTemplate\":\"https:\\\/\\\/www.melpool.com\\\/da\\\/?s={search_term_string}\"},\"query-input\":{\"@type\":\"PropertyValueSpecification\",\"valueRequired\":true,\"valueName\":\"search_term_string\"}}],\"inLanguage\":\"da-DK\"},{\"@type\":\"Organization\",\"@id\":\"https:\\\/\\\/www.melpool.com\\\/da\\\/#organization\",\"name\":\"Melpool\",\"url\":\"https:\\\/\\\/www.melpool.com\\\/da\\\/\",\"logo\":{\"@type\":\"ImageObject\",\"inLanguage\":\"da-DK\",\"@id\":\"https:\\\/\\\/www.melpool.com\\\/da\\\/#\\\/schema\\\/logo\\\/image\\\/\",\"url\":\"https:\\\/\\\/www.melpool.com\\\/wp-content\\\/uploads\\\/2021\\\/08\\\/Melpool-Logo-blauw.png\",\"contentUrl\":\"https:\\\/\\\/www.melpool.com\\\/wp-content\\\/uploads\\\/2021\\\/08\\\/Melpool-Logo-blauw.png\",\"width\":1729,\"height\":542,\"caption\":\"Melpool\"},\"image\":{\"@id\":\"https:\\\/\\\/www.melpool.com\\\/da\\\/#\\\/schema\\\/logo\\\/image\\\/\"}}]}<\/script>\n<!-- \/ Yoast SEO plugin. -->","yoast_head_json":{"title":"Melpool 55\/G - Melpool","robots":{"index":"index","follow":"follow","max-snippet":"max-snippet:-1","max-image-preview":"max-image-preview:large","max-video-preview":"max-video-preview:-1"},"canonical":"https:\/\/www.melpool.com\/da\/produkt\/melpool-55-g\/","og_locale":"da_DK","og_type":"article","og_title":"Melpool 55\/G - Melpool","og_description":"Granulat til desinfektion og algekontrol. Hurtigt opl\u00f8sende stabiliseret klor (min. 55% Cl.) i granulatform. Til kontinuerlig desinfektion i bl\u00f8dt og h\u00e5rdt vand. Ideel til et klorchok og til s\u00e6sonstart. Stabilisator beskytter klor mod UV-str\u00e5ling fra solen. Meget effektiv mod alger og organiske aflejringer.","og_url":"https:\/\/www.melpool.com\/da\/produkt\/melpool-55-g\/","og_site_name":"Melpool","article_modified_time":"2023-10-06T14:31:21+00:00","og_image":[{"width":2000,"height":2500,"url":"https:\/\/www.melpool.com\/wp-content\/uploads\/2022\/05\/Melpool.5kg.55-G-NL.chloor-shock-1.jpg","type":"image\/jpeg"}],"twitter_card":"summary_large_image","schema":{"@context":"https:\/\/schema.org","@graph":[{"@type":"WebPage","@id":"https:\/\/www.melpool.com\/da\/produkt\/melpool-55-g\/","url":"https:\/\/www.melpool.com\/da\/produkt\/melpool-55-g\/","name":"Melpool 55\/G - Melpool","isPartOf":{"@id":"https:\/\/www.melpool.com\/da\/#website"},"primaryImageOfPage":{"@id":"https:\/\/www.melpool.com\/da\/produkt\/melpool-55-g\/#primaryimage"},"image":{"@id":"https:\/\/www.melpool.com\/da\/produkt\/melpool-55-g\/#primaryimage"},"thumbnailUrl":"https:\/\/www.melpool.com\/wp-content\/uploads\/2022\/05\/Melpool.5kg.55-G-NL.chloor-shock-1.jpg","datePublished":"2022-12-23T13:11:45+00:00","dateModified":"2023-10-06T14:31:21+00:00","breadcrumb":{"@id":"https:\/\/www.melpool.com\/da\/produkt\/melpool-55-g\/#breadcrumb"},"inLanguage":"da-DK","potentialAction":[{"@type":"ReadAction","target":["https:\/\/www.melpool.com\/da\/produkt\/melpool-55-g\/"]}]},{"@type":"ImageObject","inLanguage":"da-DK","@id":"https:\/\/www.melpool.com\/da\/produkt\/melpool-55-g\/#primaryimage","url":"https:\/\/www.melpool.com\/wp-content\/uploads\/2022\/05\/Melpool.5kg.55-G-NL.chloor-shock-1.jpg","contentUrl":"https:\/\/www.melpool.com\/wp-content\/uploads\/2022\/05\/Melpool.5kg.55-G-NL.chloor-shock-1.jpg","width":2000,"height":2500},{"@type":"BreadcrumbList","@id":"https:\/\/www.melpool.com\/da\/produkt\/melpool-55-g\/#breadcrumb","itemListElement":[{"@type":"ListItem","position":1,"name":"Home","item":"https:\/\/www.melpool.com\/da\/"},{"@type":"ListItem","position":2,"name":"Produkter","item":"https:\/\/www.melpool.com\/da\/produkt\/"},{"@type":"ListItem","position":3,"name":"Desinfektion","item":"https:\/\/www.melpool.com\/da\/produktkategori\/desinfektion-da\/"},{"@type":"ListItem","position":4,"name":"Melpool 55\/G"}]},{"@type":"WebSite","@id":"https:\/\/www.melpool.com\/da\/#website","url":"https:\/\/www.melpool.com\/da\/","name":"Melpool","description":"Alles voor waterbehandeling van uw zwembad","publisher":{"@id":"https:\/\/www.melpool.com\/da\/#organization"},"potentialAction":[{"@type":"SearchAction","target":{"@type":"EntryPoint","urlTemplate":"https:\/\/www.melpool.com\/da\/?s={search_term_string}"},"query-input":{"@type":"PropertyValueSpecification","valueRequired":true,"valueName":"search_term_string"}}],"inLanguage":"da-DK"},{"@type":"Organization","@id":"https:\/\/www.melpool.com\/da\/#organization","name":"Melpool","url":"https:\/\/www.melpool.com\/da\/","logo":{"@type":"ImageObject","inLanguage":"da-DK","@id":"https:\/\/www.melpool.com\/da\/#\/schema\/logo\/image\/","url":"https:\/\/www.melpool.com\/wp-content\/uploads\/2021\/08\/Melpool-Logo-blauw.png","contentUrl":"https:\/\/www.melpool.com\/wp-content\/uploads\/2021\/08\/Melpool-Logo-blauw.png","width":1729,"height":542,"caption":"Melpool"},"image":{"@id":"https:\/\/www.melpool.com\/da\/#\/schema\/logo\/image\/"}}]}},"_links":{"self":[{"href":"https:\/\/www.melpool.com\/da\/wp-json\/wp\/v2\/product\/4822","targetHints":{"allow":["GET"]}}],"collection":[{"href":"https:\/\/www.melpool.com\/da\/wp-json\/wp\/v2\/product"}],"about":[{"href":"https:\/\/www.melpool.com\/da\/wp-json\/wp\/v2\/types\/product"}],"wp:featuredmedia":[{"embeddable":true,"href":"https:\/\/www.melpool.com\/da\/wp-json\/wp\/v2\/media\/3226"}],"wp:attachment":[{"href":"https:\/\/www.melpool.com\/da\/wp-json\/wp\/v2\/media?parent=4822"}],"wp:term":[{"taxonomy":"behandeling","embeddable":true,"href":"https:\/\/www.melpool.com\/da\/wp-json\/wp\/v2\/behandeling?post=4822"},{"taxonomy":"product_categorie","embeddable":true,"href":"https:\/\/www.melpool.com\/da\/wp-json\/wp\/v2\/product_categorie?post=4822"},{"taxonomy":"product_type","embeddable":true,"href":"https:\/\/www.melpool.com\/da\/wp-json\/wp\/v2\/product_type?post=4822"}],"curies":[{"name":"wp","href":"https:\/\/api.w.org\/{rel}","templated":true}]}}