{"id":4852,"date":"2022-12-23T13:36:07","date_gmt":"2022-12-23T13:36:07","guid":{"rendered":"https:\/\/melpool.i-aspect.com\/product\/melpool-ta\/"},"modified":"2024-12-05T14:23:14","modified_gmt":"2024-12-05T13:23:14","slug":"melpool-ta","status":"publish","type":"product","link":"https:\/\/www.melpool.com\/da\/produkt\/melpool-ta\/","title":{"rendered":"Melpool TA+"},"content":{"rendered":"\n<p><strong>\u00d8ger poolvandets samlede alkalinitet<\/strong>.  <\/p>\n\n<p>Granulat til at \u00f8ge den totale alkalinitetsv\u00e6rdi (TA) i poolvand. En unormal TA-v\u00e6rdi p\u00e5virker pH-v\u00e6rdien og desinfektionen negativt. Granulat af h\u00f8j kvalitet, der opl\u00f8ses hurtigt.<\/p>\n","protected":false},"excerpt":{"rendered":"<p>\u00d8ger poolvandets samlede alkalinitet. Granulat til at \u00f8ge den totale alkalinitetsv\u00e6rdi (TA) i poolvand. En unormal TA-v\u00e6rdi p\u00e5virker pH-v\u00e6rdien og desinfektionen negativt. Granulat af h\u00f8j kvalitet, der opl\u00f8ses hurtigt.<\/p>\n","protected":false},"featured_media":2802,"template":"","behandeling":[153],"product_categorie":[152],"product_type":[],"class_list":["post-4852","product","type-product","status-publish","has-post-thumbnail","hentry","behandeling-ph-vaerdi","product_categorie-stabilisatorer"],"acf":[],"yoast_head":"<!-- This site is optimized with the Yoast SEO plugin v27.3 - https:\/\/yoast.com\/product\/yoast-seo-wordpress\/ -->\n<title>Melpool TA+ - Melpool<\/title>\n<meta name=\"robots\" content=\"index, follow, max-snippet:-1, max-image-preview:large, max-video-preview:-1\" \/>\n<link rel=\"canonical\" href=\"https:\/\/www.melpool.com\/da\/produkt\/melpool-ta\/\" \/>\n<meta property=\"og:locale\" content=\"da_DK\" \/>\n<meta property=\"og:type\" content=\"article\" \/>\n<meta property=\"og:title\" content=\"Melpool TA+ - Melpool\" \/>\n<meta property=\"og:description\" content=\"\u00d8ger poolvandets samlede alkalinitet. Granulat til at \u00f8ge den totale alkalinitetsv\u00e6rdi (TA) i poolvand. En unormal TA-v\u00e6rdi p\u00e5virker pH-v\u00e6rdien og desinfektionen negativt. Granulat af h\u00f8j kvalitet, der opl\u00f8ses hurtigt.\" \/>\n<meta property=\"og:url\" content=\"https:\/\/www.melpool.com\/da\/produkt\/melpool-ta\/\" \/>\n<meta property=\"og:site_name\" content=\"Melpool\" \/>\n<meta property=\"article:modified_time\" content=\"2024-12-05T13:23:14+00:00\" \/>\n<meta property=\"og:image\" content=\"https:\/\/www.melpool.com\/wp-content\/uploads\/2022\/04\/Melpool.5kg.TA_.-NL.jpg\" \/>\n\t<meta property=\"og:image:width\" content=\"2000\" \/>\n\t<meta property=\"og:image:height\" content=\"2500\" \/>\n\t<meta property=\"og:image:type\" content=\"image\/jpeg\" \/>\n<meta name=\"twitter:card\" content=\"summary_large_image\" \/>\n<script type=\"application\/ld+json\" class=\"yoast-schema-graph\">{\"@context\":\"https:\\\/\\\/schema.org\",\"@graph\":[{\"@type\":\"WebPage\",\"@id\":\"https:\\\/\\\/www.melpool.com\\\/da\\\/produkt\\\/melpool-ta\\\/\",\"url\":\"https:\\\/\\\/www.melpool.com\\\/da\\\/produkt\\\/melpool-ta\\\/\",\"name\":\"Melpool TA+ - Melpool\",\"isPartOf\":{\"@id\":\"https:\\\/\\\/www.melpool.com\\\/da\\\/#website\"},\"primaryImageOfPage\":{\"@id\":\"https:\\\/\\\/www.melpool.com\\\/da\\\/produkt\\\/melpool-ta\\\/#primaryimage\"},\"image\":{\"@id\":\"https:\\\/\\\/www.melpool.com\\\/da\\\/produkt\\\/melpool-ta\\\/#primaryimage\"},\"thumbnailUrl\":\"https:\\\/\\\/www.melpool.com\\\/wp-content\\\/uploads\\\/2022\\\/04\\\/Melpool.5kg.TA_.-NL.jpg\",\"datePublished\":\"2022-12-23T13:36:07+00:00\",\"dateModified\":\"2024-12-05T13:23:14+00:00\",\"breadcrumb\":{\"@id\":\"https:\\\/\\\/www.melpool.com\\\/da\\\/produkt\\\/melpool-ta\\\/#breadcrumb\"},\"inLanguage\":\"da-DK\",\"potentialAction\":[{\"@type\":\"ReadAction\",\"target\":[\"https:\\\/\\\/www.melpool.com\\\/da\\\/produkt\\\/melpool-ta\\\/\"]}]},{\"@type\":\"ImageObject\",\"inLanguage\":\"da-DK\",\"@id\":\"https:\\\/\\\/www.melpool.com\\\/da\\\/produkt\\\/melpool-ta\\\/#primaryimage\",\"url\":\"https:\\\/\\\/www.melpool.com\\\/wp-content\\\/uploads\\\/2022\\\/04\\\/Melpool.5kg.TA_.-NL.jpg\",\"contentUrl\":\"https:\\\/\\\/www.melpool.com\\\/wp-content\\\/uploads\\\/2022\\\/04\\\/Melpool.5kg.TA_.-NL.jpg\",\"width\":2000,\"height\":2500},{\"@type\":\"BreadcrumbList\",\"@id\":\"https:\\\/\\\/www.melpool.com\\\/da\\\/produkt\\\/melpool-ta\\\/#breadcrumb\",\"itemListElement\":[{\"@type\":\"ListItem\",\"position\":1,\"name\":\"Home\",\"item\":\"https:\\\/\\\/www.melpool.com\\\/da\\\/\"},{\"@type\":\"ListItem\",\"position\":2,\"name\":\"Produkter\",\"item\":\"https:\\\/\\\/www.melpool.com\\\/da\\\/produkt\\\/\"},{\"@type\":\"ListItem\",\"position\":3,\"name\":\"Stabilisatorer\",\"item\":\"https:\\\/\\\/www.melpool.com\\\/da\\\/produktkategori\\\/stabilisatorer\\\/\"},{\"@type\":\"ListItem\",\"position\":4,\"name\":\"Melpool TA+\"}]},{\"@type\":\"WebSite\",\"@id\":\"https:\\\/\\\/www.melpool.com\\\/da\\\/#website\",\"url\":\"https:\\\/\\\/www.melpool.com\\\/da\\\/\",\"name\":\"Melpool\",\"description\":\"Alles voor waterbehandeling van uw zwembad\",\"publisher\":{\"@id\":\"https:\\\/\\\/www.melpool.com\\\/da\\\/#organization\"},\"potentialAction\":[{\"@type\":\"SearchAction\",\"target\":{\"@type\":\"EntryPoint\",\"urlTemplate\":\"https:\\\/\\\/www.melpool.com\\\/da\\\/?s={search_term_string}\"},\"query-input\":{\"@type\":\"PropertyValueSpecification\",\"valueRequired\":true,\"valueName\":\"search_term_string\"}}],\"inLanguage\":\"da-DK\"},{\"@type\":\"Organization\",\"@id\":\"https:\\\/\\\/www.melpool.com\\\/da\\\/#organization\",\"name\":\"Melpool\",\"url\":\"https:\\\/\\\/www.melpool.com\\\/da\\\/\",\"logo\":{\"@type\":\"ImageObject\",\"inLanguage\":\"da-DK\",\"@id\":\"https:\\\/\\\/www.melpool.com\\\/da\\\/#\\\/schema\\\/logo\\\/image\\\/\",\"url\":\"https:\\\/\\\/www.melpool.com\\\/wp-content\\\/uploads\\\/2021\\\/08\\\/Melpool-Logo-blauw.png\",\"contentUrl\":\"https:\\\/\\\/www.melpool.com\\\/wp-content\\\/uploads\\\/2021\\\/08\\\/Melpool-Logo-blauw.png\",\"width\":1729,\"height\":542,\"caption\":\"Melpool\"},\"image\":{\"@id\":\"https:\\\/\\\/www.melpool.com\\\/da\\\/#\\\/schema\\\/logo\\\/image\\\/\"}}]}<\/script>\n<!-- \/ Yoast SEO plugin. -->","yoast_head_json":{"title":"Melpool TA+ - Melpool","robots":{"index":"index","follow":"follow","max-snippet":"max-snippet:-1","max-image-preview":"max-image-preview:large","max-video-preview":"max-video-preview:-1"},"canonical":"https:\/\/www.melpool.com\/da\/produkt\/melpool-ta\/","og_locale":"da_DK","og_type":"article","og_title":"Melpool TA+ - Melpool","og_description":"\u00d8ger poolvandets samlede alkalinitet. Granulat til at \u00f8ge den totale alkalinitetsv\u00e6rdi (TA) i poolvand. En unormal TA-v\u00e6rdi p\u00e5virker pH-v\u00e6rdien og desinfektionen negativt. Granulat af h\u00f8j kvalitet, der opl\u00f8ses hurtigt.","og_url":"https:\/\/www.melpool.com\/da\/produkt\/melpool-ta\/","og_site_name":"Melpool","article_modified_time":"2024-12-05T13:23:14+00:00","og_image":[{"width":2000,"height":2500,"url":"https:\/\/www.melpool.com\/wp-content\/uploads\/2022\/04\/Melpool.5kg.TA_.-NL.jpg","type":"image\/jpeg"}],"twitter_card":"summary_large_image","schema":{"@context":"https:\/\/schema.org","@graph":[{"@type":"WebPage","@id":"https:\/\/www.melpool.com\/da\/produkt\/melpool-ta\/","url":"https:\/\/www.melpool.com\/da\/produkt\/melpool-ta\/","name":"Melpool TA+ - Melpool","isPartOf":{"@id":"https:\/\/www.melpool.com\/da\/#website"},"primaryImageOfPage":{"@id":"https:\/\/www.melpool.com\/da\/produkt\/melpool-ta\/#primaryimage"},"image":{"@id":"https:\/\/www.melpool.com\/da\/produkt\/melpool-ta\/#primaryimage"},"thumbnailUrl":"https:\/\/www.melpool.com\/wp-content\/uploads\/2022\/04\/Melpool.5kg.TA_.-NL.jpg","datePublished":"2022-12-23T13:36:07+00:00","dateModified":"2024-12-05T13:23:14+00:00","breadcrumb":{"@id":"https:\/\/www.melpool.com\/da\/produkt\/melpool-ta\/#breadcrumb"},"inLanguage":"da-DK","potentialAction":[{"@type":"ReadAction","target":["https:\/\/www.melpool.com\/da\/produkt\/melpool-ta\/"]}]},{"@type":"ImageObject","inLanguage":"da-DK","@id":"https:\/\/www.melpool.com\/da\/produkt\/melpool-ta\/#primaryimage","url":"https:\/\/www.melpool.com\/wp-content\/uploads\/2022\/04\/Melpool.5kg.TA_.-NL.jpg","contentUrl":"https:\/\/www.melpool.com\/wp-content\/uploads\/2022\/04\/Melpool.5kg.TA_.-NL.jpg","width":2000,"height":2500},{"@type":"BreadcrumbList","@id":"https:\/\/www.melpool.com\/da\/produkt\/melpool-ta\/#breadcrumb","itemListElement":[{"@type":"ListItem","position":1,"name":"Home","item":"https:\/\/www.melpool.com\/da\/"},{"@type":"ListItem","position":2,"name":"Produkter","item":"https:\/\/www.melpool.com\/da\/produkt\/"},{"@type":"ListItem","position":3,"name":"Stabilisatorer","item":"https:\/\/www.melpool.com\/da\/produktkategori\/stabilisatorer\/"},{"@type":"ListItem","position":4,"name":"Melpool TA+"}]},{"@type":"WebSite","@id":"https:\/\/www.melpool.com\/da\/#website","url":"https:\/\/www.melpool.com\/da\/","name":"Melpool","description":"Alles voor waterbehandeling van uw zwembad","publisher":{"@id":"https:\/\/www.melpool.com\/da\/#organization"},"potentialAction":[{"@type":"SearchAction","target":{"@type":"EntryPoint","urlTemplate":"https:\/\/www.melpool.com\/da\/?s={search_term_string}"},"query-input":{"@type":"PropertyValueSpecification","valueRequired":true,"valueName":"search_term_string"}}],"inLanguage":"da-DK"},{"@type":"Organization","@id":"https:\/\/www.melpool.com\/da\/#organization","name":"Melpool","url":"https:\/\/www.melpool.com\/da\/","logo":{"@type":"ImageObject","inLanguage":"da-DK","@id":"https:\/\/www.melpool.com\/da\/#\/schema\/logo\/image\/","url":"https:\/\/www.melpool.com\/wp-content\/uploads\/2021\/08\/Melpool-Logo-blauw.png","contentUrl":"https:\/\/www.melpool.com\/wp-content\/uploads\/2021\/08\/Melpool-Logo-blauw.png","width":1729,"height":542,"caption":"Melpool"},"image":{"@id":"https:\/\/www.melpool.com\/da\/#\/schema\/logo\/image\/"}}]}},"_links":{"self":[{"href":"https:\/\/www.melpool.com\/da\/wp-json\/wp\/v2\/product\/4852","targetHints":{"allow":["GET"]}}],"collection":[{"href":"https:\/\/www.melpool.com\/da\/wp-json\/wp\/v2\/product"}],"about":[{"href":"https:\/\/www.melpool.com\/da\/wp-json\/wp\/v2\/types\/product"}],"wp:featuredmedia":[{"embeddable":true,"href":"https:\/\/www.melpool.com\/da\/wp-json\/wp\/v2\/media\/2802"}],"wp:attachment":[{"href":"https:\/\/www.melpool.com\/da\/wp-json\/wp\/v2\/media?parent=4852"}],"wp:term":[{"taxonomy":"behandeling","embeddable":true,"href":"https:\/\/www.melpool.com\/da\/wp-json\/wp\/v2\/behandeling?post=4852"},{"taxonomy":"product_categorie","embeddable":true,"href":"https:\/\/www.melpool.com\/da\/wp-json\/wp\/v2\/product_categorie?post=4852"},{"taxonomy":"product_type","embeddable":true,"href":"https:\/\/www.melpool.com\/da\/wp-json\/wp\/v2\/product_type?post=4852"}],"curies":[{"name":"wp","href":"https:\/\/api.w.org\/{rel}","templated":true}]}}