{"id":4918,"date":"2022-12-23T13:55:19","date_gmt":"2022-12-23T13:55:19","guid":{"rendered":"https:\/\/melpool.i-aspect.com\/product\/solufloc\/"},"modified":"2023-02-24T13:21:25","modified_gmt":"2023-02-24T13:21:25","slug":"solufloc","status":"publish","type":"product","link":"https:\/\/www.melpool.com\/da\/produkt\/solufloc\/","title":{"rendered":"SoluFloc"},"content":{"rendered":"\n<p><strong>Flockulant til sv\u00f8mmebassiner<\/strong>. <\/p>\n\n<p>Flokkuleringspatroner til forebyggelse og fjernelse af ikke-filterbare forurenende stoffer. Disse sm\u00e5 partikler vil hurtigt danne flager og s\u00e6tte sig fast i (sand)filteret. Dette middel er f.eks. meget effektivt, n\u00e5r d\u00f8de alger skal fjernes. Produktet kan bruges i b\u00e5de h\u00e5rdt og bl\u00f8dt vand og p\u00e5virker ikke pH-niveauet. Bem\u00e6rk: Kan tilstoppe patronfiltre\/patronfiltre.<\/p>\n","protected":false},"excerpt":{"rendered":"<p>Flockulant til sv\u00f8mmebassiner. Flokkuleringspatroner til forebyggelse og fjernelse af ikke-filterbare forurenende stoffer. Disse sm\u00e5 partikler vil hurtigt danne flager og s\u00e6tte sig fast i (sand)filteret. Dette middel er f.eks. meget effektivt, n\u00e5r d\u00f8de alger skal fjernes. Produktet kan bruges i b\u00e5de h\u00e5rdt og bl\u00f8dt vand og p\u00e5virker ikke pH-niveauet. Bem\u00e6rk: Kan tilstoppe patronfiltre\/patronfiltre.<\/p>\n","protected":false},"featured_media":3049,"template":"","behandeling":[128],"product_categorie":[129],"product_type":[],"class_list":["post-4918","product","type-product","status-publish","has-post-thumbnail","hentry","behandeling-flokkulering","product_categorie-flokkulanter"],"acf":[],"yoast_head":"<!-- This site is optimized with the Yoast SEO plugin v27.5 - https:\/\/yoast.com\/product\/yoast-seo-wordpress\/ -->\n<title>SoluFloc - Melpool<\/title>\n<meta name=\"robots\" content=\"index, follow, max-snippet:-1, max-image-preview:large, max-video-preview:-1\" \/>\n<link rel=\"canonical\" href=\"https:\/\/www.melpool.com\/da\/produkt\/solufloc\/\" \/>\n<meta property=\"og:locale\" content=\"da_DK\" \/>\n<meta property=\"og:type\" content=\"article\" \/>\n<meta property=\"og:title\" content=\"SoluFloc - Melpool\" \/>\n<meta property=\"og:description\" content=\"Flockulant til sv\u00f8mmebassiner. Flokkuleringspatroner til forebyggelse og fjernelse af ikke-filterbare forurenende stoffer. Disse sm\u00e5 partikler vil hurtigt danne flager og s\u00e6tte sig fast i (sand)filteret. Dette middel er f.eks. meget effektivt, n\u00e5r d\u00f8de alger skal fjernes. Produktet kan bruges i b\u00e5de h\u00e5rdt og bl\u00f8dt vand og p\u00e5virker ikke pH-niveauet. Bem\u00e6rk: Kan tilstoppe patronfiltre\/patronfiltre.\" \/>\n<meta property=\"og:url\" content=\"https:\/\/www.melpool.com\/da\/produkt\/solufloc\/\" \/>\n<meta property=\"og:site_name\" content=\"Melpool\" \/>\n<meta property=\"article:modified_time\" content=\"2023-02-24T13:21:25+00:00\" \/>\n<meta property=\"og:image\" content=\"https:\/\/www.melpool.com\/wp-content\/uploads\/2022\/05\/Solufloc.packshot.2000x2500px.jpg\" \/>\n\t<meta property=\"og:image:width\" content=\"2000\" \/>\n\t<meta property=\"og:image:height\" content=\"2500\" \/>\n\t<meta property=\"og:image:type\" content=\"image\/jpeg\" \/>\n<meta name=\"twitter:card\" content=\"summary_large_image\" \/>\n<script type=\"application\/ld+json\" class=\"yoast-schema-graph\">{\"@context\":\"https:\\\/\\\/schema.org\",\"@graph\":[{\"@type\":\"WebPage\",\"@id\":\"https:\\\/\\\/www.melpool.com\\\/da\\\/produkt\\\/solufloc\\\/\",\"url\":\"https:\\\/\\\/www.melpool.com\\\/da\\\/produkt\\\/solufloc\\\/\",\"name\":\"SoluFloc - Melpool\",\"isPartOf\":{\"@id\":\"https:\\\/\\\/www.melpool.com\\\/da\\\/#website\"},\"primaryImageOfPage\":{\"@id\":\"https:\\\/\\\/www.melpool.com\\\/da\\\/produkt\\\/solufloc\\\/#primaryimage\"},\"image\":{\"@id\":\"https:\\\/\\\/www.melpool.com\\\/da\\\/produkt\\\/solufloc\\\/#primaryimage\"},\"thumbnailUrl\":\"https:\\\/\\\/www.melpool.com\\\/wp-content\\\/uploads\\\/2022\\\/05\\\/Solufloc.packshot.2000x2500px.jpg\",\"datePublished\":\"2022-12-23T13:55:19+00:00\",\"dateModified\":\"2023-02-24T13:21:25+00:00\",\"breadcrumb\":{\"@id\":\"https:\\\/\\\/www.melpool.com\\\/da\\\/produkt\\\/solufloc\\\/#breadcrumb\"},\"inLanguage\":\"da-DK\",\"potentialAction\":[{\"@type\":\"ReadAction\",\"target\":[\"https:\\\/\\\/www.melpool.com\\\/da\\\/produkt\\\/solufloc\\\/\"]}]},{\"@type\":\"ImageObject\",\"inLanguage\":\"da-DK\",\"@id\":\"https:\\\/\\\/www.melpool.com\\\/da\\\/produkt\\\/solufloc\\\/#primaryimage\",\"url\":\"https:\\\/\\\/www.melpool.com\\\/wp-content\\\/uploads\\\/2022\\\/05\\\/Solufloc.packshot.2000x2500px.jpg\",\"contentUrl\":\"https:\\\/\\\/www.melpool.com\\\/wp-content\\\/uploads\\\/2022\\\/05\\\/Solufloc.packshot.2000x2500px.jpg\",\"width\":2000,\"height\":2500},{\"@type\":\"BreadcrumbList\",\"@id\":\"https:\\\/\\\/www.melpool.com\\\/da\\\/produkt\\\/solufloc\\\/#breadcrumb\",\"itemListElement\":[{\"@type\":\"ListItem\",\"position\":1,\"name\":\"Home\",\"item\":\"https:\\\/\\\/www.melpool.com\\\/da\\\/\"},{\"@type\":\"ListItem\",\"position\":2,\"name\":\"Produkter\",\"item\":\"https:\\\/\\\/www.melpool.com\\\/da\\\/produkt\\\/\"},{\"@type\":\"ListItem\",\"position\":3,\"name\":\"Flokkulanter\",\"item\":\"https:\\\/\\\/www.melpool.com\\\/da\\\/produktkategori\\\/flokkulanter\\\/\"},{\"@type\":\"ListItem\",\"position\":4,\"name\":\"SoluFloc\"}]},{\"@type\":\"WebSite\",\"@id\":\"https:\\\/\\\/www.melpool.com\\\/da\\\/#website\",\"url\":\"https:\\\/\\\/www.melpool.com\\\/da\\\/\",\"name\":\"Melpool\",\"description\":\"Alles voor waterbehandeling van uw zwembad\",\"publisher\":{\"@id\":\"https:\\\/\\\/www.melpool.com\\\/da\\\/#organization\"},\"potentialAction\":[{\"@type\":\"SearchAction\",\"target\":{\"@type\":\"EntryPoint\",\"urlTemplate\":\"https:\\\/\\\/www.melpool.com\\\/da\\\/?s={search_term_string}\"},\"query-input\":{\"@type\":\"PropertyValueSpecification\",\"valueRequired\":true,\"valueName\":\"search_term_string\"}}],\"inLanguage\":\"da-DK\"},{\"@type\":\"Organization\",\"@id\":\"https:\\\/\\\/www.melpool.com\\\/da\\\/#organization\",\"name\":\"Melpool\",\"url\":\"https:\\\/\\\/www.melpool.com\\\/da\\\/\",\"logo\":{\"@type\":\"ImageObject\",\"inLanguage\":\"da-DK\",\"@id\":\"https:\\\/\\\/www.melpool.com\\\/da\\\/#\\\/schema\\\/logo\\\/image\\\/\",\"url\":\"https:\\\/\\\/www.melpool.com\\\/wp-content\\\/uploads\\\/2021\\\/08\\\/Melpool-Logo-blauw.png\",\"contentUrl\":\"https:\\\/\\\/www.melpool.com\\\/wp-content\\\/uploads\\\/2021\\\/08\\\/Melpool-Logo-blauw.png\",\"width\":1729,\"height\":542,\"caption\":\"Melpool\"},\"image\":{\"@id\":\"https:\\\/\\\/www.melpool.com\\\/da\\\/#\\\/schema\\\/logo\\\/image\\\/\"}}]}<\/script>\n<!-- \/ Yoast SEO plugin. -->","yoast_head_json":{"title":"SoluFloc - Melpool","robots":{"index":"index","follow":"follow","max-snippet":"max-snippet:-1","max-image-preview":"max-image-preview:large","max-video-preview":"max-video-preview:-1"},"canonical":"https:\/\/www.melpool.com\/da\/produkt\/solufloc\/","og_locale":"da_DK","og_type":"article","og_title":"SoluFloc - Melpool","og_description":"Flockulant til sv\u00f8mmebassiner. Flokkuleringspatroner til forebyggelse og fjernelse af ikke-filterbare forurenende stoffer. Disse sm\u00e5 partikler vil hurtigt danne flager og s\u00e6tte sig fast i (sand)filteret. Dette middel er f.eks. meget effektivt, n\u00e5r d\u00f8de alger skal fjernes. Produktet kan bruges i b\u00e5de h\u00e5rdt og bl\u00f8dt vand og p\u00e5virker ikke pH-niveauet. Bem\u00e6rk: Kan tilstoppe patronfiltre\/patronfiltre.","og_url":"https:\/\/www.melpool.com\/da\/produkt\/solufloc\/","og_site_name":"Melpool","article_modified_time":"2023-02-24T13:21:25+00:00","og_image":[{"width":2000,"height":2500,"url":"https:\/\/www.melpool.com\/wp-content\/uploads\/2022\/05\/Solufloc.packshot.2000x2500px.jpg","type":"image\/jpeg"}],"twitter_card":"summary_large_image","schema":{"@context":"https:\/\/schema.org","@graph":[{"@type":"WebPage","@id":"https:\/\/www.melpool.com\/da\/produkt\/solufloc\/","url":"https:\/\/www.melpool.com\/da\/produkt\/solufloc\/","name":"SoluFloc - Melpool","isPartOf":{"@id":"https:\/\/www.melpool.com\/da\/#website"},"primaryImageOfPage":{"@id":"https:\/\/www.melpool.com\/da\/produkt\/solufloc\/#primaryimage"},"image":{"@id":"https:\/\/www.melpool.com\/da\/produkt\/solufloc\/#primaryimage"},"thumbnailUrl":"https:\/\/www.melpool.com\/wp-content\/uploads\/2022\/05\/Solufloc.packshot.2000x2500px.jpg","datePublished":"2022-12-23T13:55:19+00:00","dateModified":"2023-02-24T13:21:25+00:00","breadcrumb":{"@id":"https:\/\/www.melpool.com\/da\/produkt\/solufloc\/#breadcrumb"},"inLanguage":"da-DK","potentialAction":[{"@type":"ReadAction","target":["https:\/\/www.melpool.com\/da\/produkt\/solufloc\/"]}]},{"@type":"ImageObject","inLanguage":"da-DK","@id":"https:\/\/www.melpool.com\/da\/produkt\/solufloc\/#primaryimage","url":"https:\/\/www.melpool.com\/wp-content\/uploads\/2022\/05\/Solufloc.packshot.2000x2500px.jpg","contentUrl":"https:\/\/www.melpool.com\/wp-content\/uploads\/2022\/05\/Solufloc.packshot.2000x2500px.jpg","width":2000,"height":2500},{"@type":"BreadcrumbList","@id":"https:\/\/www.melpool.com\/da\/produkt\/solufloc\/#breadcrumb","itemListElement":[{"@type":"ListItem","position":1,"name":"Home","item":"https:\/\/www.melpool.com\/da\/"},{"@type":"ListItem","position":2,"name":"Produkter","item":"https:\/\/www.melpool.com\/da\/produkt\/"},{"@type":"ListItem","position":3,"name":"Flokkulanter","item":"https:\/\/www.melpool.com\/da\/produktkategori\/flokkulanter\/"},{"@type":"ListItem","position":4,"name":"SoluFloc"}]},{"@type":"WebSite","@id":"https:\/\/www.melpool.com\/da\/#website","url":"https:\/\/www.melpool.com\/da\/","name":"Melpool","description":"Alles voor waterbehandeling van uw zwembad","publisher":{"@id":"https:\/\/www.melpool.com\/da\/#organization"},"potentialAction":[{"@type":"SearchAction","target":{"@type":"EntryPoint","urlTemplate":"https:\/\/www.melpool.com\/da\/?s={search_term_string}"},"query-input":{"@type":"PropertyValueSpecification","valueRequired":true,"valueName":"search_term_string"}}],"inLanguage":"da-DK"},{"@type":"Organization","@id":"https:\/\/www.melpool.com\/da\/#organization","name":"Melpool","url":"https:\/\/www.melpool.com\/da\/","logo":{"@type":"ImageObject","inLanguage":"da-DK","@id":"https:\/\/www.melpool.com\/da\/#\/schema\/logo\/image\/","url":"https:\/\/www.melpool.com\/wp-content\/uploads\/2021\/08\/Melpool-Logo-blauw.png","contentUrl":"https:\/\/www.melpool.com\/wp-content\/uploads\/2021\/08\/Melpool-Logo-blauw.png","width":1729,"height":542,"caption":"Melpool"},"image":{"@id":"https:\/\/www.melpool.com\/da\/#\/schema\/logo\/image\/"}}]}},"_links":{"self":[{"href":"https:\/\/www.melpool.com\/da\/wp-json\/wp\/v2\/product\/4918","targetHints":{"allow":["GET"]}}],"collection":[{"href":"https:\/\/www.melpool.com\/da\/wp-json\/wp\/v2\/product"}],"about":[{"href":"https:\/\/www.melpool.com\/da\/wp-json\/wp\/v2\/types\/product"}],"wp:featuredmedia":[{"embeddable":true,"href":"https:\/\/www.melpool.com\/da\/wp-json\/wp\/v2\/media\/3049"}],"wp:attachment":[{"href":"https:\/\/www.melpool.com\/da\/wp-json\/wp\/v2\/media?parent=4918"}],"wp:term":[{"taxonomy":"behandeling","embeddable":true,"href":"https:\/\/www.melpool.com\/da\/wp-json\/wp\/v2\/behandeling?post=4918"},{"taxonomy":"product_categorie","embeddable":true,"href":"https:\/\/www.melpool.com\/da\/wp-json\/wp\/v2\/product_categorie?post=4918"},{"taxonomy":"product_type","embeddable":true,"href":"https:\/\/www.melpool.com\/da\/wp-json\/wp\/v2\/product_type?post=4918"}],"curies":[{"name":"wp","href":"https:\/\/api.w.org\/{rel}","templated":true}]}}