{"id":4932,"date":"2022-12-23T13:58:45","date_gmt":"2022-12-23T13:58:45","guid":{"rendered":"https:\/\/melpool.i-aspect.com\/product\/melpool-br-20\/"},"modified":"2022-12-27T19:17:06","modified_gmt":"2022-12-27T19:17:06","slug":"melpool-br-20","status":"publish","type":"product","link":"https:\/\/www.melpool.com\/da\/produkt\/melpool-br-20\/","title":{"rendered":"Melpool BR\/20"},"content":{"rendered":"\n<p><strong>Bromin desinfektionstabletter p\u00e5 20 g til sv\u00f8mmebassiner<\/strong>.<\/p>\n\n<p>Langsomt opl\u00f8selige desinfektionstabletter 20g. Ideel til behandling af spa-vand (h\u00f8j temperatur og pH). Mindre irriterende for \u00f8jne og f\u00f8lsom hud, giver ikke den typiske klorlugt. Effektivt mod alger og organiske aflejringer. Nedbrydes ikke under p\u00e5virkning af solen (UV). Til anvendelse i bl\u00f8dt og h\u00e5rdt vand.<\/p>\n","protected":false},"excerpt":{"rendered":"<p>Bromin desinfektionstabletter p\u00e5 20 g til sv\u00f8mmebassiner. Langsomt opl\u00f8selige desinfektionstabletter 20g. Ideel til behandling af spa-vand (h\u00f8j temperatur og pH). Mindre irriterende for \u00f8jne og f\u00f8lsom hud, giver ikke den typiske klorlugt. Effektivt mod alger og organiske aflejringer. Nedbrydes ikke under p\u00e5virkning af solen (UV). Til anvendelse i bl\u00f8dt og h\u00e5rdt vand.<\/p>\n","protected":false},"featured_media":2754,"template":"","behandeling":[],"product_categorie":[140],"product_type":[130],"class_list":["post-4932","product","type-product","status-publish","has-post-thumbnail","hentry","product_categorie-desinfektion-da","product_type-tabletter"],"acf":[],"yoast_head":"<!-- This site is optimized with the Yoast SEO plugin v27.4 - https:\/\/yoast.com\/product\/yoast-seo-wordpress\/ -->\n<title>Melpool BR\/20 - Melpool<\/title>\n<meta name=\"robots\" content=\"index, follow, max-snippet:-1, max-image-preview:large, max-video-preview:-1\" \/>\n<link rel=\"canonical\" href=\"https:\/\/www.melpool.com\/da\/produkt\/melpool-br-20\/\" \/>\n<meta property=\"og:locale\" content=\"da_DK\" \/>\n<meta property=\"og:type\" content=\"article\" \/>\n<meta property=\"og:title\" content=\"Melpool BR\/20 - Melpool\" \/>\n<meta property=\"og:description\" content=\"Bromin desinfektionstabletter p\u00e5 20 g til sv\u00f8mmebassiner. Langsomt opl\u00f8selige desinfektionstabletter 20g. Ideel til behandling af spa-vand (h\u00f8j temperatur og pH). Mindre irriterende for \u00f8jne og f\u00f8lsom hud, giver ikke den typiske klorlugt. Effektivt mod alger og organiske aflejringer. Nedbrydes ikke under p\u00e5virkning af solen (UV). Til anvendelse i bl\u00f8dt og h\u00e5rdt vand.\" \/>\n<meta property=\"og:url\" content=\"https:\/\/www.melpool.com\/da\/produkt\/melpool-br-20\/\" \/>\n<meta property=\"og:site_name\" content=\"Melpool\" \/>\n<meta property=\"article:modified_time\" content=\"2022-12-27T19:17:06+00:00\" \/>\n<meta property=\"og:image\" content=\"https:\/\/www.melpool.com\/wp-content\/uploads\/2022\/04\/Melpool.5kg.BR-20-EN.jpg\" \/>\n\t<meta property=\"og:image:width\" content=\"2000\" \/>\n\t<meta property=\"og:image:height\" content=\"2500\" \/>\n\t<meta property=\"og:image:type\" content=\"image\/jpeg\" \/>\n<meta name=\"twitter:card\" content=\"summary_large_image\" \/>\n<script type=\"application\/ld+json\" class=\"yoast-schema-graph\">{\"@context\":\"https:\\\/\\\/schema.org\",\"@graph\":[{\"@type\":\"WebPage\",\"@id\":\"https:\\\/\\\/www.melpool.com\\\/da\\\/produkt\\\/melpool-br-20\\\/\",\"url\":\"https:\\\/\\\/www.melpool.com\\\/da\\\/produkt\\\/melpool-br-20\\\/\",\"name\":\"Melpool BR\\\/20 - Melpool\",\"isPartOf\":{\"@id\":\"https:\\\/\\\/www.melpool.com\\\/da\\\/#website\"},\"primaryImageOfPage\":{\"@id\":\"https:\\\/\\\/www.melpool.com\\\/da\\\/produkt\\\/melpool-br-20\\\/#primaryimage\"},\"image\":{\"@id\":\"https:\\\/\\\/www.melpool.com\\\/da\\\/produkt\\\/melpool-br-20\\\/#primaryimage\"},\"thumbnailUrl\":\"https:\\\/\\\/www.melpool.com\\\/wp-content\\\/uploads\\\/2022\\\/04\\\/Melpool.5kg.BR-20-EN.jpg\",\"datePublished\":\"2022-12-23T13:58:45+00:00\",\"dateModified\":\"2022-12-27T19:17:06+00:00\",\"breadcrumb\":{\"@id\":\"https:\\\/\\\/www.melpool.com\\\/da\\\/produkt\\\/melpool-br-20\\\/#breadcrumb\"},\"inLanguage\":\"da-DK\",\"potentialAction\":[{\"@type\":\"ReadAction\",\"target\":[\"https:\\\/\\\/www.melpool.com\\\/da\\\/produkt\\\/melpool-br-20\\\/\"]}]},{\"@type\":\"ImageObject\",\"inLanguage\":\"da-DK\",\"@id\":\"https:\\\/\\\/www.melpool.com\\\/da\\\/produkt\\\/melpool-br-20\\\/#primaryimage\",\"url\":\"https:\\\/\\\/www.melpool.com\\\/wp-content\\\/uploads\\\/2022\\\/04\\\/Melpool.5kg.BR-20-EN.jpg\",\"contentUrl\":\"https:\\\/\\\/www.melpool.com\\\/wp-content\\\/uploads\\\/2022\\\/04\\\/Melpool.5kg.BR-20-EN.jpg\",\"width\":2000,\"height\":2500},{\"@type\":\"BreadcrumbList\",\"@id\":\"https:\\\/\\\/www.melpool.com\\\/da\\\/produkt\\\/melpool-br-20\\\/#breadcrumb\",\"itemListElement\":[{\"@type\":\"ListItem\",\"position\":1,\"name\":\"Home\",\"item\":\"https:\\\/\\\/www.melpool.com\\\/da\\\/\"},{\"@type\":\"ListItem\",\"position\":2,\"name\":\"Produkter\",\"item\":\"https:\\\/\\\/www.melpool.com\\\/da\\\/produkt\\\/\"},{\"@type\":\"ListItem\",\"position\":3,\"name\":\"Desinfektion\",\"item\":\"https:\\\/\\\/www.melpool.com\\\/da\\\/produktkategori\\\/desinfektion-da\\\/\"},{\"@type\":\"ListItem\",\"position\":4,\"name\":\"Melpool BR\\\/20\"}]},{\"@type\":\"WebSite\",\"@id\":\"https:\\\/\\\/www.melpool.com\\\/da\\\/#website\",\"url\":\"https:\\\/\\\/www.melpool.com\\\/da\\\/\",\"name\":\"Melpool\",\"description\":\"Alles voor waterbehandeling van uw zwembad\",\"publisher\":{\"@id\":\"https:\\\/\\\/www.melpool.com\\\/da\\\/#organization\"},\"potentialAction\":[{\"@type\":\"SearchAction\",\"target\":{\"@type\":\"EntryPoint\",\"urlTemplate\":\"https:\\\/\\\/www.melpool.com\\\/da\\\/?s={search_term_string}\"},\"query-input\":{\"@type\":\"PropertyValueSpecification\",\"valueRequired\":true,\"valueName\":\"search_term_string\"}}],\"inLanguage\":\"da-DK\"},{\"@type\":\"Organization\",\"@id\":\"https:\\\/\\\/www.melpool.com\\\/da\\\/#organization\",\"name\":\"Melpool\",\"url\":\"https:\\\/\\\/www.melpool.com\\\/da\\\/\",\"logo\":{\"@type\":\"ImageObject\",\"inLanguage\":\"da-DK\",\"@id\":\"https:\\\/\\\/www.melpool.com\\\/da\\\/#\\\/schema\\\/logo\\\/image\\\/\",\"url\":\"https:\\\/\\\/www.melpool.com\\\/wp-content\\\/uploads\\\/2021\\\/08\\\/Melpool-Logo-blauw.png\",\"contentUrl\":\"https:\\\/\\\/www.melpool.com\\\/wp-content\\\/uploads\\\/2021\\\/08\\\/Melpool-Logo-blauw.png\",\"width\":1729,\"height\":542,\"caption\":\"Melpool\"},\"image\":{\"@id\":\"https:\\\/\\\/www.melpool.com\\\/da\\\/#\\\/schema\\\/logo\\\/image\\\/\"}}]}<\/script>\n<!-- \/ Yoast SEO plugin. -->","yoast_head_json":{"title":"Melpool BR\/20 - Melpool","robots":{"index":"index","follow":"follow","max-snippet":"max-snippet:-1","max-image-preview":"max-image-preview:large","max-video-preview":"max-video-preview:-1"},"canonical":"https:\/\/www.melpool.com\/da\/produkt\/melpool-br-20\/","og_locale":"da_DK","og_type":"article","og_title":"Melpool BR\/20 - Melpool","og_description":"Bromin desinfektionstabletter p\u00e5 20 g til sv\u00f8mmebassiner. Langsomt opl\u00f8selige desinfektionstabletter 20g. Ideel til behandling af spa-vand (h\u00f8j temperatur og pH). Mindre irriterende for \u00f8jne og f\u00f8lsom hud, giver ikke den typiske klorlugt. Effektivt mod alger og organiske aflejringer. Nedbrydes ikke under p\u00e5virkning af solen (UV). Til anvendelse i bl\u00f8dt og h\u00e5rdt vand.","og_url":"https:\/\/www.melpool.com\/da\/produkt\/melpool-br-20\/","og_site_name":"Melpool","article_modified_time":"2022-12-27T19:17:06+00:00","og_image":[{"width":2000,"height":2500,"url":"https:\/\/www.melpool.com\/wp-content\/uploads\/2022\/04\/Melpool.5kg.BR-20-EN.jpg","type":"image\/jpeg"}],"twitter_card":"summary_large_image","schema":{"@context":"https:\/\/schema.org","@graph":[{"@type":"WebPage","@id":"https:\/\/www.melpool.com\/da\/produkt\/melpool-br-20\/","url":"https:\/\/www.melpool.com\/da\/produkt\/melpool-br-20\/","name":"Melpool BR\/20 - Melpool","isPartOf":{"@id":"https:\/\/www.melpool.com\/da\/#website"},"primaryImageOfPage":{"@id":"https:\/\/www.melpool.com\/da\/produkt\/melpool-br-20\/#primaryimage"},"image":{"@id":"https:\/\/www.melpool.com\/da\/produkt\/melpool-br-20\/#primaryimage"},"thumbnailUrl":"https:\/\/www.melpool.com\/wp-content\/uploads\/2022\/04\/Melpool.5kg.BR-20-EN.jpg","datePublished":"2022-12-23T13:58:45+00:00","dateModified":"2022-12-27T19:17:06+00:00","breadcrumb":{"@id":"https:\/\/www.melpool.com\/da\/produkt\/melpool-br-20\/#breadcrumb"},"inLanguage":"da-DK","potentialAction":[{"@type":"ReadAction","target":["https:\/\/www.melpool.com\/da\/produkt\/melpool-br-20\/"]}]},{"@type":"ImageObject","inLanguage":"da-DK","@id":"https:\/\/www.melpool.com\/da\/produkt\/melpool-br-20\/#primaryimage","url":"https:\/\/www.melpool.com\/wp-content\/uploads\/2022\/04\/Melpool.5kg.BR-20-EN.jpg","contentUrl":"https:\/\/www.melpool.com\/wp-content\/uploads\/2022\/04\/Melpool.5kg.BR-20-EN.jpg","width":2000,"height":2500},{"@type":"BreadcrumbList","@id":"https:\/\/www.melpool.com\/da\/produkt\/melpool-br-20\/#breadcrumb","itemListElement":[{"@type":"ListItem","position":1,"name":"Home","item":"https:\/\/www.melpool.com\/da\/"},{"@type":"ListItem","position":2,"name":"Produkter","item":"https:\/\/www.melpool.com\/da\/produkt\/"},{"@type":"ListItem","position":3,"name":"Desinfektion","item":"https:\/\/www.melpool.com\/da\/produktkategori\/desinfektion-da\/"},{"@type":"ListItem","position":4,"name":"Melpool BR\/20"}]},{"@type":"WebSite","@id":"https:\/\/www.melpool.com\/da\/#website","url":"https:\/\/www.melpool.com\/da\/","name":"Melpool","description":"Alles voor waterbehandeling van uw zwembad","publisher":{"@id":"https:\/\/www.melpool.com\/da\/#organization"},"potentialAction":[{"@type":"SearchAction","target":{"@type":"EntryPoint","urlTemplate":"https:\/\/www.melpool.com\/da\/?s={search_term_string}"},"query-input":{"@type":"PropertyValueSpecification","valueRequired":true,"valueName":"search_term_string"}}],"inLanguage":"da-DK"},{"@type":"Organization","@id":"https:\/\/www.melpool.com\/da\/#organization","name":"Melpool","url":"https:\/\/www.melpool.com\/da\/","logo":{"@type":"ImageObject","inLanguage":"da-DK","@id":"https:\/\/www.melpool.com\/da\/#\/schema\/logo\/image\/","url":"https:\/\/www.melpool.com\/wp-content\/uploads\/2021\/08\/Melpool-Logo-blauw.png","contentUrl":"https:\/\/www.melpool.com\/wp-content\/uploads\/2021\/08\/Melpool-Logo-blauw.png","width":1729,"height":542,"caption":"Melpool"},"image":{"@id":"https:\/\/www.melpool.com\/da\/#\/schema\/logo\/image\/"}}]}},"_links":{"self":[{"href":"https:\/\/www.melpool.com\/da\/wp-json\/wp\/v2\/product\/4932","targetHints":{"allow":["GET"]}}],"collection":[{"href":"https:\/\/www.melpool.com\/da\/wp-json\/wp\/v2\/product"}],"about":[{"href":"https:\/\/www.melpool.com\/da\/wp-json\/wp\/v2\/types\/product"}],"wp:featuredmedia":[{"embeddable":true,"href":"https:\/\/www.melpool.com\/da\/wp-json\/wp\/v2\/media\/2754"}],"wp:attachment":[{"href":"https:\/\/www.melpool.com\/da\/wp-json\/wp\/v2\/media?parent=4932"}],"wp:term":[{"taxonomy":"behandeling","embeddable":true,"href":"https:\/\/www.melpool.com\/da\/wp-json\/wp\/v2\/behandeling?post=4932"},{"taxonomy":"product_categorie","embeddable":true,"href":"https:\/\/www.melpool.com\/da\/wp-json\/wp\/v2\/product_categorie?post=4932"},{"taxonomy":"product_type","embeddable":true,"href":"https:\/\/www.melpool.com\/da\/wp-json\/wp\/v2\/product_type?post=4932"}],"curies":[{"name":"wp","href":"https:\/\/api.w.org\/{rel}","templated":true}]}}