{"id":4955,"date":"2023-01-23T20:02:34","date_gmt":"2023-01-23T20:02:34","guid":{"rendered":"https:\/\/melpool.i-aspect.com\/allgemeine-bedingungen-und-konditionen\/"},"modified":"2023-02-24T14:40:34","modified_gmt":"2023-02-24T14:40:34","slug":"allgemeine-bedingungen-und-konditionen","status":"publish","type":"page","link":"https:\/\/www.melpool.com\/de\/allgemeine-bedingungen-und-konditionen\/","title":{"rendered":"Allgemeine Bedingungen und Konditionen"},"content":{"rendered":"\t\t<div data-elementor-type=\"wp-page\" data-elementor-id=\"4955\" class=\"elementor elementor-4955 elementor-687\" data-elementor-post-type=\"page\">\n\t\t\t\t\t\t<section class=\"elementor-section elementor-top-section elementor-element elementor-element-5314d7c9 elementor-section-boxed elementor-section-height-default elementor-section-height-default\" data-id=\"5314d7c9\" data-element_type=\"section\" data-e-type=\"section\">\n\t\t\t\t\t\t<div class=\"elementor-container elementor-column-gap-default\">\n\t\t\t\t\t<div class=\"elementor-column elementor-col-100 elementor-top-column elementor-element elementor-element-38d69e89\" data-id=\"38d69e89\" data-element_type=\"column\" data-e-type=\"column\">\n\t\t\t<div class=\"elementor-widget-wrap elementor-element-populated\">\n\t\t\t\t\t\t<div class=\"elementor-element elementor-element-416b3ac6 elementor-widget elementor-widget-text-editor\" data-id=\"416b3ac6\" data-element_type=\"widget\" data-e-type=\"widget\" data-widget_type=\"text-editor.default\">\n\t\t\t\t<div class=\"elementor-widget-container\">\n\t\t\t\t\t\t\t\t\t<p><strong>Allgemeine Gesch\u00e4ftsbedingungen Melspring International B.V.<\/strong><\/p>\n<ul>\n<li><a href=\"https:\/\/www.melpool.com\/wp-content\/uploads\/2023\/02\/MIBV.General.Purchasing.Conditions.EN_.pdf\">Allgemeine Einkaufsbedingungen (NL)<\/a><\/li>\n<li><a href=\"https:\/\/www.melpool.com\/wp-content\/uploads\/2023\/02\/MIBV.General.Conditions.of_.Sales_.and_.Deliveries.EN_.pdf\">Allgemeine Verkaufs- und Lieferbedingungen (NL)<\/a><\/li>\n<\/ul>\n<p><strong> <\/strong><\/p>\n<p><strong>Allgemeine Bedingungen Website<\/strong><br \/>www.melpool.com und alle darunter liegenden Seiten;<br \/><span style=\"color: var( --e-global-color-text ); font-family: var( --e-global-typography-text-font-family ), Sans-serif;\"><br \/><b>Benutzer<br \/><\/b><\/span><span style=\"color: var( --e-global-color-text ); font-family: var( --e-global-typography-text-font-family ), Sans-serif;\"><span style=\"font-weight: var( --e-global-typography-text-font-weight );\">Besucher der Website;<\/span><br \/><\/span><span style=\"color: var( --e-global-color-text ); font-family: var( --e-global-typography-text-font-family ), Sans-serif;\"><br \/><b>Unternehmen<br \/><\/b><\/span><span style=\"color: var( --e-global-color-text ); font-family: var( --e-global-typography-text-font-family ), Sans-serif; font-weight: var( --e-global-typography-text-font-weight );\">Melspring ist der autorisierte Herausgeber der Webseite; Folgendes gilt f\u00fcr unsere Webseite. Durch die Nutzung der Website erkl\u00e4ren Sie sich mit diesem Haftungsausschluss einverstanden. Melspring:<\/span><\/p>\n<ul>\n<li>Regelm\u00e4\u00dfige Aktualisierung des Inhalts der Website. Trotz dieser Bem\u00fchungen kann der Inhalt dieser Website unvollst\u00e4ndig oder veraltet sein.<\/li>\n<li>Garantiert in keiner Weise die Richtigkeit oder Vollst\u00e4ndigkeit der auf dieser Website abgerufenen Informationen.<\/li>\n<li>\u00fcbernimmt keine Garantie f\u00fcr die Sicherheit unserer Website und kann daher nicht f\u00fcr Sch\u00e4den haftbar gemacht werden, die direkt oder indirekt durch die Nutzung unserer Website entstehen.<\/li>\n<li>Ist nicht verantwortlich f\u00fcr Seiten von externen Parteien, auf die verwiesen wird;<\/li>\n<li>Stellt die Informationen auf seiner Website ohne jegliche Garantie oder Gew\u00e4hrleistung zur Verf\u00fcgung. Aus den Informationen auf der Website k\u00f6nnen keinerlei Rechte abgeleitet werden;<\/li>\n<li>Kann nicht f\u00fcr Sch\u00e4den haftbar gemacht werden, die durch die Nutzung der Informationen auf melpool.com entstehen;<\/li>\n<li>Kann die Website nach eigenem Ermessen und zu jeder Zeit \u00e4ndern oder beenden. Melspring kann daher nicht f\u00fcr die Folgen von \u00c4nderungen oder Beendigungen auf\/von melpool.com haftbar gemacht werden;<\/li>\n<\/ul>\n<p>Der Nutzer ist allein verantwortlich f\u00fcr die Nutzung aller auf melpool.com bereitgestellten Informationen;<\/p>\n\t\t\t\t\t\t\t\t<\/div>\n\t\t\t\t<\/div>\n\t\t\t\t\t<\/div>\n\t\t<\/div>\n\t\t\t\t\t<\/div>\n\t\t<\/section>\n\t\t\t\t<\/div>\n\t\t","protected":false},"excerpt":{"rendered":"<p>Allgemeine Gesch\u00e4ftsbedingungen Melspring International B.V. Allgemeine Einkaufsbedingungen (NL) Allgemeine Verkaufs- und Lieferbedingungen (NL) Allgemeine Bedingungen Websitewww.melpool.com und alle darunter liegenden Seiten; BenutzerBesucher der Website; UnternehmenMelspring ist der autorisierte Herausgeber der Webseite; Folgendes gilt f\u00fcr unsere Webseite. Durch die Nutzung der Website erkl\u00e4ren Sie sich mit diesem Haftungsausschluss einverstanden. Melspring: Regelm\u00e4\u00dfige Aktualisierung des Inhalts der Website. [&hellip;]<\/p>\n","protected":false},"author":1,"featured_media":0,"parent":0,"menu_order":0,"comment_status":"closed","ping_status":"closed","template":"","meta":{"_acf_changed":false,"footnotes":""},"class_list":["post-4955","page","type-page","status-publish","hentry"],"acf":[],"yoast_head":"<!-- This site is optimized with the Yoast SEO plugin v27.5 - https:\/\/yoast.com\/product\/yoast-seo-wordpress\/ -->\n<title>Allgemeine Bedingungen und Konditionen - Melpool<\/title>\n<meta name=\"robots\" content=\"index, follow, max-snippet:-1, max-image-preview:large, max-video-preview:-1\" \/>\n<link rel=\"canonical\" href=\"https:\/\/www.melpool.com\/de\/allgemeine-bedingungen-und-konditionen\/\" \/>\n<meta property=\"og:locale\" content=\"de_DE\" \/>\n<meta property=\"og:type\" content=\"article\" \/>\n<meta property=\"og:title\" content=\"Allgemeine Bedingungen und Konditionen - Melpool\" \/>\n<meta property=\"og:description\" content=\"Allgemeine Gesch\u00e4ftsbedingungen Melspring International B.V. Allgemeine Einkaufsbedingungen (NL) Allgemeine Verkaufs- und Lieferbedingungen (NL) Allgemeine Bedingungen Websitewww.melpool.com und alle darunter liegenden Seiten; BenutzerBesucher der Website; UnternehmenMelspring ist der autorisierte Herausgeber der Webseite; Folgendes gilt f\u00fcr unsere Webseite. Durch die Nutzung der Website erkl\u00e4ren Sie sich mit diesem Haftungsausschluss einverstanden. Melspring: Regelm\u00e4\u00dfige Aktualisierung des Inhalts der Website. [&hellip;]\" \/>\n<meta property=\"og:url\" content=\"https:\/\/www.melpool.com\/de\/allgemeine-bedingungen-und-konditionen\/\" \/>\n<meta property=\"og:site_name\" content=\"Melpool\" \/>\n<meta property=\"article:modified_time\" content=\"2023-02-24T14:40:34+00:00\" \/>\n<meta name=\"twitter:card\" content=\"summary_large_image\" \/>\n<meta name=\"twitter:label1\" content=\"Gesch\u00e4tzte Lesezeit\" \/>\n\t<meta name=\"twitter:data1\" content=\"1\u00a0Minute\" \/>\n<script type=\"application\/ld+json\" class=\"yoast-schema-graph\">{\"@context\":\"https:\\\/\\\/schema.org\",\"@graph\":[{\"@type\":\"WebPage\",\"@id\":\"https:\\\/\\\/www.melpool.com\\\/de\\\/allgemeine-bedingungen-und-konditionen\\\/\",\"url\":\"https:\\\/\\\/www.melpool.com\\\/de\\\/allgemeine-bedingungen-und-konditionen\\\/\",\"name\":\"Allgemeine Bedingungen und Konditionen - Melpool\",\"isPartOf\":{\"@id\":\"https:\\\/\\\/www.melpool.com\\\/de\\\/#website\"},\"datePublished\":\"2023-01-23T20:02:34+00:00\",\"dateModified\":\"2023-02-24T14:40:34+00:00\",\"breadcrumb\":{\"@id\":\"https:\\\/\\\/www.melpool.com\\\/de\\\/allgemeine-bedingungen-und-konditionen\\\/#breadcrumb\"},\"inLanguage\":\"de\",\"potentialAction\":[{\"@type\":\"ReadAction\",\"target\":[\"https:\\\/\\\/www.melpool.com\\\/de\\\/allgemeine-bedingungen-und-konditionen\\\/\"]}]},{\"@type\":\"BreadcrumbList\",\"@id\":\"https:\\\/\\\/www.melpool.com\\\/de\\\/allgemeine-bedingungen-und-konditionen\\\/#breadcrumb\",\"itemListElement\":[{\"@type\":\"ListItem\",\"position\":1,\"name\":\"Home\",\"item\":\"https:\\\/\\\/www.melpool.com\\\/de\\\/\"},{\"@type\":\"ListItem\",\"position\":2,\"name\":\"Allgemeine Bedingungen und Konditionen\"}]},{\"@type\":\"WebSite\",\"@id\":\"https:\\\/\\\/www.melpool.com\\\/de\\\/#website\",\"url\":\"https:\\\/\\\/www.melpool.com\\\/de\\\/\",\"name\":\"Melpool\",\"description\":\"Alles voor waterbehandeling van uw zwembad\",\"publisher\":{\"@id\":\"https:\\\/\\\/www.melpool.com\\\/de\\\/#organization\"},\"potentialAction\":[{\"@type\":\"SearchAction\",\"target\":{\"@type\":\"EntryPoint\",\"urlTemplate\":\"https:\\\/\\\/www.melpool.com\\\/de\\\/?s={search_term_string}\"},\"query-input\":{\"@type\":\"PropertyValueSpecification\",\"valueRequired\":true,\"valueName\":\"search_term_string\"}}],\"inLanguage\":\"de\"},{\"@type\":\"Organization\",\"@id\":\"https:\\\/\\\/www.melpool.com\\\/de\\\/#organization\",\"name\":\"Melpool\",\"url\":\"https:\\\/\\\/www.melpool.com\\\/de\\\/\",\"logo\":{\"@type\":\"ImageObject\",\"inLanguage\":\"de\",\"@id\":\"https:\\\/\\\/www.melpool.com\\\/de\\\/#\\\/schema\\\/logo\\\/image\\\/\",\"url\":\"https:\\\/\\\/www.melpool.com\\\/wp-content\\\/uploads\\\/2021\\\/08\\\/Melpool-Logo-blauw.png\",\"contentUrl\":\"https:\\\/\\\/www.melpool.com\\\/wp-content\\\/uploads\\\/2021\\\/08\\\/Melpool-Logo-blauw.png\",\"width\":1729,\"height\":542,\"caption\":\"Melpool\"},\"image\":{\"@id\":\"https:\\\/\\\/www.melpool.com\\\/de\\\/#\\\/schema\\\/logo\\\/image\\\/\"}}]}<\/script>\n<!-- \/ Yoast SEO plugin. -->","yoast_head_json":{"title":"Allgemeine Bedingungen und Konditionen - Melpool","robots":{"index":"index","follow":"follow","max-snippet":"max-snippet:-1","max-image-preview":"max-image-preview:large","max-video-preview":"max-video-preview:-1"},"canonical":"https:\/\/www.melpool.com\/de\/allgemeine-bedingungen-und-konditionen\/","og_locale":"de_DE","og_type":"article","og_title":"Allgemeine Bedingungen und Konditionen - Melpool","og_description":"Allgemeine Gesch\u00e4ftsbedingungen Melspring International B.V. Allgemeine Einkaufsbedingungen (NL) Allgemeine Verkaufs- und Lieferbedingungen (NL) Allgemeine Bedingungen Websitewww.melpool.com und alle darunter liegenden Seiten; BenutzerBesucher der Website; UnternehmenMelspring ist der autorisierte Herausgeber der Webseite; Folgendes gilt f\u00fcr unsere Webseite. Durch die Nutzung der Website erkl\u00e4ren Sie sich mit diesem Haftungsausschluss einverstanden. Melspring: Regelm\u00e4\u00dfige Aktualisierung des Inhalts der Website. [&hellip;]","og_url":"https:\/\/www.melpool.com\/de\/allgemeine-bedingungen-und-konditionen\/","og_site_name":"Melpool","article_modified_time":"2023-02-24T14:40:34+00:00","twitter_card":"summary_large_image","twitter_misc":{"Gesch\u00e4tzte Lesezeit":"1\u00a0Minute"},"schema":{"@context":"https:\/\/schema.org","@graph":[{"@type":"WebPage","@id":"https:\/\/www.melpool.com\/de\/allgemeine-bedingungen-und-konditionen\/","url":"https:\/\/www.melpool.com\/de\/allgemeine-bedingungen-und-konditionen\/","name":"Allgemeine Bedingungen und Konditionen - Melpool","isPartOf":{"@id":"https:\/\/www.melpool.com\/de\/#website"},"datePublished":"2023-01-23T20:02:34+00:00","dateModified":"2023-02-24T14:40:34+00:00","breadcrumb":{"@id":"https:\/\/www.melpool.com\/de\/allgemeine-bedingungen-und-konditionen\/#breadcrumb"},"inLanguage":"de","potentialAction":[{"@type":"ReadAction","target":["https:\/\/www.melpool.com\/de\/allgemeine-bedingungen-und-konditionen\/"]}]},{"@type":"BreadcrumbList","@id":"https:\/\/www.melpool.com\/de\/allgemeine-bedingungen-und-konditionen\/#breadcrumb","itemListElement":[{"@type":"ListItem","position":1,"name":"Home","item":"https:\/\/www.melpool.com\/de\/"},{"@type":"ListItem","position":2,"name":"Allgemeine Bedingungen und Konditionen"}]},{"@type":"WebSite","@id":"https:\/\/www.melpool.com\/de\/#website","url":"https:\/\/www.melpool.com\/de\/","name":"Melpool","description":"Alles voor waterbehandeling van uw zwembad","publisher":{"@id":"https:\/\/www.melpool.com\/de\/#organization"},"potentialAction":[{"@type":"SearchAction","target":{"@type":"EntryPoint","urlTemplate":"https:\/\/www.melpool.com\/de\/?s={search_term_string}"},"query-input":{"@type":"PropertyValueSpecification","valueRequired":true,"valueName":"search_term_string"}}],"inLanguage":"de"},{"@type":"Organization","@id":"https:\/\/www.melpool.com\/de\/#organization","name":"Melpool","url":"https:\/\/www.melpool.com\/de\/","logo":{"@type":"ImageObject","inLanguage":"de","@id":"https:\/\/www.melpool.com\/de\/#\/schema\/logo\/image\/","url":"https:\/\/www.melpool.com\/wp-content\/uploads\/2021\/08\/Melpool-Logo-blauw.png","contentUrl":"https:\/\/www.melpool.com\/wp-content\/uploads\/2021\/08\/Melpool-Logo-blauw.png","width":1729,"height":542,"caption":"Melpool"},"image":{"@id":"https:\/\/www.melpool.com\/de\/#\/schema\/logo\/image\/"}}]}},"_links":{"self":[{"href":"https:\/\/www.melpool.com\/de\/wp-json\/wp\/v2\/pages\/4955","targetHints":{"allow":["GET"]}}],"collection":[{"href":"https:\/\/www.melpool.com\/de\/wp-json\/wp\/v2\/pages"}],"about":[{"href":"https:\/\/www.melpool.com\/de\/wp-json\/wp\/v2\/types\/page"}],"author":[{"embeddable":true,"href":"https:\/\/www.melpool.com\/de\/wp-json\/wp\/v2\/users\/1"}],"replies":[{"embeddable":true,"href":"https:\/\/www.melpool.com\/de\/wp-json\/wp\/v2\/comments?post=4955"}],"version-history":[{"count":2,"href":"https:\/\/www.melpool.com\/de\/wp-json\/wp\/v2\/pages\/4955\/revisions"}],"predecessor-version":[{"id":5894,"href":"https:\/\/www.melpool.com\/de\/wp-json\/wp\/v2\/pages\/4955\/revisions\/5894"}],"wp:attachment":[{"href":"https:\/\/www.melpool.com\/de\/wp-json\/wp\/v2\/media?parent=4955"}],"curies":[{"name":"wp","href":"https:\/\/api.w.org\/{rel}","templated":true}]}}