{"id":4965,"date":"2023-01-23T20:50:57","date_gmt":"2023-01-23T20:50:57","guid":{"rendered":"https:\/\/melpool.i-aspect.com\/haftungsausschluss\/"},"modified":"2023-01-23T20:50:57","modified_gmt":"2023-01-23T20:50:57","slug":"haftungsausschluss","status":"publish","type":"page","link":"https:\/\/www.melpool.com\/de\/haftungsausschluss\/","title":{"rendered":"Haftungsausschluss"},"content":{"rendered":"\t\t<div data-elementor-type=\"wp-page\" data-elementor-id=\"4965\" class=\"elementor elementor-4965 elementor-688\" data-elementor-post-type=\"page\">\n\t\t\t\t\t\t<section class=\"elementor-section elementor-top-section elementor-element elementor-element-581c4f71 elementor-section-boxed elementor-section-height-default elementor-section-height-default\" data-id=\"581c4f71\" data-element_type=\"section\" data-e-type=\"section\">\n\t\t\t\t\t\t<div class=\"elementor-container elementor-column-gap-default\">\n\t\t\t\t\t<div class=\"elementor-column elementor-col-100 elementor-top-column elementor-element elementor-element-34c79624\" data-id=\"34c79624\" data-element_type=\"column\" data-e-type=\"column\">\n\t\t\t<div class=\"elementor-widget-wrap elementor-element-populated\">\n\t\t\t\t\t\t<div class=\"elementor-element elementor-element-3aee55eb elementor-widget elementor-widget-text-editor\" data-id=\"3aee55eb\" data-element_type=\"widget\" data-e-type=\"widget\" data-widget_type=\"text-editor.default\">\n\t\t\t\t<div class=\"elementor-widget-container\">\n\t\t\t\t\t\t\t\t\t<p><\/p>\n<p>Alle Informationen auf dieser Website &#8211; https:\/\/www.melpool.com\/ &#8211; werden nach bestem Wissen und Gewissen und nur zu allgemeinen Informationszwecken ver\u00f6ffentlicht. Melspring International B.V. \u00fcbernimmt keine Gew\u00e4hr f\u00fcr die Vollst\u00e4ndigkeit, Zuverl\u00e4ssigkeit und Richtigkeit dieser Informationen. Jede Handlung, die Sie aufgrund der Informationen auf dieser Website (melpool.com) vornehmen, geschieht ausschlie\u00dflich auf Ihr eigenes Risiko. Melspring International B.V. haftet nicht f\u00fcr Verluste und\/ oder Sch\u00e4den im Zusammenhang mit der Nutzung unserer Website.<br><span style=\"color: var( --e-global-color-text ); font-family: var( --e-global-typography-text-font-family ), Sans-serif;\"><br><span style=\"font-weight: var( --e-global-typography-text-font-weight );\">Von unserer Website aus k\u00f6nnen Sie andere Websites besuchen, indem Sie Hyperlinks zu solchen externen Websites folgen. Wir bem\u00fchen uns, nur qualitativ hochwertige Links zu relevanten und ethischen Websites anzubieten, haben aber keine Kontrolle \u00fcber den Inhalt und die Art dieser Websites. Diese Links zu anderen Websites stellen keine Empfehlung f\u00fcr alle Inhalte dieser Websites dar. Die Eigent\u00fcmer der Website und die Inhalte k\u00f6nnen sich ohne Vorank\u00fcndigung \u00e4ndern, und es kann vorkommen, dass wir einen Link, der als &#8222;nicht gut\/ nicht aktuell&#8220; eingestuft wurde, nicht entfernen k\u00f6nnen.<\/span><br><\/span><span style=\"color: var( --e-global-color-text ); font-family: var( --e-global-typography-text-font-family ), Sans-serif;\"><br> <b>Zustimmung<br><\/b><\/span><span style=\"color: var( --e-global-color-text ); font-family: var( --e-global-typography-text-font-family ), Sans-serif;\"><span style=\"font-weight: var( --e-global-typography-text-font-weight );\">Durch die Nutzung unserer Website erkl\u00e4ren Sie sich mit unserem Haftungsausschluss einverstanden und stimmen dessen Bedingungen zu.<\/span> <br><\/span><span style=\"color: var( --e-global-color-text ); font-family: var( --e-global-typography-text-font-family ), Sans-serif;\"><br> <b>Aktualisierungen<br><\/b><\/span><span style=\"color: var( --e-global-color-text ); font-family: var( --e-global-typography-text-font-family ), Sans-serif; font-weight: var( --e-global-typography-text-font-weight );\">Sollten wir dieses Dokument aktualisieren, erg\u00e4nzen oder \u00e4ndern, so werden diese \u00c4nderungen an dieser Stelle deutlich sichtbar angezeigt.<\/span><\/p>\n<p><\/p>\t\t\t\t\t\t\t\t<\/div>\n\t\t\t\t<\/div>\n\t\t\t\t\t<\/div>\n\t\t<\/div>\n\t\t\t\t\t<\/div>\n\t\t<\/section>\n\t\t\t\t<\/div>\n\t\t","protected":false},"excerpt":{"rendered":"<p>Alle Informationen auf dieser Website &#8211; https:\/\/www.melpool.com\/ &#8211; werden nach bestem Wissen und Gewissen und nur zu allgemeinen Informationszwecken ver\u00f6ffentlicht. Melspring International B.V. \u00fcbernimmt keine Gew\u00e4hr f\u00fcr die Vollst\u00e4ndigkeit, Zuverl\u00e4ssigkeit und Richtigkeit dieser Informationen. Jede Handlung, die Sie aufgrund der Informationen auf dieser Website (melpool.com) vornehmen, geschieht ausschlie\u00dflich auf Ihr eigenes Risiko. Melspring International B.V. [&hellip;]<\/p>\n","protected":false},"author":1,"featured_media":0,"parent":0,"menu_order":0,"comment_status":"closed","ping_status":"closed","template":"","meta":{"_acf_changed":false,"footnotes":""},"class_list":["post-4965","page","type-page","status-publish","hentry"],"acf":[],"yoast_head":"<!-- This site is optimized with the Yoast SEO plugin v27.3 - https:\/\/yoast.com\/product\/yoast-seo-wordpress\/ -->\n<title>Haftungsausschluss - Melpool<\/title>\n<meta name=\"robots\" content=\"index, follow, max-snippet:-1, max-image-preview:large, max-video-preview:-1\" \/>\n<link rel=\"canonical\" href=\"https:\/\/www.melpool.com\/de\/haftungsausschluss\/\" \/>\n<meta property=\"og:locale\" content=\"de_DE\" \/>\n<meta property=\"og:type\" content=\"article\" \/>\n<meta property=\"og:title\" content=\"Haftungsausschluss - Melpool\" \/>\n<meta property=\"og:description\" content=\"Alle Informationen auf dieser Website &#8211; https:\/\/www.melpool.com\/ &#8211; werden nach bestem Wissen und Gewissen und nur zu allgemeinen Informationszwecken ver\u00f6ffentlicht. Melspring International B.V. \u00fcbernimmt keine Gew\u00e4hr f\u00fcr die Vollst\u00e4ndigkeit, Zuverl\u00e4ssigkeit und Richtigkeit dieser Informationen. Jede Handlung, die Sie aufgrund der Informationen auf dieser Website (melpool.com) vornehmen, geschieht ausschlie\u00dflich auf Ihr eigenes Risiko. Melspring International B.V. [&hellip;]\" \/>\n<meta property=\"og:url\" content=\"https:\/\/www.melpool.com\/de\/haftungsausschluss\/\" \/>\n<meta property=\"og:site_name\" content=\"Melpool\" \/>\n<meta name=\"twitter:card\" content=\"summary_large_image\" \/>\n<meta name=\"twitter:label1\" content=\"Gesch\u00e4tzte Lesezeit\" \/>\n\t<meta name=\"twitter:data1\" content=\"1\u00a0Minute\" \/>\n<script type=\"application\/ld+json\" class=\"yoast-schema-graph\">{\"@context\":\"https:\\\/\\\/schema.org\",\"@graph\":[{\"@type\":\"WebPage\",\"@id\":\"https:\\\/\\\/www.melpool.com\\\/de\\\/haftungsausschluss\\\/\",\"url\":\"https:\\\/\\\/www.melpool.com\\\/de\\\/haftungsausschluss\\\/\",\"name\":\"Haftungsausschluss - Melpool\",\"isPartOf\":{\"@id\":\"https:\\\/\\\/www.melpool.com\\\/de\\\/#website\"},\"datePublished\":\"2023-01-23T20:50:57+00:00\",\"breadcrumb\":{\"@id\":\"https:\\\/\\\/www.melpool.com\\\/de\\\/haftungsausschluss\\\/#breadcrumb\"},\"inLanguage\":\"de\",\"potentialAction\":[{\"@type\":\"ReadAction\",\"target\":[\"https:\\\/\\\/www.melpool.com\\\/de\\\/haftungsausschluss\\\/\"]}]},{\"@type\":\"BreadcrumbList\",\"@id\":\"https:\\\/\\\/www.melpool.com\\\/de\\\/haftungsausschluss\\\/#breadcrumb\",\"itemListElement\":[{\"@type\":\"ListItem\",\"position\":1,\"name\":\"Home\",\"item\":\"https:\\\/\\\/www.melpool.com\\\/de\\\/\"},{\"@type\":\"ListItem\",\"position\":2,\"name\":\"Haftungsausschluss\"}]},{\"@type\":\"WebSite\",\"@id\":\"https:\\\/\\\/www.melpool.com\\\/de\\\/#website\",\"url\":\"https:\\\/\\\/www.melpool.com\\\/de\\\/\",\"name\":\"Melpool\",\"description\":\"Alles voor waterbehandeling van uw zwembad\",\"publisher\":{\"@id\":\"https:\\\/\\\/www.melpool.com\\\/de\\\/#organization\"},\"potentialAction\":[{\"@type\":\"SearchAction\",\"target\":{\"@type\":\"EntryPoint\",\"urlTemplate\":\"https:\\\/\\\/www.melpool.com\\\/de\\\/?s={search_term_string}\"},\"query-input\":{\"@type\":\"PropertyValueSpecification\",\"valueRequired\":true,\"valueName\":\"search_term_string\"}}],\"inLanguage\":\"de\"},{\"@type\":\"Organization\",\"@id\":\"https:\\\/\\\/www.melpool.com\\\/de\\\/#organization\",\"name\":\"Melpool\",\"url\":\"https:\\\/\\\/www.melpool.com\\\/de\\\/\",\"logo\":{\"@type\":\"ImageObject\",\"inLanguage\":\"de\",\"@id\":\"https:\\\/\\\/www.melpool.com\\\/de\\\/#\\\/schema\\\/logo\\\/image\\\/\",\"url\":\"https:\\\/\\\/www.melpool.com\\\/wp-content\\\/uploads\\\/2021\\\/08\\\/Melpool-Logo-blauw.png\",\"contentUrl\":\"https:\\\/\\\/www.melpool.com\\\/wp-content\\\/uploads\\\/2021\\\/08\\\/Melpool-Logo-blauw.png\",\"width\":1729,\"height\":542,\"caption\":\"Melpool\"},\"image\":{\"@id\":\"https:\\\/\\\/www.melpool.com\\\/de\\\/#\\\/schema\\\/logo\\\/image\\\/\"}}]}<\/script>\n<!-- \/ Yoast SEO plugin. -->","yoast_head_json":{"title":"Haftungsausschluss - Melpool","robots":{"index":"index","follow":"follow","max-snippet":"max-snippet:-1","max-image-preview":"max-image-preview:large","max-video-preview":"max-video-preview:-1"},"canonical":"https:\/\/www.melpool.com\/de\/haftungsausschluss\/","og_locale":"de_DE","og_type":"article","og_title":"Haftungsausschluss - Melpool","og_description":"Alle Informationen auf dieser Website &#8211; https:\/\/www.melpool.com\/ &#8211; werden nach bestem Wissen und Gewissen und nur zu allgemeinen Informationszwecken ver\u00f6ffentlicht. Melspring International B.V. \u00fcbernimmt keine Gew\u00e4hr f\u00fcr die Vollst\u00e4ndigkeit, Zuverl\u00e4ssigkeit und Richtigkeit dieser Informationen. Jede Handlung, die Sie aufgrund der Informationen auf dieser Website (melpool.com) vornehmen, geschieht ausschlie\u00dflich auf Ihr eigenes Risiko. Melspring International B.V. [&hellip;]","og_url":"https:\/\/www.melpool.com\/de\/haftungsausschluss\/","og_site_name":"Melpool","twitter_card":"summary_large_image","twitter_misc":{"Gesch\u00e4tzte Lesezeit":"1\u00a0Minute"},"schema":{"@context":"https:\/\/schema.org","@graph":[{"@type":"WebPage","@id":"https:\/\/www.melpool.com\/de\/haftungsausschluss\/","url":"https:\/\/www.melpool.com\/de\/haftungsausschluss\/","name":"Haftungsausschluss - Melpool","isPartOf":{"@id":"https:\/\/www.melpool.com\/de\/#website"},"datePublished":"2023-01-23T20:50:57+00:00","breadcrumb":{"@id":"https:\/\/www.melpool.com\/de\/haftungsausschluss\/#breadcrumb"},"inLanguage":"de","potentialAction":[{"@type":"ReadAction","target":["https:\/\/www.melpool.com\/de\/haftungsausschluss\/"]}]},{"@type":"BreadcrumbList","@id":"https:\/\/www.melpool.com\/de\/haftungsausschluss\/#breadcrumb","itemListElement":[{"@type":"ListItem","position":1,"name":"Home","item":"https:\/\/www.melpool.com\/de\/"},{"@type":"ListItem","position":2,"name":"Haftungsausschluss"}]},{"@type":"WebSite","@id":"https:\/\/www.melpool.com\/de\/#website","url":"https:\/\/www.melpool.com\/de\/","name":"Melpool","description":"Alles voor waterbehandeling van uw zwembad","publisher":{"@id":"https:\/\/www.melpool.com\/de\/#organization"},"potentialAction":[{"@type":"SearchAction","target":{"@type":"EntryPoint","urlTemplate":"https:\/\/www.melpool.com\/de\/?s={search_term_string}"},"query-input":{"@type":"PropertyValueSpecification","valueRequired":true,"valueName":"search_term_string"}}],"inLanguage":"de"},{"@type":"Organization","@id":"https:\/\/www.melpool.com\/de\/#organization","name":"Melpool","url":"https:\/\/www.melpool.com\/de\/","logo":{"@type":"ImageObject","inLanguage":"de","@id":"https:\/\/www.melpool.com\/de\/#\/schema\/logo\/image\/","url":"https:\/\/www.melpool.com\/wp-content\/uploads\/2021\/08\/Melpool-Logo-blauw.png","contentUrl":"https:\/\/www.melpool.com\/wp-content\/uploads\/2021\/08\/Melpool-Logo-blauw.png","width":1729,"height":542,"caption":"Melpool"},"image":{"@id":"https:\/\/www.melpool.com\/de\/#\/schema\/logo\/image\/"}}]}},"_links":{"self":[{"href":"https:\/\/www.melpool.com\/de\/wp-json\/wp\/v2\/pages\/4965","targetHints":{"allow":["GET"]}}],"collection":[{"href":"https:\/\/www.melpool.com\/de\/wp-json\/wp\/v2\/pages"}],"about":[{"href":"https:\/\/www.melpool.com\/de\/wp-json\/wp\/v2\/types\/page"}],"author":[{"embeddable":true,"href":"https:\/\/www.melpool.com\/de\/wp-json\/wp\/v2\/users\/1"}],"replies":[{"embeddable":true,"href":"https:\/\/www.melpool.com\/de\/wp-json\/wp\/v2\/comments?post=4965"}],"version-history":[{"count":1,"href":"https:\/\/www.melpool.com\/de\/wp-json\/wp\/v2\/pages\/4965\/revisions"}],"predecessor-version":[{"id":4966,"href":"https:\/\/www.melpool.com\/de\/wp-json\/wp\/v2\/pages\/4965\/revisions\/4966"}],"wp:attachment":[{"href":"https:\/\/www.melpool.com\/de\/wp-json\/wp\/v2\/media?parent=4965"}],"curies":[{"name":"wp","href":"https:\/\/api.w.org\/{rel}","templated":true}]}}