{"id":3766,"date":"2022-10-19T19:31:08","date_gmt":"2022-10-19T19:31:08","guid":{"rendered":"https:\/\/melpool.i-aspect.com\/product\/melpool-oxy\/"},"modified":"2023-02-02T12:35:35","modified_gmt":"2023-02-02T12:35:35","slug":"melpool-oxy","status":"publish","type":"product","link":"https:\/\/www.melpool.com\/de\/produkt\/melpool-oxy\/","title":{"rendered":"Melpool OXY"},"content":{"rendered":"\n<p><strong>Chlorfreies Schockbehandlungsgranulat f\u00fcr Schwimmb\u00e4der.<\/strong><\/p>\n\n<p>Schnell l\u00f6sliches Oxidationsmittel in Granulatform. Alternative chlorfreie Wasseraufbereitung. Ideal f\u00fcr schnellen Oxidationsschock und Reinigung. Wirksam gegen Algen und organische Ablagerungen. Zur Anwendung in weichem und hartem Wasser.<\/p>\n","protected":false},"excerpt":{"rendered":"<p>Chlorfreies Schockbehandlungsgranulat f\u00fcr Schwimmb\u00e4der. Schnell l\u00f6sliches Oxidationsmittel in Granulatform. Alternative chlorfreie Wasseraufbereitung. Ideal f\u00fcr schnellen Oxidationsschock und Reinigung. Wirksam gegen Algen und organische Ablagerungen. Zur Anwendung in weichem und hartem Wasser.<\/p>\n","protected":false},"featured_media":2789,"template":"","behandeling":[65],"product_categorie":[64],"product_type":[66],"class_list":["post-3766","product","type-product","status-publish","has-post-thumbnail","hentry","behandeling-wasseranalyse","product_categorie-desinfektion","product_type-granulat"],"acf":[],"yoast_head":"<!-- This site is optimized with the Yoast SEO plugin v27.3 - https:\/\/yoast.com\/product\/yoast-seo-wordpress\/ -->\n<title>Melpool OXY - Melpool<\/title>\n<meta name=\"robots\" content=\"index, follow, max-snippet:-1, max-image-preview:large, max-video-preview:-1\" \/>\n<link rel=\"canonical\" href=\"https:\/\/www.melpool.com\/de\/produkt\/melpool-oxy\/\" \/>\n<meta property=\"og:locale\" content=\"de_DE\" \/>\n<meta property=\"og:type\" content=\"article\" \/>\n<meta property=\"og:title\" content=\"Melpool OXY - Melpool\" \/>\n<meta property=\"og:description\" content=\"Chlorfreies Schockbehandlungsgranulat f\u00fcr Schwimmb\u00e4der. Schnell l\u00f6sliches Oxidationsmittel in Granulatform. Alternative chlorfreie Wasseraufbereitung. Ideal f\u00fcr schnellen Oxidationsschock und Reinigung. Wirksam gegen Algen und organische Ablagerungen. Zur Anwendung in weichem und hartem Wasser.\" \/>\n<meta property=\"og:url\" content=\"https:\/\/www.melpool.com\/de\/produkt\/melpool-oxy\/\" \/>\n<meta property=\"og:site_name\" content=\"Melpool\" \/>\n<meta property=\"article:modified_time\" content=\"2023-02-02T12:35:35+00:00\" \/>\n<meta property=\"og:image\" content=\"https:\/\/www.melpool.com\/wp-content\/uploads\/2022\/04\/Melpool.5kg.OXY-EN.jpg\" \/>\n\t<meta property=\"og:image:width\" content=\"2000\" \/>\n\t<meta property=\"og:image:height\" content=\"2500\" \/>\n\t<meta property=\"og:image:type\" content=\"image\/jpeg\" \/>\n<meta name=\"twitter:card\" content=\"summary_large_image\" \/>\n<script type=\"application\/ld+json\" class=\"yoast-schema-graph\">{\"@context\":\"https:\\\/\\\/schema.org\",\"@graph\":[{\"@type\":\"WebPage\",\"@id\":\"https:\\\/\\\/www.melpool.com\\\/de\\\/produkt\\\/melpool-oxy\\\/\",\"url\":\"https:\\\/\\\/www.melpool.com\\\/de\\\/produkt\\\/melpool-oxy\\\/\",\"name\":\"Melpool OXY - Melpool\",\"isPartOf\":{\"@id\":\"https:\\\/\\\/www.melpool.com\\\/de\\\/#website\"},\"primaryImageOfPage\":{\"@id\":\"https:\\\/\\\/www.melpool.com\\\/de\\\/produkt\\\/melpool-oxy\\\/#primaryimage\"},\"image\":{\"@id\":\"https:\\\/\\\/www.melpool.com\\\/de\\\/produkt\\\/melpool-oxy\\\/#primaryimage\"},\"thumbnailUrl\":\"https:\\\/\\\/www.melpool.com\\\/wp-content\\\/uploads\\\/2022\\\/04\\\/Melpool.5kg.OXY-EN.jpg\",\"datePublished\":\"2022-10-19T19:31:08+00:00\",\"dateModified\":\"2023-02-02T12:35:35+00:00\",\"breadcrumb\":{\"@id\":\"https:\\\/\\\/www.melpool.com\\\/de\\\/produkt\\\/melpool-oxy\\\/#breadcrumb\"},\"inLanguage\":\"de\",\"potentialAction\":[{\"@type\":\"ReadAction\",\"target\":[\"https:\\\/\\\/www.melpool.com\\\/de\\\/produkt\\\/melpool-oxy\\\/\"]}]},{\"@type\":\"ImageObject\",\"inLanguage\":\"de\",\"@id\":\"https:\\\/\\\/www.melpool.com\\\/de\\\/produkt\\\/melpool-oxy\\\/#primaryimage\",\"url\":\"https:\\\/\\\/www.melpool.com\\\/wp-content\\\/uploads\\\/2022\\\/04\\\/Melpool.5kg.OXY-EN.jpg\",\"contentUrl\":\"https:\\\/\\\/www.melpool.com\\\/wp-content\\\/uploads\\\/2022\\\/04\\\/Melpool.5kg.OXY-EN.jpg\",\"width\":2000,\"height\":2500},{\"@type\":\"BreadcrumbList\",\"@id\":\"https:\\\/\\\/www.melpool.com\\\/de\\\/produkt\\\/melpool-oxy\\\/#breadcrumb\",\"itemListElement\":[{\"@type\":\"ListItem\",\"position\":1,\"name\":\"Home\",\"item\":\"https:\\\/\\\/www.melpool.com\\\/de\\\/\"},{\"@type\":\"ListItem\",\"position\":2,\"name\":\"Produkte\",\"item\":\"https:\\\/\\\/www.melpool.com\\\/de\\\/produkt\\\/\"},{\"@type\":\"ListItem\",\"position\":3,\"name\":\"Desinfektion\",\"item\":\"https:\\\/\\\/www.melpool.com\\\/de\\\/produktkategorie\\\/desinfektion\\\/\"},{\"@type\":\"ListItem\",\"position\":4,\"name\":\"Melpool OXY\"}]},{\"@type\":\"WebSite\",\"@id\":\"https:\\\/\\\/www.melpool.com\\\/de\\\/#website\",\"url\":\"https:\\\/\\\/www.melpool.com\\\/de\\\/\",\"name\":\"Melpool\",\"description\":\"Alles voor waterbehandeling van uw zwembad\",\"publisher\":{\"@id\":\"https:\\\/\\\/www.melpool.com\\\/de\\\/#organization\"},\"potentialAction\":[{\"@type\":\"SearchAction\",\"target\":{\"@type\":\"EntryPoint\",\"urlTemplate\":\"https:\\\/\\\/www.melpool.com\\\/de\\\/?s={search_term_string}\"},\"query-input\":{\"@type\":\"PropertyValueSpecification\",\"valueRequired\":true,\"valueName\":\"search_term_string\"}}],\"inLanguage\":\"de\"},{\"@type\":\"Organization\",\"@id\":\"https:\\\/\\\/www.melpool.com\\\/de\\\/#organization\",\"name\":\"Melpool\",\"url\":\"https:\\\/\\\/www.melpool.com\\\/de\\\/\",\"logo\":{\"@type\":\"ImageObject\",\"inLanguage\":\"de\",\"@id\":\"https:\\\/\\\/www.melpool.com\\\/de\\\/#\\\/schema\\\/logo\\\/image\\\/\",\"url\":\"https:\\\/\\\/www.melpool.com\\\/wp-content\\\/uploads\\\/2021\\\/08\\\/Melpool-Logo-blauw.png\",\"contentUrl\":\"https:\\\/\\\/www.melpool.com\\\/wp-content\\\/uploads\\\/2021\\\/08\\\/Melpool-Logo-blauw.png\",\"width\":1729,\"height\":542,\"caption\":\"Melpool\"},\"image\":{\"@id\":\"https:\\\/\\\/www.melpool.com\\\/de\\\/#\\\/schema\\\/logo\\\/image\\\/\"}}]}<\/script>\n<!-- \/ Yoast SEO plugin. -->","yoast_head_json":{"title":"Melpool OXY - Melpool","robots":{"index":"index","follow":"follow","max-snippet":"max-snippet:-1","max-image-preview":"max-image-preview:large","max-video-preview":"max-video-preview:-1"},"canonical":"https:\/\/www.melpool.com\/de\/produkt\/melpool-oxy\/","og_locale":"de_DE","og_type":"article","og_title":"Melpool OXY - Melpool","og_description":"Chlorfreies Schockbehandlungsgranulat f\u00fcr Schwimmb\u00e4der. Schnell l\u00f6sliches Oxidationsmittel in Granulatform. Alternative chlorfreie Wasseraufbereitung. Ideal f\u00fcr schnellen Oxidationsschock und Reinigung. Wirksam gegen Algen und organische Ablagerungen. Zur Anwendung in weichem und hartem Wasser.","og_url":"https:\/\/www.melpool.com\/de\/produkt\/melpool-oxy\/","og_site_name":"Melpool","article_modified_time":"2023-02-02T12:35:35+00:00","og_image":[{"width":2000,"height":2500,"url":"https:\/\/www.melpool.com\/wp-content\/uploads\/2022\/04\/Melpool.5kg.OXY-EN.jpg","type":"image\/jpeg"}],"twitter_card":"summary_large_image","schema":{"@context":"https:\/\/schema.org","@graph":[{"@type":"WebPage","@id":"https:\/\/www.melpool.com\/de\/produkt\/melpool-oxy\/","url":"https:\/\/www.melpool.com\/de\/produkt\/melpool-oxy\/","name":"Melpool OXY - Melpool","isPartOf":{"@id":"https:\/\/www.melpool.com\/de\/#website"},"primaryImageOfPage":{"@id":"https:\/\/www.melpool.com\/de\/produkt\/melpool-oxy\/#primaryimage"},"image":{"@id":"https:\/\/www.melpool.com\/de\/produkt\/melpool-oxy\/#primaryimage"},"thumbnailUrl":"https:\/\/www.melpool.com\/wp-content\/uploads\/2022\/04\/Melpool.5kg.OXY-EN.jpg","datePublished":"2022-10-19T19:31:08+00:00","dateModified":"2023-02-02T12:35:35+00:00","breadcrumb":{"@id":"https:\/\/www.melpool.com\/de\/produkt\/melpool-oxy\/#breadcrumb"},"inLanguage":"de","potentialAction":[{"@type":"ReadAction","target":["https:\/\/www.melpool.com\/de\/produkt\/melpool-oxy\/"]}]},{"@type":"ImageObject","inLanguage":"de","@id":"https:\/\/www.melpool.com\/de\/produkt\/melpool-oxy\/#primaryimage","url":"https:\/\/www.melpool.com\/wp-content\/uploads\/2022\/04\/Melpool.5kg.OXY-EN.jpg","contentUrl":"https:\/\/www.melpool.com\/wp-content\/uploads\/2022\/04\/Melpool.5kg.OXY-EN.jpg","width":2000,"height":2500},{"@type":"BreadcrumbList","@id":"https:\/\/www.melpool.com\/de\/produkt\/melpool-oxy\/#breadcrumb","itemListElement":[{"@type":"ListItem","position":1,"name":"Home","item":"https:\/\/www.melpool.com\/de\/"},{"@type":"ListItem","position":2,"name":"Produkte","item":"https:\/\/www.melpool.com\/de\/produkt\/"},{"@type":"ListItem","position":3,"name":"Desinfektion","item":"https:\/\/www.melpool.com\/de\/produktkategorie\/desinfektion\/"},{"@type":"ListItem","position":4,"name":"Melpool OXY"}]},{"@type":"WebSite","@id":"https:\/\/www.melpool.com\/de\/#website","url":"https:\/\/www.melpool.com\/de\/","name":"Melpool","description":"Alles voor waterbehandeling van uw zwembad","publisher":{"@id":"https:\/\/www.melpool.com\/de\/#organization"},"potentialAction":[{"@type":"SearchAction","target":{"@type":"EntryPoint","urlTemplate":"https:\/\/www.melpool.com\/de\/?s={search_term_string}"},"query-input":{"@type":"PropertyValueSpecification","valueRequired":true,"valueName":"search_term_string"}}],"inLanguage":"de"},{"@type":"Organization","@id":"https:\/\/www.melpool.com\/de\/#organization","name":"Melpool","url":"https:\/\/www.melpool.com\/de\/","logo":{"@type":"ImageObject","inLanguage":"de","@id":"https:\/\/www.melpool.com\/de\/#\/schema\/logo\/image\/","url":"https:\/\/www.melpool.com\/wp-content\/uploads\/2021\/08\/Melpool-Logo-blauw.png","contentUrl":"https:\/\/www.melpool.com\/wp-content\/uploads\/2021\/08\/Melpool-Logo-blauw.png","width":1729,"height":542,"caption":"Melpool"},"image":{"@id":"https:\/\/www.melpool.com\/de\/#\/schema\/logo\/image\/"}}]}},"_links":{"self":[{"href":"https:\/\/www.melpool.com\/de\/wp-json\/wp\/v2\/product\/3766","targetHints":{"allow":["GET"]}}],"collection":[{"href":"https:\/\/www.melpool.com\/de\/wp-json\/wp\/v2\/product"}],"about":[{"href":"https:\/\/www.melpool.com\/de\/wp-json\/wp\/v2\/types\/product"}],"wp:featuredmedia":[{"embeddable":true,"href":"https:\/\/www.melpool.com\/de\/wp-json\/wp\/v2\/media\/2789"}],"wp:attachment":[{"href":"https:\/\/www.melpool.com\/de\/wp-json\/wp\/v2\/media?parent=3766"}],"wp:term":[{"taxonomy":"behandeling","embeddable":true,"href":"https:\/\/www.melpool.com\/de\/wp-json\/wp\/v2\/behandeling?post=3766"},{"taxonomy":"product_categorie","embeddable":true,"href":"https:\/\/www.melpool.com\/de\/wp-json\/wp\/v2\/product_categorie?post=3766"},{"taxonomy":"product_type","embeddable":true,"href":"https:\/\/www.melpool.com\/de\/wp-json\/wp\/v2\/product_type?post=3766"}],"curies":[{"name":"wp","href":"https:\/\/api.w.org\/{rel}","templated":true}]}}