{"id":3769,"date":"2022-10-19T19:46:16","date_gmt":"2022-10-19T19:46:16","guid":{"rendered":"https:\/\/melpool.i-aspect.com\/product\/melpool-90-g\/"},"modified":"2023-02-02T12:36:43","modified_gmt":"2023-02-02T12:36:43","slug":"melpool-90-g","status":"publish","type":"product","link":"https:\/\/www.melpool.com\/de\/produkt\/melpool-90-g\/","title":{"rendered":"Melpool 90\/G"},"content":{"rendered":"\n<p><strong>Chlorgranulat zur Desinfektion und Algenbek\u00e4mpfung.<\/strong><\/p>\n\n<p>Langsam l\u00f6sliches stabilisiertes Desinfektionsmittel in Granulatform. Ideal f\u00fcr die lokale Desinfektion und Reinigung von beispielsweise Treppen und dem Boden (von tiefen Schwimmbecken). Granulat sinkt zu Boden und ist dort erst lokal aktiv. Achten Sie auf Bleichflecken. Vorbeugende Wirkung gegen Algen und organischen Ablagerungen\/ Belastung. Stabilisator sch\u00fctzt Chlor vor UV-Strahlung der Sonne. Hohe stabiler Chlorgehalt: min. 90%. Zur Anwendung in weichem und hartem Wasser.<\/p>\n","protected":false},"excerpt":{"rendered":"<p>Chlorgranulat zur Desinfektion und Algenbek\u00e4mpfung. Langsam l\u00f6sliches stabilisiertes Desinfektionsmittel in Granulatform. Ideal f\u00fcr die lokale Desinfektion und Reinigung von beispielsweise Treppen und dem Boden (von tiefen Schwimmbecken). Granulat sinkt zu Boden und ist dort erst lokal aktiv. Achten Sie auf Bleichflecken. Vorbeugende Wirkung gegen Algen und organischen Ablagerungen\/ Belastung. Stabilisator sch\u00fctzt Chlor vor UV-Strahlung der [&hellip;]<\/p>\n","protected":false},"featured_media":3277,"template":"","behandeling":[65],"product_categorie":[64],"product_type":[66],"class_list":["post-3769","product","type-product","status-publish","has-post-thumbnail","hentry","behandeling-wasseranalyse","product_categorie-desinfektion","product_type-granulat"],"acf":[],"yoast_head":"<!-- This site is optimized with the Yoast SEO plugin v27.3 - https:\/\/yoast.com\/product\/yoast-seo-wordpress\/ -->\n<title>Melpool 90\/G - Melpool<\/title>\n<meta name=\"robots\" content=\"index, follow, max-snippet:-1, max-image-preview:large, max-video-preview:-1\" \/>\n<link rel=\"canonical\" href=\"https:\/\/www.melpool.com\/de\/produkt\/melpool-90-g\/\" \/>\n<meta property=\"og:locale\" content=\"de_DE\" \/>\n<meta property=\"og:type\" content=\"article\" \/>\n<meta property=\"og:title\" content=\"Melpool 90\/G - Melpool\" \/>\n<meta property=\"og:description\" content=\"Chlorgranulat zur Desinfektion und Algenbek\u00e4mpfung. Langsam l\u00f6sliches stabilisiertes Desinfektionsmittel in Granulatform. Ideal f\u00fcr die lokale Desinfektion und Reinigung von beispielsweise Treppen und dem Boden (von tiefen Schwimmbecken). Granulat sinkt zu Boden und ist dort erst lokal aktiv. Achten Sie auf Bleichflecken. Vorbeugende Wirkung gegen Algen und organischen Ablagerungen\/ Belastung. Stabilisator sch\u00fctzt Chlor vor UV-Strahlung der [&hellip;]\" \/>\n<meta property=\"og:url\" content=\"https:\/\/www.melpool.com\/de\/produkt\/melpool-90-g\/\" \/>\n<meta property=\"og:site_name\" content=\"Melpool\" \/>\n<meta property=\"article:modified_time\" content=\"2023-02-02T12:36:43+00:00\" \/>\n<meta property=\"og:image\" content=\"https:\/\/www.melpool.com\/wp-content\/uploads\/2022\/05\/Melpool.5kg.90-G-EN.chlore-shock.jpg\" \/>\n\t<meta property=\"og:image:width\" content=\"2000\" \/>\n\t<meta property=\"og:image:height\" content=\"2500\" \/>\n\t<meta property=\"og:image:type\" content=\"image\/jpeg\" \/>\n<meta name=\"twitter:card\" content=\"summary_large_image\" \/>\n<script type=\"application\/ld+json\" class=\"yoast-schema-graph\">{\"@context\":\"https:\\\/\\\/schema.org\",\"@graph\":[{\"@type\":\"WebPage\",\"@id\":\"https:\\\/\\\/www.melpool.com\\\/de\\\/produkt\\\/melpool-90-g\\\/\",\"url\":\"https:\\\/\\\/www.melpool.com\\\/de\\\/produkt\\\/melpool-90-g\\\/\",\"name\":\"Melpool 90\\\/G - Melpool\",\"isPartOf\":{\"@id\":\"https:\\\/\\\/www.melpool.com\\\/de\\\/#website\"},\"primaryImageOfPage\":{\"@id\":\"https:\\\/\\\/www.melpool.com\\\/de\\\/produkt\\\/melpool-90-g\\\/#primaryimage\"},\"image\":{\"@id\":\"https:\\\/\\\/www.melpool.com\\\/de\\\/produkt\\\/melpool-90-g\\\/#primaryimage\"},\"thumbnailUrl\":\"https:\\\/\\\/www.melpool.com\\\/wp-content\\\/uploads\\\/2022\\\/05\\\/Melpool.5kg.90-G-EN.chlore-shock.jpg\",\"datePublished\":\"2022-10-19T19:46:16+00:00\",\"dateModified\":\"2023-02-02T12:36:43+00:00\",\"breadcrumb\":{\"@id\":\"https:\\\/\\\/www.melpool.com\\\/de\\\/produkt\\\/melpool-90-g\\\/#breadcrumb\"},\"inLanguage\":\"de\",\"potentialAction\":[{\"@type\":\"ReadAction\",\"target\":[\"https:\\\/\\\/www.melpool.com\\\/de\\\/produkt\\\/melpool-90-g\\\/\"]}]},{\"@type\":\"ImageObject\",\"inLanguage\":\"de\",\"@id\":\"https:\\\/\\\/www.melpool.com\\\/de\\\/produkt\\\/melpool-90-g\\\/#primaryimage\",\"url\":\"https:\\\/\\\/www.melpool.com\\\/wp-content\\\/uploads\\\/2022\\\/05\\\/Melpool.5kg.90-G-EN.chlore-shock.jpg\",\"contentUrl\":\"https:\\\/\\\/www.melpool.com\\\/wp-content\\\/uploads\\\/2022\\\/05\\\/Melpool.5kg.90-G-EN.chlore-shock.jpg\",\"width\":2000,\"height\":2500},{\"@type\":\"BreadcrumbList\",\"@id\":\"https:\\\/\\\/www.melpool.com\\\/de\\\/produkt\\\/melpool-90-g\\\/#breadcrumb\",\"itemListElement\":[{\"@type\":\"ListItem\",\"position\":1,\"name\":\"Home\",\"item\":\"https:\\\/\\\/www.melpool.com\\\/de\\\/\"},{\"@type\":\"ListItem\",\"position\":2,\"name\":\"Produkte\",\"item\":\"https:\\\/\\\/www.melpool.com\\\/de\\\/produkt\\\/\"},{\"@type\":\"ListItem\",\"position\":3,\"name\":\"Desinfektion\",\"item\":\"https:\\\/\\\/www.melpool.com\\\/de\\\/produktkategorie\\\/desinfektion\\\/\"},{\"@type\":\"ListItem\",\"position\":4,\"name\":\"Melpool 90\\\/G\"}]},{\"@type\":\"WebSite\",\"@id\":\"https:\\\/\\\/www.melpool.com\\\/de\\\/#website\",\"url\":\"https:\\\/\\\/www.melpool.com\\\/de\\\/\",\"name\":\"Melpool\",\"description\":\"Alles voor waterbehandeling van uw zwembad\",\"publisher\":{\"@id\":\"https:\\\/\\\/www.melpool.com\\\/de\\\/#organization\"},\"potentialAction\":[{\"@type\":\"SearchAction\",\"target\":{\"@type\":\"EntryPoint\",\"urlTemplate\":\"https:\\\/\\\/www.melpool.com\\\/de\\\/?s={search_term_string}\"},\"query-input\":{\"@type\":\"PropertyValueSpecification\",\"valueRequired\":true,\"valueName\":\"search_term_string\"}}],\"inLanguage\":\"de\"},{\"@type\":\"Organization\",\"@id\":\"https:\\\/\\\/www.melpool.com\\\/de\\\/#organization\",\"name\":\"Melpool\",\"url\":\"https:\\\/\\\/www.melpool.com\\\/de\\\/\",\"logo\":{\"@type\":\"ImageObject\",\"inLanguage\":\"de\",\"@id\":\"https:\\\/\\\/www.melpool.com\\\/de\\\/#\\\/schema\\\/logo\\\/image\\\/\",\"url\":\"https:\\\/\\\/www.melpool.com\\\/wp-content\\\/uploads\\\/2021\\\/08\\\/Melpool-Logo-blauw.png\",\"contentUrl\":\"https:\\\/\\\/www.melpool.com\\\/wp-content\\\/uploads\\\/2021\\\/08\\\/Melpool-Logo-blauw.png\",\"width\":1729,\"height\":542,\"caption\":\"Melpool\"},\"image\":{\"@id\":\"https:\\\/\\\/www.melpool.com\\\/de\\\/#\\\/schema\\\/logo\\\/image\\\/\"}}]}<\/script>\n<!-- \/ Yoast SEO plugin. -->","yoast_head_json":{"title":"Melpool 90\/G - Melpool","robots":{"index":"index","follow":"follow","max-snippet":"max-snippet:-1","max-image-preview":"max-image-preview:large","max-video-preview":"max-video-preview:-1"},"canonical":"https:\/\/www.melpool.com\/de\/produkt\/melpool-90-g\/","og_locale":"de_DE","og_type":"article","og_title":"Melpool 90\/G - Melpool","og_description":"Chlorgranulat zur Desinfektion und Algenbek\u00e4mpfung. Langsam l\u00f6sliches stabilisiertes Desinfektionsmittel in Granulatform. Ideal f\u00fcr die lokale Desinfektion und Reinigung von beispielsweise Treppen und dem Boden (von tiefen Schwimmbecken). Granulat sinkt zu Boden und ist dort erst lokal aktiv. Achten Sie auf Bleichflecken. Vorbeugende Wirkung gegen Algen und organischen Ablagerungen\/ Belastung. Stabilisator sch\u00fctzt Chlor vor UV-Strahlung der [&hellip;]","og_url":"https:\/\/www.melpool.com\/de\/produkt\/melpool-90-g\/","og_site_name":"Melpool","article_modified_time":"2023-02-02T12:36:43+00:00","og_image":[{"width":2000,"height":2500,"url":"https:\/\/www.melpool.com\/wp-content\/uploads\/2022\/05\/Melpool.5kg.90-G-EN.chlore-shock.jpg","type":"image\/jpeg"}],"twitter_card":"summary_large_image","schema":{"@context":"https:\/\/schema.org","@graph":[{"@type":"WebPage","@id":"https:\/\/www.melpool.com\/de\/produkt\/melpool-90-g\/","url":"https:\/\/www.melpool.com\/de\/produkt\/melpool-90-g\/","name":"Melpool 90\/G - Melpool","isPartOf":{"@id":"https:\/\/www.melpool.com\/de\/#website"},"primaryImageOfPage":{"@id":"https:\/\/www.melpool.com\/de\/produkt\/melpool-90-g\/#primaryimage"},"image":{"@id":"https:\/\/www.melpool.com\/de\/produkt\/melpool-90-g\/#primaryimage"},"thumbnailUrl":"https:\/\/www.melpool.com\/wp-content\/uploads\/2022\/05\/Melpool.5kg.90-G-EN.chlore-shock.jpg","datePublished":"2022-10-19T19:46:16+00:00","dateModified":"2023-02-02T12:36:43+00:00","breadcrumb":{"@id":"https:\/\/www.melpool.com\/de\/produkt\/melpool-90-g\/#breadcrumb"},"inLanguage":"de","potentialAction":[{"@type":"ReadAction","target":["https:\/\/www.melpool.com\/de\/produkt\/melpool-90-g\/"]}]},{"@type":"ImageObject","inLanguage":"de","@id":"https:\/\/www.melpool.com\/de\/produkt\/melpool-90-g\/#primaryimage","url":"https:\/\/www.melpool.com\/wp-content\/uploads\/2022\/05\/Melpool.5kg.90-G-EN.chlore-shock.jpg","contentUrl":"https:\/\/www.melpool.com\/wp-content\/uploads\/2022\/05\/Melpool.5kg.90-G-EN.chlore-shock.jpg","width":2000,"height":2500},{"@type":"BreadcrumbList","@id":"https:\/\/www.melpool.com\/de\/produkt\/melpool-90-g\/#breadcrumb","itemListElement":[{"@type":"ListItem","position":1,"name":"Home","item":"https:\/\/www.melpool.com\/de\/"},{"@type":"ListItem","position":2,"name":"Produkte","item":"https:\/\/www.melpool.com\/de\/produkt\/"},{"@type":"ListItem","position":3,"name":"Desinfektion","item":"https:\/\/www.melpool.com\/de\/produktkategorie\/desinfektion\/"},{"@type":"ListItem","position":4,"name":"Melpool 90\/G"}]},{"@type":"WebSite","@id":"https:\/\/www.melpool.com\/de\/#website","url":"https:\/\/www.melpool.com\/de\/","name":"Melpool","description":"Alles voor waterbehandeling van uw zwembad","publisher":{"@id":"https:\/\/www.melpool.com\/de\/#organization"},"potentialAction":[{"@type":"SearchAction","target":{"@type":"EntryPoint","urlTemplate":"https:\/\/www.melpool.com\/de\/?s={search_term_string}"},"query-input":{"@type":"PropertyValueSpecification","valueRequired":true,"valueName":"search_term_string"}}],"inLanguage":"de"},{"@type":"Organization","@id":"https:\/\/www.melpool.com\/de\/#organization","name":"Melpool","url":"https:\/\/www.melpool.com\/de\/","logo":{"@type":"ImageObject","inLanguage":"de","@id":"https:\/\/www.melpool.com\/de\/#\/schema\/logo\/image\/","url":"https:\/\/www.melpool.com\/wp-content\/uploads\/2021\/08\/Melpool-Logo-blauw.png","contentUrl":"https:\/\/www.melpool.com\/wp-content\/uploads\/2021\/08\/Melpool-Logo-blauw.png","width":1729,"height":542,"caption":"Melpool"},"image":{"@id":"https:\/\/www.melpool.com\/de\/#\/schema\/logo\/image\/"}}]}},"_links":{"self":[{"href":"https:\/\/www.melpool.com\/de\/wp-json\/wp\/v2\/product\/3769","targetHints":{"allow":["GET"]}}],"collection":[{"href":"https:\/\/www.melpool.com\/de\/wp-json\/wp\/v2\/product"}],"about":[{"href":"https:\/\/www.melpool.com\/de\/wp-json\/wp\/v2\/types\/product"}],"wp:featuredmedia":[{"embeddable":true,"href":"https:\/\/www.melpool.com\/de\/wp-json\/wp\/v2\/media\/3277"}],"wp:attachment":[{"href":"https:\/\/www.melpool.com\/de\/wp-json\/wp\/v2\/media?parent=3769"}],"wp:term":[{"taxonomy":"behandeling","embeddable":true,"href":"https:\/\/www.melpool.com\/de\/wp-json\/wp\/v2\/behandeling?post=3769"},{"taxonomy":"product_categorie","embeddable":true,"href":"https:\/\/www.melpool.com\/de\/wp-json\/wp\/v2\/product_categorie?post=3769"},{"taxonomy":"product_type","embeddable":true,"href":"https:\/\/www.melpool.com\/de\/wp-json\/wp\/v2\/product_type?post=3769"}],"curies":[{"name":"wp","href":"https:\/\/api.w.org\/{rel}","templated":true}]}}