{"id":4645,"date":"2022-12-23T12:17:00","date_gmt":"2022-12-23T12:17:00","guid":{"rendered":"https:\/\/melpool.i-aspect.com\/yksityisyys\/"},"modified":"2023-03-20T16:18:05","modified_gmt":"2023-03-20T15:18:05","slug":"yksityisyys","status":"publish","type":"page","link":"https:\/\/www.melpool.com\/fi\/yksityisyys\/","title":{"rendered":"Yksityisyys"},"content":{"rendered":"\t\t<div data-elementor-type=\"wp-page\" data-elementor-id=\"4645\" class=\"elementor elementor-4645 elementor-686\" data-elementor-post-type=\"page\">\n\t\t\t\t\t\t<section class=\"elementor-section elementor-top-section elementor-element elementor-element-7113285a elementor-section-boxed elementor-section-height-default elementor-section-height-default\" data-id=\"7113285a\" data-element_type=\"section\" data-e-type=\"section\">\n\t\t\t\t\t\t<div class=\"elementor-container elementor-column-gap-default\">\n\t\t\t\t\t<div class=\"elementor-column elementor-col-100 elementor-top-column elementor-element elementor-element-4bbdace4\" data-id=\"4bbdace4\" data-element_type=\"column\" data-e-type=\"column\">\n\t\t\t<div class=\"elementor-widget-wrap elementor-element-populated\">\n\t\t\t\t\t\t<div class=\"elementor-element elementor-element-81056bd elementor-widget elementor-widget-text-editor\" data-id=\"81056bd\" data-element_type=\"widget\" data-e-type=\"widget\" data-widget_type=\"text-editor.default\">\n\t\t\t\t<div class=\"elementor-widget-container\">\n\t\t\t\t\t\t\t\t\t<p><\/p>\n<p><strong>Yrityksen yleiset tiedot<\/strong><br>Melspring International B.V., joka sijaitsee osoitteessa Arnhemsestraatweg 8, 6881NG VELP, on vastuussa t\u00e4ss\u00e4 tietosuojaselosteessa mainittujen henkil\u00f6tietojen k\u00e4sittelyst\u00e4.  <br><span style=\"color: var( --e-global-color-text ); font-family: var( --e-global-typography-text-font-family ), Sans-serif;\"><br><b>Yhteystiedot<br><\/b><\/span>Melspring<span style=\"color: var( --e-global-color-text ); font-family: var( --e-global-typography-text-font-family ), Sans-serif; font-weight: var( --e-global-typography-text-font-weight );\">&nbsp;International B.V.&nbsp;<br><\/span><span style=\"color: var( --e-global-color-text ); font-family: var( --e-global-typography-text-font-family ), Sans-serif; font-weight: var( --e-global-typography-text-font-weight );\">Arnhemsestraatweg 8<br><\/span><span style=\"color: var( --e-global-color-text ); font-family: var( --e-global-typography-text-font-family ), Sans-serif; font-weight: var( --e-global-typography-text-font-weight );\">6881 NG VELP<br><\/span><span style=\"color: var( --e-global-color-text ); font-family: var( --e-global-typography-text-font-family ), Sans-serif;\"><span style=\"font-weight: var( --e-global-typography-text-font-weight );\">Yleinen puhelinnumero: +31 (0)26 384 2000<\/span><br><\/span><span style=\"color: var( --e-global-color-text ); font-family: var( --e-global-typography-text-font-family ), Sans-serif;\"><br><b>K\u00e4sittelem\u00e4mme henkil\u00f6tiedot<br><\/b><\/span>Melspring<span style=\"color: var( --e-global-color-text ); font-family: var( --e-global-typography-text-font-family ), Sans-serif; font-weight: var( --e-global-typography-text-font-weight );\">&nbsp;International B.V. k\u00e4sittelee henkil\u00f6tietojasi, koska k\u00e4yt\u00e4t palveluitamme ja\/tai koska annat ne meille itse.&nbsp;<\/span><span style=\"color: var( --e-global-color-text ); font-family: var( --e-global-typography-text-font-family ), Sans-serif; font-weight: var( --e-global-typography-text-font-weight );\">Alla on yleiskatsaus k\u00e4sittelemist\u00e4mme henkil\u00f6tiedoista:<\/span><\/p>\n<p><\/p>\n<ul>\n<li>Etu- ja sukunimi<\/li>\n<li>Osoitteen tiedot<\/li>\n<li>Puhelinnumero<\/li>\n<li>S\u00e4hk\u00f6postiosoite<\/li>\n<li>IP-osoite<\/li>\n<li>Muut henkil\u00f6tiedot, jotka annat aktiivisesti luomalla profiilin t\u00e4ll\u00e4 verkkosivustolla tai jotka saat kirjeenvaihdossa ja puhelimitse.<\/li>\n<li>Sijainnin yksityiskohdat<\/li>\n<li>Tiedot toiminnoistasi verkkosivustollamme<\/li>\n<li>Tiedot selausk\u00e4ytt\u00e4ytymisest\u00e4si eri verkkosivustoilla (esim. koska t\u00e4m\u00e4 yritys on osa mainosverkostoa).<\/li>\n<li>Luettelo asiakkaiden yhteystiedoista sovelluksen kautta<\/li>\n<li>Internet-selain ja laitetyyppi<\/li>\n<\/ul>\n<p><\/p>\n<p><strong><br>K\u00e4sittelem\u00e4mme erityiset ja\/tai arkaluonteiset henkil\u00f6tiedot<\/strong><br>Verkkosivustomme ja\/tai palvelumme ei aio ker\u00e4t\u00e4 tietoja alle 16-vuotiaista k\u00e4vij\u00f6ist\u00e4. Ellei heill\u00e4 ole vanhempien tai huoltajan lupaa. Emme kuitenkaan voi tarkistaa, onko vierailija yli 16-vuotias. Kehotammekin vanhempia osallistumaan lastensa verkkotoimintaan, jotta v\u00e4ltyt\u00e4\u00e4n ker\u00e4\u00e4m\u00e4st\u00e4 lapsia koskevia tietoja ilman vanhempien suostumusta. Jos olet vakuuttunut siit\u00e4, ett\u00e4 olemme ker\u00e4nneet alaik\u00e4isen henkil\u00f6tietoja ilman t\u00e4llaista suostumusta, ota yhteytt\u00e4 osoitteeseen info@melpool.com, niin poistamme n\u00e4m\u00e4 tiedot.<br><span style=\"color: var( --e-global-color-text ); font-family: var( --e-global-typography-text-font-family ), Sans-serif;\">\n  <br>\n  <b>K\u00e4ytt\u00f6tarkoitus<br><\/b>\n<\/span><span style=\"color: var( --e-global-color-text ); font-family: var( --e-global-typography-text-font-family ), Sans-serif; font-weight: var( --e-global-typography-text-font-weight );\">Melspring&nbsp;International B.V. k\u00e4sittelee henkil\u00f6tietojasi seuraaviin tarkoituksiin:<\/span><\/p>\n<p><\/p>\n<ul>\n<li>Uutiskirjeen l\u00e4hett\u00e4minen<\/li>\n<li>Puhelin- tai s\u00e4hk\u00f6postikontaktit, jos ne ovat tarpeen palveluidemme suorittamiseksi.<\/li>\n<li>Palveluihimme ja tuotteisiimme teht\u00e4vi\u00e4 muutoksia koskevien tietojen esitt\u00e4minen.<\/li>\n<\/ul>\n<p><\/p>\n<p><strong>Analyysi<\/strong><br>Melspring&nbsp;International B.V. analysoi k\u00e4ytt\u00e4ytymist\u00e4si verkkosivustolla parantaakseen verkkosivustoa ja r\u00e4\u00e4t\u00e4l\u00f6id\u00e4kseen tuote- ja palvelutarjonnan mieltymystesi mukaan. Melspring&nbsp;International B.V. seuraa selausk\u00e4ytt\u00e4ytymist\u00e4si eri verkkosivustoilla, jotta voimme r\u00e4\u00e4t\u00e4l\u00f6id\u00e4 tuotteitamme ja palveluitamme tarpeidesi mukaan.&nbsp;<br><span style=\"color: var( --e-global-color-text ); font-family: var( --e-global-typography-text-font-family ), Sans-serif;\"><br><b>Kuinka kauan s\u00e4ilyt\u00e4mme henkil\u00f6tietoja<br><\/b><\/span><span style=\"color: var( --e-global-color-text ); font-family: var( --e-global-typography-text-font-family ), Sans-serif;\"><span style=\"font-weight: var( --e-global-typography-text-font-weight );\">Melspring&nbsp;International B.V. ei s\u00e4ilyt\u00e4 henkil\u00f6tietojasi kauemmin kuin on ehdottoman v\u00e4ltt\u00e4m\u00e4t\u00f6nt\u00e4 niiden tarkoitusten t\u00e4ytt\u00e4miseksi, joita varten tietosi on ker\u00e4tty.<\/span><br><\/span><span style=\"color: var( --e-global-color-text ); font-family: var( --e-global-typography-text-font-family ), Sans-serif;\"><br><b>Henkil\u00f6tietojen jakaminen kolmansien osapuolten kanssa<br><\/b><\/span>Melspring<span style=\"color: var( --e-global-color-text ); font-family: var( --e-global-typography-text-font-family ), Sans-serif;\"><span style=\"font-weight: var( --e-global-typography-text-font-weight );\">&nbsp;International B.V. ei myy tietojasi kolmansille osapuolille ja antaa niit\u00e4 vain, jos se on tarpeen kanssasi tekem\u00e4mme sopimuksen t\u00e4ytt\u00e4miseksi tai lakis\u00e4\u00e4teisen velvoitteen noudattamiseksi.&nbsp;<\/span><br><\/span><span style=\"color: var( --e-global-color-text ); font-family: var( --e-global-typography-text-font-family ), Sans-serif;\"><br><b>Ev\u00e4steet<br><\/b><\/span>Melspring<span style=\"color: var( --e-global-color-text ); font-family: var( --e-global-typography-text-font-family ), Sans-serif; font-weight: var( --e-global-typography-text-font-weight );\">&nbsp;International B.V. k\u00e4ytt\u00e4\u00e4 toiminnallisia, analyyttisi\u00e4 ja seurantaev\u00e4stej\u00e4. Ev\u00e4ste on pieni tekstitiedosto, joka tallennetaan tietokoneesi, tablettisi tai \u00e4lypuhelimesi selaimeen, kun vierailet t\u00e4ll\u00e4 verkkosivustolla ensimm\u00e4ist\u00e4 kertaa.&nbsp;<\/span>Melspring<span style=\"color: var( --e-global-color-text ); font-family: var( --e-global-typography-text-font-family ), Sans-serif; font-weight: var( --e-global-typography-text-font-weight );\">&nbsp;International B.V. k\u00e4ytt\u00e4\u00e4 ev\u00e4steit\u00e4, joilla on puhtaasti tekninen toiminto. N\u00e4ill\u00e4 varmistetaan, ett\u00e4 verkkosivusto toimii oikein ja ett\u00e4 esimerkiksi asetuksesi muistetaan. N\u00e4it\u00e4 ev\u00e4steit\u00e4 k\u00e4ytet\u00e4\u00e4n my\u00f6s verkkosivuston asianmukaisen toiminnan varmistamiseksi ja sen optimoimiseksi. Asetamme my\u00f6s ev\u00e4steit\u00e4, jotka seuraavat selausk\u00e4ytt\u00e4ytymist\u00e4si, jotta voimme tarjota r\u00e4\u00e4t\u00e4l\u00f6ity\u00e4 sis\u00e4lt\u00f6\u00e4 ja mainoksia.<br><\/span><span style=\"color: var( --e-global-color-text ); font-family: var( --e-global-typography-text-font-family ), Sans-serif;\"><br><span style=\"font-weight: var( --e-global-typography-text-font-weight );\">Kun vierailit verkkosivustollamme ensimm\u00e4ist\u00e4 kertaa, olemme jo ilmoittaneet sinulle n\u00e4ist\u00e4 ev\u00e4steist\u00e4 ja kysyneet lupaasi niiden asettamiseen. Voit kielt\u00e4yty\u00e4 ev\u00e4steiden k\u00e4yt\u00f6st\u00e4 asettamalla internet-selaimesi niin, ettei se en\u00e4\u00e4 tallenna ev\u00e4steit\u00e4. Lis\u00e4ksi voit my\u00f6s poistaa selaimen asetusten kautta aiemmin tallennetut tiedot.&nbsp;<\/span><br><\/span><span style=\"color: var( --e-global-color-text ); font-family: var( --e-global-typography-text-font-family ), Sans-serif;\"><br><b>Tarkastele, muuta tai poista tietoja<br><\/b><\/span><span style=\"color: var( --e-global-color-text ); font-family: var( --e-global-typography-text-font-family ), Sans-serif; font-weight: var( --e-global-typography-text-font-weight );\">Sinulla on oikeus tutustua henkil\u00f6tietoihisi, oikaista tai poistaa ne. Lis\u00e4ksi sinulla on oikeus peruuttaa mahdollinen suostumuksesi tietojenk\u00e4sittelyyn tai vastustaa sit\u00e4, ett\u00e4 Melspring k\u00e4sittelee henkil\u00f6tietojasi.<\/span><span style=\"color: var( --e-global-color-text ); font-family: var( --e-global-typography-text-font-family ), Sans-serif; font-weight: var( --e-global-typography-text-font-weight );\">&nbsp;International B.V. ja sinulla on oikeus tietojen siirrett\u00e4vyyteen. T\u00e4m\u00e4 tarkoittaa, ett\u00e4 voit pyyt\u00e4\u00e4 meit\u00e4 l\u00e4hett\u00e4m\u00e4\u00e4n sinusta atk-tiedostossa olevat henkil\u00f6tiedot sinulle tai toiselle nime\u00e4m\u00e4llesi organisaatiolle.<br><\/span><span style=\"color: var( --e-global-color-text ); font-family: var( --e-global-typography-text-font-family ), Sans-serif; font-weight: var( --e-global-typography-text-font-weight );\"><br>Voit l\u00e4hett\u00e4\u00e4 osoitteeseen info@melpool.com pyynn\u00f6n saada p\u00e4\u00e4sy henkil\u00f6tietoihisi, oikaista tai poistaa ne, siirt\u00e4\u00e4 ne tai pyyt\u00e4\u00e4 suostumuksesi peruuttamista tai vastustaa henkil\u00f6tietojesi k\u00e4sittely\u00e4. Varmistaaksemme, ett\u00e4 tarkastuspyynt\u00f6 on sinun tekem\u00e4si, pyyd\u00e4mme sinua l\u00e4hett\u00e4m\u00e4\u00e4n pyynn\u00f6n mukana kopion henkil\u00f6llisyystodistuksestasi. Mustaa t\u00e4h\u00e4n kopioon passikuvasi, MRZ (koneellisesti luettava vy\u00f6hyke, passin alaosassa oleva numerorivi), passin numero ja kansalaispalvelunumero (BSN). T\u00e4m\u00e4 on yksityisyytesi suojaamiseksi. Vastaamme pyynt\u00f6\u00f6si mahdollisimman pian, kuitenkin nelj\u00e4n viikon kuluessa.<br><\/span><span style=\"color: var( --e-global-color-text ); font-family: var( --e-global-typography-text-font-family ), Sans-serif; font-weight: var( --e-global-typography-text-font-weight );\"><br><\/span>Melspring<span style=\"color: var( --e-global-color-text ); font-family: var( --e-global-typography-text-font-family ), Sans-serif;\"><span style=\"font-weight: var( --e-global-typography-text-font-weight );\">&nbsp;International B.V. haluaa my\u00f6s ilmoittaa, ett\u00e4 sinulla on mahdollisuus tehd\u00e4 valitus kansalliselle s\u00e4\u00e4ntelyviranomaiselle, henkil\u00f6tietoviranomaiselle. Voit tehd\u00e4 sen seuraavan linkin kautta: https:\/\/autoriteitpersoonsgegevens.nl\/nl\/contact-met-de-autoriteit-persoonsgegevens\/tip-ons.<\/span><br><\/span><span style=\"color: var( --e-global-color-text ); font-family: var( --e-global-typography-text-font-family ), Sans-serif;\">\n  <br>\n  <b>Miten suojaamme henkil\u00f6tietoja<br><\/b>\n<\/span>Melspring<span style=\"color: var( --e-global-color-text ); font-family: var( --e-global-typography-text-font-family ), Sans-serif; font-weight: var( --e-global-typography-text-font-weight );\">&nbsp;International B.V. suhtautuu vakavasti tietojesi suojaamiseen ja ryhtyy asianmukaisiin toimenpiteisiin est\u00e4\u00e4kseen tietojen v\u00e4\u00e4rink\u00e4yt\u00f6n, katoamisen, luvattoman p\u00e4\u00e4syn, ei-toivotun luovuttamisen ja luvattoman muuttamisen. Jos sinusta tuntuu, ett\u00e4 tietojasi ei ole suojattu asianmukaisesti tai ett\u00e4 on viitteit\u00e4 v\u00e4\u00e4rink\u00e4yt\u00f6ksist\u00e4, ota meihin yhteytt\u00e4 osoitteeseen info@melpool.com.<\/span><\/p>\n<p><\/p>\t\t\t\t\t\t\t\t<\/div>\n\t\t\t\t<\/div>\n\t\t\t\t\t<\/div>\n\t\t<\/div>\n\t\t\t\t\t<\/div>\n\t\t<\/section>\n\t\t\t\t<\/div>\n\t\t","protected":false},"excerpt":{"rendered":"<p>Yrityksen yleiset tiedotMelspring International B.V., joka sijaitsee osoitteessa Arnhemsestraatweg 8, 6881NG VELP, on vastuussa t\u00e4ss\u00e4 tietosuojaselosteessa mainittujen henkil\u00f6tietojen k\u00e4sittelyst\u00e4. YhteystiedotMelspring&nbsp;International B.V.&nbsp;Arnhemsestraatweg 86881 NG VELPYleinen puhelinnumero: +31 (0)26 384 2000 K\u00e4sittelem\u00e4mme henkil\u00f6tiedotMelspring&nbsp;International B.V. k\u00e4sittelee henkil\u00f6tietojasi, koska k\u00e4yt\u00e4t palveluitamme ja\/tai koska annat ne meille itse.&nbsp;Alla on yleiskatsaus k\u00e4sittelemist\u00e4mme henkil\u00f6tiedoista: Etu- ja sukunimi Osoitteen tiedot Puhelinnumero S\u00e4hk\u00f6postiosoite IP-osoite [&hellip;]<\/p>\n","protected":false},"author":1,"featured_media":0,"parent":0,"menu_order":0,"comment_status":"closed","ping_status":"closed","template":"","meta":{"_acf_changed":false,"footnotes":""},"class_list":["post-4645","page","type-page","status-publish","hentry"],"acf":[],"yoast_head":"<!-- This site is optimized with the Yoast SEO plugin v27.3 - https:\/\/yoast.com\/product\/yoast-seo-wordpress\/ -->\n<title>Yksityisyys - Melpool<\/title>\n<meta name=\"robots\" content=\"index, follow, max-snippet:-1, max-image-preview:large, max-video-preview:-1\" \/>\n<link rel=\"canonical\" href=\"https:\/\/www.melpool.com\/fi\/yksityisyys\/\" \/>\n<meta property=\"og:locale\" content=\"fi_FI\" \/>\n<meta property=\"og:type\" content=\"article\" \/>\n<meta property=\"og:title\" content=\"Yksityisyys - Melpool\" \/>\n<meta property=\"og:description\" content=\"Yrityksen yleiset tiedotMelspring International B.V., joka sijaitsee osoitteessa Arnhemsestraatweg 8, 6881NG VELP, on vastuussa t\u00e4ss\u00e4 tietosuojaselosteessa mainittujen henkil\u00f6tietojen k\u00e4sittelyst\u00e4. YhteystiedotMelspring&nbsp;International B.V.&nbsp;Arnhemsestraatweg 86881 NG VELPYleinen puhelinnumero: +31 (0)26 384 2000 K\u00e4sittelem\u00e4mme henkil\u00f6tiedotMelspring&nbsp;International B.V. k\u00e4sittelee henkil\u00f6tietojasi, koska k\u00e4yt\u00e4t palveluitamme ja\/tai koska annat ne meille itse.&nbsp;Alla on yleiskatsaus k\u00e4sittelemist\u00e4mme henkil\u00f6tiedoista: Etu- ja sukunimi Osoitteen tiedot Puhelinnumero S\u00e4hk\u00f6postiosoite IP-osoite [&hellip;]\" \/>\n<meta property=\"og:url\" content=\"https:\/\/www.melpool.com\/fi\/yksityisyys\/\" \/>\n<meta property=\"og:site_name\" content=\"Melpool\" \/>\n<meta property=\"article:modified_time\" content=\"2023-03-20T15:18:05+00:00\" \/>\n<meta name=\"twitter:card\" content=\"summary_large_image\" \/>\n<meta name=\"twitter:label1\" content=\"Arvioitu lukuaika\" \/>\n\t<meta name=\"twitter:data1\" content=\"4 minuuttia\" \/>\n<script type=\"application\/ld+json\" class=\"yoast-schema-graph\">{\"@context\":\"https:\\\/\\\/schema.org\",\"@graph\":[{\"@type\":\"WebPage\",\"@id\":\"https:\\\/\\\/www.melpool.com\\\/fi\\\/yksityisyys\\\/\",\"url\":\"https:\\\/\\\/www.melpool.com\\\/fi\\\/yksityisyys\\\/\",\"name\":\"Yksityisyys - Melpool\",\"isPartOf\":{\"@id\":\"https:\\\/\\\/www.melpool.com\\\/fi\\\/#website\"},\"datePublished\":\"2022-12-23T12:17:00+00:00\",\"dateModified\":\"2023-03-20T15:18:05+00:00\",\"breadcrumb\":{\"@id\":\"https:\\\/\\\/www.melpool.com\\\/fi\\\/yksityisyys\\\/#breadcrumb\"},\"inLanguage\":\"fi\",\"potentialAction\":[{\"@type\":\"ReadAction\",\"target\":[\"https:\\\/\\\/www.melpool.com\\\/fi\\\/yksityisyys\\\/\"]}]},{\"@type\":\"BreadcrumbList\",\"@id\":\"https:\\\/\\\/www.melpool.com\\\/fi\\\/yksityisyys\\\/#breadcrumb\",\"itemListElement\":[{\"@type\":\"ListItem\",\"position\":1,\"name\":\"Home\",\"item\":\"https:\\\/\\\/www.melpool.com\\\/fi\\\/\"},{\"@type\":\"ListItem\",\"position\":2,\"name\":\"Yksityisyys\"}]},{\"@type\":\"WebSite\",\"@id\":\"https:\\\/\\\/www.melpool.com\\\/fi\\\/#website\",\"url\":\"https:\\\/\\\/www.melpool.com\\\/fi\\\/\",\"name\":\"Melpool\",\"description\":\"Alles voor waterbehandeling van uw zwembad\",\"publisher\":{\"@id\":\"https:\\\/\\\/www.melpool.com\\\/fi\\\/#organization\"},\"potentialAction\":[{\"@type\":\"SearchAction\",\"target\":{\"@type\":\"EntryPoint\",\"urlTemplate\":\"https:\\\/\\\/www.melpool.com\\\/fi\\\/?s={search_term_string}\"},\"query-input\":{\"@type\":\"PropertyValueSpecification\",\"valueRequired\":true,\"valueName\":\"search_term_string\"}}],\"inLanguage\":\"fi\"},{\"@type\":\"Organization\",\"@id\":\"https:\\\/\\\/www.melpool.com\\\/fi\\\/#organization\",\"name\":\"Melpool\",\"url\":\"https:\\\/\\\/www.melpool.com\\\/fi\\\/\",\"logo\":{\"@type\":\"ImageObject\",\"inLanguage\":\"fi\",\"@id\":\"https:\\\/\\\/www.melpool.com\\\/fi\\\/#\\\/schema\\\/logo\\\/image\\\/\",\"url\":\"https:\\\/\\\/www.melpool.com\\\/wp-content\\\/uploads\\\/2021\\\/08\\\/Melpool-Logo-blauw.png\",\"contentUrl\":\"https:\\\/\\\/www.melpool.com\\\/wp-content\\\/uploads\\\/2021\\\/08\\\/Melpool-Logo-blauw.png\",\"width\":1729,\"height\":542,\"caption\":\"Melpool\"},\"image\":{\"@id\":\"https:\\\/\\\/www.melpool.com\\\/fi\\\/#\\\/schema\\\/logo\\\/image\\\/\"}}]}<\/script>\n<!-- \/ Yoast SEO plugin. -->","yoast_head_json":{"title":"Yksityisyys - Melpool","robots":{"index":"index","follow":"follow","max-snippet":"max-snippet:-1","max-image-preview":"max-image-preview:large","max-video-preview":"max-video-preview:-1"},"canonical":"https:\/\/www.melpool.com\/fi\/yksityisyys\/","og_locale":"fi_FI","og_type":"article","og_title":"Yksityisyys - Melpool","og_description":"Yrityksen yleiset tiedotMelspring International B.V., joka sijaitsee osoitteessa Arnhemsestraatweg 8, 6881NG VELP, on vastuussa t\u00e4ss\u00e4 tietosuojaselosteessa mainittujen henkil\u00f6tietojen k\u00e4sittelyst\u00e4. YhteystiedotMelspring&nbsp;International B.V.&nbsp;Arnhemsestraatweg 86881 NG VELPYleinen puhelinnumero: +31 (0)26 384 2000 K\u00e4sittelem\u00e4mme henkil\u00f6tiedotMelspring&nbsp;International B.V. k\u00e4sittelee henkil\u00f6tietojasi, koska k\u00e4yt\u00e4t palveluitamme ja\/tai koska annat ne meille itse.&nbsp;Alla on yleiskatsaus k\u00e4sittelemist\u00e4mme henkil\u00f6tiedoista: Etu- ja sukunimi Osoitteen tiedot Puhelinnumero S\u00e4hk\u00f6postiosoite IP-osoite [&hellip;]","og_url":"https:\/\/www.melpool.com\/fi\/yksityisyys\/","og_site_name":"Melpool","article_modified_time":"2023-03-20T15:18:05+00:00","twitter_card":"summary_large_image","twitter_misc":{"Arvioitu lukuaika":"4 minuuttia"},"schema":{"@context":"https:\/\/schema.org","@graph":[{"@type":"WebPage","@id":"https:\/\/www.melpool.com\/fi\/yksityisyys\/","url":"https:\/\/www.melpool.com\/fi\/yksityisyys\/","name":"Yksityisyys - Melpool","isPartOf":{"@id":"https:\/\/www.melpool.com\/fi\/#website"},"datePublished":"2022-12-23T12:17:00+00:00","dateModified":"2023-03-20T15:18:05+00:00","breadcrumb":{"@id":"https:\/\/www.melpool.com\/fi\/yksityisyys\/#breadcrumb"},"inLanguage":"fi","potentialAction":[{"@type":"ReadAction","target":["https:\/\/www.melpool.com\/fi\/yksityisyys\/"]}]},{"@type":"BreadcrumbList","@id":"https:\/\/www.melpool.com\/fi\/yksityisyys\/#breadcrumb","itemListElement":[{"@type":"ListItem","position":1,"name":"Home","item":"https:\/\/www.melpool.com\/fi\/"},{"@type":"ListItem","position":2,"name":"Yksityisyys"}]},{"@type":"WebSite","@id":"https:\/\/www.melpool.com\/fi\/#website","url":"https:\/\/www.melpool.com\/fi\/","name":"Melpool","description":"Alles voor waterbehandeling van uw zwembad","publisher":{"@id":"https:\/\/www.melpool.com\/fi\/#organization"},"potentialAction":[{"@type":"SearchAction","target":{"@type":"EntryPoint","urlTemplate":"https:\/\/www.melpool.com\/fi\/?s={search_term_string}"},"query-input":{"@type":"PropertyValueSpecification","valueRequired":true,"valueName":"search_term_string"}}],"inLanguage":"fi"},{"@type":"Organization","@id":"https:\/\/www.melpool.com\/fi\/#organization","name":"Melpool","url":"https:\/\/www.melpool.com\/fi\/","logo":{"@type":"ImageObject","inLanguage":"fi","@id":"https:\/\/www.melpool.com\/fi\/#\/schema\/logo\/image\/","url":"https:\/\/www.melpool.com\/wp-content\/uploads\/2021\/08\/Melpool-Logo-blauw.png","contentUrl":"https:\/\/www.melpool.com\/wp-content\/uploads\/2021\/08\/Melpool-Logo-blauw.png","width":1729,"height":542,"caption":"Melpool"},"image":{"@id":"https:\/\/www.melpool.com\/fi\/#\/schema\/logo\/image\/"}}]}},"_links":{"self":[{"href":"https:\/\/www.melpool.com\/fi\/wp-json\/wp\/v2\/pages\/4645","targetHints":{"allow":["GET"]}}],"collection":[{"href":"https:\/\/www.melpool.com\/fi\/wp-json\/wp\/v2\/pages"}],"about":[{"href":"https:\/\/www.melpool.com\/fi\/wp-json\/wp\/v2\/types\/page"}],"author":[{"embeddable":true,"href":"https:\/\/www.melpool.com\/fi\/wp-json\/wp\/v2\/users\/1"}],"replies":[{"embeddable":true,"href":"https:\/\/www.melpool.com\/fi\/wp-json\/wp\/v2\/comments?post=4645"}],"version-history":[{"count":3,"href":"https:\/\/www.melpool.com\/fi\/wp-json\/wp\/v2\/pages\/4645\/revisions"}],"predecessor-version":[{"id":6467,"href":"https:\/\/www.melpool.com\/fi\/wp-json\/wp\/v2\/pages\/4645\/revisions\/6467"}],"wp:attachment":[{"href":"https:\/\/www.melpool.com\/fi\/wp-json\/wp\/v2\/media?parent=4645"}],"curies":[{"name":"wp","href":"https:\/\/api.w.org\/{rel}","templated":true}]}}