{"id":4690,"date":"2022-12-23T12:25:04","date_gmt":"2022-12-23T12:25:04","guid":{"rendered":"https:\/\/melpool.i-aspect.com\/laatu-ja-turvallisuus\/"},"modified":"2023-03-21T15:35:57","modified_gmt":"2023-03-21T14:35:57","slug":"laatu-ja-turvallisuus","status":"publish","type":"page","link":"https:\/\/www.melpool.com\/fi\/laatu-ja-turvallisuus\/","title":{"rendered":"Laatu ja turvallisuus"},"content":{"rendered":"\t\t<div data-elementor-type=\"wp-page\" data-elementor-id=\"4690\" class=\"elementor elementor-4690 elementor-37\" data-elementor-post-type=\"page\">\n\t\t\t\t\t\t<section class=\"elementor-section elementor-top-section elementor-element elementor-element-d7d743c elementor-section-height-min-height elementor-section-boxed elementor-section-height-default elementor-section-items-middle\" data-id=\"d7d743c\" data-element_type=\"section\" data-e-type=\"section\" data-settings=\"{&quot;background_background&quot;:&quot;classic&quot;}\">\n\t\t\t\t\t\t\t<div class=\"elementor-background-overlay\"><\/div>\n\t\t\t\t\t\t\t<div class=\"elementor-container elementor-column-gap-default\">\n\t\t\t\t\t<div class=\"elementor-column elementor-col-50 elementor-top-column elementor-element elementor-element-ccb2ae2\" data-id=\"ccb2ae2\" data-element_type=\"column\" data-e-type=\"column\">\n\t\t\t<div class=\"elementor-widget-wrap elementor-element-populated\">\n\t\t\t\t\t\t<div class=\"elementor-element elementor-element-1155281 elementor-widget elementor-widget-heading\" data-id=\"1155281\" data-element_type=\"widget\" data-e-type=\"widget\" data-widget_type=\"heading.default\">\n\t\t\t\t<div class=\"elementor-widget-container\">\n\t\t\t\t\t<h1 class=\"elementor-heading-title elementor-size-default\">Laatu<br>ja turvallisuus<\/h1>\t\t\t\t<\/div>\n\t\t\t\t<\/div>\n\t\t\t\t\t<\/div>\n\t\t<\/div>\n\t\t\t\t<div class=\"elementor-column elementor-col-50 elementor-top-column elementor-element elementor-element-8f6c42a elementor-hidden-mobile\" data-id=\"8f6c42a\" data-element_type=\"column\" data-e-type=\"column\">\n\t\t\t<div class=\"elementor-widget-wrap\">\n\t\t\t\t\t\t\t<\/div>\n\t\t<\/div>\n\t\t\t\t\t<\/div>\n\t\t<\/section>\n\t\t\t\t<section class=\"elementor-section elementor-top-section elementor-element elementor-element-9be0e2b elementor-section-boxed elementor-section-height-default elementor-section-height-default elementor-invisible\" data-id=\"9be0e2b\" data-element_type=\"section\" data-e-type=\"section\" data-settings=\"{&quot;animation&quot;:&quot;fadeInUp&quot;,&quot;animation_mobile&quot;:&quot;none&quot;}\">\n\t\t\t\t\t\t<div class=\"elementor-container elementor-column-gap-default\">\n\t\t\t\t\t<div class=\"elementor-column elementor-col-100 elementor-top-column elementor-element elementor-element-756ff47\" data-id=\"756ff47\" data-element_type=\"column\" data-e-type=\"column\">\n\t\t\t<div class=\"elementor-widget-wrap elementor-element-populated\">\n\t\t\t\t\t\t<section class=\"elementor-section elementor-inner-section elementor-element elementor-element-ab72768 elementor-reverse-tablet elementor-reverse-mobile elementor-section-boxed elementor-section-height-default elementor-section-height-default\" data-id=\"ab72768\" data-element_type=\"section\" data-e-type=\"section\">\n\t\t\t\t\t\t<div class=\"elementor-container elementor-column-gap-default\">\n\t\t\t\t\t<div class=\"elementor-column elementor-col-50 elementor-inner-column elementor-element elementor-element-b88458c\" data-id=\"b88458c\" data-element_type=\"column\" data-e-type=\"column\">\n\t\t\t<div class=\"elementor-widget-wrap elementor-element-populated\">\n\t\t\t\t\t\t<div class=\"elementor-element elementor-element-2d48ea7 elementor-widget elementor-widget-heading\" data-id=\"2d48ea7\" data-element_type=\"widget\" data-e-type=\"widget\" data-widget_type=\"heading.default\">\n\t\t\t\t<div class=\"elementor-widget-container\">\n\t\t\t\t\t<h2 class=\"elementor-heading-title elementor-size-default\">Laatu ja turvallisuus<\/h2>\t\t\t\t<\/div>\n\t\t\t\t<\/div>\n\t\t\t\t<div class=\"elementor-element elementor-element-ca35cab elementor-widget elementor-widget-text-editor\" data-id=\"ca35cab\" data-element_type=\"widget\" data-e-type=\"widget\" data-widget_type=\"text-editor.default\">\n\t\t\t\t<div class=\"elementor-widget-container\">\n\t\t\t\t\t\t\t\t\t<p><b>Kest\u00e4v\u00e4 turvallisuus ja jatkuva laatu<\/b><br \/><span style=\"color: var( --e-global-color-text ); font-family: var( --e-global-typography-text-font-family ), Sans-serif;\"><br \/>Vedenk\u00e4sittelytuotteiden turvallinen k\u00e4ytt\u00f6 on aina etusijalla Melspingiss\u00e4! Sinulle henkil\u00f6kohtaisesti loppuk\u00e4ytt\u00e4j\u00e4n\u00e4, mutta my\u00f6s ymp\u00e4rist\u00f6llesi ja ymp\u00e4rist\u00f6lle. Tuoteasiantuntijaryhm\u00e4 selitt\u00e4\u00e4 ja neuvoo sinua mielell\u00e4\u00e4n henkil\u00f6kohtaisesti.<\/span><\/p>\n<p>Laadun ja turvallisuuden ohella keskeisell\u00e4 sijalla ovat my\u00f6s kest\u00e4v\u00e4t ja sosiaalisesti vastuulliset liiketoimintatavat. Ottamalla huomioon ilmastoneutraaliuden, kiertokulun ja reilut ketjut koko tuoteketjussa se pyrkii tulevaisuuden organisaatioon. N\u00e4in tehdess\u00e4\u00e4n allashuoltoryhm\u00e4 on asettanut itselleen useita konkreettisia tavoitteita:<\/p>\n<ul>\n<li>Tiet\u00e4myksen jakaminen puhtaan ja turvallisen uimaveden saamiseksi kaikkien ulottuville.<\/li>\n<li>V\u00e4hennet\u00e4\u00e4n biosidien k\u00e4ytt\u00f6\u00e4 k\u00e4ytt\u00e4m\u00e4ll\u00e4 niit\u00e4 tehokkaammin ja korvaamalla ne mahdollisuuksien mukaan ymp\u00e4rist\u00f6yst\u00e4v\u00e4llisill\u00e4 vaihtoehdoilla.<\/li>\n<li>Koko organisaation hiilidioksidijalanj\u00e4ljen pienent\u00e4minen.  <\/li>\n<\/ul>\n\t\t\t\t\t\t\t\t<\/div>\n\t\t\t\t<\/div>\n\t\t\t\t\t<\/div>\n\t\t<\/div>\n\t\t\t\t<div class=\"elementor-column elementor-col-50 elementor-inner-column elementor-element elementor-element-b8b8c6b\" data-id=\"b8b8c6b\" data-element_type=\"column\" data-e-type=\"column\">\n\t\t\t<div class=\"elementor-widget-wrap elementor-element-populated\">\n\t\t\t\t\t\t<div class=\"elementor-element elementor-element-3d73509 elementor-widget elementor-widget-image\" data-id=\"3d73509\" data-element_type=\"widget\" data-e-type=\"widget\" data-widget_type=\"image.default\">\n\t\t\t\t<div class=\"elementor-widget-container\">\n\t\t\t\t\t\t\t\t\t\t\t\t\t\t\t<img fetchpriority=\"high\" decoding=\"async\" width=\"1299\" height=\"866\" src=\"https:\/\/www.melpool.com\/wp-content\/uploads\/2022\/06\/AdobeStock_68404074.v5.jpg\" class=\"attachment-full size-full wp-image-3438\" alt=\"\" srcset=\"https:\/\/www.melpool.com\/wp-content\/uploads\/2022\/06\/AdobeStock_68404074.v5.jpg 1299w, https:\/\/www.melpool.com\/wp-content\/uploads\/2022\/06\/AdobeStock_68404074.v5-300x200.jpg 300w, https:\/\/www.melpool.com\/wp-content\/uploads\/2022\/06\/AdobeStock_68404074.v5-1024x683.jpg 1024w, https:\/\/www.melpool.com\/wp-content\/uploads\/2022\/06\/AdobeStock_68404074.v5-768x512.jpg 768w\" sizes=\"(max-width: 1299px) 100vw, 1299px\" \/>\t\t\t\t\t\t\t\t\t\t\t\t\t\t\t<\/div>\n\t\t\t\t<\/div>\n\t\t\t\t\t<\/div>\n\t\t<\/div>\n\t\t\t\t\t<\/div>\n\t\t<\/section>\n\t\t\t\t\t<\/div>\n\t\t<\/div>\n\t\t\t\t\t<\/div>\n\t\t<\/section>\n\t\t\t\t<section class=\"elementor-section elementor-top-section elementor-element elementor-element-1372f96 elementor-section-boxed elementor-section-height-default elementor-section-height-default elementor-invisible\" data-id=\"1372f96\" data-element_type=\"section\" data-e-type=\"section\" data-settings=\"{&quot;animation&quot;:&quot;fadeInUp&quot;,&quot;animation_mobile&quot;:&quot;none&quot;}\">\n\t\t\t\t\t\t<div class=\"elementor-container elementor-column-gap-default\">\n\t\t\t\t\t<div class=\"elementor-column elementor-col-100 elementor-top-column elementor-element elementor-element-eccfbec\" data-id=\"eccfbec\" data-element_type=\"column\" data-e-type=\"column\">\n\t\t\t<div class=\"elementor-widget-wrap elementor-element-populated\">\n\t\t\t\t\t\t<section class=\"elementor-section elementor-inner-section elementor-element elementor-element-f6979b8 elementor-section-boxed elementor-section-height-default elementor-section-height-default\" data-id=\"f6979b8\" data-element_type=\"section\" data-e-type=\"section\">\n\t\t\t\t\t\t<div class=\"elementor-container elementor-column-gap-default\">\n\t\t\t\t\t<div class=\"elementor-column elementor-col-20 elementor-inner-column elementor-element elementor-element-e6c0eaa\" data-id=\"e6c0eaa\" data-element_type=\"column\" data-e-type=\"column\">\n\t\t\t<div class=\"elementor-widget-wrap elementor-element-populated\">\n\t\t\t\t\t\t<div class=\"elementor-element elementor-element-139afdf elementor-widget elementor-widget-image\" data-id=\"139afdf\" data-element_type=\"widget\" data-e-type=\"widget\" data-widget_type=\"image.default\">\n\t\t\t\t<div class=\"elementor-widget-container\">\n\t\t\t\t\t\t\t\t\t\t\t\t\t\t\t<img decoding=\"async\" width=\"80\" height=\"62\" data-src=\"https:\/\/www.melpool.com\/wp-content\/uploads\/2021\/10\/DIN.png\" class=\"attachment-large size-large wp-image-4701 lazyload\" alt=\"\" src=\"data:image\/svg+xml;base64,PHN2ZyB3aWR0aD0iMSIgaGVpZ2h0PSIxIiB4bWxucz0iaHR0cDovL3d3dy53My5vcmcvMjAwMC9zdmciPjwvc3ZnPg==\" style=\"--smush-placeholder-width: 80px; --smush-placeholder-aspect-ratio: 80\/62;\" \/>\t\t\t\t\t\t\t\t\t\t\t\t\t\t\t<\/div>\n\t\t\t\t<\/div>\n\t\t\t\t\t<\/div>\n\t\t<\/div>\n\t\t\t\t<div class=\"elementor-column elementor-col-20 elementor-inner-column elementor-element elementor-element-ca7e1c1\" data-id=\"ca7e1c1\" data-element_type=\"column\" data-e-type=\"column\">\n\t\t\t<div class=\"elementor-widget-wrap elementor-element-populated\">\n\t\t\t\t\t\t<div class=\"elementor-element elementor-element-8f528f4 elementor-widget elementor-widget-image\" data-id=\"8f528f4\" data-element_type=\"widget\" data-e-type=\"widget\" data-widget_type=\"image.default\">\n\t\t\t\t<div class=\"elementor-widget-container\">\n\t\t\t\t\t\t\t\t\t\t\t\t\t\t\t<img decoding=\"async\" width=\"102\" height=\"59\" data-src=\"https:\/\/www.melpool.com\/wp-content\/uploads\/2021\/10\/CTGB.png\" class=\"attachment-large size-large wp-image-4700 lazyload\" alt=\"\" src=\"data:image\/svg+xml;base64,PHN2ZyB3aWR0aD0iMSIgaGVpZ2h0PSIxIiB4bWxucz0iaHR0cDovL3d3dy53My5vcmcvMjAwMC9zdmciPjwvc3ZnPg==\" style=\"--smush-placeholder-width: 102px; --smush-placeholder-aspect-ratio: 102\/59;\" \/>\t\t\t\t\t\t\t\t\t\t\t\t\t\t\t<\/div>\n\t\t\t\t<\/div>\n\t\t\t\t\t<\/div>\n\t\t<\/div>\n\t\t\t\t<div class=\"elementor-column elementor-col-20 elementor-inner-column elementor-element elementor-element-8faa051\" data-id=\"8faa051\" data-element_type=\"column\" data-e-type=\"column\">\n\t\t\t<div class=\"elementor-widget-wrap elementor-element-populated\">\n\t\t\t\t\t\t<div class=\"elementor-element elementor-element-23900c3 elementor-widget elementor-widget-image\" data-id=\"23900c3\" data-element_type=\"widget\" data-e-type=\"widget\" data-widget_type=\"image.default\">\n\t\t\t\t<div class=\"elementor-widget-container\">\n\t\t\t\t\t\t\t\t\t\t\t\t\t\t\t<img decoding=\"async\" width=\"193\" height=\"50\" data-src=\"https:\/\/www.melpool.com\/wp-content\/uploads\/2021\/10\/echa_logo.png\" class=\"attachment-large size-large wp-image-4697 lazyload\" alt=\"\" src=\"data:image\/svg+xml;base64,PHN2ZyB3aWR0aD0iMSIgaGVpZ2h0PSIxIiB4bWxucz0iaHR0cDovL3d3dy53My5vcmcvMjAwMC9zdmciPjwvc3ZnPg==\" style=\"--smush-placeholder-width: 193px; --smush-placeholder-aspect-ratio: 193\/50;\" \/>\t\t\t\t\t\t\t\t\t\t\t\t\t\t\t<\/div>\n\t\t\t\t<\/div>\n\t\t\t\t\t<\/div>\n\t\t<\/div>\n\t\t\t\t<div class=\"elementor-column elementor-col-20 elementor-inner-column elementor-element elementor-element-a2fd219\" data-id=\"a2fd219\" data-element_type=\"column\" data-e-type=\"column\">\n\t\t\t<div class=\"elementor-widget-wrap elementor-element-populated\">\n\t\t\t\t\t\t<div class=\"elementor-element elementor-element-b45b997 elementor-widget elementor-widget-image\" data-id=\"b45b997\" data-element_type=\"widget\" data-e-type=\"widget\" data-widget_type=\"image.default\">\n\t\t\t\t<div class=\"elementor-widget-container\">\n\t\t\t\t\t\t\t\t\t\t\t\t\t\t\t<img decoding=\"async\" width=\"76\" height=\"71\" data-src=\"https:\/\/www.melpool.com\/wp-content\/uploads\/2021\/10\/awaa_logo.png\" class=\"attachment-large size-large wp-image-4699 lazyload\" alt=\"\" src=\"data:image\/svg+xml;base64,PHN2ZyB3aWR0aD0iMSIgaGVpZ2h0PSIxIiB4bWxucz0iaHR0cDovL3d3dy53My5vcmcvMjAwMC9zdmciPjwvc3ZnPg==\" style=\"--smush-placeholder-width: 76px; --smush-placeholder-aspect-ratio: 76\/71;\" \/>\t\t\t\t\t\t\t\t\t\t\t\t\t\t\t<\/div>\n\t\t\t\t<\/div>\n\t\t\t\t\t<\/div>\n\t\t<\/div>\n\t\t\t\t<div class=\"elementor-column elementor-col-20 elementor-inner-column elementor-element elementor-element-ed96756\" data-id=\"ed96756\" data-element_type=\"column\" data-e-type=\"column\">\n\t\t\t<div class=\"elementor-widget-wrap elementor-element-populated\">\n\t\t\t\t\t\t<div class=\"elementor-element elementor-element-c559984 elementor-widget elementor-widget-image\" data-id=\"c559984\" data-element_type=\"widget\" data-e-type=\"widget\" data-widget_type=\"image.default\">\n\t\t\t\t<div class=\"elementor-widget-container\">\n\t\t\t\t\t\t\t\t\t\t\t\t\t\t\t<img decoding=\"async\" width=\"169\" height=\"52\" data-src=\"https:\/\/www.melpool.com\/wp-content\/uploads\/2021\/10\/epa_logo.png\" class=\"attachment-large size-large wp-image-4698 lazyload\" alt=\"\" src=\"data:image\/svg+xml;base64,PHN2ZyB3aWR0aD0iMSIgaGVpZ2h0PSIxIiB4bWxucz0iaHR0cDovL3d3dy53My5vcmcvMjAwMC9zdmciPjwvc3ZnPg==\" style=\"--smush-placeholder-width: 169px; --smush-placeholder-aspect-ratio: 169\/52;\" \/>\t\t\t\t\t\t\t\t\t\t\t\t\t\t\t<\/div>\n\t\t\t\t<\/div>\n\t\t\t\t\t<\/div>\n\t\t<\/div>\n\t\t\t\t\t<\/div>\n\t\t<\/section>\n\t\t\t\t\t<\/div>\n\t\t<\/div>\n\t\t\t\t\t<\/div>\n\t\t<\/section>\n\t\t\t\t<\/div>\n\t\t","protected":false},"excerpt":{"rendered":"<p>Laatuja turvallisuus Laatu ja turvallisuus Kest\u00e4v\u00e4 turvallisuus ja jatkuva laatu Vedenk\u00e4sittelytuotteiden turvallinen k\u00e4ytt\u00f6 on aina etusijalla Melspingiss\u00e4! Sinulle henkil\u00f6kohtaisesti loppuk\u00e4ytt\u00e4j\u00e4n\u00e4, mutta my\u00f6s ymp\u00e4rist\u00f6llesi ja ymp\u00e4rist\u00f6lle. Tuoteasiantuntijaryhm\u00e4 selitt\u00e4\u00e4 ja neuvoo sinua mielell\u00e4\u00e4n henkil\u00f6kohtaisesti. Laadun ja turvallisuuden ohella keskeisell\u00e4 sijalla ovat my\u00f6s kest\u00e4v\u00e4t ja sosiaalisesti vastuulliset liiketoimintatavat. Ottamalla huomioon ilmastoneutraaliuden, kiertokulun ja reilut ketjut koko tuoteketjussa se [&hellip;]<\/p>\n","protected":false},"author":1,"featured_media":0,"parent":0,"menu_order":0,"comment_status":"closed","ping_status":"closed","template":"","meta":{"_acf_changed":false,"footnotes":""},"class_list":["post-4690","page","type-page","status-publish","hentry"],"acf":[],"yoast_head":"<!-- This site is optimized with the Yoast SEO plugin v27.3 - https:\/\/yoast.com\/product\/yoast-seo-wordpress\/ -->\n<title>Laatu ja turvallisuus - Melpool<\/title>\n<meta name=\"robots\" content=\"index, follow, max-snippet:-1, max-image-preview:large, max-video-preview:-1\" \/>\n<link rel=\"canonical\" href=\"https:\/\/www.melpool.com\/fi\/laatu-ja-turvallisuus\/\" \/>\n<meta property=\"og:locale\" content=\"fi_FI\" \/>\n<meta property=\"og:type\" content=\"article\" \/>\n<meta property=\"og:title\" content=\"Laatu ja turvallisuus - Melpool\" \/>\n<meta property=\"og:description\" content=\"Laatuja turvallisuus Laatu ja turvallisuus Kest\u00e4v\u00e4 turvallisuus ja jatkuva laatu Vedenk\u00e4sittelytuotteiden turvallinen k\u00e4ytt\u00f6 on aina etusijalla Melspingiss\u00e4! Sinulle henkil\u00f6kohtaisesti loppuk\u00e4ytt\u00e4j\u00e4n\u00e4, mutta my\u00f6s ymp\u00e4rist\u00f6llesi ja ymp\u00e4rist\u00f6lle. Tuoteasiantuntijaryhm\u00e4 selitt\u00e4\u00e4 ja neuvoo sinua mielell\u00e4\u00e4n henkil\u00f6kohtaisesti. Laadun ja turvallisuuden ohella keskeisell\u00e4 sijalla ovat my\u00f6s kest\u00e4v\u00e4t ja sosiaalisesti vastuulliset liiketoimintatavat. Ottamalla huomioon ilmastoneutraaliuden, kiertokulun ja reilut ketjut koko tuoteketjussa se [&hellip;]\" \/>\n<meta property=\"og:url\" content=\"https:\/\/www.melpool.com\/fi\/laatu-ja-turvallisuus\/\" \/>\n<meta property=\"og:site_name\" content=\"Melpool\" \/>\n<meta property=\"article:modified_time\" content=\"2023-03-21T14:35:57+00:00\" \/>\n<meta property=\"og:image\" content=\"https:\/\/www.melpool.com\/wp-content\/uploads\/2022\/06\/AdobeStock_68404074.v5.jpg\" \/>\n<meta name=\"twitter:card\" content=\"summary_large_image\" \/>\n<meta name=\"twitter:label1\" content=\"Arvioitu lukuaika\" \/>\n\t<meta name=\"twitter:data1\" content=\"1 minuutti\" \/>\n<script type=\"application\/ld+json\" class=\"yoast-schema-graph\">{\"@context\":\"https:\\\/\\\/schema.org\",\"@graph\":[{\"@type\":\"WebPage\",\"@id\":\"https:\\\/\\\/www.melpool.com\\\/fi\\\/laatu-ja-turvallisuus\\\/\",\"url\":\"https:\\\/\\\/www.melpool.com\\\/fi\\\/laatu-ja-turvallisuus\\\/\",\"name\":\"Laatu ja turvallisuus - Melpool\",\"isPartOf\":{\"@id\":\"https:\\\/\\\/www.melpool.com\\\/fi\\\/#website\"},\"primaryImageOfPage\":{\"@id\":\"https:\\\/\\\/www.melpool.com\\\/fi\\\/laatu-ja-turvallisuus\\\/#primaryimage\"},\"image\":{\"@id\":\"https:\\\/\\\/www.melpool.com\\\/fi\\\/laatu-ja-turvallisuus\\\/#primaryimage\"},\"thumbnailUrl\":\"https:\\\/\\\/www.melpool.com\\\/wp-content\\\/uploads\\\/2022\\\/06\\\/AdobeStock_68404074.v5.jpg\",\"datePublished\":\"2022-12-23T12:25:04+00:00\",\"dateModified\":\"2023-03-21T14:35:57+00:00\",\"breadcrumb\":{\"@id\":\"https:\\\/\\\/www.melpool.com\\\/fi\\\/laatu-ja-turvallisuus\\\/#breadcrumb\"},\"inLanguage\":\"fi\",\"potentialAction\":[{\"@type\":\"ReadAction\",\"target\":[\"https:\\\/\\\/www.melpool.com\\\/fi\\\/laatu-ja-turvallisuus\\\/\"]}]},{\"@type\":\"ImageObject\",\"inLanguage\":\"fi\",\"@id\":\"https:\\\/\\\/www.melpool.com\\\/fi\\\/laatu-ja-turvallisuus\\\/#primaryimage\",\"url\":\"https:\\\/\\\/www.melpool.com\\\/wp-content\\\/uploads\\\/2022\\\/06\\\/AdobeStock_68404074.v5.jpg\",\"contentUrl\":\"https:\\\/\\\/www.melpool.com\\\/wp-content\\\/uploads\\\/2022\\\/06\\\/AdobeStock_68404074.v5.jpg\"},{\"@type\":\"BreadcrumbList\",\"@id\":\"https:\\\/\\\/www.melpool.com\\\/fi\\\/laatu-ja-turvallisuus\\\/#breadcrumb\",\"itemListElement\":[{\"@type\":\"ListItem\",\"position\":1,\"name\":\"Home\",\"item\":\"https:\\\/\\\/www.melpool.com\\\/fi\\\/\"},{\"@type\":\"ListItem\",\"position\":2,\"name\":\"Laatu ja turvallisuus\"}]},{\"@type\":\"WebSite\",\"@id\":\"https:\\\/\\\/www.melpool.com\\\/fi\\\/#website\",\"url\":\"https:\\\/\\\/www.melpool.com\\\/fi\\\/\",\"name\":\"Melpool\",\"description\":\"Alles voor waterbehandeling van uw zwembad\",\"publisher\":{\"@id\":\"https:\\\/\\\/www.melpool.com\\\/fi\\\/#organization\"},\"potentialAction\":[{\"@type\":\"SearchAction\",\"target\":{\"@type\":\"EntryPoint\",\"urlTemplate\":\"https:\\\/\\\/www.melpool.com\\\/fi\\\/?s={search_term_string}\"},\"query-input\":{\"@type\":\"PropertyValueSpecification\",\"valueRequired\":true,\"valueName\":\"search_term_string\"}}],\"inLanguage\":\"fi\"},{\"@type\":\"Organization\",\"@id\":\"https:\\\/\\\/www.melpool.com\\\/fi\\\/#organization\",\"name\":\"Melpool\",\"url\":\"https:\\\/\\\/www.melpool.com\\\/fi\\\/\",\"logo\":{\"@type\":\"ImageObject\",\"inLanguage\":\"fi\",\"@id\":\"https:\\\/\\\/www.melpool.com\\\/fi\\\/#\\\/schema\\\/logo\\\/image\\\/\",\"url\":\"https:\\\/\\\/www.melpool.com\\\/wp-content\\\/uploads\\\/2021\\\/08\\\/Melpool-Logo-blauw.png\",\"contentUrl\":\"https:\\\/\\\/www.melpool.com\\\/wp-content\\\/uploads\\\/2021\\\/08\\\/Melpool-Logo-blauw.png\",\"width\":1729,\"height\":542,\"caption\":\"Melpool\"},\"image\":{\"@id\":\"https:\\\/\\\/www.melpool.com\\\/fi\\\/#\\\/schema\\\/logo\\\/image\\\/\"}}]}<\/script>\n<!-- \/ Yoast SEO plugin. -->","yoast_head_json":{"title":"Laatu ja turvallisuus - Melpool","robots":{"index":"index","follow":"follow","max-snippet":"max-snippet:-1","max-image-preview":"max-image-preview:large","max-video-preview":"max-video-preview:-1"},"canonical":"https:\/\/www.melpool.com\/fi\/laatu-ja-turvallisuus\/","og_locale":"fi_FI","og_type":"article","og_title":"Laatu ja turvallisuus - Melpool","og_description":"Laatuja turvallisuus Laatu ja turvallisuus Kest\u00e4v\u00e4 turvallisuus ja jatkuva laatu Vedenk\u00e4sittelytuotteiden turvallinen k\u00e4ytt\u00f6 on aina etusijalla Melspingiss\u00e4! Sinulle henkil\u00f6kohtaisesti loppuk\u00e4ytt\u00e4j\u00e4n\u00e4, mutta my\u00f6s ymp\u00e4rist\u00f6llesi ja ymp\u00e4rist\u00f6lle. Tuoteasiantuntijaryhm\u00e4 selitt\u00e4\u00e4 ja neuvoo sinua mielell\u00e4\u00e4n henkil\u00f6kohtaisesti. Laadun ja turvallisuuden ohella keskeisell\u00e4 sijalla ovat my\u00f6s kest\u00e4v\u00e4t ja sosiaalisesti vastuulliset liiketoimintatavat. Ottamalla huomioon ilmastoneutraaliuden, kiertokulun ja reilut ketjut koko tuoteketjussa se [&hellip;]","og_url":"https:\/\/www.melpool.com\/fi\/laatu-ja-turvallisuus\/","og_site_name":"Melpool","article_modified_time":"2023-03-21T14:35:57+00:00","og_image":[{"url":"https:\/\/www.melpool.com\/wp-content\/uploads\/2022\/06\/AdobeStock_68404074.v5.jpg","type":"","width":"","height":""}],"twitter_card":"summary_large_image","twitter_misc":{"Arvioitu lukuaika":"1 minuutti"},"schema":{"@context":"https:\/\/schema.org","@graph":[{"@type":"WebPage","@id":"https:\/\/www.melpool.com\/fi\/laatu-ja-turvallisuus\/","url":"https:\/\/www.melpool.com\/fi\/laatu-ja-turvallisuus\/","name":"Laatu ja turvallisuus - Melpool","isPartOf":{"@id":"https:\/\/www.melpool.com\/fi\/#website"},"primaryImageOfPage":{"@id":"https:\/\/www.melpool.com\/fi\/laatu-ja-turvallisuus\/#primaryimage"},"image":{"@id":"https:\/\/www.melpool.com\/fi\/laatu-ja-turvallisuus\/#primaryimage"},"thumbnailUrl":"https:\/\/www.melpool.com\/wp-content\/uploads\/2022\/06\/AdobeStock_68404074.v5.jpg","datePublished":"2022-12-23T12:25:04+00:00","dateModified":"2023-03-21T14:35:57+00:00","breadcrumb":{"@id":"https:\/\/www.melpool.com\/fi\/laatu-ja-turvallisuus\/#breadcrumb"},"inLanguage":"fi","potentialAction":[{"@type":"ReadAction","target":["https:\/\/www.melpool.com\/fi\/laatu-ja-turvallisuus\/"]}]},{"@type":"ImageObject","inLanguage":"fi","@id":"https:\/\/www.melpool.com\/fi\/laatu-ja-turvallisuus\/#primaryimage","url":"https:\/\/www.melpool.com\/wp-content\/uploads\/2022\/06\/AdobeStock_68404074.v5.jpg","contentUrl":"https:\/\/www.melpool.com\/wp-content\/uploads\/2022\/06\/AdobeStock_68404074.v5.jpg"},{"@type":"BreadcrumbList","@id":"https:\/\/www.melpool.com\/fi\/laatu-ja-turvallisuus\/#breadcrumb","itemListElement":[{"@type":"ListItem","position":1,"name":"Home","item":"https:\/\/www.melpool.com\/fi\/"},{"@type":"ListItem","position":2,"name":"Laatu ja turvallisuus"}]},{"@type":"WebSite","@id":"https:\/\/www.melpool.com\/fi\/#website","url":"https:\/\/www.melpool.com\/fi\/","name":"Melpool","description":"Alles voor waterbehandeling van uw zwembad","publisher":{"@id":"https:\/\/www.melpool.com\/fi\/#organization"},"potentialAction":[{"@type":"SearchAction","target":{"@type":"EntryPoint","urlTemplate":"https:\/\/www.melpool.com\/fi\/?s={search_term_string}"},"query-input":{"@type":"PropertyValueSpecification","valueRequired":true,"valueName":"search_term_string"}}],"inLanguage":"fi"},{"@type":"Organization","@id":"https:\/\/www.melpool.com\/fi\/#organization","name":"Melpool","url":"https:\/\/www.melpool.com\/fi\/","logo":{"@type":"ImageObject","inLanguage":"fi","@id":"https:\/\/www.melpool.com\/fi\/#\/schema\/logo\/image\/","url":"https:\/\/www.melpool.com\/wp-content\/uploads\/2021\/08\/Melpool-Logo-blauw.png","contentUrl":"https:\/\/www.melpool.com\/wp-content\/uploads\/2021\/08\/Melpool-Logo-blauw.png","width":1729,"height":542,"caption":"Melpool"},"image":{"@id":"https:\/\/www.melpool.com\/fi\/#\/schema\/logo\/image\/"}}]}},"_links":{"self":[{"href":"https:\/\/www.melpool.com\/fi\/wp-json\/wp\/v2\/pages\/4690","targetHints":{"allow":["GET"]}}],"collection":[{"href":"https:\/\/www.melpool.com\/fi\/wp-json\/wp\/v2\/pages"}],"about":[{"href":"https:\/\/www.melpool.com\/fi\/wp-json\/wp\/v2\/types\/page"}],"author":[{"embeddable":true,"href":"https:\/\/www.melpool.com\/fi\/wp-json\/wp\/v2\/users\/1"}],"replies":[{"embeddable":true,"href":"https:\/\/www.melpool.com\/fi\/wp-json\/wp\/v2\/comments?post=4690"}],"version-history":[{"count":3,"href":"https:\/\/www.melpool.com\/fi\/wp-json\/wp\/v2\/pages\/4690\/revisions"}],"predecessor-version":[{"id":6835,"href":"https:\/\/www.melpool.com\/fi\/wp-json\/wp\/v2\/pages\/4690\/revisions\/6835"}],"wp:attachment":[{"href":"https:\/\/www.melpool.com\/fi\/wp-json\/wp\/v2\/media?parent=4690"}],"curies":[{"name":"wp","href":"https:\/\/api.w.org\/{rel}","templated":true}]}}