{"id":4758,"date":"2022-12-23T12:42:28","date_gmt":"2022-12-23T12:42:28","guid":{"rendered":"https:\/\/melpool.i-aspect.com\/vastuuvapauslauseke\/"},"modified":"2023-03-20T16:17:59","modified_gmt":"2023-03-20T15:17:59","slug":"vastuuvapauslauseke","status":"publish","type":"page","link":"https:\/\/www.melpool.com\/fi\/vastuuvapauslauseke\/","title":{"rendered":"Vastuuvapauslauseke"},"content":{"rendered":"\t\t<div data-elementor-type=\"wp-page\" data-elementor-id=\"4758\" class=\"elementor elementor-4758 elementor-688\" data-elementor-post-type=\"page\">\n\t\t\t\t\t\t<section class=\"elementor-section elementor-top-section elementor-element elementor-element-581c4f71 elementor-section-boxed elementor-section-height-default elementor-section-height-default\" data-id=\"581c4f71\" data-element_type=\"section\" data-e-type=\"section\">\n\t\t\t\t\t\t<div class=\"elementor-container elementor-column-gap-default\">\n\t\t\t\t\t<div class=\"elementor-column elementor-col-100 elementor-top-column elementor-element elementor-element-34c79624\" data-id=\"34c79624\" data-element_type=\"column\" data-e-type=\"column\">\n\t\t\t<div class=\"elementor-widget-wrap elementor-element-populated\">\n\t\t\t\t\t\t<div class=\"elementor-element elementor-element-3aee55eb elementor-widget elementor-widget-text-editor\" data-id=\"3aee55eb\" data-element_type=\"widget\" data-e-type=\"widget\" data-widget_type=\"text-editor.default\">\n\t\t\t\t<div class=\"elementor-widget-container\">\n\t\t\t\t\t\t\t\t\t<p><\/p>\n<p>Kaikki t\u00e4ll\u00e4 verkkosivustolla &#8211; https:\/\/www.melpool.com\/ &#8211; olevat tiedot julkaistaan vilpitt\u00f6m\u00e4ss\u00e4 mieless\u00e4 ja ainoastaan yleisinformaatiotarkoituksessa. Melspring International B.V. ei anna mit\u00e4\u00e4n takuita n\u00e4iden tietojen t\u00e4ydellisyydest\u00e4, luotettavuudesta tai tarkkuudesta. Kaikki toimet, jotka teet t\u00e4ll\u00e4 verkkosivustolla (melpool.com) olevien tietojen perusteella, tapahtuvat t\u00e4ysin omalla vastuullasi. Melspring International B.V. ei ole vastuussa mist\u00e4\u00e4n verkkosivustomme k\u00e4ytt\u00f6\u00f6n liittyvist\u00e4 menetyksist\u00e4 ja\/tai vahingoista.<br><span style=\"color: var( --e-global-color-text ); font-family: var( --e-global-typography-text-font-family ), Sans-serif;\"><br><span style=\"font-weight: var( --e-global-typography-text-font-weight );\">Verkkosivustoltamme voit vierailla muilla verkkosivustoilla seuraamalla hyperlinkkej\u00e4 t\u00e4llaisille ulkoisille sivustoille. Vaikka pyrimme tarjoamaan vain laadukkaita linkkej\u00e4 merkityksellisille ja eettisesti hyv\u00e4ksytt\u00e4ville verkkosivustoille, emme voi valvoa n\u00e4iden sivustojen sis\u00e4lt\u00f6\u00e4 ja luonnetta. N\u00e4m\u00e4 linkit muille verkkosivustoille eiv\u00e4t tarkoita sit\u00e4, ett\u00e4 suosittelisimme n\u00e4iden sivustojen kaikkea sis\u00e4lt\u00f6\u00e4. Sivuston omistajat ja sis\u00e4lt\u00f6 voivat muuttua ilman ennakkoilmoitusta, ja se voi tapahtua ennen kuin voimme poistaa linkin, josta on saattanut tulla &#8221;huono\/ei ajan tasalla&#8221;.<\/span><br><\/span><span style=\"color: var( --e-global-color-text ); font-family: var( --e-global-typography-text-font-family ), Sans-serif;\">\n  <br>\n  <b>Suostumus<br><\/b>\n<\/span><span style=\"color: var( --e-global-color-text ); font-family: var( --e-global-typography-text-font-family ), Sans-serif;\">\n  <span style=\"font-weight: var( --e-global-typography-text-font-weight );\">K\u00e4ytt\u00e4m\u00e4ll\u00e4 verkkosivustoamme hyv\u00e4ksyt t\u00e4ten vastuuvapauslausekkeemme ja hyv\u00e4ksyt sen ehdot.<\/span>\n  <br>\n<\/span><span style=\"color: var( --e-global-color-text ); font-family: var( --e-global-typography-text-font-family ), Sans-serif;\">\n  <br>\n  <b>P\u00e4ivitykset<br><\/b>\n<\/span><span style=\"color: var( --e-global-color-text ); font-family: var( --e-global-typography-text-font-family ), Sans-serif; font-weight: var( --e-global-typography-text-font-weight );\">Jos p\u00e4ivit\u00e4mme, muokkaamme tai teemme muutoksia t\u00e4h\u00e4n asiakirjaan, muutokset ilmoitetaan n\u00e4kyv\u00e4sti t\u00e4\u00e4ll\u00e4.<\/span><\/p>\n<p><\/p>\t\t\t\t\t\t\t\t<\/div>\n\t\t\t\t<\/div>\n\t\t\t\t\t<\/div>\n\t\t<\/div>\n\t\t\t\t\t<\/div>\n\t\t<\/section>\n\t\t\t\t<\/div>\n\t\t","protected":false},"excerpt":{"rendered":"<p>Kaikki t\u00e4ll\u00e4 verkkosivustolla &#8211; https:\/\/www.melpool.com\/ &#8211; olevat tiedot julkaistaan vilpitt\u00f6m\u00e4ss\u00e4 mieless\u00e4 ja ainoastaan yleisinformaatiotarkoituksessa. Melspring International B.V. ei anna mit\u00e4\u00e4n takuita n\u00e4iden tietojen t\u00e4ydellisyydest\u00e4, luotettavuudesta tai tarkkuudesta. Kaikki toimet, jotka teet t\u00e4ll\u00e4 verkkosivustolla (melpool.com) olevien tietojen perusteella, tapahtuvat t\u00e4ysin omalla vastuullasi. Melspring International B.V. ei ole vastuussa mist\u00e4\u00e4n verkkosivustomme k\u00e4ytt\u00f6\u00f6n liittyvist\u00e4 menetyksist\u00e4 ja\/tai vahingoista. Verkkosivustoltamme [&hellip;]<\/p>\n","protected":false},"author":1,"featured_media":0,"parent":0,"menu_order":0,"comment_status":"closed","ping_status":"closed","template":"","meta":{"_acf_changed":false,"footnotes":""},"class_list":["post-4758","page","type-page","status-publish","hentry"],"acf":[],"yoast_head":"<!-- This site is optimized with the Yoast SEO plugin v27.3 - https:\/\/yoast.com\/product\/yoast-seo-wordpress\/ -->\n<title>Vastuuvapauslauseke - Melpool<\/title>\n<meta name=\"robots\" content=\"index, follow, max-snippet:-1, max-image-preview:large, max-video-preview:-1\" \/>\n<link rel=\"canonical\" href=\"https:\/\/www.melpool.com\/fi\/vastuuvapauslauseke\/\" \/>\n<meta property=\"og:locale\" content=\"fi_FI\" \/>\n<meta property=\"og:type\" content=\"article\" \/>\n<meta property=\"og:title\" content=\"Vastuuvapauslauseke - Melpool\" \/>\n<meta property=\"og:description\" content=\"Kaikki t\u00e4ll\u00e4 verkkosivustolla &#8211; https:\/\/www.melpool.com\/ &#8211; olevat tiedot julkaistaan vilpitt\u00f6m\u00e4ss\u00e4 mieless\u00e4 ja ainoastaan yleisinformaatiotarkoituksessa. Melspring International B.V. ei anna mit\u00e4\u00e4n takuita n\u00e4iden tietojen t\u00e4ydellisyydest\u00e4, luotettavuudesta tai tarkkuudesta. Kaikki toimet, jotka teet t\u00e4ll\u00e4 verkkosivustolla (melpool.com) olevien tietojen perusteella, tapahtuvat t\u00e4ysin omalla vastuullasi. Melspring International B.V. ei ole vastuussa mist\u00e4\u00e4n verkkosivustomme k\u00e4ytt\u00f6\u00f6n liittyvist\u00e4 menetyksist\u00e4 ja\/tai vahingoista. Verkkosivustoltamme [&hellip;]\" \/>\n<meta property=\"og:url\" content=\"https:\/\/www.melpool.com\/fi\/vastuuvapauslauseke\/\" \/>\n<meta property=\"og:site_name\" content=\"Melpool\" \/>\n<meta property=\"article:modified_time\" content=\"2023-03-20T15:17:59+00:00\" \/>\n<meta name=\"twitter:card\" content=\"summary_large_image\" \/>\n<meta name=\"twitter:label1\" content=\"Arvioitu lukuaika\" \/>\n\t<meta name=\"twitter:data1\" content=\"1 minuutti\" \/>\n<script type=\"application\/ld+json\" class=\"yoast-schema-graph\">{\"@context\":\"https:\\\/\\\/schema.org\",\"@graph\":[{\"@type\":\"WebPage\",\"@id\":\"https:\\\/\\\/www.melpool.com\\\/fi\\\/vastuuvapauslauseke\\\/\",\"url\":\"https:\\\/\\\/www.melpool.com\\\/fi\\\/vastuuvapauslauseke\\\/\",\"name\":\"Vastuuvapauslauseke - Melpool\",\"isPartOf\":{\"@id\":\"https:\\\/\\\/www.melpool.com\\\/fi\\\/#website\"},\"datePublished\":\"2022-12-23T12:42:28+00:00\",\"dateModified\":\"2023-03-20T15:17:59+00:00\",\"breadcrumb\":{\"@id\":\"https:\\\/\\\/www.melpool.com\\\/fi\\\/vastuuvapauslauseke\\\/#breadcrumb\"},\"inLanguage\":\"fi\",\"potentialAction\":[{\"@type\":\"ReadAction\",\"target\":[\"https:\\\/\\\/www.melpool.com\\\/fi\\\/vastuuvapauslauseke\\\/\"]}]},{\"@type\":\"BreadcrumbList\",\"@id\":\"https:\\\/\\\/www.melpool.com\\\/fi\\\/vastuuvapauslauseke\\\/#breadcrumb\",\"itemListElement\":[{\"@type\":\"ListItem\",\"position\":1,\"name\":\"Home\",\"item\":\"https:\\\/\\\/www.melpool.com\\\/fi\\\/\"},{\"@type\":\"ListItem\",\"position\":2,\"name\":\"Vastuuvapauslauseke\"}]},{\"@type\":\"WebSite\",\"@id\":\"https:\\\/\\\/www.melpool.com\\\/fi\\\/#website\",\"url\":\"https:\\\/\\\/www.melpool.com\\\/fi\\\/\",\"name\":\"Melpool\",\"description\":\"Alles voor waterbehandeling van uw zwembad\",\"publisher\":{\"@id\":\"https:\\\/\\\/www.melpool.com\\\/fi\\\/#organization\"},\"potentialAction\":[{\"@type\":\"SearchAction\",\"target\":{\"@type\":\"EntryPoint\",\"urlTemplate\":\"https:\\\/\\\/www.melpool.com\\\/fi\\\/?s={search_term_string}\"},\"query-input\":{\"@type\":\"PropertyValueSpecification\",\"valueRequired\":true,\"valueName\":\"search_term_string\"}}],\"inLanguage\":\"fi\"},{\"@type\":\"Organization\",\"@id\":\"https:\\\/\\\/www.melpool.com\\\/fi\\\/#organization\",\"name\":\"Melpool\",\"url\":\"https:\\\/\\\/www.melpool.com\\\/fi\\\/\",\"logo\":{\"@type\":\"ImageObject\",\"inLanguage\":\"fi\",\"@id\":\"https:\\\/\\\/www.melpool.com\\\/fi\\\/#\\\/schema\\\/logo\\\/image\\\/\",\"url\":\"https:\\\/\\\/www.melpool.com\\\/wp-content\\\/uploads\\\/2021\\\/08\\\/Melpool-Logo-blauw.png\",\"contentUrl\":\"https:\\\/\\\/www.melpool.com\\\/wp-content\\\/uploads\\\/2021\\\/08\\\/Melpool-Logo-blauw.png\",\"width\":1729,\"height\":542,\"caption\":\"Melpool\"},\"image\":{\"@id\":\"https:\\\/\\\/www.melpool.com\\\/fi\\\/#\\\/schema\\\/logo\\\/image\\\/\"}}]}<\/script>\n<!-- \/ Yoast SEO plugin. -->","yoast_head_json":{"title":"Vastuuvapauslauseke - Melpool","robots":{"index":"index","follow":"follow","max-snippet":"max-snippet:-1","max-image-preview":"max-image-preview:large","max-video-preview":"max-video-preview:-1"},"canonical":"https:\/\/www.melpool.com\/fi\/vastuuvapauslauseke\/","og_locale":"fi_FI","og_type":"article","og_title":"Vastuuvapauslauseke - Melpool","og_description":"Kaikki t\u00e4ll\u00e4 verkkosivustolla &#8211; https:\/\/www.melpool.com\/ &#8211; olevat tiedot julkaistaan vilpitt\u00f6m\u00e4ss\u00e4 mieless\u00e4 ja ainoastaan yleisinformaatiotarkoituksessa. Melspring International B.V. ei anna mit\u00e4\u00e4n takuita n\u00e4iden tietojen t\u00e4ydellisyydest\u00e4, luotettavuudesta tai tarkkuudesta. Kaikki toimet, jotka teet t\u00e4ll\u00e4 verkkosivustolla (melpool.com) olevien tietojen perusteella, tapahtuvat t\u00e4ysin omalla vastuullasi. Melspring International B.V. ei ole vastuussa mist\u00e4\u00e4n verkkosivustomme k\u00e4ytt\u00f6\u00f6n liittyvist\u00e4 menetyksist\u00e4 ja\/tai vahingoista. Verkkosivustoltamme [&hellip;]","og_url":"https:\/\/www.melpool.com\/fi\/vastuuvapauslauseke\/","og_site_name":"Melpool","article_modified_time":"2023-03-20T15:17:59+00:00","twitter_card":"summary_large_image","twitter_misc":{"Arvioitu lukuaika":"1 minuutti"},"schema":{"@context":"https:\/\/schema.org","@graph":[{"@type":"WebPage","@id":"https:\/\/www.melpool.com\/fi\/vastuuvapauslauseke\/","url":"https:\/\/www.melpool.com\/fi\/vastuuvapauslauseke\/","name":"Vastuuvapauslauseke - Melpool","isPartOf":{"@id":"https:\/\/www.melpool.com\/fi\/#website"},"datePublished":"2022-12-23T12:42:28+00:00","dateModified":"2023-03-20T15:17:59+00:00","breadcrumb":{"@id":"https:\/\/www.melpool.com\/fi\/vastuuvapauslauseke\/#breadcrumb"},"inLanguage":"fi","potentialAction":[{"@type":"ReadAction","target":["https:\/\/www.melpool.com\/fi\/vastuuvapauslauseke\/"]}]},{"@type":"BreadcrumbList","@id":"https:\/\/www.melpool.com\/fi\/vastuuvapauslauseke\/#breadcrumb","itemListElement":[{"@type":"ListItem","position":1,"name":"Home","item":"https:\/\/www.melpool.com\/fi\/"},{"@type":"ListItem","position":2,"name":"Vastuuvapauslauseke"}]},{"@type":"WebSite","@id":"https:\/\/www.melpool.com\/fi\/#website","url":"https:\/\/www.melpool.com\/fi\/","name":"Melpool","description":"Alles voor waterbehandeling van uw zwembad","publisher":{"@id":"https:\/\/www.melpool.com\/fi\/#organization"},"potentialAction":[{"@type":"SearchAction","target":{"@type":"EntryPoint","urlTemplate":"https:\/\/www.melpool.com\/fi\/?s={search_term_string}"},"query-input":{"@type":"PropertyValueSpecification","valueRequired":true,"valueName":"search_term_string"}}],"inLanguage":"fi"},{"@type":"Organization","@id":"https:\/\/www.melpool.com\/fi\/#organization","name":"Melpool","url":"https:\/\/www.melpool.com\/fi\/","logo":{"@type":"ImageObject","inLanguage":"fi","@id":"https:\/\/www.melpool.com\/fi\/#\/schema\/logo\/image\/","url":"https:\/\/www.melpool.com\/wp-content\/uploads\/2021\/08\/Melpool-Logo-blauw.png","contentUrl":"https:\/\/www.melpool.com\/wp-content\/uploads\/2021\/08\/Melpool-Logo-blauw.png","width":1729,"height":542,"caption":"Melpool"},"image":{"@id":"https:\/\/www.melpool.com\/fi\/#\/schema\/logo\/image\/"}}]}},"_links":{"self":[{"href":"https:\/\/www.melpool.com\/fi\/wp-json\/wp\/v2\/pages\/4758","targetHints":{"allow":["GET"]}}],"collection":[{"href":"https:\/\/www.melpool.com\/fi\/wp-json\/wp\/v2\/pages"}],"about":[{"href":"https:\/\/www.melpool.com\/fi\/wp-json\/wp\/v2\/types\/page"}],"author":[{"embeddable":true,"href":"https:\/\/www.melpool.com\/fi\/wp-json\/wp\/v2\/users\/1"}],"replies":[{"embeddable":true,"href":"https:\/\/www.melpool.com\/fi\/wp-json\/wp\/v2\/comments?post=4758"}],"version-history":[{"count":3,"href":"https:\/\/www.melpool.com\/fi\/wp-json\/wp\/v2\/pages\/4758\/revisions"}],"predecessor-version":[{"id":6463,"href":"https:\/\/www.melpool.com\/fi\/wp-json\/wp\/v2\/pages\/4758\/revisions\/6463"}],"wp:attachment":[{"href":"https:\/\/www.melpool.com\/fi\/wp-json\/wp\/v2\/media?parent=4758"}],"curies":[{"name":"wp","href":"https:\/\/api.w.org\/{rel}","templated":true}]}}