{"id":4803,"date":"2022-12-23T13:05:06","date_gmt":"2022-12-23T13:05:06","guid":{"rendered":"https:\/\/melpool.i-aspect.com\/yleiset-ehdot\/"},"modified":"2023-02-24T14:40:01","modified_gmt":"2023-02-24T14:40:01","slug":"yleiset-ehdot","status":"publish","type":"page","link":"https:\/\/www.melpool.com\/fi\/yleiset-ehdot\/","title":{"rendered":"Yleiset ehdot"},"content":{"rendered":"\t\t<div data-elementor-type=\"wp-page\" data-elementor-id=\"4803\" class=\"elementor elementor-4803 elementor-687\" data-elementor-post-type=\"page\">\n\t\t\t\t\t\t<section class=\"elementor-section elementor-top-section elementor-element elementor-element-5314d7c9 elementor-section-boxed elementor-section-height-default elementor-section-height-default\" data-id=\"5314d7c9\" data-element_type=\"section\" data-e-type=\"section\">\n\t\t\t\t\t\t<div class=\"elementor-container elementor-column-gap-default\">\n\t\t\t\t\t<div class=\"elementor-column elementor-col-100 elementor-top-column elementor-element elementor-element-38d69e89\" data-id=\"38d69e89\" data-element_type=\"column\" data-e-type=\"column\">\n\t\t\t<div class=\"elementor-widget-wrap elementor-element-populated\">\n\t\t\t\t\t\t<div class=\"elementor-element elementor-element-416b3ac6 elementor-widget elementor-widget-text-editor\" data-id=\"416b3ac6\" data-element_type=\"widget\" data-e-type=\"widget\" data-widget_type=\"text-editor.default\">\n\t\t\t\t<div class=\"elementor-widget-container\">\n\t\t\t\t\t\t\t\t\t<p><strong>Yleiset ehdot Melspring International B.V.<\/strong><\/p>\n<ul>\n<li><a href=\"https:\/\/www.melpool.com\/wp-content\/uploads\/2023\/02\/MIBV.General.Purchasing.Conditions.EN_.pdf\">Yleiset ostoehdot<\/a><\/li>\n<li><a href=\"https:\/\/www.melpool.com\/wp-content\/uploads\/2023\/02\/MIBV.General.Conditions.of_.Sales_.and_.Deliveries.EN_.pdf\">Yleiset myynti- ja toimitusehdot<\/a><\/li>\n<\/ul>\n<p><strong> <\/strong><\/p>\n<p><strong>Verkkosivuston yleiset ehdot<\/strong><br \/>www.melpool.com ja kaikki taustalla olevat sivut;<br \/><span style=\"color: var( --e-global-color-text ); font-family: var( --e-global-typography-text-font-family ), Sans-serif;\"><br \/><b>K\u00e4ytt\u00e4j\u00e4<br \/><\/b><\/span><span style=\"color: var( --e-global-color-text ); font-family: var( --e-global-typography-text-font-family ), Sans-serif;\"><span style=\"font-weight: var( --e-global-typography-text-font-weight );\">Verkkosivuston k\u00e4vij\u00e4t;<\/span><br \/><\/span><span style=\"color: var( --e-global-color-text ); font-family: var( --e-global-typography-text-font-family ), Sans-serif;\"><br \/><b>Yritys<br \/><\/b><\/span><span style=\"color: var( --e-global-color-text ); font-family: var( --e-global-typography-text-font-family ), Sans-serif; font-weight: var( --e-global-typography-text-font-weight );\">Melspring on verkkosivun valtuutettu julkaisija; Verkkosivustoomme sovelletaan seuraavaa. K\u00e4ytt\u00e4m\u00e4ll\u00e4 verkkosivustoa hyv\u00e4ksyt t\u00e4m\u00e4n vastuuvapauslausekkeen. Melspring:<\/span><\/p>\n<ul>\n<li>P\u00e4ivitt\u00e4\u00e4 ja p\u00e4ivitt\u00e4\u00e4 verkkosivuston sis\u00e4lt\u00f6\u00e4 s\u00e4\u00e4nn\u00f6llisesti. N\u00e4ist\u00e4 ponnisteluista huolimatta t\u00e4m\u00e4n verkkosivuston sis\u00e4lt\u00f6 voi olla puutteellista tai vanhentunutta.<\/li>\n<li>ei mill\u00e4\u00e4n tavoin takaa t\u00e4ll\u00e4 verkkosivustolla olevien tietojen tarkkuutta tai t\u00e4ydellisyytt\u00e4.<\/li>\n<li>ei takaa verkkosivustomme turvallisuutta, eik\u00e4 sit\u00e4 n\u00e4in ollen voida pit\u00e4\u00e4 vastuullisena mist\u00e4\u00e4n vahingosta, joka aiheutuu suoraan tai ep\u00e4suorasti verkkosivustomme k\u00e4yt\u00f6st\u00e4.<\/li>\n<li>Ei ole vastuussa ulkopuolisten tahojen sivuista, joihin viitataan;<\/li>\n<li>Tarjoaa tietoja verkkosivuillaan ilman takuuta tai takuuta. Verkkosivuston tiedoista ei voida johtaa mink\u00e4\u00e4nlaisia oikeuksia;<\/li>\n<li>Ei voida pit\u00e4\u00e4 vastuullisena mist\u00e4\u00e4n vahingoista, jotka johtuvat melpool.com-sivuston tietojen k\u00e4yt\u00f6st\u00e4;<\/li>\n<li>Voi muuttaa tai lopettaa verkkosivuston k\u00e4yt\u00f6n harkintansa mukaan ja milloin tahansa. Melspring ei n\u00e4in ollen ole vastuussa melpool.com-sivuston muutosten tai sen lopettamisen seurauksista;<\/li>\n<\/ul>\n<p>K\u00e4ytt\u00e4j\u00e4 on yksin vastuussa kaikkien melpool.com-sivustolla annettujen tietojen k\u00e4yt\u00f6st\u00e4;<\/p>\n\t\t\t\t\t\t\t\t<\/div>\n\t\t\t\t<\/div>\n\t\t\t\t\t<\/div>\n\t\t<\/div>\n\t\t\t\t\t<\/div>\n\t\t<\/section>\n\t\t\t\t<\/div>\n\t\t","protected":false},"excerpt":{"rendered":"<p>Yleiset ehdot Melspring International B.V. Yleiset ostoehdot Yleiset myynti- ja toimitusehdot Verkkosivuston yleiset ehdotwww.melpool.com ja kaikki taustalla olevat sivut; K\u00e4ytt\u00e4j\u00e4Verkkosivuston k\u00e4vij\u00e4t; YritysMelspring on verkkosivun valtuutettu julkaisija; Verkkosivustoomme sovelletaan seuraavaa. K\u00e4ytt\u00e4m\u00e4ll\u00e4 verkkosivustoa hyv\u00e4ksyt t\u00e4m\u00e4n vastuuvapauslausekkeen. Melspring: P\u00e4ivitt\u00e4\u00e4 ja p\u00e4ivitt\u00e4\u00e4 verkkosivuston sis\u00e4lt\u00f6\u00e4 s\u00e4\u00e4nn\u00f6llisesti. N\u00e4ist\u00e4 ponnisteluista huolimatta t\u00e4m\u00e4n verkkosivuston sis\u00e4lt\u00f6 voi olla puutteellista tai vanhentunutta. ei mill\u00e4\u00e4n tavoin [&hellip;]<\/p>\n","protected":false},"author":1,"featured_media":0,"parent":0,"menu_order":0,"comment_status":"closed","ping_status":"closed","template":"","meta":{"_acf_changed":false,"footnotes":""},"class_list":["post-4803","page","type-page","status-publish","hentry"],"acf":[],"yoast_head":"<!-- This site is optimized with the Yoast SEO plugin v27.3 - https:\/\/yoast.com\/product\/yoast-seo-wordpress\/ -->\n<title>Yleiset ehdot - Melpool<\/title>\n<meta name=\"robots\" content=\"index, follow, max-snippet:-1, max-image-preview:large, max-video-preview:-1\" \/>\n<link rel=\"canonical\" href=\"https:\/\/www.melpool.com\/fi\/yleiset-ehdot\/\" \/>\n<meta property=\"og:locale\" content=\"fi_FI\" \/>\n<meta property=\"og:type\" content=\"article\" \/>\n<meta property=\"og:title\" content=\"Yleiset ehdot - Melpool\" \/>\n<meta property=\"og:description\" content=\"Yleiset ehdot Melspring International B.V. Yleiset ostoehdot Yleiset myynti- ja toimitusehdot Verkkosivuston yleiset ehdotwww.melpool.com ja kaikki taustalla olevat sivut; K\u00e4ytt\u00e4j\u00e4Verkkosivuston k\u00e4vij\u00e4t; YritysMelspring on verkkosivun valtuutettu julkaisija; Verkkosivustoomme sovelletaan seuraavaa. K\u00e4ytt\u00e4m\u00e4ll\u00e4 verkkosivustoa hyv\u00e4ksyt t\u00e4m\u00e4n vastuuvapauslausekkeen. Melspring: P\u00e4ivitt\u00e4\u00e4 ja p\u00e4ivitt\u00e4\u00e4 verkkosivuston sis\u00e4lt\u00f6\u00e4 s\u00e4\u00e4nn\u00f6llisesti. N\u00e4ist\u00e4 ponnisteluista huolimatta t\u00e4m\u00e4n verkkosivuston sis\u00e4lt\u00f6 voi olla puutteellista tai vanhentunutta. ei mill\u00e4\u00e4n tavoin [&hellip;]\" \/>\n<meta property=\"og:url\" content=\"https:\/\/www.melpool.com\/fi\/yleiset-ehdot\/\" \/>\n<meta property=\"og:site_name\" content=\"Melpool\" \/>\n<meta property=\"article:modified_time\" content=\"2023-02-24T14:40:01+00:00\" \/>\n<meta name=\"twitter:card\" content=\"summary_large_image\" \/>\n<meta name=\"twitter:label1\" content=\"Arvioitu lukuaika\" \/>\n\t<meta name=\"twitter:data1\" content=\"1 minuutti\" \/>\n<script type=\"application\/ld+json\" class=\"yoast-schema-graph\">{\"@context\":\"https:\\\/\\\/schema.org\",\"@graph\":[{\"@type\":\"WebPage\",\"@id\":\"https:\\\/\\\/www.melpool.com\\\/fi\\\/yleiset-ehdot\\\/\",\"url\":\"https:\\\/\\\/www.melpool.com\\\/fi\\\/yleiset-ehdot\\\/\",\"name\":\"Yleiset ehdot - Melpool\",\"isPartOf\":{\"@id\":\"https:\\\/\\\/www.melpool.com\\\/fi\\\/#website\"},\"datePublished\":\"2022-12-23T13:05:06+00:00\",\"dateModified\":\"2023-02-24T14:40:01+00:00\",\"breadcrumb\":{\"@id\":\"https:\\\/\\\/www.melpool.com\\\/fi\\\/yleiset-ehdot\\\/#breadcrumb\"},\"inLanguage\":\"fi\",\"potentialAction\":[{\"@type\":\"ReadAction\",\"target\":[\"https:\\\/\\\/www.melpool.com\\\/fi\\\/yleiset-ehdot\\\/\"]}]},{\"@type\":\"BreadcrumbList\",\"@id\":\"https:\\\/\\\/www.melpool.com\\\/fi\\\/yleiset-ehdot\\\/#breadcrumb\",\"itemListElement\":[{\"@type\":\"ListItem\",\"position\":1,\"name\":\"Home\",\"item\":\"https:\\\/\\\/www.melpool.com\\\/fi\\\/\"},{\"@type\":\"ListItem\",\"position\":2,\"name\":\"Yleiset ehdot\"}]},{\"@type\":\"WebSite\",\"@id\":\"https:\\\/\\\/www.melpool.com\\\/fi\\\/#website\",\"url\":\"https:\\\/\\\/www.melpool.com\\\/fi\\\/\",\"name\":\"Melpool\",\"description\":\"Alles voor waterbehandeling van uw zwembad\",\"publisher\":{\"@id\":\"https:\\\/\\\/www.melpool.com\\\/fi\\\/#organization\"},\"potentialAction\":[{\"@type\":\"SearchAction\",\"target\":{\"@type\":\"EntryPoint\",\"urlTemplate\":\"https:\\\/\\\/www.melpool.com\\\/fi\\\/?s={search_term_string}\"},\"query-input\":{\"@type\":\"PropertyValueSpecification\",\"valueRequired\":true,\"valueName\":\"search_term_string\"}}],\"inLanguage\":\"fi\"},{\"@type\":\"Organization\",\"@id\":\"https:\\\/\\\/www.melpool.com\\\/fi\\\/#organization\",\"name\":\"Melpool\",\"url\":\"https:\\\/\\\/www.melpool.com\\\/fi\\\/\",\"logo\":{\"@type\":\"ImageObject\",\"inLanguage\":\"fi\",\"@id\":\"https:\\\/\\\/www.melpool.com\\\/fi\\\/#\\\/schema\\\/logo\\\/image\\\/\",\"url\":\"https:\\\/\\\/www.melpool.com\\\/wp-content\\\/uploads\\\/2021\\\/08\\\/Melpool-Logo-blauw.png\",\"contentUrl\":\"https:\\\/\\\/www.melpool.com\\\/wp-content\\\/uploads\\\/2021\\\/08\\\/Melpool-Logo-blauw.png\",\"width\":1729,\"height\":542,\"caption\":\"Melpool\"},\"image\":{\"@id\":\"https:\\\/\\\/www.melpool.com\\\/fi\\\/#\\\/schema\\\/logo\\\/image\\\/\"}}]}<\/script>\n<!-- \/ Yoast SEO plugin. -->","yoast_head_json":{"title":"Yleiset ehdot - Melpool","robots":{"index":"index","follow":"follow","max-snippet":"max-snippet:-1","max-image-preview":"max-image-preview:large","max-video-preview":"max-video-preview:-1"},"canonical":"https:\/\/www.melpool.com\/fi\/yleiset-ehdot\/","og_locale":"fi_FI","og_type":"article","og_title":"Yleiset ehdot - Melpool","og_description":"Yleiset ehdot Melspring International B.V. Yleiset ostoehdot Yleiset myynti- ja toimitusehdot Verkkosivuston yleiset ehdotwww.melpool.com ja kaikki taustalla olevat sivut; K\u00e4ytt\u00e4j\u00e4Verkkosivuston k\u00e4vij\u00e4t; YritysMelspring on verkkosivun valtuutettu julkaisija; Verkkosivustoomme sovelletaan seuraavaa. K\u00e4ytt\u00e4m\u00e4ll\u00e4 verkkosivustoa hyv\u00e4ksyt t\u00e4m\u00e4n vastuuvapauslausekkeen. Melspring: P\u00e4ivitt\u00e4\u00e4 ja p\u00e4ivitt\u00e4\u00e4 verkkosivuston sis\u00e4lt\u00f6\u00e4 s\u00e4\u00e4nn\u00f6llisesti. N\u00e4ist\u00e4 ponnisteluista huolimatta t\u00e4m\u00e4n verkkosivuston sis\u00e4lt\u00f6 voi olla puutteellista tai vanhentunutta. ei mill\u00e4\u00e4n tavoin [&hellip;]","og_url":"https:\/\/www.melpool.com\/fi\/yleiset-ehdot\/","og_site_name":"Melpool","article_modified_time":"2023-02-24T14:40:01+00:00","twitter_card":"summary_large_image","twitter_misc":{"Arvioitu lukuaika":"1 minuutti"},"schema":{"@context":"https:\/\/schema.org","@graph":[{"@type":"WebPage","@id":"https:\/\/www.melpool.com\/fi\/yleiset-ehdot\/","url":"https:\/\/www.melpool.com\/fi\/yleiset-ehdot\/","name":"Yleiset ehdot - Melpool","isPartOf":{"@id":"https:\/\/www.melpool.com\/fi\/#website"},"datePublished":"2022-12-23T13:05:06+00:00","dateModified":"2023-02-24T14:40:01+00:00","breadcrumb":{"@id":"https:\/\/www.melpool.com\/fi\/yleiset-ehdot\/#breadcrumb"},"inLanguage":"fi","potentialAction":[{"@type":"ReadAction","target":["https:\/\/www.melpool.com\/fi\/yleiset-ehdot\/"]}]},{"@type":"BreadcrumbList","@id":"https:\/\/www.melpool.com\/fi\/yleiset-ehdot\/#breadcrumb","itemListElement":[{"@type":"ListItem","position":1,"name":"Home","item":"https:\/\/www.melpool.com\/fi\/"},{"@type":"ListItem","position":2,"name":"Yleiset ehdot"}]},{"@type":"WebSite","@id":"https:\/\/www.melpool.com\/fi\/#website","url":"https:\/\/www.melpool.com\/fi\/","name":"Melpool","description":"Alles voor waterbehandeling van uw zwembad","publisher":{"@id":"https:\/\/www.melpool.com\/fi\/#organization"},"potentialAction":[{"@type":"SearchAction","target":{"@type":"EntryPoint","urlTemplate":"https:\/\/www.melpool.com\/fi\/?s={search_term_string}"},"query-input":{"@type":"PropertyValueSpecification","valueRequired":true,"valueName":"search_term_string"}}],"inLanguage":"fi"},{"@type":"Organization","@id":"https:\/\/www.melpool.com\/fi\/#organization","name":"Melpool","url":"https:\/\/www.melpool.com\/fi\/","logo":{"@type":"ImageObject","inLanguage":"fi","@id":"https:\/\/www.melpool.com\/fi\/#\/schema\/logo\/image\/","url":"https:\/\/www.melpool.com\/wp-content\/uploads\/2021\/08\/Melpool-Logo-blauw.png","contentUrl":"https:\/\/www.melpool.com\/wp-content\/uploads\/2021\/08\/Melpool-Logo-blauw.png","width":1729,"height":542,"caption":"Melpool"},"image":{"@id":"https:\/\/www.melpool.com\/fi\/#\/schema\/logo\/image\/"}}]}},"_links":{"self":[{"href":"https:\/\/www.melpool.com\/fi\/wp-json\/wp\/v2\/pages\/4803","targetHints":{"allow":["GET"]}}],"collection":[{"href":"https:\/\/www.melpool.com\/fi\/wp-json\/wp\/v2\/pages"}],"about":[{"href":"https:\/\/www.melpool.com\/fi\/wp-json\/wp\/v2\/types\/page"}],"author":[{"embeddable":true,"href":"https:\/\/www.melpool.com\/fi\/wp-json\/wp\/v2\/users\/1"}],"replies":[{"embeddable":true,"href":"https:\/\/www.melpool.com\/fi\/wp-json\/wp\/v2\/comments?post=4803"}],"version-history":[{"count":2,"href":"https:\/\/www.melpool.com\/fi\/wp-json\/wp\/v2\/pages\/4803\/revisions"}],"predecessor-version":[{"id":5890,"href":"https:\/\/www.melpool.com\/fi\/wp-json\/wp\/v2\/pages\/4803\/revisions\/5890"}],"wp:attachment":[{"href":"https:\/\/www.melpool.com\/fi\/wp-json\/wp\/v2\/media?parent=4803"}],"curies":[{"name":"wp","href":"https:\/\/api.w.org\/{rel}","templated":true}]}}