{"id":4833,"date":"2022-12-23T13:30:41","date_gmt":"2022-12-23T13:30:41","guid":{"rendered":"https:\/\/melpool.i-aspect.com\/product\/melpool-90-20\/"},"modified":"2023-03-02T13:10:18","modified_gmt":"2023-03-02T13:10:18","slug":"melpool-90-20","status":"publish","type":"product","link":"https:\/\/www.melpool.com\/fi\/tuote\/melpool-90-20\/","title":{"rendered":"Melpool 90\/20"},"content":{"rendered":"\n<p><strong>20 g:n tabletit desinfiointiin ja lev\u00e4ntorjuntaan.<\/strong><\/p>\n\n<p>Hitaasti liukeneva stabiloitu desinfiointiaine tabletteina (20,g). Ihanteellinen allasveden pitk\u00e4aikaiseen ja tasaiseen desinfiointiin. Tabletit; k\u00e4yt\u00e4nn\u00f6llisi\u00e4 ja helppoja annostella. Ennaltaehk\u00e4isev\u00e4 vaikutus lev\u00e4\u00e4 ja orgaanisia saostumia\/kuormitusta vastaan. Stabilointiaine suojaa klooria auringon UV-s\u00e4teilylt\u00e4. Korkea stabiili klooripitoisuus: v\u00e4hint\u00e4\u00e4n 90 %. Soveltuu pehme\u00e4\u00e4n ja kovaan veteen.  <\/p>\n","protected":false},"excerpt":{"rendered":"<p>20 g:n tabletit desinfiointiin ja lev\u00e4ntorjuntaan. Hitaasti liukeneva stabiloitu desinfiointiaine tabletteina (20,g). Ihanteellinen allasveden pitk\u00e4aikaiseen ja tasaiseen desinfiointiin. Tabletit; k\u00e4yt\u00e4nn\u00f6llisi\u00e4 ja helppoja annostella. Ennaltaehk\u00e4isev\u00e4 vaikutus lev\u00e4\u00e4 ja orgaanisia saostumia\/kuormitusta vastaan. Stabilointiaine suojaa klooria auringon UV-s\u00e4teilylt\u00e4. Korkea stabiili klooripitoisuus: v\u00e4hint\u00e4\u00e4n 90 %. Soveltuu pehme\u00e4\u00e4n ja kovaan veteen.<\/p>\n","protected":false},"featured_media":4834,"template":"","behandeling":[],"product_categorie":[142],"product_type":[],"class_list":["post-4833","product","type-product","status-publish","has-post-thumbnail","hentry","product_categorie-desinfiointi"],"acf":[],"yoast_head":"<!-- This site is optimized with the Yoast SEO plugin v27.3 - https:\/\/yoast.com\/product\/yoast-seo-wordpress\/ -->\n<title>Melpool 90\/20 - Melpool<\/title>\n<meta name=\"robots\" content=\"index, follow, max-snippet:-1, max-image-preview:large, max-video-preview:-1\" \/>\n<link rel=\"canonical\" href=\"https:\/\/www.melpool.com\/fi\/tuote\/melpool-90-20\/\" \/>\n<meta property=\"og:locale\" content=\"fi_FI\" \/>\n<meta property=\"og:type\" content=\"article\" \/>\n<meta property=\"og:title\" content=\"Melpool 90\/20 - Melpool\" \/>\n<meta property=\"og:description\" content=\"20 g:n tabletit desinfiointiin ja lev\u00e4ntorjuntaan. Hitaasti liukeneva stabiloitu desinfiointiaine tabletteina (20,g). Ihanteellinen allasveden pitk\u00e4aikaiseen ja tasaiseen desinfiointiin. Tabletit; k\u00e4yt\u00e4nn\u00f6llisi\u00e4 ja helppoja annostella. Ennaltaehk\u00e4isev\u00e4 vaikutus lev\u00e4\u00e4 ja orgaanisia saostumia\/kuormitusta vastaan. Stabilointiaine suojaa klooria auringon UV-s\u00e4teilylt\u00e4. Korkea stabiili klooripitoisuus: v\u00e4hint\u00e4\u00e4n 90 %. Soveltuu pehme\u00e4\u00e4n ja kovaan veteen.\" \/>\n<meta property=\"og:url\" content=\"https:\/\/www.melpool.com\/fi\/tuote\/melpool-90-20\/\" \/>\n<meta property=\"og:site_name\" content=\"Melpool\" \/>\n<meta property=\"article:modified_time\" content=\"2023-03-02T13:10:18+00:00\" \/>\n<meta property=\"og:image\" content=\"https:\/\/www.melpool.com\/wp-content\/uploads\/2022\/04\/Melpool.5kg.90-20-NL.jpg\" \/>\n\t<meta property=\"og:image:width\" content=\"2000\" \/>\n\t<meta property=\"og:image:height\" content=\"2500\" \/>\n\t<meta property=\"og:image:type\" content=\"image\/jpeg\" \/>\n<meta name=\"twitter:card\" content=\"summary_large_image\" \/>\n<script type=\"application\/ld+json\" class=\"yoast-schema-graph\">{\"@context\":\"https:\\\/\\\/schema.org\",\"@graph\":[{\"@type\":\"WebPage\",\"@id\":\"https:\\\/\\\/www.melpool.com\\\/fi\\\/tuote\\\/melpool-90-20\\\/\",\"url\":\"https:\\\/\\\/www.melpool.com\\\/fi\\\/tuote\\\/melpool-90-20\\\/\",\"name\":\"Melpool 90\\\/20 - Melpool\",\"isPartOf\":{\"@id\":\"https:\\\/\\\/www.melpool.com\\\/fi\\\/#website\"},\"primaryImageOfPage\":{\"@id\":\"https:\\\/\\\/www.melpool.com\\\/fi\\\/tuote\\\/melpool-90-20\\\/#primaryimage\"},\"image\":{\"@id\":\"https:\\\/\\\/www.melpool.com\\\/fi\\\/tuote\\\/melpool-90-20\\\/#primaryimage\"},\"thumbnailUrl\":\"https:\\\/\\\/www.melpool.com\\\/wp-content\\\/uploads\\\/2022\\\/04\\\/Melpool.5kg.90-20-NL.jpg\",\"datePublished\":\"2022-12-23T13:30:41+00:00\",\"dateModified\":\"2023-03-02T13:10:18+00:00\",\"breadcrumb\":{\"@id\":\"https:\\\/\\\/www.melpool.com\\\/fi\\\/tuote\\\/melpool-90-20\\\/#breadcrumb\"},\"inLanguage\":\"fi\",\"potentialAction\":[{\"@type\":\"ReadAction\",\"target\":[\"https:\\\/\\\/www.melpool.com\\\/fi\\\/tuote\\\/melpool-90-20\\\/\"]}]},{\"@type\":\"ImageObject\",\"inLanguage\":\"fi\",\"@id\":\"https:\\\/\\\/www.melpool.com\\\/fi\\\/tuote\\\/melpool-90-20\\\/#primaryimage\",\"url\":\"https:\\\/\\\/www.melpool.com\\\/wp-content\\\/uploads\\\/2022\\\/04\\\/Melpool.5kg.90-20-NL.jpg\",\"contentUrl\":\"https:\\\/\\\/www.melpool.com\\\/wp-content\\\/uploads\\\/2022\\\/04\\\/Melpool.5kg.90-20-NL.jpg\",\"width\":2000,\"height\":2500},{\"@type\":\"BreadcrumbList\",\"@id\":\"https:\\\/\\\/www.melpool.com\\\/fi\\\/tuote\\\/melpool-90-20\\\/#breadcrumb\",\"itemListElement\":[{\"@type\":\"ListItem\",\"position\":1,\"name\":\"Home\",\"item\":\"https:\\\/\\\/www.melpool.com\\\/fi\\\/\"},{\"@type\":\"ListItem\",\"position\":2,\"name\":\"Tuotteet\",\"item\":\"https:\\\/\\\/www.melpool.com\\\/fi\\\/tuote\\\/\"},{\"@type\":\"ListItem\",\"position\":3,\"name\":\"Desinfiointi\",\"item\":\"https:\\\/\\\/www.melpool.com\\\/fi\\\/tuoteryhma\\\/desinfiointi\\\/\"},{\"@type\":\"ListItem\",\"position\":4,\"name\":\"Melpool 90\\\/20\"}]},{\"@type\":\"WebSite\",\"@id\":\"https:\\\/\\\/www.melpool.com\\\/fi\\\/#website\",\"url\":\"https:\\\/\\\/www.melpool.com\\\/fi\\\/\",\"name\":\"Melpool\",\"description\":\"Alles voor waterbehandeling van uw zwembad\",\"publisher\":{\"@id\":\"https:\\\/\\\/www.melpool.com\\\/fi\\\/#organization\"},\"potentialAction\":[{\"@type\":\"SearchAction\",\"target\":{\"@type\":\"EntryPoint\",\"urlTemplate\":\"https:\\\/\\\/www.melpool.com\\\/fi\\\/?s={search_term_string}\"},\"query-input\":{\"@type\":\"PropertyValueSpecification\",\"valueRequired\":true,\"valueName\":\"search_term_string\"}}],\"inLanguage\":\"fi\"},{\"@type\":\"Organization\",\"@id\":\"https:\\\/\\\/www.melpool.com\\\/fi\\\/#organization\",\"name\":\"Melpool\",\"url\":\"https:\\\/\\\/www.melpool.com\\\/fi\\\/\",\"logo\":{\"@type\":\"ImageObject\",\"inLanguage\":\"fi\",\"@id\":\"https:\\\/\\\/www.melpool.com\\\/fi\\\/#\\\/schema\\\/logo\\\/image\\\/\",\"url\":\"https:\\\/\\\/www.melpool.com\\\/wp-content\\\/uploads\\\/2021\\\/08\\\/Melpool-Logo-blauw.png\",\"contentUrl\":\"https:\\\/\\\/www.melpool.com\\\/wp-content\\\/uploads\\\/2021\\\/08\\\/Melpool-Logo-blauw.png\",\"width\":1729,\"height\":542,\"caption\":\"Melpool\"},\"image\":{\"@id\":\"https:\\\/\\\/www.melpool.com\\\/fi\\\/#\\\/schema\\\/logo\\\/image\\\/\"}}]}<\/script>\n<!-- \/ Yoast SEO plugin. -->","yoast_head_json":{"title":"Melpool 90\/20 - Melpool","robots":{"index":"index","follow":"follow","max-snippet":"max-snippet:-1","max-image-preview":"max-image-preview:large","max-video-preview":"max-video-preview:-1"},"canonical":"https:\/\/www.melpool.com\/fi\/tuote\/melpool-90-20\/","og_locale":"fi_FI","og_type":"article","og_title":"Melpool 90\/20 - Melpool","og_description":"20 g:n tabletit desinfiointiin ja lev\u00e4ntorjuntaan. Hitaasti liukeneva stabiloitu desinfiointiaine tabletteina (20,g). Ihanteellinen allasveden pitk\u00e4aikaiseen ja tasaiseen desinfiointiin. Tabletit; k\u00e4yt\u00e4nn\u00f6llisi\u00e4 ja helppoja annostella. Ennaltaehk\u00e4isev\u00e4 vaikutus lev\u00e4\u00e4 ja orgaanisia saostumia\/kuormitusta vastaan. Stabilointiaine suojaa klooria auringon UV-s\u00e4teilylt\u00e4. Korkea stabiili klooripitoisuus: v\u00e4hint\u00e4\u00e4n 90 %. Soveltuu pehme\u00e4\u00e4n ja kovaan veteen.","og_url":"https:\/\/www.melpool.com\/fi\/tuote\/melpool-90-20\/","og_site_name":"Melpool","article_modified_time":"2023-03-02T13:10:18+00:00","og_image":[{"width":2000,"height":2500,"url":"https:\/\/www.melpool.com\/wp-content\/uploads\/2022\/04\/Melpool.5kg.90-20-NL.jpg","type":"image\/jpeg"}],"twitter_card":"summary_large_image","schema":{"@context":"https:\/\/schema.org","@graph":[{"@type":"WebPage","@id":"https:\/\/www.melpool.com\/fi\/tuote\/melpool-90-20\/","url":"https:\/\/www.melpool.com\/fi\/tuote\/melpool-90-20\/","name":"Melpool 90\/20 - Melpool","isPartOf":{"@id":"https:\/\/www.melpool.com\/fi\/#website"},"primaryImageOfPage":{"@id":"https:\/\/www.melpool.com\/fi\/tuote\/melpool-90-20\/#primaryimage"},"image":{"@id":"https:\/\/www.melpool.com\/fi\/tuote\/melpool-90-20\/#primaryimage"},"thumbnailUrl":"https:\/\/www.melpool.com\/wp-content\/uploads\/2022\/04\/Melpool.5kg.90-20-NL.jpg","datePublished":"2022-12-23T13:30:41+00:00","dateModified":"2023-03-02T13:10:18+00:00","breadcrumb":{"@id":"https:\/\/www.melpool.com\/fi\/tuote\/melpool-90-20\/#breadcrumb"},"inLanguage":"fi","potentialAction":[{"@type":"ReadAction","target":["https:\/\/www.melpool.com\/fi\/tuote\/melpool-90-20\/"]}]},{"@type":"ImageObject","inLanguage":"fi","@id":"https:\/\/www.melpool.com\/fi\/tuote\/melpool-90-20\/#primaryimage","url":"https:\/\/www.melpool.com\/wp-content\/uploads\/2022\/04\/Melpool.5kg.90-20-NL.jpg","contentUrl":"https:\/\/www.melpool.com\/wp-content\/uploads\/2022\/04\/Melpool.5kg.90-20-NL.jpg","width":2000,"height":2500},{"@type":"BreadcrumbList","@id":"https:\/\/www.melpool.com\/fi\/tuote\/melpool-90-20\/#breadcrumb","itemListElement":[{"@type":"ListItem","position":1,"name":"Home","item":"https:\/\/www.melpool.com\/fi\/"},{"@type":"ListItem","position":2,"name":"Tuotteet","item":"https:\/\/www.melpool.com\/fi\/tuote\/"},{"@type":"ListItem","position":3,"name":"Desinfiointi","item":"https:\/\/www.melpool.com\/fi\/tuoteryhma\/desinfiointi\/"},{"@type":"ListItem","position":4,"name":"Melpool 90\/20"}]},{"@type":"WebSite","@id":"https:\/\/www.melpool.com\/fi\/#website","url":"https:\/\/www.melpool.com\/fi\/","name":"Melpool","description":"Alles voor waterbehandeling van uw zwembad","publisher":{"@id":"https:\/\/www.melpool.com\/fi\/#organization"},"potentialAction":[{"@type":"SearchAction","target":{"@type":"EntryPoint","urlTemplate":"https:\/\/www.melpool.com\/fi\/?s={search_term_string}"},"query-input":{"@type":"PropertyValueSpecification","valueRequired":true,"valueName":"search_term_string"}}],"inLanguage":"fi"},{"@type":"Organization","@id":"https:\/\/www.melpool.com\/fi\/#organization","name":"Melpool","url":"https:\/\/www.melpool.com\/fi\/","logo":{"@type":"ImageObject","inLanguage":"fi","@id":"https:\/\/www.melpool.com\/fi\/#\/schema\/logo\/image\/","url":"https:\/\/www.melpool.com\/wp-content\/uploads\/2021\/08\/Melpool-Logo-blauw.png","contentUrl":"https:\/\/www.melpool.com\/wp-content\/uploads\/2021\/08\/Melpool-Logo-blauw.png","width":1729,"height":542,"caption":"Melpool"},"image":{"@id":"https:\/\/www.melpool.com\/fi\/#\/schema\/logo\/image\/"}}]}},"_links":{"self":[{"href":"https:\/\/www.melpool.com\/fi\/wp-json\/wp\/v2\/product\/4833","targetHints":{"allow":["GET"]}}],"collection":[{"href":"https:\/\/www.melpool.com\/fi\/wp-json\/wp\/v2\/product"}],"about":[{"href":"https:\/\/www.melpool.com\/fi\/wp-json\/wp\/v2\/types\/product"}],"wp:featuredmedia":[{"embeddable":true,"href":"https:\/\/www.melpool.com\/fi\/wp-json\/wp\/v2\/media\/4834"}],"wp:attachment":[{"href":"https:\/\/www.melpool.com\/fi\/wp-json\/wp\/v2\/media?parent=4833"}],"wp:term":[{"taxonomy":"behandeling","embeddable":true,"href":"https:\/\/www.melpool.com\/fi\/wp-json\/wp\/v2\/behandeling?post=4833"},{"taxonomy":"product_categorie","embeddable":true,"href":"https:\/\/www.melpool.com\/fi\/wp-json\/wp\/v2\/product_categorie?post=4833"},{"taxonomy":"product_type","embeddable":true,"href":"https:\/\/www.melpool.com\/fi\/wp-json\/wp\/v2\/product_type?post=4833"}],"curies":[{"name":"wp","href":"https:\/\/api.w.org\/{rel}","templated":true}]}}