{"id":4878,"date":"2022-12-23T13:45:02","date_gmt":"2022-12-23T13:45:02","guid":{"rendered":"https:\/\/melpool.i-aspect.com\/product\/melpool-jet\/"},"modified":"2023-02-15T10:30:09","modified_gmt":"2023-02-15T10:30:09","slug":"melpool-jet","status":"publish","type":"product","link":"https:\/\/www.melpool.com\/fi\/tuote\/melpool-jet\/","title":{"rendered":"Melpool JET"},"content":{"rendered":"\n<p><strong>Vaahtoamaton lev\u00e4nestoaine altaisiin ja kylpyl\u00f6ihin<\/strong>.<\/p>\n\n<p>Erityisesti altaisiin, joissa on vastavirtaussuihku, ja kylpyl\u00f6ihin lev\u00e4n muodostumisen hallintaan ja v\u00e4ltt\u00e4miseen. Voidaan k\u00e4ytt\u00e4\u00e4 my\u00f6s altaan alueilla, joilla desinfiointi ei ole riitt\u00e4v\u00e4\u00e4, esim. altaan tietyiss\u00e4 kulmissa.<\/p>\n","protected":false},"excerpt":{"rendered":"<p>Vaahtoamaton lev\u00e4nestoaine altaisiin ja kylpyl\u00f6ihin. Erityisesti altaisiin, joissa on vastavirtaussuihku, ja kylpyl\u00f6ihin lev\u00e4n muodostumisen hallintaan ja v\u00e4ltt\u00e4miseen. Voidaan k\u00e4ytt\u00e4\u00e4 my\u00f6s altaan alueilla, joilla desinfiointi ei ole riitt\u00e4v\u00e4\u00e4, esim. altaan tietyiss\u00e4 kulmissa.<\/p>\n","protected":false},"featured_media":4879,"template":"","behandeling":[167],"product_categorie":[166],"product_type":[],"class_list":["post-4878","product","type-product","status-publish","has-post-thumbnail","hentry","behandeling-levan-poisto","product_categorie-levan-torjunta"],"acf":[],"yoast_head":"<!-- This site is optimized with the Yoast SEO plugin v27.3 - https:\/\/yoast.com\/product\/yoast-seo-wordpress\/ -->\n<title>Melpool JET - Melpool<\/title>\n<meta name=\"robots\" content=\"index, follow, max-snippet:-1, max-image-preview:large, max-video-preview:-1\" \/>\n<link rel=\"canonical\" href=\"https:\/\/www.melpool.com\/fi\/tuote\/melpool-jet\/\" \/>\n<meta property=\"og:locale\" content=\"fi_FI\" \/>\n<meta property=\"og:type\" content=\"article\" \/>\n<meta property=\"og:title\" content=\"Melpool JET - Melpool\" \/>\n<meta property=\"og:description\" content=\"Vaahtoamaton lev\u00e4nestoaine altaisiin ja kylpyl\u00f6ihin. Erityisesti altaisiin, joissa on vastavirtaussuihku, ja kylpyl\u00f6ihin lev\u00e4n muodostumisen hallintaan ja v\u00e4ltt\u00e4miseen. Voidaan k\u00e4ytt\u00e4\u00e4 my\u00f6s altaan alueilla, joilla desinfiointi ei ole riitt\u00e4v\u00e4\u00e4, esim. altaan tietyiss\u00e4 kulmissa.\" \/>\n<meta property=\"og:url\" content=\"https:\/\/www.melpool.com\/fi\/tuote\/melpool-jet\/\" \/>\n<meta property=\"og:site_name\" content=\"Melpool\" \/>\n<meta property=\"article:modified_time\" content=\"2023-02-15T10:30:09+00:00\" \/>\n<meta property=\"og:image\" content=\"https:\/\/www.melpool.com\/wp-content\/uploads\/2022\/04\/Melpool.5L.JET-EN.jpg\" \/>\n\t<meta property=\"og:image:width\" content=\"2000\" \/>\n\t<meta property=\"og:image:height\" content=\"2500\" \/>\n\t<meta property=\"og:image:type\" content=\"image\/jpeg\" \/>\n<meta name=\"twitter:card\" content=\"summary_large_image\" \/>\n<script type=\"application\/ld+json\" class=\"yoast-schema-graph\">{\"@context\":\"https:\\\/\\\/schema.org\",\"@graph\":[{\"@type\":\"WebPage\",\"@id\":\"https:\\\/\\\/www.melpool.com\\\/fi\\\/tuote\\\/melpool-jet\\\/\",\"url\":\"https:\\\/\\\/www.melpool.com\\\/fi\\\/tuote\\\/melpool-jet\\\/\",\"name\":\"Melpool JET - Melpool\",\"isPartOf\":{\"@id\":\"https:\\\/\\\/www.melpool.com\\\/fi\\\/#website\"},\"primaryImageOfPage\":{\"@id\":\"https:\\\/\\\/www.melpool.com\\\/fi\\\/tuote\\\/melpool-jet\\\/#primaryimage\"},\"image\":{\"@id\":\"https:\\\/\\\/www.melpool.com\\\/fi\\\/tuote\\\/melpool-jet\\\/#primaryimage\"},\"thumbnailUrl\":\"https:\\\/\\\/www.melpool.com\\\/wp-content\\\/uploads\\\/2022\\\/04\\\/Melpool.5L.JET-EN.jpg\",\"datePublished\":\"2022-12-23T13:45:02+00:00\",\"dateModified\":\"2023-02-15T10:30:09+00:00\",\"breadcrumb\":{\"@id\":\"https:\\\/\\\/www.melpool.com\\\/fi\\\/tuote\\\/melpool-jet\\\/#breadcrumb\"},\"inLanguage\":\"fi\",\"potentialAction\":[{\"@type\":\"ReadAction\",\"target\":[\"https:\\\/\\\/www.melpool.com\\\/fi\\\/tuote\\\/melpool-jet\\\/\"]}]},{\"@type\":\"ImageObject\",\"inLanguage\":\"fi\",\"@id\":\"https:\\\/\\\/www.melpool.com\\\/fi\\\/tuote\\\/melpool-jet\\\/#primaryimage\",\"url\":\"https:\\\/\\\/www.melpool.com\\\/wp-content\\\/uploads\\\/2022\\\/04\\\/Melpool.5L.JET-EN.jpg\",\"contentUrl\":\"https:\\\/\\\/www.melpool.com\\\/wp-content\\\/uploads\\\/2022\\\/04\\\/Melpool.5L.JET-EN.jpg\",\"width\":2000,\"height\":2500},{\"@type\":\"BreadcrumbList\",\"@id\":\"https:\\\/\\\/www.melpool.com\\\/fi\\\/tuote\\\/melpool-jet\\\/#breadcrumb\",\"itemListElement\":[{\"@type\":\"ListItem\",\"position\":1,\"name\":\"Home\",\"item\":\"https:\\\/\\\/www.melpool.com\\\/fi\\\/\"},{\"@type\":\"ListItem\",\"position\":2,\"name\":\"Tuotteet\",\"item\":\"https:\\\/\\\/www.melpool.com\\\/fi\\\/tuote\\\/\"},{\"@type\":\"ListItem\",\"position\":3,\"name\":\"Lev\u00e4n torjunta\",\"item\":\"https:\\\/\\\/www.melpool.com\\\/fi\\\/tuoteryhma\\\/levan-torjunta\\\/\"},{\"@type\":\"ListItem\",\"position\":4,\"name\":\"Melpool JET\"}]},{\"@type\":\"WebSite\",\"@id\":\"https:\\\/\\\/www.melpool.com\\\/fi\\\/#website\",\"url\":\"https:\\\/\\\/www.melpool.com\\\/fi\\\/\",\"name\":\"Melpool\",\"description\":\"Alles voor waterbehandeling van uw zwembad\",\"publisher\":{\"@id\":\"https:\\\/\\\/www.melpool.com\\\/fi\\\/#organization\"},\"potentialAction\":[{\"@type\":\"SearchAction\",\"target\":{\"@type\":\"EntryPoint\",\"urlTemplate\":\"https:\\\/\\\/www.melpool.com\\\/fi\\\/?s={search_term_string}\"},\"query-input\":{\"@type\":\"PropertyValueSpecification\",\"valueRequired\":true,\"valueName\":\"search_term_string\"}}],\"inLanguage\":\"fi\"},{\"@type\":\"Organization\",\"@id\":\"https:\\\/\\\/www.melpool.com\\\/fi\\\/#organization\",\"name\":\"Melpool\",\"url\":\"https:\\\/\\\/www.melpool.com\\\/fi\\\/\",\"logo\":{\"@type\":\"ImageObject\",\"inLanguage\":\"fi\",\"@id\":\"https:\\\/\\\/www.melpool.com\\\/fi\\\/#\\\/schema\\\/logo\\\/image\\\/\",\"url\":\"https:\\\/\\\/www.melpool.com\\\/wp-content\\\/uploads\\\/2021\\\/08\\\/Melpool-Logo-blauw.png\",\"contentUrl\":\"https:\\\/\\\/www.melpool.com\\\/wp-content\\\/uploads\\\/2021\\\/08\\\/Melpool-Logo-blauw.png\",\"width\":1729,\"height\":542,\"caption\":\"Melpool\"},\"image\":{\"@id\":\"https:\\\/\\\/www.melpool.com\\\/fi\\\/#\\\/schema\\\/logo\\\/image\\\/\"}}]}<\/script>\n<!-- \/ Yoast SEO plugin. -->","yoast_head_json":{"title":"Melpool JET - Melpool","robots":{"index":"index","follow":"follow","max-snippet":"max-snippet:-1","max-image-preview":"max-image-preview:large","max-video-preview":"max-video-preview:-1"},"canonical":"https:\/\/www.melpool.com\/fi\/tuote\/melpool-jet\/","og_locale":"fi_FI","og_type":"article","og_title":"Melpool JET - Melpool","og_description":"Vaahtoamaton lev\u00e4nestoaine altaisiin ja kylpyl\u00f6ihin. Erityisesti altaisiin, joissa on vastavirtaussuihku, ja kylpyl\u00f6ihin lev\u00e4n muodostumisen hallintaan ja v\u00e4ltt\u00e4miseen. Voidaan k\u00e4ytt\u00e4\u00e4 my\u00f6s altaan alueilla, joilla desinfiointi ei ole riitt\u00e4v\u00e4\u00e4, esim. altaan tietyiss\u00e4 kulmissa.","og_url":"https:\/\/www.melpool.com\/fi\/tuote\/melpool-jet\/","og_site_name":"Melpool","article_modified_time":"2023-02-15T10:30:09+00:00","og_image":[{"width":2000,"height":2500,"url":"https:\/\/www.melpool.com\/wp-content\/uploads\/2022\/04\/Melpool.5L.JET-EN.jpg","type":"image\/jpeg"}],"twitter_card":"summary_large_image","schema":{"@context":"https:\/\/schema.org","@graph":[{"@type":"WebPage","@id":"https:\/\/www.melpool.com\/fi\/tuote\/melpool-jet\/","url":"https:\/\/www.melpool.com\/fi\/tuote\/melpool-jet\/","name":"Melpool JET - Melpool","isPartOf":{"@id":"https:\/\/www.melpool.com\/fi\/#website"},"primaryImageOfPage":{"@id":"https:\/\/www.melpool.com\/fi\/tuote\/melpool-jet\/#primaryimage"},"image":{"@id":"https:\/\/www.melpool.com\/fi\/tuote\/melpool-jet\/#primaryimage"},"thumbnailUrl":"https:\/\/www.melpool.com\/wp-content\/uploads\/2022\/04\/Melpool.5L.JET-EN.jpg","datePublished":"2022-12-23T13:45:02+00:00","dateModified":"2023-02-15T10:30:09+00:00","breadcrumb":{"@id":"https:\/\/www.melpool.com\/fi\/tuote\/melpool-jet\/#breadcrumb"},"inLanguage":"fi","potentialAction":[{"@type":"ReadAction","target":["https:\/\/www.melpool.com\/fi\/tuote\/melpool-jet\/"]}]},{"@type":"ImageObject","inLanguage":"fi","@id":"https:\/\/www.melpool.com\/fi\/tuote\/melpool-jet\/#primaryimage","url":"https:\/\/www.melpool.com\/wp-content\/uploads\/2022\/04\/Melpool.5L.JET-EN.jpg","contentUrl":"https:\/\/www.melpool.com\/wp-content\/uploads\/2022\/04\/Melpool.5L.JET-EN.jpg","width":2000,"height":2500},{"@type":"BreadcrumbList","@id":"https:\/\/www.melpool.com\/fi\/tuote\/melpool-jet\/#breadcrumb","itemListElement":[{"@type":"ListItem","position":1,"name":"Home","item":"https:\/\/www.melpool.com\/fi\/"},{"@type":"ListItem","position":2,"name":"Tuotteet","item":"https:\/\/www.melpool.com\/fi\/tuote\/"},{"@type":"ListItem","position":3,"name":"Lev\u00e4n torjunta","item":"https:\/\/www.melpool.com\/fi\/tuoteryhma\/levan-torjunta\/"},{"@type":"ListItem","position":4,"name":"Melpool JET"}]},{"@type":"WebSite","@id":"https:\/\/www.melpool.com\/fi\/#website","url":"https:\/\/www.melpool.com\/fi\/","name":"Melpool","description":"Alles voor waterbehandeling van uw zwembad","publisher":{"@id":"https:\/\/www.melpool.com\/fi\/#organization"},"potentialAction":[{"@type":"SearchAction","target":{"@type":"EntryPoint","urlTemplate":"https:\/\/www.melpool.com\/fi\/?s={search_term_string}"},"query-input":{"@type":"PropertyValueSpecification","valueRequired":true,"valueName":"search_term_string"}}],"inLanguage":"fi"},{"@type":"Organization","@id":"https:\/\/www.melpool.com\/fi\/#organization","name":"Melpool","url":"https:\/\/www.melpool.com\/fi\/","logo":{"@type":"ImageObject","inLanguage":"fi","@id":"https:\/\/www.melpool.com\/fi\/#\/schema\/logo\/image\/","url":"https:\/\/www.melpool.com\/wp-content\/uploads\/2021\/08\/Melpool-Logo-blauw.png","contentUrl":"https:\/\/www.melpool.com\/wp-content\/uploads\/2021\/08\/Melpool-Logo-blauw.png","width":1729,"height":542,"caption":"Melpool"},"image":{"@id":"https:\/\/www.melpool.com\/fi\/#\/schema\/logo\/image\/"}}]}},"_links":{"self":[{"href":"https:\/\/www.melpool.com\/fi\/wp-json\/wp\/v2\/product\/4878","targetHints":{"allow":["GET"]}}],"collection":[{"href":"https:\/\/www.melpool.com\/fi\/wp-json\/wp\/v2\/product"}],"about":[{"href":"https:\/\/www.melpool.com\/fi\/wp-json\/wp\/v2\/types\/product"}],"wp:featuredmedia":[{"embeddable":true,"href":"https:\/\/www.melpool.com\/fi\/wp-json\/wp\/v2\/media\/4879"}],"wp:attachment":[{"href":"https:\/\/www.melpool.com\/fi\/wp-json\/wp\/v2\/media?parent=4878"}],"wp:term":[{"taxonomy":"behandeling","embeddable":true,"href":"https:\/\/www.melpool.com\/fi\/wp-json\/wp\/v2\/behandeling?post=4878"},{"taxonomy":"product_categorie","embeddable":true,"href":"https:\/\/www.melpool.com\/fi\/wp-json\/wp\/v2\/product_categorie?post=4878"},{"taxonomy":"product_type","embeddable":true,"href":"https:\/\/www.melpool.com\/fi\/wp-json\/wp\/v2\/product_type?post=4878"}],"curies":[{"name":"wp","href":"https:\/\/api.w.org\/{rel}","templated":true}]}}