{"id":4888,"date":"2022-12-23T13:47:44","date_gmt":"2022-12-23T13:47:44","guid":{"rendered":"https:\/\/melpool.i-aspect.com\/product\/melpool-gel-a\/"},"modified":"2023-03-02T12:39:31","modified_gmt":"2023-03-02T12:39:31","slug":"melpool-gel-a","status":"publish","type":"product","link":"https:\/\/www.melpool.com\/fi\/tuote\/melpool-gel-a\/","title":{"rendered":"Melpool GEL-A"},"content":{"rendered":"\n<p><strong>Reunan puhdistusaine Anti-Cal altaille ja kylpyl\u00f6ille.<\/strong><\/p>\n\n<p>Poistaa ja ehk\u00e4isee kalkin muodostumista veden \u00e4\u00e4rell\u00e4. Tehokas kalkinpoistoaine, hell\u00e4varainen herkille pinnoille. Erityinen altaan reunan puhdistusaine, jolla on geeliominaisuuksia. Kiinnittyy erityisen hyvin sein\u00e4\u00e4n. Soveltuu mille tahansa pinopinnalle.  <\/p>\n","protected":false},"excerpt":{"rendered":"<p>Reunan puhdistusaine Anti-Cal altaille ja kylpyl\u00f6ille. Poistaa ja ehk\u00e4isee kalkin muodostumista veden \u00e4\u00e4rell\u00e4. Tehokas kalkinpoistoaine, hell\u00e4varainen herkille pinnoille. Erityinen altaan reunan puhdistusaine, jolla on geeliominaisuuksia. Kiinnittyy erityisen hyvin sein\u00e4\u00e4n. Soveltuu mille tahansa pinopinnalle.<\/p>\n","protected":false},"featured_media":4889,"template":"","behandeling":[178],"product_categorie":[179],"product_type":[],"class_list":["post-4888","product","type-product","status-publish","has-post-thumbnail","hentry","behandeling-puhdistus","product_categorie-puhdistus"],"acf":[],"yoast_head":"<!-- This site is optimized with the Yoast SEO plugin v27.3 - https:\/\/yoast.com\/product\/yoast-seo-wordpress\/ -->\n<title>Melpool GEL-A - Melpool<\/title>\n<meta name=\"robots\" content=\"index, follow, max-snippet:-1, max-image-preview:large, max-video-preview:-1\" \/>\n<link rel=\"canonical\" href=\"https:\/\/www.melpool.com\/fi\/tuote\/melpool-gel-a\/\" \/>\n<meta property=\"og:locale\" content=\"fi_FI\" \/>\n<meta property=\"og:type\" content=\"article\" \/>\n<meta property=\"og:title\" content=\"Melpool GEL-A - Melpool\" \/>\n<meta property=\"og:description\" content=\"Reunan puhdistusaine Anti-Cal altaille ja kylpyl\u00f6ille. Poistaa ja ehk\u00e4isee kalkin muodostumista veden \u00e4\u00e4rell\u00e4. Tehokas kalkinpoistoaine, hell\u00e4varainen herkille pinnoille. Erityinen altaan reunan puhdistusaine, jolla on geeliominaisuuksia. Kiinnittyy erityisen hyvin sein\u00e4\u00e4n. Soveltuu mille tahansa pinopinnalle.\" \/>\n<meta property=\"og:url\" content=\"https:\/\/www.melpool.com\/fi\/tuote\/melpool-gel-a\/\" \/>\n<meta property=\"og:site_name\" content=\"Melpool\" \/>\n<meta property=\"article:modified_time\" content=\"2023-03-02T12:39:31+00:00\" \/>\n<meta property=\"og:image\" content=\"https:\/\/www.melpool.com\/wp-content\/uploads\/2022\/04\/Melpool.1L.Gel-A-NL.jpg\" \/>\n\t<meta property=\"og:image:width\" content=\"2000\" \/>\n\t<meta property=\"og:image:height\" content=\"2500\" \/>\n\t<meta property=\"og:image:type\" content=\"image\/jpeg\" \/>\n<meta name=\"twitter:card\" content=\"summary_large_image\" \/>\n<script type=\"application\/ld+json\" class=\"yoast-schema-graph\">{\"@context\":\"https:\\\/\\\/schema.org\",\"@graph\":[{\"@type\":\"WebPage\",\"@id\":\"https:\\\/\\\/www.melpool.com\\\/fi\\\/tuote\\\/melpool-gel-a\\\/\",\"url\":\"https:\\\/\\\/www.melpool.com\\\/fi\\\/tuote\\\/melpool-gel-a\\\/\",\"name\":\"Melpool GEL-A - Melpool\",\"isPartOf\":{\"@id\":\"https:\\\/\\\/www.melpool.com\\\/fi\\\/#website\"},\"primaryImageOfPage\":{\"@id\":\"https:\\\/\\\/www.melpool.com\\\/fi\\\/tuote\\\/melpool-gel-a\\\/#primaryimage\"},\"image\":{\"@id\":\"https:\\\/\\\/www.melpool.com\\\/fi\\\/tuote\\\/melpool-gel-a\\\/#primaryimage\"},\"thumbnailUrl\":\"https:\\\/\\\/www.melpool.com\\\/wp-content\\\/uploads\\\/2022\\\/04\\\/Melpool.1L.Gel-A-NL.jpg\",\"datePublished\":\"2022-12-23T13:47:44+00:00\",\"dateModified\":\"2023-03-02T12:39:31+00:00\",\"breadcrumb\":{\"@id\":\"https:\\\/\\\/www.melpool.com\\\/fi\\\/tuote\\\/melpool-gel-a\\\/#breadcrumb\"},\"inLanguage\":\"fi\",\"potentialAction\":[{\"@type\":\"ReadAction\",\"target\":[\"https:\\\/\\\/www.melpool.com\\\/fi\\\/tuote\\\/melpool-gel-a\\\/\"]}]},{\"@type\":\"ImageObject\",\"inLanguage\":\"fi\",\"@id\":\"https:\\\/\\\/www.melpool.com\\\/fi\\\/tuote\\\/melpool-gel-a\\\/#primaryimage\",\"url\":\"https:\\\/\\\/www.melpool.com\\\/wp-content\\\/uploads\\\/2022\\\/04\\\/Melpool.1L.Gel-A-NL.jpg\",\"contentUrl\":\"https:\\\/\\\/www.melpool.com\\\/wp-content\\\/uploads\\\/2022\\\/04\\\/Melpool.1L.Gel-A-NL.jpg\",\"width\":2000,\"height\":2500},{\"@type\":\"BreadcrumbList\",\"@id\":\"https:\\\/\\\/www.melpool.com\\\/fi\\\/tuote\\\/melpool-gel-a\\\/#breadcrumb\",\"itemListElement\":[{\"@type\":\"ListItem\",\"position\":1,\"name\":\"Home\",\"item\":\"https:\\\/\\\/www.melpool.com\\\/fi\\\/\"},{\"@type\":\"ListItem\",\"position\":2,\"name\":\"Tuotteet\",\"item\":\"https:\\\/\\\/www.melpool.com\\\/fi\\\/tuote\\\/\"},{\"@type\":\"ListItem\",\"position\":3,\"name\":\"Puhdistus\",\"item\":\"https:\\\/\\\/www.melpool.com\\\/fi\\\/tuoteryhma\\\/puhdistus\\\/\"},{\"@type\":\"ListItem\",\"position\":4,\"name\":\"Melpool GEL-A\"}]},{\"@type\":\"WebSite\",\"@id\":\"https:\\\/\\\/www.melpool.com\\\/fi\\\/#website\",\"url\":\"https:\\\/\\\/www.melpool.com\\\/fi\\\/\",\"name\":\"Melpool\",\"description\":\"Alles voor waterbehandeling van uw zwembad\",\"publisher\":{\"@id\":\"https:\\\/\\\/www.melpool.com\\\/fi\\\/#organization\"},\"potentialAction\":[{\"@type\":\"SearchAction\",\"target\":{\"@type\":\"EntryPoint\",\"urlTemplate\":\"https:\\\/\\\/www.melpool.com\\\/fi\\\/?s={search_term_string}\"},\"query-input\":{\"@type\":\"PropertyValueSpecification\",\"valueRequired\":true,\"valueName\":\"search_term_string\"}}],\"inLanguage\":\"fi\"},{\"@type\":\"Organization\",\"@id\":\"https:\\\/\\\/www.melpool.com\\\/fi\\\/#organization\",\"name\":\"Melpool\",\"url\":\"https:\\\/\\\/www.melpool.com\\\/fi\\\/\",\"logo\":{\"@type\":\"ImageObject\",\"inLanguage\":\"fi\",\"@id\":\"https:\\\/\\\/www.melpool.com\\\/fi\\\/#\\\/schema\\\/logo\\\/image\\\/\",\"url\":\"https:\\\/\\\/www.melpool.com\\\/wp-content\\\/uploads\\\/2021\\\/08\\\/Melpool-Logo-blauw.png\",\"contentUrl\":\"https:\\\/\\\/www.melpool.com\\\/wp-content\\\/uploads\\\/2021\\\/08\\\/Melpool-Logo-blauw.png\",\"width\":1729,\"height\":542,\"caption\":\"Melpool\"},\"image\":{\"@id\":\"https:\\\/\\\/www.melpool.com\\\/fi\\\/#\\\/schema\\\/logo\\\/image\\\/\"}}]}<\/script>\n<!-- \/ Yoast SEO plugin. -->","yoast_head_json":{"title":"Melpool GEL-A - Melpool","robots":{"index":"index","follow":"follow","max-snippet":"max-snippet:-1","max-image-preview":"max-image-preview:large","max-video-preview":"max-video-preview:-1"},"canonical":"https:\/\/www.melpool.com\/fi\/tuote\/melpool-gel-a\/","og_locale":"fi_FI","og_type":"article","og_title":"Melpool GEL-A - Melpool","og_description":"Reunan puhdistusaine Anti-Cal altaille ja kylpyl\u00f6ille. Poistaa ja ehk\u00e4isee kalkin muodostumista veden \u00e4\u00e4rell\u00e4. Tehokas kalkinpoistoaine, hell\u00e4varainen herkille pinnoille. Erityinen altaan reunan puhdistusaine, jolla on geeliominaisuuksia. Kiinnittyy erityisen hyvin sein\u00e4\u00e4n. Soveltuu mille tahansa pinopinnalle.","og_url":"https:\/\/www.melpool.com\/fi\/tuote\/melpool-gel-a\/","og_site_name":"Melpool","article_modified_time":"2023-03-02T12:39:31+00:00","og_image":[{"width":2000,"height":2500,"url":"https:\/\/www.melpool.com\/wp-content\/uploads\/2022\/04\/Melpool.1L.Gel-A-NL.jpg","type":"image\/jpeg"}],"twitter_card":"summary_large_image","schema":{"@context":"https:\/\/schema.org","@graph":[{"@type":"WebPage","@id":"https:\/\/www.melpool.com\/fi\/tuote\/melpool-gel-a\/","url":"https:\/\/www.melpool.com\/fi\/tuote\/melpool-gel-a\/","name":"Melpool GEL-A - Melpool","isPartOf":{"@id":"https:\/\/www.melpool.com\/fi\/#website"},"primaryImageOfPage":{"@id":"https:\/\/www.melpool.com\/fi\/tuote\/melpool-gel-a\/#primaryimage"},"image":{"@id":"https:\/\/www.melpool.com\/fi\/tuote\/melpool-gel-a\/#primaryimage"},"thumbnailUrl":"https:\/\/www.melpool.com\/wp-content\/uploads\/2022\/04\/Melpool.1L.Gel-A-NL.jpg","datePublished":"2022-12-23T13:47:44+00:00","dateModified":"2023-03-02T12:39:31+00:00","breadcrumb":{"@id":"https:\/\/www.melpool.com\/fi\/tuote\/melpool-gel-a\/#breadcrumb"},"inLanguage":"fi","potentialAction":[{"@type":"ReadAction","target":["https:\/\/www.melpool.com\/fi\/tuote\/melpool-gel-a\/"]}]},{"@type":"ImageObject","inLanguage":"fi","@id":"https:\/\/www.melpool.com\/fi\/tuote\/melpool-gel-a\/#primaryimage","url":"https:\/\/www.melpool.com\/wp-content\/uploads\/2022\/04\/Melpool.1L.Gel-A-NL.jpg","contentUrl":"https:\/\/www.melpool.com\/wp-content\/uploads\/2022\/04\/Melpool.1L.Gel-A-NL.jpg","width":2000,"height":2500},{"@type":"BreadcrumbList","@id":"https:\/\/www.melpool.com\/fi\/tuote\/melpool-gel-a\/#breadcrumb","itemListElement":[{"@type":"ListItem","position":1,"name":"Home","item":"https:\/\/www.melpool.com\/fi\/"},{"@type":"ListItem","position":2,"name":"Tuotteet","item":"https:\/\/www.melpool.com\/fi\/tuote\/"},{"@type":"ListItem","position":3,"name":"Puhdistus","item":"https:\/\/www.melpool.com\/fi\/tuoteryhma\/puhdistus\/"},{"@type":"ListItem","position":4,"name":"Melpool GEL-A"}]},{"@type":"WebSite","@id":"https:\/\/www.melpool.com\/fi\/#website","url":"https:\/\/www.melpool.com\/fi\/","name":"Melpool","description":"Alles voor waterbehandeling van uw zwembad","publisher":{"@id":"https:\/\/www.melpool.com\/fi\/#organization"},"potentialAction":[{"@type":"SearchAction","target":{"@type":"EntryPoint","urlTemplate":"https:\/\/www.melpool.com\/fi\/?s={search_term_string}"},"query-input":{"@type":"PropertyValueSpecification","valueRequired":true,"valueName":"search_term_string"}}],"inLanguage":"fi"},{"@type":"Organization","@id":"https:\/\/www.melpool.com\/fi\/#organization","name":"Melpool","url":"https:\/\/www.melpool.com\/fi\/","logo":{"@type":"ImageObject","inLanguage":"fi","@id":"https:\/\/www.melpool.com\/fi\/#\/schema\/logo\/image\/","url":"https:\/\/www.melpool.com\/wp-content\/uploads\/2021\/08\/Melpool-Logo-blauw.png","contentUrl":"https:\/\/www.melpool.com\/wp-content\/uploads\/2021\/08\/Melpool-Logo-blauw.png","width":1729,"height":542,"caption":"Melpool"},"image":{"@id":"https:\/\/www.melpool.com\/fi\/#\/schema\/logo\/image\/"}}]}},"_links":{"self":[{"href":"https:\/\/www.melpool.com\/fi\/wp-json\/wp\/v2\/product\/4888","targetHints":{"allow":["GET"]}}],"collection":[{"href":"https:\/\/www.melpool.com\/fi\/wp-json\/wp\/v2\/product"}],"about":[{"href":"https:\/\/www.melpool.com\/fi\/wp-json\/wp\/v2\/types\/product"}],"wp:featuredmedia":[{"embeddable":true,"href":"https:\/\/www.melpool.com\/fi\/wp-json\/wp\/v2\/media\/4889"}],"wp:attachment":[{"href":"https:\/\/www.melpool.com\/fi\/wp-json\/wp\/v2\/media?parent=4888"}],"wp:term":[{"taxonomy":"behandeling","embeddable":true,"href":"https:\/\/www.melpool.com\/fi\/wp-json\/wp\/v2\/behandeling?post=4888"},{"taxonomy":"product_categorie","embeddable":true,"href":"https:\/\/www.melpool.com\/fi\/wp-json\/wp\/v2\/product_categorie?post=4888"},{"taxonomy":"product_type","embeddable":true,"href":"https:\/\/www.melpool.com\/fi\/wp-json\/wp\/v2\/product_type?post=4888"}],"curies":[{"name":"wp","href":"https:\/\/api.w.org\/{rel}","templated":true}]}}