{"id":7004,"date":"2023-03-21T19:34:32","date_gmt":"2023-03-21T18:34:32","guid":{"rendered":"https:\/\/www.melpool.com\/product\/melpool-70-g-2\/"},"modified":"2023-03-22T10:29:41","modified_gmt":"2023-03-22T09:29:41","slug":"melpool-70-g","status":"publish","type":"product","link":"https:\/\/www.melpool.com\/fi\/tuote\/melpool-70-g\/","title":{"rendered":"Melpool 70\/G"},"content":{"rendered":"\n<p><strong>Rakeet desinfiointiin ja lev\u00e4ntorjuntaan<\/strong>.  <\/p>\n\n\n\n<p>Nopeasti liukenevat kloorirakeet (v\u00e4hint\u00e4\u00e4n 70 % Cl). Eritt\u00e4in tehokas lev\u00e4\u00e4 ja orgaanisia kerrostumia vastaan. Ihanteellinen kloorisokkiin ja kauden alkuun. Jatkuvaan desinfiointiin pehme\u00e4ss\u00e4 ja keskikovassa vedess\u00e4. Laadukas kloorituote: soveltuu my\u00f6s julkisiin uima-altaisiin ja juomaveden desinfiointiin. Ei sis\u00e4ll\u00e4 klooristabilointiainetta: ei vaaraa kloorin liiallisesta stabiloinnista.<\/p>\n","protected":false},"excerpt":{"rendered":"<p>Rakeet desinfiointiin ja lev\u00e4ntorjuntaan. Nopeasti liukenevat kloorirakeet (v\u00e4hint\u00e4\u00e4n 70 % Cl). Eritt\u00e4in tehokas lev\u00e4\u00e4 ja orgaanisia kerrostumia vastaan. Ihanteellinen kloorisokkiin ja kauden alkuun. Jatkuvaan desinfiointiin pehme\u00e4ss\u00e4 ja keskikovassa vedess\u00e4. Laadukas kloorituote: soveltuu my\u00f6s julkisiin uima-altaisiin ja juomaveden desinfiointiin. Ei sis\u00e4ll\u00e4 klooristabilointiainetta: ei vaaraa kloorin liiallisesta stabiloinnista.<\/p>\n","protected":false},"featured_media":5101,"template":"","behandeling":[149],"product_categorie":[142],"product_type":[],"class_list":["post-7004","product","type-product","status-publish","has-post-thumbnail","hentry","behandeling-kaynnistaminen-ja-annostelu","product_categorie-desinfiointi"],"acf":[],"yoast_head":"<!-- This site is optimized with the Yoast SEO plugin v27.3 - https:\/\/yoast.com\/product\/yoast-seo-wordpress\/ -->\n<title>Melpool 70\/G - Melpool<\/title>\n<meta name=\"robots\" content=\"index, follow, max-snippet:-1, max-image-preview:large, max-video-preview:-1\" \/>\n<link rel=\"canonical\" href=\"https:\/\/www.melpool.com\/fi\/tuote\/melpool-70-g\/\" \/>\n<meta property=\"og:locale\" content=\"fi_FI\" \/>\n<meta property=\"og:type\" content=\"article\" \/>\n<meta property=\"og:title\" content=\"Melpool 70\/G - Melpool\" \/>\n<meta property=\"og:description\" content=\"Rakeet desinfiointiin ja lev\u00e4ntorjuntaan. Nopeasti liukenevat kloorirakeet (v\u00e4hint\u00e4\u00e4n 70 % Cl). Eritt\u00e4in tehokas lev\u00e4\u00e4 ja orgaanisia kerrostumia vastaan. Ihanteellinen kloorisokkiin ja kauden alkuun. Jatkuvaan desinfiointiin pehme\u00e4ss\u00e4 ja keskikovassa vedess\u00e4. Laadukas kloorituote: soveltuu my\u00f6s julkisiin uima-altaisiin ja juomaveden desinfiointiin. Ei sis\u00e4ll\u00e4 klooristabilointiainetta: ei vaaraa kloorin liiallisesta stabiloinnista.\" \/>\n<meta property=\"og:url\" content=\"https:\/\/www.melpool.com\/fi\/tuote\/melpool-70-g\/\" \/>\n<meta property=\"og:site_name\" content=\"Melpool\" \/>\n<meta property=\"article:modified_time\" content=\"2023-03-22T09:29:41+00:00\" \/>\n<meta property=\"og:image\" content=\"https:\/\/www.melpool.com\/wp-content\/uploads\/2021\/10\/Melpool.5kg.70-G-EN.chlore-shock.jpg\" \/>\n\t<meta property=\"og:image:width\" content=\"2000\" \/>\n\t<meta property=\"og:image:height\" content=\"2500\" \/>\n\t<meta property=\"og:image:type\" content=\"image\/jpeg\" \/>\n<meta name=\"twitter:card\" content=\"summary_large_image\" \/>\n<meta name=\"twitter:label1\" content=\"Arvioitu lukuaika\" \/>\n\t<meta name=\"twitter:data1\" content=\"1 minuutti\" \/>\n<script type=\"application\/ld+json\" class=\"yoast-schema-graph\">{\"@context\":\"https:\\\/\\\/schema.org\",\"@graph\":[{\"@type\":\"WebPage\",\"@id\":\"https:\\\/\\\/www.melpool.com\\\/fi\\\/tuote\\\/melpool-70-g\\\/\",\"url\":\"https:\\\/\\\/www.melpool.com\\\/fi\\\/tuote\\\/melpool-70-g\\\/\",\"name\":\"Melpool 70\\\/G - Melpool\",\"isPartOf\":{\"@id\":\"https:\\\/\\\/www.melpool.com\\\/fi\\\/#website\"},\"primaryImageOfPage\":{\"@id\":\"https:\\\/\\\/www.melpool.com\\\/fi\\\/tuote\\\/melpool-70-g\\\/#primaryimage\"},\"image\":{\"@id\":\"https:\\\/\\\/www.melpool.com\\\/fi\\\/tuote\\\/melpool-70-g\\\/#primaryimage\"},\"thumbnailUrl\":\"https:\\\/\\\/www.melpool.com\\\/wp-content\\\/uploads\\\/2021\\\/10\\\/Melpool.5kg.70-G-EN.chlore-shock.jpg\",\"datePublished\":\"2023-03-21T18:34:32+00:00\",\"dateModified\":\"2023-03-22T09:29:41+00:00\",\"breadcrumb\":{\"@id\":\"https:\\\/\\\/www.melpool.com\\\/fi\\\/tuote\\\/melpool-70-g\\\/#breadcrumb\"},\"inLanguage\":\"fi\",\"potentialAction\":[{\"@type\":\"ReadAction\",\"target\":[\"https:\\\/\\\/www.melpool.com\\\/fi\\\/tuote\\\/melpool-70-g\\\/\"]}]},{\"@type\":\"ImageObject\",\"inLanguage\":\"fi\",\"@id\":\"https:\\\/\\\/www.melpool.com\\\/fi\\\/tuote\\\/melpool-70-g\\\/#primaryimage\",\"url\":\"https:\\\/\\\/www.melpool.com\\\/wp-content\\\/uploads\\\/2021\\\/10\\\/Melpool.5kg.70-G-EN.chlore-shock.jpg\",\"contentUrl\":\"https:\\\/\\\/www.melpool.com\\\/wp-content\\\/uploads\\\/2021\\\/10\\\/Melpool.5kg.70-G-EN.chlore-shock.jpg\",\"width\":2000,\"height\":2500},{\"@type\":\"BreadcrumbList\",\"@id\":\"https:\\\/\\\/www.melpool.com\\\/fi\\\/tuote\\\/melpool-70-g\\\/#breadcrumb\",\"itemListElement\":[{\"@type\":\"ListItem\",\"position\":1,\"name\":\"Home\",\"item\":\"https:\\\/\\\/www.melpool.com\\\/fi\\\/\"},{\"@type\":\"ListItem\",\"position\":2,\"name\":\"Tuotteet\",\"item\":\"https:\\\/\\\/www.melpool.com\\\/fi\\\/tuote\\\/\"},{\"@type\":\"ListItem\",\"position\":3,\"name\":\"Desinfiointi\",\"item\":\"https:\\\/\\\/www.melpool.com\\\/fi\\\/tuoteryhma\\\/desinfiointi\\\/\"},{\"@type\":\"ListItem\",\"position\":4,\"name\":\"Melpool 70\\\/G\"}]},{\"@type\":\"WebSite\",\"@id\":\"https:\\\/\\\/www.melpool.com\\\/fi\\\/#website\",\"url\":\"https:\\\/\\\/www.melpool.com\\\/fi\\\/\",\"name\":\"Melpool\",\"description\":\"Alles voor waterbehandeling van uw zwembad\",\"publisher\":{\"@id\":\"https:\\\/\\\/www.melpool.com\\\/fi\\\/#organization\"},\"potentialAction\":[{\"@type\":\"SearchAction\",\"target\":{\"@type\":\"EntryPoint\",\"urlTemplate\":\"https:\\\/\\\/www.melpool.com\\\/fi\\\/?s={search_term_string}\"},\"query-input\":{\"@type\":\"PropertyValueSpecification\",\"valueRequired\":true,\"valueName\":\"search_term_string\"}}],\"inLanguage\":\"fi\"},{\"@type\":\"Organization\",\"@id\":\"https:\\\/\\\/www.melpool.com\\\/fi\\\/#organization\",\"name\":\"Melpool\",\"url\":\"https:\\\/\\\/www.melpool.com\\\/fi\\\/\",\"logo\":{\"@type\":\"ImageObject\",\"inLanguage\":\"fi\",\"@id\":\"https:\\\/\\\/www.melpool.com\\\/fi\\\/#\\\/schema\\\/logo\\\/image\\\/\",\"url\":\"https:\\\/\\\/www.melpool.com\\\/wp-content\\\/uploads\\\/2021\\\/08\\\/Melpool-Logo-blauw.png\",\"contentUrl\":\"https:\\\/\\\/www.melpool.com\\\/wp-content\\\/uploads\\\/2021\\\/08\\\/Melpool-Logo-blauw.png\",\"width\":1729,\"height\":542,\"caption\":\"Melpool\"},\"image\":{\"@id\":\"https:\\\/\\\/www.melpool.com\\\/fi\\\/#\\\/schema\\\/logo\\\/image\\\/\"}}]}<\/script>\n<!-- \/ Yoast SEO plugin. -->","yoast_head_json":{"title":"Melpool 70\/G - Melpool","robots":{"index":"index","follow":"follow","max-snippet":"max-snippet:-1","max-image-preview":"max-image-preview:large","max-video-preview":"max-video-preview:-1"},"canonical":"https:\/\/www.melpool.com\/fi\/tuote\/melpool-70-g\/","og_locale":"fi_FI","og_type":"article","og_title":"Melpool 70\/G - Melpool","og_description":"Rakeet desinfiointiin ja lev\u00e4ntorjuntaan. Nopeasti liukenevat kloorirakeet (v\u00e4hint\u00e4\u00e4n 70 % Cl). Eritt\u00e4in tehokas lev\u00e4\u00e4 ja orgaanisia kerrostumia vastaan. Ihanteellinen kloorisokkiin ja kauden alkuun. Jatkuvaan desinfiointiin pehme\u00e4ss\u00e4 ja keskikovassa vedess\u00e4. Laadukas kloorituote: soveltuu my\u00f6s julkisiin uima-altaisiin ja juomaveden desinfiointiin. Ei sis\u00e4ll\u00e4 klooristabilointiainetta: ei vaaraa kloorin liiallisesta stabiloinnista.","og_url":"https:\/\/www.melpool.com\/fi\/tuote\/melpool-70-g\/","og_site_name":"Melpool","article_modified_time":"2023-03-22T09:29:41+00:00","og_image":[{"width":2000,"height":2500,"url":"https:\/\/www.melpool.com\/wp-content\/uploads\/2021\/10\/Melpool.5kg.70-G-EN.chlore-shock.jpg","type":"image\/jpeg"}],"twitter_card":"summary_large_image","twitter_misc":{"Arvioitu lukuaika":"1 minuutti"},"schema":{"@context":"https:\/\/schema.org","@graph":[{"@type":"WebPage","@id":"https:\/\/www.melpool.com\/fi\/tuote\/melpool-70-g\/","url":"https:\/\/www.melpool.com\/fi\/tuote\/melpool-70-g\/","name":"Melpool 70\/G - Melpool","isPartOf":{"@id":"https:\/\/www.melpool.com\/fi\/#website"},"primaryImageOfPage":{"@id":"https:\/\/www.melpool.com\/fi\/tuote\/melpool-70-g\/#primaryimage"},"image":{"@id":"https:\/\/www.melpool.com\/fi\/tuote\/melpool-70-g\/#primaryimage"},"thumbnailUrl":"https:\/\/www.melpool.com\/wp-content\/uploads\/2021\/10\/Melpool.5kg.70-G-EN.chlore-shock.jpg","datePublished":"2023-03-21T18:34:32+00:00","dateModified":"2023-03-22T09:29:41+00:00","breadcrumb":{"@id":"https:\/\/www.melpool.com\/fi\/tuote\/melpool-70-g\/#breadcrumb"},"inLanguage":"fi","potentialAction":[{"@type":"ReadAction","target":["https:\/\/www.melpool.com\/fi\/tuote\/melpool-70-g\/"]}]},{"@type":"ImageObject","inLanguage":"fi","@id":"https:\/\/www.melpool.com\/fi\/tuote\/melpool-70-g\/#primaryimage","url":"https:\/\/www.melpool.com\/wp-content\/uploads\/2021\/10\/Melpool.5kg.70-G-EN.chlore-shock.jpg","contentUrl":"https:\/\/www.melpool.com\/wp-content\/uploads\/2021\/10\/Melpool.5kg.70-G-EN.chlore-shock.jpg","width":2000,"height":2500},{"@type":"BreadcrumbList","@id":"https:\/\/www.melpool.com\/fi\/tuote\/melpool-70-g\/#breadcrumb","itemListElement":[{"@type":"ListItem","position":1,"name":"Home","item":"https:\/\/www.melpool.com\/fi\/"},{"@type":"ListItem","position":2,"name":"Tuotteet","item":"https:\/\/www.melpool.com\/fi\/tuote\/"},{"@type":"ListItem","position":3,"name":"Desinfiointi","item":"https:\/\/www.melpool.com\/fi\/tuoteryhma\/desinfiointi\/"},{"@type":"ListItem","position":4,"name":"Melpool 70\/G"}]},{"@type":"WebSite","@id":"https:\/\/www.melpool.com\/fi\/#website","url":"https:\/\/www.melpool.com\/fi\/","name":"Melpool","description":"Alles voor waterbehandeling van uw zwembad","publisher":{"@id":"https:\/\/www.melpool.com\/fi\/#organization"},"potentialAction":[{"@type":"SearchAction","target":{"@type":"EntryPoint","urlTemplate":"https:\/\/www.melpool.com\/fi\/?s={search_term_string}"},"query-input":{"@type":"PropertyValueSpecification","valueRequired":true,"valueName":"search_term_string"}}],"inLanguage":"fi"},{"@type":"Organization","@id":"https:\/\/www.melpool.com\/fi\/#organization","name":"Melpool","url":"https:\/\/www.melpool.com\/fi\/","logo":{"@type":"ImageObject","inLanguage":"fi","@id":"https:\/\/www.melpool.com\/fi\/#\/schema\/logo\/image\/","url":"https:\/\/www.melpool.com\/wp-content\/uploads\/2021\/08\/Melpool-Logo-blauw.png","contentUrl":"https:\/\/www.melpool.com\/wp-content\/uploads\/2021\/08\/Melpool-Logo-blauw.png","width":1729,"height":542,"caption":"Melpool"},"image":{"@id":"https:\/\/www.melpool.com\/fi\/#\/schema\/logo\/image\/"}}]}},"_links":{"self":[{"href":"https:\/\/www.melpool.com\/fi\/wp-json\/wp\/v2\/product\/7004","targetHints":{"allow":["GET"]}}],"collection":[{"href":"https:\/\/www.melpool.com\/fi\/wp-json\/wp\/v2\/product"}],"about":[{"href":"https:\/\/www.melpool.com\/fi\/wp-json\/wp\/v2\/types\/product"}],"wp:featuredmedia":[{"embeddable":true,"href":"https:\/\/www.melpool.com\/fi\/wp-json\/wp\/v2\/media\/5101"}],"wp:attachment":[{"href":"https:\/\/www.melpool.com\/fi\/wp-json\/wp\/v2\/media?parent=7004"}],"wp:term":[{"taxonomy":"behandeling","embeddable":true,"href":"https:\/\/www.melpool.com\/fi\/wp-json\/wp\/v2\/behandeling?post=7004"},{"taxonomy":"product_categorie","embeddable":true,"href":"https:\/\/www.melpool.com\/fi\/wp-json\/wp\/v2\/product_categorie?post=7004"},{"taxonomy":"product_type","embeddable":true,"href":"https:\/\/www.melpool.com\/fi\/wp-json\/wp\/v2\/product_type?post=7004"}],"curies":[{"name":"wp","href":"https:\/\/api.w.org\/{rel}","templated":true}]}}