{"id":3903,"date":"2022-12-01T14:41:15","date_gmt":"2022-12-01T14:41:15","guid":{"rendered":"https:\/\/melpool.i-aspect.com\/termes-et-conditions\/"},"modified":"2023-03-09T16:10:56","modified_gmt":"2023-03-09T16:10:56","slug":"termes-et-conditions","status":"publish","type":"page","link":"https:\/\/www.melpool.com\/fr\/termes-et-conditions\/","title":{"rendered":"Termes et conditions"},"content":{"rendered":"\t\t<div data-elementor-type=\"wp-page\" data-elementor-id=\"3903\" class=\"elementor elementor-3903 elementor-687\" data-elementor-post-type=\"page\">\n\t\t\t\t\t\t<section class=\"elementor-section elementor-top-section elementor-element elementor-element-5314d7c9 elementor-section-boxed elementor-section-height-default elementor-section-height-default\" data-id=\"5314d7c9\" data-element_type=\"section\" data-e-type=\"section\">\n\t\t\t\t\t\t<div class=\"elementor-container elementor-column-gap-default\">\n\t\t\t\t\t<div class=\"elementor-column elementor-col-100 elementor-top-column elementor-element elementor-element-38d69e89\" data-id=\"38d69e89\" data-element_type=\"column\" data-e-type=\"column\">\n\t\t\t<div class=\"elementor-widget-wrap elementor-element-populated\">\n\t\t\t\t\t\t<div class=\"elementor-element elementor-element-416b3ac6 elementor-widget elementor-widget-text-editor\" data-id=\"416b3ac6\" data-element_type=\"widget\" data-e-type=\"widget\" data-widget_type=\"text-editor.default\">\n\t\t\t\t<div class=\"elementor-widget-container\">\n\t\t\t\t\t\t\t\t\t<p><strong>Termes et conditions Melspring International B.V.<\/strong><\/p>\n<ul>\n<li><a href=\"https:\/\/www.melpool.com\/wp-content\/uploads\/2023\/02\/MIBV.General.Purchasing.Conditions.EN_.pdf\">Conditions g\u00e9n\u00e9rales d&rsquo;achat<\/a><\/li>\n<li><a href=\"https:\/\/www.melpool.com\/wp-content\/uploads\/2023\/02\/MIBV.General.Conditions.of_.Sales_.and_.Deliveries.EN_.pdf\">Conditions g\u00e9n\u00e9rales de vente et de livraison<\/a><\/li>\n<\/ul>\n<p><strong> <\/strong><\/p>\n<p><strong>Site de conditions g\u00e9n\u00e9rales<\/strong><br \/>www.melpool.com et toutes les pages sous-jacentes ;<br \/><span style=\"color: var( --e-global-color-text ); font-family: var( --e-global-typography-text-font-family ), Sans-serif;\"><br \/><b>Utilisateur<br \/><\/b><\/span><span style=\"color: var( --e-global-color-text ); font-family: var( --e-global-typography-text-font-family ), Sans-serif;\"><span style=\"font-weight: var( --e-global-typography-text-font-weight );\">Les visiteurs du site Web ;<\/span><br \/><\/span><span style=\"color: var( --e-global-color-text ); font-family: var( --e-global-typography-text-font-family ), Sans-serif;\"><br \/><b>Compagnie<br \/><\/b><\/span><span style=\"color: var( --e-global-color-text ); font-family: var( --e-global-typography-text-font-family ), Sans-serif; font-weight: var( --e-global-typography-text-font-weight );\">Melspring est l&rsquo;\u00e9diteur autoris\u00e9 de la page Web ; Ce qui suit s&rsquo;applique \u00e0 notre site Web. En utilisant le site Web, vous acceptez cette clause de non-responsabilit\u00e9. Melspring :<\/span><\/p>\n<ul>\n<li>Met \u00e0 jour r\u00e9guli\u00e8rement le contenu du site Web et met r\u00e9guli\u00e8rement \u00e0 jour le site Web. Malgr\u00e9 ces efforts, le contenu de ce site Web peut \u00eatre incomplet ou obsol\u00e8te.<\/li>\n<li>Ne garantit en aucune mani\u00e8re l&rsquo;exactitude ou l&rsquo;exhaustivit\u00e9 des informations consult\u00e9es sur ce site.<\/li>\n<li>Ne garantit pas la s\u00e9curit\u00e9 de notre site internet et ne peut donc \u00eatre tenu responsable de tout dommage subi directement ou indirectement du fait de l&rsquo;utilisation de notre site internet.<\/li>\n<li>N&rsquo;est pas responsable des pages de parties externes auxquelles il est fait r\u00e9f\u00e9rence ;<\/li>\n<li>Fournit des informations sur son site Web sans garantie ni garantie d&rsquo;aucune sorte. Aucun droit ne peut \u00eatre d\u00e9riv\u00e9 de quelque mani\u00e8re que ce soit des informations sur le site Web;<\/li>\n<li>Ne peut \u00eatre tenu responsable de quelque dommage que ce soit subi du fait de l&rsquo;utilisation des informations sur melpool.com ;<\/li>\n<li>Peut modifier ou interrompre le site Web \u00e0 sa propre discr\u00e9tion et \u00e0 tout moment. Melspring ne peut donc \u00eatre tenu responsable des cons\u00e9quences de modifications ou de r\u00e9siliation sur\/depuis melpool.com ;<\/li>\n<\/ul>\n<p>L&rsquo;utilisateur est seul responsable de l&rsquo;utilisation de toutes les informations fournies sur melpool.com ;<\/p>\n\t\t\t\t\t\t\t\t<\/div>\n\t\t\t\t<\/div>\n\t\t\t\t\t<\/div>\n\t\t<\/div>\n\t\t\t\t\t<\/div>\n\t\t<\/section>\n\t\t\t\t<\/div>\n\t\t","protected":false},"excerpt":{"rendered":"<p>Termes et conditions Melspring International B.V. Conditions g\u00e9n\u00e9rales d&rsquo;achat Conditions g\u00e9n\u00e9rales de vente et de livraison Site de conditions g\u00e9n\u00e9raleswww.melpool.com et toutes les pages sous-jacentes ; UtilisateurLes visiteurs du site Web ; CompagnieMelspring est l&rsquo;\u00e9diteur autoris\u00e9 de la page Web ; Ce qui suit s&rsquo;applique \u00e0 notre site Web. En utilisant le site Web, vous [&hellip;]<\/p>\n","protected":false},"author":1,"featured_media":0,"parent":0,"menu_order":0,"comment_status":"closed","ping_status":"closed","template":"","meta":{"_acf_changed":false,"footnotes":""},"class_list":["post-3903","page","type-page","status-publish","hentry"],"acf":[],"yoast_head":"<!-- This site is optimized with the Yoast SEO plugin v27.5 - https:\/\/yoast.com\/product\/yoast-seo-wordpress\/ -->\n<title>Termes et conditions - Melpool<\/title>\n<meta name=\"robots\" content=\"index, follow, max-snippet:-1, max-image-preview:large, max-video-preview:-1\" \/>\n<link rel=\"canonical\" href=\"https:\/\/www.melpool.com\/fr\/termes-et-conditions\/\" \/>\n<meta property=\"og:locale\" content=\"fr_FR\" \/>\n<meta property=\"og:type\" content=\"article\" \/>\n<meta property=\"og:title\" content=\"Termes et conditions - Melpool\" \/>\n<meta property=\"og:description\" content=\"Termes et conditions Melspring International B.V. Conditions g\u00e9n\u00e9rales d&rsquo;achat Conditions g\u00e9n\u00e9rales de vente et de livraison Site de conditions g\u00e9n\u00e9raleswww.melpool.com et toutes les pages sous-jacentes ; UtilisateurLes visiteurs du site Web ; CompagnieMelspring est l&rsquo;\u00e9diteur autoris\u00e9 de la page Web ; Ce qui suit s&rsquo;applique \u00e0 notre site Web. En utilisant le site Web, vous [&hellip;]\" \/>\n<meta property=\"og:url\" content=\"https:\/\/www.melpool.com\/fr\/termes-et-conditions\/\" \/>\n<meta property=\"og:site_name\" content=\"Melpool\" \/>\n<meta property=\"article:modified_time\" content=\"2023-03-09T16:10:56+00:00\" \/>\n<meta name=\"twitter:card\" content=\"summary_large_image\" \/>\n<meta name=\"twitter:label1\" content=\"Dur\u00e9e de lecture estim\u00e9e\" \/>\n\t<meta name=\"twitter:data1\" content=\"1 minute\" \/>\n<script type=\"application\/ld+json\" class=\"yoast-schema-graph\">{\"@context\":\"https:\\\/\\\/schema.org\",\"@graph\":[{\"@type\":\"WebPage\",\"@id\":\"https:\\\/\\\/www.melpool.com\\\/fr\\\/termes-et-conditions\\\/\",\"url\":\"https:\\\/\\\/www.melpool.com\\\/fr\\\/termes-et-conditions\\\/\",\"name\":\"Termes et conditions - Melpool\",\"isPartOf\":{\"@id\":\"https:\\\/\\\/www.melpool.com\\\/fr\\\/#website\"},\"datePublished\":\"2022-12-01T14:41:15+00:00\",\"dateModified\":\"2023-03-09T16:10:56+00:00\",\"breadcrumb\":{\"@id\":\"https:\\\/\\\/www.melpool.com\\\/fr\\\/termes-et-conditions\\\/#breadcrumb\"},\"inLanguage\":\"fr-FR\",\"potentialAction\":[{\"@type\":\"ReadAction\",\"target\":[\"https:\\\/\\\/www.melpool.com\\\/fr\\\/termes-et-conditions\\\/\"]}]},{\"@type\":\"BreadcrumbList\",\"@id\":\"https:\\\/\\\/www.melpool.com\\\/fr\\\/termes-et-conditions\\\/#breadcrumb\",\"itemListElement\":[{\"@type\":\"ListItem\",\"position\":1,\"name\":\"Home\",\"item\":\"https:\\\/\\\/www.melpool.com\\\/fr\\\/\"},{\"@type\":\"ListItem\",\"position\":2,\"name\":\"Termes et conditions\"}]},{\"@type\":\"WebSite\",\"@id\":\"https:\\\/\\\/www.melpool.com\\\/fr\\\/#website\",\"url\":\"https:\\\/\\\/www.melpool.com\\\/fr\\\/\",\"name\":\"Melpool\",\"description\":\"Alles voor waterbehandeling van uw zwembad\",\"publisher\":{\"@id\":\"https:\\\/\\\/www.melpool.com\\\/fr\\\/#organization\"},\"potentialAction\":[{\"@type\":\"SearchAction\",\"target\":{\"@type\":\"EntryPoint\",\"urlTemplate\":\"https:\\\/\\\/www.melpool.com\\\/fr\\\/?s={search_term_string}\"},\"query-input\":{\"@type\":\"PropertyValueSpecification\",\"valueRequired\":true,\"valueName\":\"search_term_string\"}}],\"inLanguage\":\"fr-FR\"},{\"@type\":\"Organization\",\"@id\":\"https:\\\/\\\/www.melpool.com\\\/fr\\\/#organization\",\"name\":\"Melpool\",\"url\":\"https:\\\/\\\/www.melpool.com\\\/fr\\\/\",\"logo\":{\"@type\":\"ImageObject\",\"inLanguage\":\"fr-FR\",\"@id\":\"https:\\\/\\\/www.melpool.com\\\/fr\\\/#\\\/schema\\\/logo\\\/image\\\/\",\"url\":\"https:\\\/\\\/www.melpool.com\\\/wp-content\\\/uploads\\\/2021\\\/08\\\/Melpool-Logo-blauw.png\",\"contentUrl\":\"https:\\\/\\\/www.melpool.com\\\/wp-content\\\/uploads\\\/2021\\\/08\\\/Melpool-Logo-blauw.png\",\"width\":1729,\"height\":542,\"caption\":\"Melpool\"},\"image\":{\"@id\":\"https:\\\/\\\/www.melpool.com\\\/fr\\\/#\\\/schema\\\/logo\\\/image\\\/\"}}]}<\/script>\n<!-- \/ Yoast SEO plugin. -->","yoast_head_json":{"title":"Termes et conditions - Melpool","robots":{"index":"index","follow":"follow","max-snippet":"max-snippet:-1","max-image-preview":"max-image-preview:large","max-video-preview":"max-video-preview:-1"},"canonical":"https:\/\/www.melpool.com\/fr\/termes-et-conditions\/","og_locale":"fr_FR","og_type":"article","og_title":"Termes et conditions - Melpool","og_description":"Termes et conditions Melspring International B.V. Conditions g\u00e9n\u00e9rales d&rsquo;achat Conditions g\u00e9n\u00e9rales de vente et de livraison Site de conditions g\u00e9n\u00e9raleswww.melpool.com et toutes les pages sous-jacentes ; UtilisateurLes visiteurs du site Web ; CompagnieMelspring est l&rsquo;\u00e9diteur autoris\u00e9 de la page Web ; Ce qui suit s&rsquo;applique \u00e0 notre site Web. En utilisant le site Web, vous [&hellip;]","og_url":"https:\/\/www.melpool.com\/fr\/termes-et-conditions\/","og_site_name":"Melpool","article_modified_time":"2023-03-09T16:10:56+00:00","twitter_card":"summary_large_image","twitter_misc":{"Dur\u00e9e de lecture estim\u00e9e":"1 minute"},"schema":{"@context":"https:\/\/schema.org","@graph":[{"@type":"WebPage","@id":"https:\/\/www.melpool.com\/fr\/termes-et-conditions\/","url":"https:\/\/www.melpool.com\/fr\/termes-et-conditions\/","name":"Termes et conditions - Melpool","isPartOf":{"@id":"https:\/\/www.melpool.com\/fr\/#website"},"datePublished":"2022-12-01T14:41:15+00:00","dateModified":"2023-03-09T16:10:56+00:00","breadcrumb":{"@id":"https:\/\/www.melpool.com\/fr\/termes-et-conditions\/#breadcrumb"},"inLanguage":"fr-FR","potentialAction":[{"@type":"ReadAction","target":["https:\/\/www.melpool.com\/fr\/termes-et-conditions\/"]}]},{"@type":"BreadcrumbList","@id":"https:\/\/www.melpool.com\/fr\/termes-et-conditions\/#breadcrumb","itemListElement":[{"@type":"ListItem","position":1,"name":"Home","item":"https:\/\/www.melpool.com\/fr\/"},{"@type":"ListItem","position":2,"name":"Termes et conditions"}]},{"@type":"WebSite","@id":"https:\/\/www.melpool.com\/fr\/#website","url":"https:\/\/www.melpool.com\/fr\/","name":"Melpool","description":"Alles voor waterbehandeling van uw zwembad","publisher":{"@id":"https:\/\/www.melpool.com\/fr\/#organization"},"potentialAction":[{"@type":"SearchAction","target":{"@type":"EntryPoint","urlTemplate":"https:\/\/www.melpool.com\/fr\/?s={search_term_string}"},"query-input":{"@type":"PropertyValueSpecification","valueRequired":true,"valueName":"search_term_string"}}],"inLanguage":"fr-FR"},{"@type":"Organization","@id":"https:\/\/www.melpool.com\/fr\/#organization","name":"Melpool","url":"https:\/\/www.melpool.com\/fr\/","logo":{"@type":"ImageObject","inLanguage":"fr-FR","@id":"https:\/\/www.melpool.com\/fr\/#\/schema\/logo\/image\/","url":"https:\/\/www.melpool.com\/wp-content\/uploads\/2021\/08\/Melpool-Logo-blauw.png","contentUrl":"https:\/\/www.melpool.com\/wp-content\/uploads\/2021\/08\/Melpool-Logo-blauw.png","width":1729,"height":542,"caption":"Melpool"},"image":{"@id":"https:\/\/www.melpool.com\/fr\/#\/schema\/logo\/image\/"}}]}},"_links":{"self":[{"href":"https:\/\/www.melpool.com\/fr\/wp-json\/wp\/v2\/pages\/3903","targetHints":{"allow":["GET"]}}],"collection":[{"href":"https:\/\/www.melpool.com\/fr\/wp-json\/wp\/v2\/pages"}],"about":[{"href":"https:\/\/www.melpool.com\/fr\/wp-json\/wp\/v2\/types\/page"}],"author":[{"embeddable":true,"href":"https:\/\/www.melpool.com\/fr\/wp-json\/wp\/v2\/users\/1"}],"replies":[{"embeddable":true,"href":"https:\/\/www.melpool.com\/fr\/wp-json\/wp\/v2\/comments?post=3903"}],"version-history":[{"count":4,"href":"https:\/\/www.melpool.com\/fr\/wp-json\/wp\/v2\/pages\/3903\/revisions"}],"predecessor-version":[{"id":6352,"href":"https:\/\/www.melpool.com\/fr\/wp-json\/wp\/v2\/pages\/3903\/revisions\/6352"}],"wp:attachment":[{"href":"https:\/\/www.melpool.com\/fr\/wp-json\/wp\/v2\/media?parent=3903"}],"curies":[{"name":"wp","href":"https:\/\/api.w.org\/{rel}","templated":true}]}}