{"id":4519,"date":"2022-12-22T08:23:36","date_gmt":"2022-12-22T08:23:36","guid":{"rendered":"https:\/\/melpool.i-aspect.com\/clause-de-non-responsabilite\/"},"modified":"2022-12-22T08:23:36","modified_gmt":"2022-12-22T08:23:36","slug":"clause-de-non-responsabilite","status":"publish","type":"page","link":"https:\/\/www.melpool.com\/fr\/clause-de-non-responsabilite\/","title":{"rendered":"Clause de non-responsabilit\u00e9"},"content":{"rendered":"\t\t<div data-elementor-type=\"wp-page\" data-elementor-id=\"4519\" class=\"elementor elementor-4519 elementor-688\" data-elementor-post-type=\"page\">\n\t\t\t\t\t\t<section class=\"elementor-section elementor-top-section elementor-element elementor-element-581c4f71 elementor-section-boxed elementor-section-height-default elementor-section-height-default\" data-id=\"581c4f71\" data-element_type=\"section\" data-e-type=\"section\">\n\t\t\t\t\t\t<div class=\"elementor-container elementor-column-gap-default\">\n\t\t\t\t\t<div class=\"elementor-column elementor-col-100 elementor-top-column elementor-element elementor-element-34c79624\" data-id=\"34c79624\" data-element_type=\"column\" data-e-type=\"column\">\n\t\t\t<div class=\"elementor-widget-wrap elementor-element-populated\">\n\t\t\t\t\t\t<div class=\"elementor-element elementor-element-3aee55eb elementor-widget elementor-widget-text-editor\" data-id=\"3aee55eb\" data-element_type=\"widget\" data-e-type=\"widget\" data-widget_type=\"text-editor.default\">\n\t\t\t\t<div class=\"elementor-widget-container\">\n\t\t\t\t\t\t\t\t\t<p><\/p>\n<p>Toutes les informations sur ce site Web &#8211; https:\/\/www.melpool.com\/ &#8211; sont publi\u00e9es de bonne foi et \u00e0 des fins d&rsquo;information g\u00e9n\u00e9rale uniquement. Melspring International B.V. ne donne aucune garantie quant \u00e0 l&rsquo;exhaustivit\u00e9, la fiabilit\u00e9 et l&rsquo;exactitude de ces informations. Toute action que vous entreprenez en r\u00e9ponse aux informations que vous trouvez sur ce site Web (melpool.com) est strictement \u00e0 vos risques et p\u00e9rils. Melspring International B.V. n&rsquo;est pas responsable des pertes et\/ou dommages li\u00e9s \u00e0 l&rsquo;utilisation de notre site Web.<br><span style=\"color: var( --e-global-color-text ); font-family: var( --e-global-typography-text-font-family ), Sans-serif;\"><br><span style=\"font-weight: var( --e-global-typography-text-font-weight );\">\u00c0 partir de notre site Web, vous pouvez visiter d&rsquo;autres sites Web en suivant des hyperliens vers ces sites externes. Bien que nous nous efforcions de fournir uniquement des liens de qualit\u00e9 vers des sites Web pertinents et \u00e9thiques, nous n&rsquo;avons aucun contr\u00f4le sur le contenu et la nature de ces sites. Ces liens vers d&rsquo;autres sites Web n&rsquo;impliquent pas une approbation de tout le contenu de ces sites. Les propri\u00e9taires et le contenu du site sont susceptibles d&rsquo;\u00eatre modifi\u00e9s sans pr\u00e9avis et peuvent survenir avant que nous ayons la possibilit\u00e9 de supprimer un lien qui pourrait \u00eatre devenu \u00ab pas bon\/\u00e0 jour \u00bb.<\/span><br><\/span><span style=\"color: var( --e-global-color-text ); font-family: var( --e-global-typography-text-font-family ), Sans-serif;\"><br> <b>Consentement<br><\/b><\/span><span style=\"color: var( --e-global-color-text ); font-family: var( --e-global-typography-text-font-family ), Sans-serif;\"><span style=\"font-weight: var( --e-global-typography-text-font-weight );\">En utilisant notre site Web, vous consentez par la pr\u00e9sente \u00e0 notre clause de non-responsabilit\u00e9 et acceptez ses conditions.<\/span> <br><\/span><span style=\"color: var( --e-global-color-text ); font-family: var( --e-global-typography-text-font-family ), Sans-serif;\"><br> <b>Updates<br><\/b><\/span><span style=\"color: var( --e-global-color-text ); font-family: var( --e-global-typography-text-font-family ), Sans-serif; font-weight: var( --e-global-typography-text-font-weight );\">Si nous mettons \u00e0 jour, modifions ou apportons des changements \u00e0 ce document, ces changements seront affich\u00e9s en \u00e9vidence ici.<\/span><\/p>\n<p><\/p>\t\t\t\t\t\t\t\t<\/div>\n\t\t\t\t<\/div>\n\t\t\t\t\t<\/div>\n\t\t<\/div>\n\t\t\t\t\t<\/div>\n\t\t<\/section>\n\t\t\t\t<\/div>\n\t\t","protected":false},"excerpt":{"rendered":"<p>Toutes les informations sur ce site Web &#8211; https:\/\/www.melpool.com\/ &#8211; sont publi\u00e9es de bonne foi et \u00e0 des fins d&rsquo;information g\u00e9n\u00e9rale uniquement. Melspring International B.V. ne donne aucune garantie quant \u00e0 l&rsquo;exhaustivit\u00e9, la fiabilit\u00e9 et l&rsquo;exactitude de ces informations. Toute action que vous entreprenez en r\u00e9ponse aux informations que vous trouvez sur ce site Web [&hellip;]<\/p>\n","protected":false},"author":1,"featured_media":0,"parent":0,"menu_order":0,"comment_status":"closed","ping_status":"closed","template":"","meta":{"_acf_changed":false,"footnotes":""},"class_list":["post-4519","page","type-page","status-publish","hentry"],"acf":[],"yoast_head":"<!-- This site is optimized with the Yoast SEO plugin v27.3 - https:\/\/yoast.com\/product\/yoast-seo-wordpress\/ -->\n<title>Clause de non-responsabilit\u00e9 - Melpool<\/title>\n<meta name=\"robots\" content=\"index, follow, max-snippet:-1, max-image-preview:large, max-video-preview:-1\" \/>\n<link rel=\"canonical\" href=\"https:\/\/www.melpool.com\/fr\/clause-de-non-responsabilite\/\" \/>\n<meta property=\"og:locale\" content=\"fr_FR\" \/>\n<meta property=\"og:type\" content=\"article\" \/>\n<meta property=\"og:title\" content=\"Clause de non-responsabilit\u00e9 - Melpool\" \/>\n<meta property=\"og:description\" content=\"Toutes les informations sur ce site Web &#8211; https:\/\/www.melpool.com\/ &#8211; sont publi\u00e9es de bonne foi et \u00e0 des fins d&rsquo;information g\u00e9n\u00e9rale uniquement. Melspring International B.V. ne donne aucune garantie quant \u00e0 l&rsquo;exhaustivit\u00e9, la fiabilit\u00e9 et l&rsquo;exactitude de ces informations. Toute action que vous entreprenez en r\u00e9ponse aux informations que vous trouvez sur ce site Web [&hellip;]\" \/>\n<meta property=\"og:url\" content=\"https:\/\/www.melpool.com\/fr\/clause-de-non-responsabilite\/\" \/>\n<meta property=\"og:site_name\" content=\"Melpool\" \/>\n<meta name=\"twitter:card\" content=\"summary_large_image\" \/>\n<meta name=\"twitter:label1\" content=\"Dur\u00e9e de lecture estim\u00e9e\" \/>\n\t<meta name=\"twitter:data1\" content=\"1 minute\" \/>\n<script type=\"application\/ld+json\" class=\"yoast-schema-graph\">{\"@context\":\"https:\\\/\\\/schema.org\",\"@graph\":[{\"@type\":\"WebPage\",\"@id\":\"https:\\\/\\\/www.melpool.com\\\/fr\\\/clause-de-non-responsabilite\\\/\",\"url\":\"https:\\\/\\\/www.melpool.com\\\/fr\\\/clause-de-non-responsabilite\\\/\",\"name\":\"Clause de non-responsabilit\u00e9 - Melpool\",\"isPartOf\":{\"@id\":\"https:\\\/\\\/www.melpool.com\\\/fr\\\/#website\"},\"datePublished\":\"2022-12-22T08:23:36+00:00\",\"breadcrumb\":{\"@id\":\"https:\\\/\\\/www.melpool.com\\\/fr\\\/clause-de-non-responsabilite\\\/#breadcrumb\"},\"inLanguage\":\"fr-FR\",\"potentialAction\":[{\"@type\":\"ReadAction\",\"target\":[\"https:\\\/\\\/www.melpool.com\\\/fr\\\/clause-de-non-responsabilite\\\/\"]}]},{\"@type\":\"BreadcrumbList\",\"@id\":\"https:\\\/\\\/www.melpool.com\\\/fr\\\/clause-de-non-responsabilite\\\/#breadcrumb\",\"itemListElement\":[{\"@type\":\"ListItem\",\"position\":1,\"name\":\"Home\",\"item\":\"https:\\\/\\\/www.melpool.com\\\/fr\\\/\"},{\"@type\":\"ListItem\",\"position\":2,\"name\":\"Clause de non-responsabilit\u00e9\"}]},{\"@type\":\"WebSite\",\"@id\":\"https:\\\/\\\/www.melpool.com\\\/fr\\\/#website\",\"url\":\"https:\\\/\\\/www.melpool.com\\\/fr\\\/\",\"name\":\"Melpool\",\"description\":\"Alles voor waterbehandeling van uw zwembad\",\"publisher\":{\"@id\":\"https:\\\/\\\/www.melpool.com\\\/fr\\\/#organization\"},\"potentialAction\":[{\"@type\":\"SearchAction\",\"target\":{\"@type\":\"EntryPoint\",\"urlTemplate\":\"https:\\\/\\\/www.melpool.com\\\/fr\\\/?s={search_term_string}\"},\"query-input\":{\"@type\":\"PropertyValueSpecification\",\"valueRequired\":true,\"valueName\":\"search_term_string\"}}],\"inLanguage\":\"fr-FR\"},{\"@type\":\"Organization\",\"@id\":\"https:\\\/\\\/www.melpool.com\\\/fr\\\/#organization\",\"name\":\"Melpool\",\"url\":\"https:\\\/\\\/www.melpool.com\\\/fr\\\/\",\"logo\":{\"@type\":\"ImageObject\",\"inLanguage\":\"fr-FR\",\"@id\":\"https:\\\/\\\/www.melpool.com\\\/fr\\\/#\\\/schema\\\/logo\\\/image\\\/\",\"url\":\"https:\\\/\\\/www.melpool.com\\\/wp-content\\\/uploads\\\/2021\\\/08\\\/Melpool-Logo-blauw.png\",\"contentUrl\":\"https:\\\/\\\/www.melpool.com\\\/wp-content\\\/uploads\\\/2021\\\/08\\\/Melpool-Logo-blauw.png\",\"width\":1729,\"height\":542,\"caption\":\"Melpool\"},\"image\":{\"@id\":\"https:\\\/\\\/www.melpool.com\\\/fr\\\/#\\\/schema\\\/logo\\\/image\\\/\"}}]}<\/script>\n<!-- \/ Yoast SEO plugin. -->","yoast_head_json":{"title":"Clause de non-responsabilit\u00e9 - Melpool","robots":{"index":"index","follow":"follow","max-snippet":"max-snippet:-1","max-image-preview":"max-image-preview:large","max-video-preview":"max-video-preview:-1"},"canonical":"https:\/\/www.melpool.com\/fr\/clause-de-non-responsabilite\/","og_locale":"fr_FR","og_type":"article","og_title":"Clause de non-responsabilit\u00e9 - Melpool","og_description":"Toutes les informations sur ce site Web &#8211; https:\/\/www.melpool.com\/ &#8211; sont publi\u00e9es de bonne foi et \u00e0 des fins d&rsquo;information g\u00e9n\u00e9rale uniquement. Melspring International B.V. ne donne aucune garantie quant \u00e0 l&rsquo;exhaustivit\u00e9, la fiabilit\u00e9 et l&rsquo;exactitude de ces informations. Toute action que vous entreprenez en r\u00e9ponse aux informations que vous trouvez sur ce site Web [&hellip;]","og_url":"https:\/\/www.melpool.com\/fr\/clause-de-non-responsabilite\/","og_site_name":"Melpool","twitter_card":"summary_large_image","twitter_misc":{"Dur\u00e9e de lecture estim\u00e9e":"1 minute"},"schema":{"@context":"https:\/\/schema.org","@graph":[{"@type":"WebPage","@id":"https:\/\/www.melpool.com\/fr\/clause-de-non-responsabilite\/","url":"https:\/\/www.melpool.com\/fr\/clause-de-non-responsabilite\/","name":"Clause de non-responsabilit\u00e9 - Melpool","isPartOf":{"@id":"https:\/\/www.melpool.com\/fr\/#website"},"datePublished":"2022-12-22T08:23:36+00:00","breadcrumb":{"@id":"https:\/\/www.melpool.com\/fr\/clause-de-non-responsabilite\/#breadcrumb"},"inLanguage":"fr-FR","potentialAction":[{"@type":"ReadAction","target":["https:\/\/www.melpool.com\/fr\/clause-de-non-responsabilite\/"]}]},{"@type":"BreadcrumbList","@id":"https:\/\/www.melpool.com\/fr\/clause-de-non-responsabilite\/#breadcrumb","itemListElement":[{"@type":"ListItem","position":1,"name":"Home","item":"https:\/\/www.melpool.com\/fr\/"},{"@type":"ListItem","position":2,"name":"Clause de non-responsabilit\u00e9"}]},{"@type":"WebSite","@id":"https:\/\/www.melpool.com\/fr\/#website","url":"https:\/\/www.melpool.com\/fr\/","name":"Melpool","description":"Alles voor waterbehandeling van uw zwembad","publisher":{"@id":"https:\/\/www.melpool.com\/fr\/#organization"},"potentialAction":[{"@type":"SearchAction","target":{"@type":"EntryPoint","urlTemplate":"https:\/\/www.melpool.com\/fr\/?s={search_term_string}"},"query-input":{"@type":"PropertyValueSpecification","valueRequired":true,"valueName":"search_term_string"}}],"inLanguage":"fr-FR"},{"@type":"Organization","@id":"https:\/\/www.melpool.com\/fr\/#organization","name":"Melpool","url":"https:\/\/www.melpool.com\/fr\/","logo":{"@type":"ImageObject","inLanguage":"fr-FR","@id":"https:\/\/www.melpool.com\/fr\/#\/schema\/logo\/image\/","url":"https:\/\/www.melpool.com\/wp-content\/uploads\/2021\/08\/Melpool-Logo-blauw.png","contentUrl":"https:\/\/www.melpool.com\/wp-content\/uploads\/2021\/08\/Melpool-Logo-blauw.png","width":1729,"height":542,"caption":"Melpool"},"image":{"@id":"https:\/\/www.melpool.com\/fr\/#\/schema\/logo\/image\/"}}]}},"_links":{"self":[{"href":"https:\/\/www.melpool.com\/fr\/wp-json\/wp\/v2\/pages\/4519","targetHints":{"allow":["GET"]}}],"collection":[{"href":"https:\/\/www.melpool.com\/fr\/wp-json\/wp\/v2\/pages"}],"about":[{"href":"https:\/\/www.melpool.com\/fr\/wp-json\/wp\/v2\/types\/page"}],"author":[{"embeddable":true,"href":"https:\/\/www.melpool.com\/fr\/wp-json\/wp\/v2\/users\/1"}],"replies":[{"embeddable":true,"href":"https:\/\/www.melpool.com\/fr\/wp-json\/wp\/v2\/comments?post=4519"}],"version-history":[{"count":1,"href":"https:\/\/www.melpool.com\/fr\/wp-json\/wp\/v2\/pages\/4519\/revisions"}],"predecessor-version":[{"id":4520,"href":"https:\/\/www.melpool.com\/fr\/wp-json\/wp\/v2\/pages\/4519\/revisions\/4520"}],"wp:attachment":[{"href":"https:\/\/www.melpool.com\/fr\/wp-json\/wp\/v2\/media?parent=4519"}],"curies":[{"name":"wp","href":"https:\/\/api.w.org\/{rel}","templated":true}]}}