{"id":4528,"date":"2022-12-23T09:12:27","date_gmt":"2022-12-23T09:12:27","guid":{"rendered":"https:\/\/melpool.i-aspect.com\/qualite-securite\/"},"modified":"2023-03-21T15:35:58","modified_gmt":"2023-03-21T14:35:58","slug":"qualite-securite","status":"publish","type":"page","link":"https:\/\/www.melpool.com\/fr\/qualite-securite\/","title":{"rendered":"Qualit\u00e9 &amp; s\u00e9curit\u00e9"},"content":{"rendered":"\t\t<div data-elementor-type=\"wp-page\" data-elementor-id=\"4528\" class=\"elementor elementor-4528 elementor-37\" data-elementor-post-type=\"page\">\n\t\t\t\t\t\t<section class=\"elementor-section elementor-top-section elementor-element elementor-element-d7d743c elementor-section-height-min-height elementor-section-boxed elementor-section-height-default elementor-section-items-middle\" data-id=\"d7d743c\" data-element_type=\"section\" data-e-type=\"section\" data-settings=\"{&quot;background_background&quot;:&quot;classic&quot;}\">\n\t\t\t\t\t\t\t<div class=\"elementor-background-overlay\"><\/div>\n\t\t\t\t\t\t\t<div class=\"elementor-container elementor-column-gap-default\">\n\t\t\t\t\t<div class=\"elementor-column elementor-col-50 elementor-top-column elementor-element elementor-element-ccb2ae2\" data-id=\"ccb2ae2\" data-element_type=\"column\" data-e-type=\"column\">\n\t\t\t<div class=\"elementor-widget-wrap elementor-element-populated\">\n\t\t\t\t\t\t<div class=\"elementor-element elementor-element-1155281 elementor-widget elementor-widget-heading\" data-id=\"1155281\" data-element_type=\"widget\" data-e-type=\"widget\" data-widget_type=\"heading.default\">\n\t\t\t\t<div class=\"elementor-widget-container\">\n\t\t\t\t\t<h1 class=\"elementor-heading-title elementor-size-default\">Qualit\u00e9<br>et la s\u00e9curit\u00e9<\/h1>\t\t\t\t<\/div>\n\t\t\t\t<\/div>\n\t\t\t\t\t<\/div>\n\t\t<\/div>\n\t\t\t\t<div class=\"elementor-column elementor-col-50 elementor-top-column elementor-element elementor-element-8f6c42a elementor-hidden-mobile\" data-id=\"8f6c42a\" data-element_type=\"column\" data-e-type=\"column\">\n\t\t\t<div class=\"elementor-widget-wrap\">\n\t\t\t\t\t\t\t<\/div>\n\t\t<\/div>\n\t\t\t\t\t<\/div>\n\t\t<\/section>\n\t\t\t\t<section class=\"elementor-section elementor-top-section elementor-element elementor-element-9be0e2b elementor-section-boxed elementor-section-height-default elementor-section-height-default elementor-invisible\" data-id=\"9be0e2b\" data-element_type=\"section\" data-e-type=\"section\" data-settings=\"{&quot;animation&quot;:&quot;fadeInUp&quot;,&quot;animation_mobile&quot;:&quot;none&quot;}\">\n\t\t\t\t\t\t<div class=\"elementor-container elementor-column-gap-default\">\n\t\t\t\t\t<div class=\"elementor-column elementor-col-100 elementor-top-column elementor-element elementor-element-756ff47\" data-id=\"756ff47\" data-element_type=\"column\" data-e-type=\"column\">\n\t\t\t<div class=\"elementor-widget-wrap elementor-element-populated\">\n\t\t\t\t\t\t<section class=\"elementor-section elementor-inner-section elementor-element elementor-element-ab72768 elementor-reverse-tablet elementor-reverse-mobile elementor-section-boxed elementor-section-height-default elementor-section-height-default\" data-id=\"ab72768\" data-element_type=\"section\" data-e-type=\"section\">\n\t\t\t\t\t\t<div class=\"elementor-container elementor-column-gap-default\">\n\t\t\t\t\t<div class=\"elementor-column elementor-col-50 elementor-inner-column elementor-element elementor-element-b88458c\" data-id=\"b88458c\" data-element_type=\"column\" data-e-type=\"column\">\n\t\t\t<div class=\"elementor-widget-wrap elementor-element-populated\">\n\t\t\t\t\t\t<div class=\"elementor-element elementor-element-2d48ea7 elementor-widget elementor-widget-heading\" data-id=\"2d48ea7\" data-element_type=\"widget\" data-e-type=\"widget\" data-widget_type=\"heading.default\">\n\t\t\t\t<div class=\"elementor-widget-container\">\n\t\t\t\t\t<h2 class=\"elementor-heading-title elementor-size-default\">Qualit\u00e9 &amp; s\u00e9curit\u00e9<\/h2>\t\t\t\t<\/div>\n\t\t\t\t<\/div>\n\t\t\t\t<div class=\"elementor-element elementor-element-ca35cab elementor-widget elementor-widget-text-editor\" data-id=\"ca35cab\" data-element_type=\"widget\" data-e-type=\"widget\" data-widget_type=\"text-editor.default\">\n\t\t\t\t<div class=\"elementor-widget-container\">\n\t\t\t\t\t\t\t\t\t<p><b>S\u00e9curit\u00e9 durable et qualit\u00e9 continue<\/b><br \/><span style=\"color: var( --e-global-color-text ); font-family: var( --e-global-typography-text-font-family ), Sans-serif;\"><br \/>L&rsquo;utilisation s\u00fbre des produits de traitement de l&rsquo;eau est toujours la priorit\u00e9 absolue de Melsping ! Pour vous personnellement en tant qu&rsquo;utilisateur final, mais aussi pour votre entourage et l&rsquo;environnement. Une \u00e9quipe de professionnels des produits se fera un plaisir de vous aider personnellement pour vous expliquer et vous conseiller.<\/span><\/p>\n<p>Li\u00e9es \u00e0 la qualit\u00e9 et \u00e0 la s\u00e9curit\u00e9, la durabilit\u00e9 et la responsabilit\u00e9 sociale des entreprises sont \u00e9galement essentielles. En tenant compte de la neutralit\u00e9 climatique, de la circularit\u00e9 et des cha\u00eenes \u00e9quitables tout au long de la cha\u00eene de produits, nous aspirons \u00e0 une organisation p\u00e9renne. L&rsquo;\u00e9quipe Pool Care s&rsquo;est fix\u00e9 un certain nombre d&rsquo;objectifs concrets :<\/p>\n<ul>\n<li>Partager les connaissances pour fournir un acc\u00e8s g\u00e9n\u00e9ral \u00e0 une eau de baignade propre et s\u00fbre<\/li>\n<li>R\u00e9duire l&rsquo;utilisation de biocides en les utilisant plus efficacement et \u00e9ventuellement en les rempla\u00e7ant par des alternatives respectueuses de l&rsquo;environnement lorsque cela est possible<\/li>\n<li>R\u00e9duire l&#8217;empreinte CO2 de l&rsquo;ensemble de l&rsquo;organisation <\/li>\n<\/ul>\n\t\t\t\t\t\t\t\t<\/div>\n\t\t\t\t<\/div>\n\t\t\t\t\t<\/div>\n\t\t<\/div>\n\t\t\t\t<div class=\"elementor-column elementor-col-50 elementor-inner-column elementor-element elementor-element-b8b8c6b\" data-id=\"b8b8c6b\" data-element_type=\"column\" data-e-type=\"column\">\n\t\t\t<div class=\"elementor-widget-wrap elementor-element-populated\">\n\t\t\t\t\t\t<div class=\"elementor-element elementor-element-3d73509 elementor-widget elementor-widget-image\" data-id=\"3d73509\" data-element_type=\"widget\" data-e-type=\"widget\" data-widget_type=\"image.default\">\n\t\t\t\t<div class=\"elementor-widget-container\">\n\t\t\t\t\t\t\t\t\t\t\t\t\t\t\t<img fetchpriority=\"high\" decoding=\"async\" width=\"1299\" height=\"866\" src=\"https:\/\/www.melpool.com\/wp-content\/uploads\/2022\/06\/AdobeStock_68404074.v5.jpg\" class=\"attachment-full size-full wp-image-3441\" alt=\"\" srcset=\"https:\/\/www.melpool.com\/wp-content\/uploads\/2022\/06\/AdobeStock_68404074.v5.jpg 1299w, https:\/\/www.melpool.com\/wp-content\/uploads\/2022\/06\/AdobeStock_68404074.v5-300x200.jpg 300w, https:\/\/www.melpool.com\/wp-content\/uploads\/2022\/06\/AdobeStock_68404074.v5-1024x683.jpg 1024w, https:\/\/www.melpool.com\/wp-content\/uploads\/2022\/06\/AdobeStock_68404074.v5-768x512.jpg 768w\" sizes=\"(max-width: 1299px) 100vw, 1299px\" \/>\t\t\t\t\t\t\t\t\t\t\t\t\t\t\t<\/div>\n\t\t\t\t<\/div>\n\t\t\t\t\t<\/div>\n\t\t<\/div>\n\t\t\t\t\t<\/div>\n\t\t<\/section>\n\t\t\t\t\t<\/div>\n\t\t<\/div>\n\t\t\t\t\t<\/div>\n\t\t<\/section>\n\t\t\t\t<section class=\"elementor-section elementor-top-section elementor-element elementor-element-1372f96 elementor-section-boxed elementor-section-height-default elementor-section-height-default elementor-invisible\" data-id=\"1372f96\" data-element_type=\"section\" data-e-type=\"section\" data-settings=\"{&quot;animation&quot;:&quot;fadeInUp&quot;,&quot;animation_mobile&quot;:&quot;none&quot;}\">\n\t\t\t\t\t\t<div class=\"elementor-container elementor-column-gap-default\">\n\t\t\t\t\t<div class=\"elementor-column elementor-col-100 elementor-top-column elementor-element elementor-element-eccfbec\" data-id=\"eccfbec\" data-element_type=\"column\" data-e-type=\"column\">\n\t\t\t<div class=\"elementor-widget-wrap elementor-element-populated\">\n\t\t\t\t\t\t<section class=\"elementor-section elementor-inner-section elementor-element elementor-element-f6979b8 elementor-section-boxed elementor-section-height-default elementor-section-height-default\" data-id=\"f6979b8\" data-element_type=\"section\" data-e-type=\"section\">\n\t\t\t\t\t\t<div class=\"elementor-container elementor-column-gap-default\">\n\t\t\t\t\t<div class=\"elementor-column elementor-col-20 elementor-inner-column elementor-element elementor-element-e6c0eaa\" data-id=\"e6c0eaa\" data-element_type=\"column\" data-e-type=\"column\">\n\t\t\t<div class=\"elementor-widget-wrap elementor-element-populated\">\n\t\t\t\t\t\t<div class=\"elementor-element elementor-element-139afdf elementor-widget elementor-widget-image\" data-id=\"139afdf\" data-element_type=\"widget\" data-e-type=\"widget\" data-widget_type=\"image.default\">\n\t\t\t\t<div class=\"elementor-widget-container\">\n\t\t\t\t\t\t\t\t\t\t\t\t\t\t\t<img decoding=\"async\" width=\"80\" height=\"62\" data-src=\"https:\/\/www.melpool.com\/wp-content\/uploads\/2021\/10\/DIN.png\" class=\"attachment-large size-large wp-image-2286 lazyload\" alt=\"\" src=\"data:image\/svg+xml;base64,PHN2ZyB3aWR0aD0iMSIgaGVpZ2h0PSIxIiB4bWxucz0iaHR0cDovL3d3dy53My5vcmcvMjAwMC9zdmciPjwvc3ZnPg==\" style=\"--smush-placeholder-width: 80px; --smush-placeholder-aspect-ratio: 80\/62;\" \/>\t\t\t\t\t\t\t\t\t\t\t\t\t\t\t<\/div>\n\t\t\t\t<\/div>\n\t\t\t\t\t<\/div>\n\t\t<\/div>\n\t\t\t\t<div class=\"elementor-column elementor-col-20 elementor-inner-column elementor-element elementor-element-ca7e1c1\" data-id=\"ca7e1c1\" data-element_type=\"column\" data-e-type=\"column\">\n\t\t\t<div class=\"elementor-widget-wrap elementor-element-populated\">\n\t\t\t\t\t\t<div class=\"elementor-element elementor-element-8f528f4 elementor-widget elementor-widget-image\" data-id=\"8f528f4\" data-element_type=\"widget\" data-e-type=\"widget\" data-widget_type=\"image.default\">\n\t\t\t\t<div class=\"elementor-widget-container\">\n\t\t\t\t\t\t\t\t\t\t\t\t\t\t\t<img decoding=\"async\" width=\"102\" height=\"59\" data-src=\"https:\/\/www.melpool.com\/wp-content\/uploads\/2021\/10\/CTGB.png\" class=\"attachment-large size-large wp-image-2278 lazyload\" alt=\"\" src=\"data:image\/svg+xml;base64,PHN2ZyB3aWR0aD0iMSIgaGVpZ2h0PSIxIiB4bWxucz0iaHR0cDovL3d3dy53My5vcmcvMjAwMC9zdmciPjwvc3ZnPg==\" style=\"--smush-placeholder-width: 102px; --smush-placeholder-aspect-ratio: 102\/59;\" \/>\t\t\t\t\t\t\t\t\t\t\t\t\t\t\t<\/div>\n\t\t\t\t<\/div>\n\t\t\t\t\t<\/div>\n\t\t<\/div>\n\t\t\t\t<div class=\"elementor-column elementor-col-20 elementor-inner-column elementor-element elementor-element-8faa051\" data-id=\"8faa051\" data-element_type=\"column\" data-e-type=\"column\">\n\t\t\t<div class=\"elementor-widget-wrap elementor-element-populated\">\n\t\t\t\t\t\t<div class=\"elementor-element elementor-element-23900c3 elementor-widget elementor-widget-image\" data-id=\"23900c3\" data-element_type=\"widget\" data-e-type=\"widget\" data-widget_type=\"image.default\">\n\t\t\t\t<div class=\"elementor-widget-container\">\n\t\t\t\t\t\t\t\t\t\t\t\t\t\t\t<img decoding=\"async\" width=\"193\" height=\"50\" data-src=\"https:\/\/www.melpool.com\/wp-content\/uploads\/2021\/10\/echa_logo.png\" class=\"attachment-large size-large wp-image-2254 lazyload\" alt=\"\" src=\"data:image\/svg+xml;base64,PHN2ZyB3aWR0aD0iMSIgaGVpZ2h0PSIxIiB4bWxucz0iaHR0cDovL3d3dy53My5vcmcvMjAwMC9zdmciPjwvc3ZnPg==\" style=\"--smush-placeholder-width: 193px; --smush-placeholder-aspect-ratio: 193\/50;\" \/>\t\t\t\t\t\t\t\t\t\t\t\t\t\t\t<\/div>\n\t\t\t\t<\/div>\n\t\t\t\t\t<\/div>\n\t\t<\/div>\n\t\t\t\t<div class=\"elementor-column elementor-col-20 elementor-inner-column elementor-element elementor-element-a2fd219\" data-id=\"a2fd219\" data-element_type=\"column\" data-e-type=\"column\">\n\t\t\t<div class=\"elementor-widget-wrap elementor-element-populated\">\n\t\t\t\t\t\t<div class=\"elementor-element elementor-element-b45b997 elementor-widget elementor-widget-image\" data-id=\"b45b997\" data-element_type=\"widget\" data-e-type=\"widget\" data-widget_type=\"image.default\">\n\t\t\t\t<div class=\"elementor-widget-container\">\n\t\t\t\t\t\t\t\t\t\t\t\t\t\t\t<img decoding=\"async\" width=\"76\" height=\"71\" data-src=\"https:\/\/www.melpool.com\/wp-content\/uploads\/2021\/10\/awaa_logo.png\" class=\"attachment-large size-large wp-image-2270 lazyload\" alt=\"\" src=\"data:image\/svg+xml;base64,PHN2ZyB3aWR0aD0iMSIgaGVpZ2h0PSIxIiB4bWxucz0iaHR0cDovL3d3dy53My5vcmcvMjAwMC9zdmciPjwvc3ZnPg==\" style=\"--smush-placeholder-width: 76px; --smush-placeholder-aspect-ratio: 76\/71;\" \/>\t\t\t\t\t\t\t\t\t\t\t\t\t\t\t<\/div>\n\t\t\t\t<\/div>\n\t\t\t\t\t<\/div>\n\t\t<\/div>\n\t\t\t\t<div class=\"elementor-column elementor-col-20 elementor-inner-column elementor-element elementor-element-ed96756\" data-id=\"ed96756\" data-element_type=\"column\" data-e-type=\"column\">\n\t\t\t<div class=\"elementor-widget-wrap elementor-element-populated\">\n\t\t\t\t\t\t<div class=\"elementor-element elementor-element-c559984 elementor-widget elementor-widget-image\" data-id=\"c559984\" data-element_type=\"widget\" data-e-type=\"widget\" data-widget_type=\"image.default\">\n\t\t\t\t<div class=\"elementor-widget-container\">\n\t\t\t\t\t\t\t\t\t\t\t\t\t\t\t<img decoding=\"async\" width=\"169\" height=\"52\" data-src=\"https:\/\/www.melpool.com\/wp-content\/uploads\/2021\/10\/epa_logo.png\" class=\"attachment-large size-large wp-image-2262 lazyload\" alt=\"\" src=\"data:image\/svg+xml;base64,PHN2ZyB3aWR0aD0iMSIgaGVpZ2h0PSIxIiB4bWxucz0iaHR0cDovL3d3dy53My5vcmcvMjAwMC9zdmciPjwvc3ZnPg==\" style=\"--smush-placeholder-width: 169px; --smush-placeholder-aspect-ratio: 169\/52;\" \/>\t\t\t\t\t\t\t\t\t\t\t\t\t\t\t<\/div>\n\t\t\t\t<\/div>\n\t\t\t\t\t<\/div>\n\t\t<\/div>\n\t\t\t\t\t<\/div>\n\t\t<\/section>\n\t\t\t\t\t<\/div>\n\t\t<\/div>\n\t\t\t\t\t<\/div>\n\t\t<\/section>\n\t\t\t\t<\/div>\n\t\t","protected":false},"excerpt":{"rendered":"<p>Qualit\u00e9et la s\u00e9curit\u00e9 Qualit\u00e9 &amp; s\u00e9curit\u00e9 S\u00e9curit\u00e9 durable et qualit\u00e9 continue L&rsquo;utilisation s\u00fbre des produits de traitement de l&rsquo;eau est toujours la priorit\u00e9 absolue de Melsping ! Pour vous personnellement en tant qu&rsquo;utilisateur final, mais aussi pour votre entourage et l&rsquo;environnement. Une \u00e9quipe de professionnels des produits se fera un plaisir de vous aider personnellement [&hellip;]<\/p>\n","protected":false},"author":1,"featured_media":0,"parent":0,"menu_order":0,"comment_status":"closed","ping_status":"closed","template":"","meta":{"_acf_changed":false,"footnotes":""},"class_list":["post-4528","page","type-page","status-publish","hentry"],"acf":[],"yoast_head":"<!-- This site is optimized with the Yoast SEO plugin v27.5 - https:\/\/yoast.com\/product\/yoast-seo-wordpress\/ -->\n<title>Qualit\u00e9 &amp; s\u00e9curit\u00e9 - Melpool<\/title>\n<meta name=\"robots\" content=\"index, follow, max-snippet:-1, max-image-preview:large, max-video-preview:-1\" \/>\n<link rel=\"canonical\" href=\"https:\/\/www.melpool.com\/fr\/qualite-securite\/\" \/>\n<meta property=\"og:locale\" content=\"fr_FR\" \/>\n<meta property=\"og:type\" content=\"article\" \/>\n<meta property=\"og:title\" content=\"Qualit\u00e9 &amp; s\u00e9curit\u00e9 - Melpool\" \/>\n<meta property=\"og:description\" content=\"Qualit\u00e9et la s\u00e9curit\u00e9 Qualit\u00e9 &amp; s\u00e9curit\u00e9 S\u00e9curit\u00e9 durable et qualit\u00e9 continue L&rsquo;utilisation s\u00fbre des produits de traitement de l&rsquo;eau est toujours la priorit\u00e9 absolue de Melsping ! Pour vous personnellement en tant qu&rsquo;utilisateur final, mais aussi pour votre entourage et l&rsquo;environnement. Une \u00e9quipe de professionnels des produits se fera un plaisir de vous aider personnellement [&hellip;]\" \/>\n<meta property=\"og:url\" content=\"https:\/\/www.melpool.com\/fr\/qualite-securite\/\" \/>\n<meta property=\"og:site_name\" content=\"Melpool\" \/>\n<meta property=\"article:modified_time\" content=\"2023-03-21T14:35:58+00:00\" \/>\n<meta property=\"og:image\" content=\"https:\/\/www.melpool.com\/wp-content\/uploads\/2022\/06\/AdobeStock_68404074.v5.jpg\" \/>\n<meta name=\"twitter:card\" content=\"summary_large_image\" \/>\n<meta name=\"twitter:label1\" content=\"Dur\u00e9e de lecture estim\u00e9e\" \/>\n\t<meta name=\"twitter:data1\" content=\"1 minute\" \/>\n<script type=\"application\/ld+json\" class=\"yoast-schema-graph\">{\"@context\":\"https:\\\/\\\/schema.org\",\"@graph\":[{\"@type\":\"WebPage\",\"@id\":\"https:\\\/\\\/www.melpool.com\\\/fr\\\/qualite-securite\\\/\",\"url\":\"https:\\\/\\\/www.melpool.com\\\/fr\\\/qualite-securite\\\/\",\"name\":\"Qualit\u00e9 &amp; s\u00e9curit\u00e9 - Melpool\",\"isPartOf\":{\"@id\":\"https:\\\/\\\/www.melpool.com\\\/fr\\\/#website\"},\"primaryImageOfPage\":{\"@id\":\"https:\\\/\\\/www.melpool.com\\\/fr\\\/qualite-securite\\\/#primaryimage\"},\"image\":{\"@id\":\"https:\\\/\\\/www.melpool.com\\\/fr\\\/qualite-securite\\\/#primaryimage\"},\"thumbnailUrl\":\"https:\\\/\\\/www.melpool.com\\\/wp-content\\\/uploads\\\/2022\\\/06\\\/AdobeStock_68404074.v5.jpg\",\"datePublished\":\"2022-12-23T09:12:27+00:00\",\"dateModified\":\"2023-03-21T14:35:58+00:00\",\"breadcrumb\":{\"@id\":\"https:\\\/\\\/www.melpool.com\\\/fr\\\/qualite-securite\\\/#breadcrumb\"},\"inLanguage\":\"fr-FR\",\"potentialAction\":[{\"@type\":\"ReadAction\",\"target\":[\"https:\\\/\\\/www.melpool.com\\\/fr\\\/qualite-securite\\\/\"]}]},{\"@type\":\"ImageObject\",\"inLanguage\":\"fr-FR\",\"@id\":\"https:\\\/\\\/www.melpool.com\\\/fr\\\/qualite-securite\\\/#primaryimage\",\"url\":\"https:\\\/\\\/www.melpool.com\\\/wp-content\\\/uploads\\\/2022\\\/06\\\/AdobeStock_68404074.v5.jpg\",\"contentUrl\":\"https:\\\/\\\/www.melpool.com\\\/wp-content\\\/uploads\\\/2022\\\/06\\\/AdobeStock_68404074.v5.jpg\"},{\"@type\":\"BreadcrumbList\",\"@id\":\"https:\\\/\\\/www.melpool.com\\\/fr\\\/qualite-securite\\\/#breadcrumb\",\"itemListElement\":[{\"@type\":\"ListItem\",\"position\":1,\"name\":\"Home\",\"item\":\"https:\\\/\\\/www.melpool.com\\\/fr\\\/\"},{\"@type\":\"ListItem\",\"position\":2,\"name\":\"Qualit\u00e9 &amp; s\u00e9curit\u00e9\"}]},{\"@type\":\"WebSite\",\"@id\":\"https:\\\/\\\/www.melpool.com\\\/fr\\\/#website\",\"url\":\"https:\\\/\\\/www.melpool.com\\\/fr\\\/\",\"name\":\"Melpool\",\"description\":\"Alles voor waterbehandeling van uw zwembad\",\"publisher\":{\"@id\":\"https:\\\/\\\/www.melpool.com\\\/fr\\\/#organization\"},\"potentialAction\":[{\"@type\":\"SearchAction\",\"target\":{\"@type\":\"EntryPoint\",\"urlTemplate\":\"https:\\\/\\\/www.melpool.com\\\/fr\\\/?s={search_term_string}\"},\"query-input\":{\"@type\":\"PropertyValueSpecification\",\"valueRequired\":true,\"valueName\":\"search_term_string\"}}],\"inLanguage\":\"fr-FR\"},{\"@type\":\"Organization\",\"@id\":\"https:\\\/\\\/www.melpool.com\\\/fr\\\/#organization\",\"name\":\"Melpool\",\"url\":\"https:\\\/\\\/www.melpool.com\\\/fr\\\/\",\"logo\":{\"@type\":\"ImageObject\",\"inLanguage\":\"fr-FR\",\"@id\":\"https:\\\/\\\/www.melpool.com\\\/fr\\\/#\\\/schema\\\/logo\\\/image\\\/\",\"url\":\"https:\\\/\\\/www.melpool.com\\\/wp-content\\\/uploads\\\/2021\\\/08\\\/Melpool-Logo-blauw.png\",\"contentUrl\":\"https:\\\/\\\/www.melpool.com\\\/wp-content\\\/uploads\\\/2021\\\/08\\\/Melpool-Logo-blauw.png\",\"width\":1729,\"height\":542,\"caption\":\"Melpool\"},\"image\":{\"@id\":\"https:\\\/\\\/www.melpool.com\\\/fr\\\/#\\\/schema\\\/logo\\\/image\\\/\"}}]}<\/script>\n<!-- \/ Yoast SEO plugin. -->","yoast_head_json":{"title":"Qualit\u00e9 &amp; s\u00e9curit\u00e9 - Melpool","robots":{"index":"index","follow":"follow","max-snippet":"max-snippet:-1","max-image-preview":"max-image-preview:large","max-video-preview":"max-video-preview:-1"},"canonical":"https:\/\/www.melpool.com\/fr\/qualite-securite\/","og_locale":"fr_FR","og_type":"article","og_title":"Qualit\u00e9 &amp; s\u00e9curit\u00e9 - Melpool","og_description":"Qualit\u00e9et la s\u00e9curit\u00e9 Qualit\u00e9 &amp; s\u00e9curit\u00e9 S\u00e9curit\u00e9 durable et qualit\u00e9 continue L&rsquo;utilisation s\u00fbre des produits de traitement de l&rsquo;eau est toujours la priorit\u00e9 absolue de Melsping ! Pour vous personnellement en tant qu&rsquo;utilisateur final, mais aussi pour votre entourage et l&rsquo;environnement. Une \u00e9quipe de professionnels des produits se fera un plaisir de vous aider personnellement [&hellip;]","og_url":"https:\/\/www.melpool.com\/fr\/qualite-securite\/","og_site_name":"Melpool","article_modified_time":"2023-03-21T14:35:58+00:00","og_image":[{"url":"https:\/\/www.melpool.com\/wp-content\/uploads\/2022\/06\/AdobeStock_68404074.v5.jpg","type":"","width":"","height":""}],"twitter_card":"summary_large_image","twitter_misc":{"Dur\u00e9e de lecture estim\u00e9e":"1 minute"},"schema":{"@context":"https:\/\/schema.org","@graph":[{"@type":"WebPage","@id":"https:\/\/www.melpool.com\/fr\/qualite-securite\/","url":"https:\/\/www.melpool.com\/fr\/qualite-securite\/","name":"Qualit\u00e9 &amp; s\u00e9curit\u00e9 - Melpool","isPartOf":{"@id":"https:\/\/www.melpool.com\/fr\/#website"},"primaryImageOfPage":{"@id":"https:\/\/www.melpool.com\/fr\/qualite-securite\/#primaryimage"},"image":{"@id":"https:\/\/www.melpool.com\/fr\/qualite-securite\/#primaryimage"},"thumbnailUrl":"https:\/\/www.melpool.com\/wp-content\/uploads\/2022\/06\/AdobeStock_68404074.v5.jpg","datePublished":"2022-12-23T09:12:27+00:00","dateModified":"2023-03-21T14:35:58+00:00","breadcrumb":{"@id":"https:\/\/www.melpool.com\/fr\/qualite-securite\/#breadcrumb"},"inLanguage":"fr-FR","potentialAction":[{"@type":"ReadAction","target":["https:\/\/www.melpool.com\/fr\/qualite-securite\/"]}]},{"@type":"ImageObject","inLanguage":"fr-FR","@id":"https:\/\/www.melpool.com\/fr\/qualite-securite\/#primaryimage","url":"https:\/\/www.melpool.com\/wp-content\/uploads\/2022\/06\/AdobeStock_68404074.v5.jpg","contentUrl":"https:\/\/www.melpool.com\/wp-content\/uploads\/2022\/06\/AdobeStock_68404074.v5.jpg"},{"@type":"BreadcrumbList","@id":"https:\/\/www.melpool.com\/fr\/qualite-securite\/#breadcrumb","itemListElement":[{"@type":"ListItem","position":1,"name":"Home","item":"https:\/\/www.melpool.com\/fr\/"},{"@type":"ListItem","position":2,"name":"Qualit\u00e9 &amp; s\u00e9curit\u00e9"}]},{"@type":"WebSite","@id":"https:\/\/www.melpool.com\/fr\/#website","url":"https:\/\/www.melpool.com\/fr\/","name":"Melpool","description":"Alles voor waterbehandeling van uw zwembad","publisher":{"@id":"https:\/\/www.melpool.com\/fr\/#organization"},"potentialAction":[{"@type":"SearchAction","target":{"@type":"EntryPoint","urlTemplate":"https:\/\/www.melpool.com\/fr\/?s={search_term_string}"},"query-input":{"@type":"PropertyValueSpecification","valueRequired":true,"valueName":"search_term_string"}}],"inLanguage":"fr-FR"},{"@type":"Organization","@id":"https:\/\/www.melpool.com\/fr\/#organization","name":"Melpool","url":"https:\/\/www.melpool.com\/fr\/","logo":{"@type":"ImageObject","inLanguage":"fr-FR","@id":"https:\/\/www.melpool.com\/fr\/#\/schema\/logo\/image\/","url":"https:\/\/www.melpool.com\/wp-content\/uploads\/2021\/08\/Melpool-Logo-blauw.png","contentUrl":"https:\/\/www.melpool.com\/wp-content\/uploads\/2021\/08\/Melpool-Logo-blauw.png","width":1729,"height":542,"caption":"Melpool"},"image":{"@id":"https:\/\/www.melpool.com\/fr\/#\/schema\/logo\/image\/"}}]}},"_links":{"self":[{"href":"https:\/\/www.melpool.com\/fr\/wp-json\/wp\/v2\/pages\/4528","targetHints":{"allow":["GET"]}}],"collection":[{"href":"https:\/\/www.melpool.com\/fr\/wp-json\/wp\/v2\/pages"}],"about":[{"href":"https:\/\/www.melpool.com\/fr\/wp-json\/wp\/v2\/types\/page"}],"author":[{"embeddable":true,"href":"https:\/\/www.melpool.com\/fr\/wp-json\/wp\/v2\/users\/1"}],"replies":[{"embeddable":true,"href":"https:\/\/www.melpool.com\/fr\/wp-json\/wp\/v2\/comments?post=4528"}],"version-history":[{"count":3,"href":"https:\/\/www.melpool.com\/fr\/wp-json\/wp\/v2\/pages\/4528\/revisions"}],"predecessor-version":[{"id":6838,"href":"https:\/\/www.melpool.com\/fr\/wp-json\/wp\/v2\/pages\/4528\/revisions\/6838"}],"wp:attachment":[{"href":"https:\/\/www.melpool.com\/fr\/wp-json\/wp\/v2\/media?parent=4528"}],"curies":[{"name":"wp","href":"https:\/\/api.w.org\/{rel}","templated":true}]}}