{"id":4542,"date":"2022-12-23T09:30:42","date_gmt":"2022-12-23T09:30:42","guid":{"rendered":"https:\/\/melpool.i-aspect.com\/product\/minitabs-de-melpool\/"},"modified":"2023-02-02T12:34:40","modified_gmt":"2023-02-02T12:34:40","slug":"minitabs-de-melpool","status":"publish","type":"product","link":"https:\/\/www.melpool.com\/fr\/produit\/minitabs-de-melpool\/","title":{"rendered":"Minitabs de Melpool"},"content":{"rendered":"\n<p><strong>Pastilles de chlore \u00e0 dissolution rapide (2,7 g) pour les petites piscines et les spas<\/strong>.  <\/p>\n\n<p>Pastilles de chlore 2,7g, \u00e0 dissolution rapide (min. 55% Cl.). Facile \u00e0 doser : 1 comprim\u00e9 a augment\u00e9 1 000 litres d&rsquo;eau avec 1,5 ppm de chlore. Id\u00e9al pour une utilisation dans les spas et les petites piscines. A utiliser comme choc chlor\u00e9, d\u00e9marrage saisonnier et d\u00e9sinfection continue. Le stabilisateur prot\u00e8ge le chlore des rayons UV du soleil. Tr\u00e8s efficace contre les algues et les d\u00e9p\u00f4ts organiques. <\/p>\n","protected":false},"excerpt":{"rendered":"<p>Pastilles de chlore \u00e0 dissolution rapide (2,7 g) pour les petites piscines et les spas. Pastilles de chlore 2,7g, \u00e0 dissolution rapide (min. 55% Cl.). Facile \u00e0 doser : 1 comprim\u00e9 a augment\u00e9 1 000 litres d&rsquo;eau avec 1,5 ppm de chlore. Id\u00e9al pour une utilisation dans les spas et les petites piscines. A utiliser [&hellip;]<\/p>\n","protected":false},"featured_media":3365,"template":"","behandeling":[117],"product_categorie":[116],"product_type":[115],"class_list":["post-4542","product","type-product","status-publish","has-post-thumbnail","hentry","behandeling-analyse-de-leau","product_categorie-desinfection","product_type-tablettes"],"acf":[],"yoast_head":"<!-- This site is optimized with the Yoast SEO plugin v27.4 - https:\/\/yoast.com\/product\/yoast-seo-wordpress\/ -->\n<title>Minitabs de Melpool - Melpool<\/title>\n<meta name=\"robots\" content=\"index, follow, max-snippet:-1, max-image-preview:large, max-video-preview:-1\" \/>\n<link rel=\"canonical\" href=\"https:\/\/www.melpool.com\/fr\/produit\/minitabs-de-melpool\/\" \/>\n<meta property=\"og:locale\" content=\"fr_FR\" \/>\n<meta property=\"og:type\" content=\"article\" \/>\n<meta property=\"og:title\" content=\"Minitabs de Melpool - Melpool\" \/>\n<meta property=\"og:description\" content=\"Pastilles de chlore \u00e0 dissolution rapide (2,7 g) pour les petites piscines et les spas. Pastilles de chlore 2,7g, \u00e0 dissolution rapide (min. 55% Cl.). Facile \u00e0 doser : 1 comprim\u00e9 a augment\u00e9 1 000 litres d&rsquo;eau avec 1,5 ppm de chlore. Id\u00e9al pour une utilisation dans les spas et les petites piscines. A utiliser [&hellip;]\" \/>\n<meta property=\"og:url\" content=\"https:\/\/www.melpool.com\/fr\/produit\/minitabs-de-melpool\/\" \/>\n<meta property=\"og:site_name\" content=\"Melpool\" \/>\n<meta property=\"article:modified_time\" content=\"2023-02-02T12:34:40+00:00\" \/>\n<meta property=\"og:image\" content=\"https:\/\/www.melpool.com\/wp-content\/uploads\/2022\/06\/Melpool.potje_.Minitabs-EN.jpg\" \/>\n\t<meta property=\"og:image:width\" content=\"2000\" \/>\n\t<meta property=\"og:image:height\" content=\"2500\" \/>\n\t<meta property=\"og:image:type\" content=\"image\/jpeg\" \/>\n<meta name=\"twitter:card\" content=\"summary_large_image\" \/>\n<script type=\"application\/ld+json\" class=\"yoast-schema-graph\">{\"@context\":\"https:\\\/\\\/schema.org\",\"@graph\":[{\"@type\":\"WebPage\",\"@id\":\"https:\\\/\\\/www.melpool.com\\\/fr\\\/produit\\\/minitabs-de-melpool\\\/\",\"url\":\"https:\\\/\\\/www.melpool.com\\\/fr\\\/produit\\\/minitabs-de-melpool\\\/\",\"name\":\"Minitabs de Melpool - Melpool\",\"isPartOf\":{\"@id\":\"https:\\\/\\\/www.melpool.com\\\/fr\\\/#website\"},\"primaryImageOfPage\":{\"@id\":\"https:\\\/\\\/www.melpool.com\\\/fr\\\/produit\\\/minitabs-de-melpool\\\/#primaryimage\"},\"image\":{\"@id\":\"https:\\\/\\\/www.melpool.com\\\/fr\\\/produit\\\/minitabs-de-melpool\\\/#primaryimage\"},\"thumbnailUrl\":\"https:\\\/\\\/www.melpool.com\\\/wp-content\\\/uploads\\\/2022\\\/06\\\/Melpool.potje_.Minitabs-EN.jpg\",\"datePublished\":\"2022-12-23T09:30:42+00:00\",\"dateModified\":\"2023-02-02T12:34:40+00:00\",\"breadcrumb\":{\"@id\":\"https:\\\/\\\/www.melpool.com\\\/fr\\\/produit\\\/minitabs-de-melpool\\\/#breadcrumb\"},\"inLanguage\":\"fr-FR\",\"potentialAction\":[{\"@type\":\"ReadAction\",\"target\":[\"https:\\\/\\\/www.melpool.com\\\/fr\\\/produit\\\/minitabs-de-melpool\\\/\"]}]},{\"@type\":\"ImageObject\",\"inLanguage\":\"fr-FR\",\"@id\":\"https:\\\/\\\/www.melpool.com\\\/fr\\\/produit\\\/minitabs-de-melpool\\\/#primaryimage\",\"url\":\"https:\\\/\\\/www.melpool.com\\\/wp-content\\\/uploads\\\/2022\\\/06\\\/Melpool.potje_.Minitabs-EN.jpg\",\"contentUrl\":\"https:\\\/\\\/www.melpool.com\\\/wp-content\\\/uploads\\\/2022\\\/06\\\/Melpool.potje_.Minitabs-EN.jpg\",\"width\":2000,\"height\":2500},{\"@type\":\"BreadcrumbList\",\"@id\":\"https:\\\/\\\/www.melpool.com\\\/fr\\\/produit\\\/minitabs-de-melpool\\\/#breadcrumb\",\"itemListElement\":[{\"@type\":\"ListItem\",\"position\":1,\"name\":\"Home\",\"item\":\"https:\\\/\\\/www.melpool.com\\\/fr\\\/\"},{\"@type\":\"ListItem\",\"position\":2,\"name\":\"Produits\",\"item\":\"https:\\\/\\\/www.melpool.com\\\/fr\\\/produit\\\/\"},{\"@type\":\"ListItem\",\"position\":3,\"name\":\"D\u00e9sinfection\",\"item\":\"https:\\\/\\\/www.melpool.com\\\/fr\\\/categorie-de-produit\\\/desinfection\\\/\"},{\"@type\":\"ListItem\",\"position\":4,\"name\":\"Minitabs de Melpool\"}]},{\"@type\":\"WebSite\",\"@id\":\"https:\\\/\\\/www.melpool.com\\\/fr\\\/#website\",\"url\":\"https:\\\/\\\/www.melpool.com\\\/fr\\\/\",\"name\":\"Melpool\",\"description\":\"Alles voor waterbehandeling van uw zwembad\",\"publisher\":{\"@id\":\"https:\\\/\\\/www.melpool.com\\\/fr\\\/#organization\"},\"potentialAction\":[{\"@type\":\"SearchAction\",\"target\":{\"@type\":\"EntryPoint\",\"urlTemplate\":\"https:\\\/\\\/www.melpool.com\\\/fr\\\/?s={search_term_string}\"},\"query-input\":{\"@type\":\"PropertyValueSpecification\",\"valueRequired\":true,\"valueName\":\"search_term_string\"}}],\"inLanguage\":\"fr-FR\"},{\"@type\":\"Organization\",\"@id\":\"https:\\\/\\\/www.melpool.com\\\/fr\\\/#organization\",\"name\":\"Melpool\",\"url\":\"https:\\\/\\\/www.melpool.com\\\/fr\\\/\",\"logo\":{\"@type\":\"ImageObject\",\"inLanguage\":\"fr-FR\",\"@id\":\"https:\\\/\\\/www.melpool.com\\\/fr\\\/#\\\/schema\\\/logo\\\/image\\\/\",\"url\":\"https:\\\/\\\/www.melpool.com\\\/wp-content\\\/uploads\\\/2021\\\/08\\\/Melpool-Logo-blauw.png\",\"contentUrl\":\"https:\\\/\\\/www.melpool.com\\\/wp-content\\\/uploads\\\/2021\\\/08\\\/Melpool-Logo-blauw.png\",\"width\":1729,\"height\":542,\"caption\":\"Melpool\"},\"image\":{\"@id\":\"https:\\\/\\\/www.melpool.com\\\/fr\\\/#\\\/schema\\\/logo\\\/image\\\/\"}}]}<\/script>\n<!-- \/ Yoast SEO plugin. -->","yoast_head_json":{"title":"Minitabs de Melpool - Melpool","robots":{"index":"index","follow":"follow","max-snippet":"max-snippet:-1","max-image-preview":"max-image-preview:large","max-video-preview":"max-video-preview:-1"},"canonical":"https:\/\/www.melpool.com\/fr\/produit\/minitabs-de-melpool\/","og_locale":"fr_FR","og_type":"article","og_title":"Minitabs de Melpool - Melpool","og_description":"Pastilles de chlore \u00e0 dissolution rapide (2,7 g) pour les petites piscines et les spas. Pastilles de chlore 2,7g, \u00e0 dissolution rapide (min. 55% Cl.). Facile \u00e0 doser : 1 comprim\u00e9 a augment\u00e9 1 000 litres d&rsquo;eau avec 1,5 ppm de chlore. Id\u00e9al pour une utilisation dans les spas et les petites piscines. A utiliser [&hellip;]","og_url":"https:\/\/www.melpool.com\/fr\/produit\/minitabs-de-melpool\/","og_site_name":"Melpool","article_modified_time":"2023-02-02T12:34:40+00:00","og_image":[{"width":2000,"height":2500,"url":"https:\/\/www.melpool.com\/wp-content\/uploads\/2022\/06\/Melpool.potje_.Minitabs-EN.jpg","type":"image\/jpeg"}],"twitter_card":"summary_large_image","schema":{"@context":"https:\/\/schema.org","@graph":[{"@type":"WebPage","@id":"https:\/\/www.melpool.com\/fr\/produit\/minitabs-de-melpool\/","url":"https:\/\/www.melpool.com\/fr\/produit\/minitabs-de-melpool\/","name":"Minitabs de Melpool - Melpool","isPartOf":{"@id":"https:\/\/www.melpool.com\/fr\/#website"},"primaryImageOfPage":{"@id":"https:\/\/www.melpool.com\/fr\/produit\/minitabs-de-melpool\/#primaryimage"},"image":{"@id":"https:\/\/www.melpool.com\/fr\/produit\/minitabs-de-melpool\/#primaryimage"},"thumbnailUrl":"https:\/\/www.melpool.com\/wp-content\/uploads\/2022\/06\/Melpool.potje_.Minitabs-EN.jpg","datePublished":"2022-12-23T09:30:42+00:00","dateModified":"2023-02-02T12:34:40+00:00","breadcrumb":{"@id":"https:\/\/www.melpool.com\/fr\/produit\/minitabs-de-melpool\/#breadcrumb"},"inLanguage":"fr-FR","potentialAction":[{"@type":"ReadAction","target":["https:\/\/www.melpool.com\/fr\/produit\/minitabs-de-melpool\/"]}]},{"@type":"ImageObject","inLanguage":"fr-FR","@id":"https:\/\/www.melpool.com\/fr\/produit\/minitabs-de-melpool\/#primaryimage","url":"https:\/\/www.melpool.com\/wp-content\/uploads\/2022\/06\/Melpool.potje_.Minitabs-EN.jpg","contentUrl":"https:\/\/www.melpool.com\/wp-content\/uploads\/2022\/06\/Melpool.potje_.Minitabs-EN.jpg","width":2000,"height":2500},{"@type":"BreadcrumbList","@id":"https:\/\/www.melpool.com\/fr\/produit\/minitabs-de-melpool\/#breadcrumb","itemListElement":[{"@type":"ListItem","position":1,"name":"Home","item":"https:\/\/www.melpool.com\/fr\/"},{"@type":"ListItem","position":2,"name":"Produits","item":"https:\/\/www.melpool.com\/fr\/produit\/"},{"@type":"ListItem","position":3,"name":"D\u00e9sinfection","item":"https:\/\/www.melpool.com\/fr\/categorie-de-produit\/desinfection\/"},{"@type":"ListItem","position":4,"name":"Minitabs de Melpool"}]},{"@type":"WebSite","@id":"https:\/\/www.melpool.com\/fr\/#website","url":"https:\/\/www.melpool.com\/fr\/","name":"Melpool","description":"Alles voor waterbehandeling van uw zwembad","publisher":{"@id":"https:\/\/www.melpool.com\/fr\/#organization"},"potentialAction":[{"@type":"SearchAction","target":{"@type":"EntryPoint","urlTemplate":"https:\/\/www.melpool.com\/fr\/?s={search_term_string}"},"query-input":{"@type":"PropertyValueSpecification","valueRequired":true,"valueName":"search_term_string"}}],"inLanguage":"fr-FR"},{"@type":"Organization","@id":"https:\/\/www.melpool.com\/fr\/#organization","name":"Melpool","url":"https:\/\/www.melpool.com\/fr\/","logo":{"@type":"ImageObject","inLanguage":"fr-FR","@id":"https:\/\/www.melpool.com\/fr\/#\/schema\/logo\/image\/","url":"https:\/\/www.melpool.com\/wp-content\/uploads\/2021\/08\/Melpool-Logo-blauw.png","contentUrl":"https:\/\/www.melpool.com\/wp-content\/uploads\/2021\/08\/Melpool-Logo-blauw.png","width":1729,"height":542,"caption":"Melpool"},"image":{"@id":"https:\/\/www.melpool.com\/fr\/#\/schema\/logo\/image\/"}}]}},"_links":{"self":[{"href":"https:\/\/www.melpool.com\/fr\/wp-json\/wp\/v2\/product\/4542","targetHints":{"allow":["GET"]}}],"collection":[{"href":"https:\/\/www.melpool.com\/fr\/wp-json\/wp\/v2\/product"}],"about":[{"href":"https:\/\/www.melpool.com\/fr\/wp-json\/wp\/v2\/types\/product"}],"wp:featuredmedia":[{"embeddable":true,"href":"https:\/\/www.melpool.com\/fr\/wp-json\/wp\/v2\/media\/3365"}],"wp:attachment":[{"href":"https:\/\/www.melpool.com\/fr\/wp-json\/wp\/v2\/media?parent=4542"}],"wp:term":[{"taxonomy":"behandeling","embeddable":true,"href":"https:\/\/www.melpool.com\/fr\/wp-json\/wp\/v2\/behandeling?post=4542"},{"taxonomy":"product_categorie","embeddable":true,"href":"https:\/\/www.melpool.com\/fr\/wp-json\/wp\/v2\/product_categorie?post=4542"},{"taxonomy":"product_type","embeddable":true,"href":"https:\/\/www.melpool.com\/fr\/wp-json\/wp\/v2\/product_type?post=4542"}],"curies":[{"name":"wp","href":"https:\/\/api.w.org\/{rel}","templated":true}]}}