{"id":4543,"date":"2022-12-23T09:32:00","date_gmt":"2022-12-23T09:32:00","guid":{"rendered":"https:\/\/melpool.i-aspect.com\/product\/melpool-oxy\/"},"modified":"2023-02-02T12:35:35","modified_gmt":"2023-02-02T12:35:35","slug":"melpool-oxy","status":"publish","type":"product","link":"https:\/\/www.melpool.com\/fr\/produit\/melpool-oxy\/","title":{"rendered":"Melpool OXY"},"content":{"rendered":"\n<p><strong>Granul\u00e9s de traitement choc sans chlore pour les piscines<\/strong>.<\/p>\n\n<p>Agent oxydant \u00e0 dissolution rapide sous forme de granul\u00e9s. Traitement alternatif de l&rsquo;eau sans chlore. Id\u00e9al pour le choc d&rsquo;oxydation rapide et le nettoyage. Tr\u00e8s efficace contre les algues et les d\u00e9p\u00f4ts organiques. Pour une application en eau douce et en eau dure.<\/p>\n","protected":false},"excerpt":{"rendered":"<p>Granul\u00e9s de traitement choc sans chlore pour les piscines. Agent oxydant \u00e0 dissolution rapide sous forme de granul\u00e9s. Traitement alternatif de l&rsquo;eau sans chlore. Id\u00e9al pour le choc d&rsquo;oxydation rapide et le nettoyage. Tr\u00e8s efficace contre les algues et les d\u00e9p\u00f4ts organiques. Pour une application en eau douce et en eau dure.<\/p>\n","protected":false},"featured_media":2788,"template":"","behandeling":[117],"product_categorie":[116],"product_type":[118],"class_list":["post-4543","product","type-product","status-publish","has-post-thumbnail","hentry","behandeling-analyse-de-leau","product_categorie-desinfection","product_type-granules"],"acf":[],"yoast_head":"<!-- This site is optimized with the Yoast SEO plugin v27.3 - https:\/\/yoast.com\/product\/yoast-seo-wordpress\/ -->\n<title>Melpool OXY - Melpool<\/title>\n<meta name=\"robots\" content=\"index, follow, max-snippet:-1, max-image-preview:large, max-video-preview:-1\" \/>\n<link rel=\"canonical\" href=\"https:\/\/www.melpool.com\/fr\/produit\/melpool-oxy\/\" \/>\n<meta property=\"og:locale\" content=\"fr_FR\" \/>\n<meta property=\"og:type\" content=\"article\" \/>\n<meta property=\"og:title\" content=\"Melpool OXY - Melpool\" \/>\n<meta property=\"og:description\" content=\"Granul\u00e9s de traitement choc sans chlore pour les piscines. Agent oxydant \u00e0 dissolution rapide sous forme de granul\u00e9s. Traitement alternatif de l&rsquo;eau sans chlore. Id\u00e9al pour le choc d&rsquo;oxydation rapide et le nettoyage. Tr\u00e8s efficace contre les algues et les d\u00e9p\u00f4ts organiques. Pour une application en eau douce et en eau dure.\" \/>\n<meta property=\"og:url\" content=\"https:\/\/www.melpool.com\/fr\/produit\/melpool-oxy\/\" \/>\n<meta property=\"og:site_name\" content=\"Melpool\" \/>\n<meta property=\"article:modified_time\" content=\"2023-02-02T12:35:35+00:00\" \/>\n<meta property=\"og:image\" content=\"https:\/\/www.melpool.com\/wp-content\/uploads\/2022\/04\/Melpool.5kg.OXY-EN.jpg\" \/>\n\t<meta property=\"og:image:width\" content=\"2000\" \/>\n\t<meta property=\"og:image:height\" content=\"2500\" \/>\n\t<meta property=\"og:image:type\" content=\"image\/jpeg\" \/>\n<meta name=\"twitter:card\" content=\"summary_large_image\" \/>\n<script type=\"application\/ld+json\" class=\"yoast-schema-graph\">{\"@context\":\"https:\\\/\\\/schema.org\",\"@graph\":[{\"@type\":\"WebPage\",\"@id\":\"https:\\\/\\\/www.melpool.com\\\/fr\\\/produit\\\/melpool-oxy\\\/\",\"url\":\"https:\\\/\\\/www.melpool.com\\\/fr\\\/produit\\\/melpool-oxy\\\/\",\"name\":\"Melpool OXY - Melpool\",\"isPartOf\":{\"@id\":\"https:\\\/\\\/www.melpool.com\\\/fr\\\/#website\"},\"primaryImageOfPage\":{\"@id\":\"https:\\\/\\\/www.melpool.com\\\/fr\\\/produit\\\/melpool-oxy\\\/#primaryimage\"},\"image\":{\"@id\":\"https:\\\/\\\/www.melpool.com\\\/fr\\\/produit\\\/melpool-oxy\\\/#primaryimage\"},\"thumbnailUrl\":\"https:\\\/\\\/www.melpool.com\\\/wp-content\\\/uploads\\\/2022\\\/04\\\/Melpool.5kg.OXY-EN.jpg\",\"datePublished\":\"2022-12-23T09:32:00+00:00\",\"dateModified\":\"2023-02-02T12:35:35+00:00\",\"breadcrumb\":{\"@id\":\"https:\\\/\\\/www.melpool.com\\\/fr\\\/produit\\\/melpool-oxy\\\/#breadcrumb\"},\"inLanguage\":\"fr-FR\",\"potentialAction\":[{\"@type\":\"ReadAction\",\"target\":[\"https:\\\/\\\/www.melpool.com\\\/fr\\\/produit\\\/melpool-oxy\\\/\"]}]},{\"@type\":\"ImageObject\",\"inLanguage\":\"fr-FR\",\"@id\":\"https:\\\/\\\/www.melpool.com\\\/fr\\\/produit\\\/melpool-oxy\\\/#primaryimage\",\"url\":\"https:\\\/\\\/www.melpool.com\\\/wp-content\\\/uploads\\\/2022\\\/04\\\/Melpool.5kg.OXY-EN.jpg\",\"contentUrl\":\"https:\\\/\\\/www.melpool.com\\\/wp-content\\\/uploads\\\/2022\\\/04\\\/Melpool.5kg.OXY-EN.jpg\",\"width\":2000,\"height\":2500},{\"@type\":\"BreadcrumbList\",\"@id\":\"https:\\\/\\\/www.melpool.com\\\/fr\\\/produit\\\/melpool-oxy\\\/#breadcrumb\",\"itemListElement\":[{\"@type\":\"ListItem\",\"position\":1,\"name\":\"Home\",\"item\":\"https:\\\/\\\/www.melpool.com\\\/fr\\\/\"},{\"@type\":\"ListItem\",\"position\":2,\"name\":\"Produits\",\"item\":\"https:\\\/\\\/www.melpool.com\\\/fr\\\/produit\\\/\"},{\"@type\":\"ListItem\",\"position\":3,\"name\":\"D\u00e9sinfection\",\"item\":\"https:\\\/\\\/www.melpool.com\\\/fr\\\/categorie-de-produit\\\/desinfection\\\/\"},{\"@type\":\"ListItem\",\"position\":4,\"name\":\"Melpool OXY\"}]},{\"@type\":\"WebSite\",\"@id\":\"https:\\\/\\\/www.melpool.com\\\/fr\\\/#website\",\"url\":\"https:\\\/\\\/www.melpool.com\\\/fr\\\/\",\"name\":\"Melpool\",\"description\":\"Alles voor waterbehandeling van uw zwembad\",\"publisher\":{\"@id\":\"https:\\\/\\\/www.melpool.com\\\/fr\\\/#organization\"},\"potentialAction\":[{\"@type\":\"SearchAction\",\"target\":{\"@type\":\"EntryPoint\",\"urlTemplate\":\"https:\\\/\\\/www.melpool.com\\\/fr\\\/?s={search_term_string}\"},\"query-input\":{\"@type\":\"PropertyValueSpecification\",\"valueRequired\":true,\"valueName\":\"search_term_string\"}}],\"inLanguage\":\"fr-FR\"},{\"@type\":\"Organization\",\"@id\":\"https:\\\/\\\/www.melpool.com\\\/fr\\\/#organization\",\"name\":\"Melpool\",\"url\":\"https:\\\/\\\/www.melpool.com\\\/fr\\\/\",\"logo\":{\"@type\":\"ImageObject\",\"inLanguage\":\"fr-FR\",\"@id\":\"https:\\\/\\\/www.melpool.com\\\/fr\\\/#\\\/schema\\\/logo\\\/image\\\/\",\"url\":\"https:\\\/\\\/www.melpool.com\\\/wp-content\\\/uploads\\\/2021\\\/08\\\/Melpool-Logo-blauw.png\",\"contentUrl\":\"https:\\\/\\\/www.melpool.com\\\/wp-content\\\/uploads\\\/2021\\\/08\\\/Melpool-Logo-blauw.png\",\"width\":1729,\"height\":542,\"caption\":\"Melpool\"},\"image\":{\"@id\":\"https:\\\/\\\/www.melpool.com\\\/fr\\\/#\\\/schema\\\/logo\\\/image\\\/\"}}]}<\/script>\n<!-- \/ Yoast SEO plugin. -->","yoast_head_json":{"title":"Melpool OXY - Melpool","robots":{"index":"index","follow":"follow","max-snippet":"max-snippet:-1","max-image-preview":"max-image-preview:large","max-video-preview":"max-video-preview:-1"},"canonical":"https:\/\/www.melpool.com\/fr\/produit\/melpool-oxy\/","og_locale":"fr_FR","og_type":"article","og_title":"Melpool OXY - Melpool","og_description":"Granul\u00e9s de traitement choc sans chlore pour les piscines. Agent oxydant \u00e0 dissolution rapide sous forme de granul\u00e9s. Traitement alternatif de l&rsquo;eau sans chlore. Id\u00e9al pour le choc d&rsquo;oxydation rapide et le nettoyage. Tr\u00e8s efficace contre les algues et les d\u00e9p\u00f4ts organiques. Pour une application en eau douce et en eau dure.","og_url":"https:\/\/www.melpool.com\/fr\/produit\/melpool-oxy\/","og_site_name":"Melpool","article_modified_time":"2023-02-02T12:35:35+00:00","og_image":[{"width":2000,"height":2500,"url":"https:\/\/www.melpool.com\/wp-content\/uploads\/2022\/04\/Melpool.5kg.OXY-EN.jpg","type":"image\/jpeg"}],"twitter_card":"summary_large_image","schema":{"@context":"https:\/\/schema.org","@graph":[{"@type":"WebPage","@id":"https:\/\/www.melpool.com\/fr\/produit\/melpool-oxy\/","url":"https:\/\/www.melpool.com\/fr\/produit\/melpool-oxy\/","name":"Melpool OXY - Melpool","isPartOf":{"@id":"https:\/\/www.melpool.com\/fr\/#website"},"primaryImageOfPage":{"@id":"https:\/\/www.melpool.com\/fr\/produit\/melpool-oxy\/#primaryimage"},"image":{"@id":"https:\/\/www.melpool.com\/fr\/produit\/melpool-oxy\/#primaryimage"},"thumbnailUrl":"https:\/\/www.melpool.com\/wp-content\/uploads\/2022\/04\/Melpool.5kg.OXY-EN.jpg","datePublished":"2022-12-23T09:32:00+00:00","dateModified":"2023-02-02T12:35:35+00:00","breadcrumb":{"@id":"https:\/\/www.melpool.com\/fr\/produit\/melpool-oxy\/#breadcrumb"},"inLanguage":"fr-FR","potentialAction":[{"@type":"ReadAction","target":["https:\/\/www.melpool.com\/fr\/produit\/melpool-oxy\/"]}]},{"@type":"ImageObject","inLanguage":"fr-FR","@id":"https:\/\/www.melpool.com\/fr\/produit\/melpool-oxy\/#primaryimage","url":"https:\/\/www.melpool.com\/wp-content\/uploads\/2022\/04\/Melpool.5kg.OXY-EN.jpg","contentUrl":"https:\/\/www.melpool.com\/wp-content\/uploads\/2022\/04\/Melpool.5kg.OXY-EN.jpg","width":2000,"height":2500},{"@type":"BreadcrumbList","@id":"https:\/\/www.melpool.com\/fr\/produit\/melpool-oxy\/#breadcrumb","itemListElement":[{"@type":"ListItem","position":1,"name":"Home","item":"https:\/\/www.melpool.com\/fr\/"},{"@type":"ListItem","position":2,"name":"Produits","item":"https:\/\/www.melpool.com\/fr\/produit\/"},{"@type":"ListItem","position":3,"name":"D\u00e9sinfection","item":"https:\/\/www.melpool.com\/fr\/categorie-de-produit\/desinfection\/"},{"@type":"ListItem","position":4,"name":"Melpool OXY"}]},{"@type":"WebSite","@id":"https:\/\/www.melpool.com\/fr\/#website","url":"https:\/\/www.melpool.com\/fr\/","name":"Melpool","description":"Alles voor waterbehandeling van uw zwembad","publisher":{"@id":"https:\/\/www.melpool.com\/fr\/#organization"},"potentialAction":[{"@type":"SearchAction","target":{"@type":"EntryPoint","urlTemplate":"https:\/\/www.melpool.com\/fr\/?s={search_term_string}"},"query-input":{"@type":"PropertyValueSpecification","valueRequired":true,"valueName":"search_term_string"}}],"inLanguage":"fr-FR"},{"@type":"Organization","@id":"https:\/\/www.melpool.com\/fr\/#organization","name":"Melpool","url":"https:\/\/www.melpool.com\/fr\/","logo":{"@type":"ImageObject","inLanguage":"fr-FR","@id":"https:\/\/www.melpool.com\/fr\/#\/schema\/logo\/image\/","url":"https:\/\/www.melpool.com\/wp-content\/uploads\/2021\/08\/Melpool-Logo-blauw.png","contentUrl":"https:\/\/www.melpool.com\/wp-content\/uploads\/2021\/08\/Melpool-Logo-blauw.png","width":1729,"height":542,"caption":"Melpool"},"image":{"@id":"https:\/\/www.melpool.com\/fr\/#\/schema\/logo\/image\/"}}]}},"_links":{"self":[{"href":"https:\/\/www.melpool.com\/fr\/wp-json\/wp\/v2\/product\/4543","targetHints":{"allow":["GET"]}}],"collection":[{"href":"https:\/\/www.melpool.com\/fr\/wp-json\/wp\/v2\/product"}],"about":[{"href":"https:\/\/www.melpool.com\/fr\/wp-json\/wp\/v2\/types\/product"}],"wp:featuredmedia":[{"embeddable":true,"href":"https:\/\/www.melpool.com\/fr\/wp-json\/wp\/v2\/media\/2788"}],"wp:attachment":[{"href":"https:\/\/www.melpool.com\/fr\/wp-json\/wp\/v2\/media?parent=4543"}],"wp:term":[{"taxonomy":"behandeling","embeddable":true,"href":"https:\/\/www.melpool.com\/fr\/wp-json\/wp\/v2\/behandeling?post=4543"},{"taxonomy":"product_categorie","embeddable":true,"href":"https:\/\/www.melpool.com\/fr\/wp-json\/wp\/v2\/product_categorie?post=4543"},{"taxonomy":"product_type","embeddable":true,"href":"https:\/\/www.melpool.com\/fr\/wp-json\/wp\/v2\/product_type?post=4543"}],"curies":[{"name":"wp","href":"https:\/\/api.w.org\/{rel}","templated":true}]}}