{"id":4544,"date":"2022-12-23T09:33:37","date_gmt":"2022-12-23T09:33:37","guid":{"rendered":"https:\/\/melpool.i-aspect.com\/product\/melpool-br-20\/"},"modified":"2022-12-27T19:24:02","modified_gmt":"2022-12-27T19:24:02","slug":"melpool-br-20","status":"publish","type":"product","link":"https:\/\/www.melpool.com\/fr\/produit\/melpool-br-20\/","title":{"rendered":"Melpool BR\/20"},"content":{"rendered":"\n<p><strong>Pastilles de d\u00e9sinfection au brome de 20g pour les piscines<\/strong>.<\/p>\n\n<p>Pastilles de d\u00e9sinfection \u00e0 dissolution lente 20g. Id\u00e9al pour le traitement de l&rsquo;eau des spas (temp\u00e9rature et pH \u00e9lev\u00e9s). Moins irritant pour les yeux et la peau sensible, ne donne pas d&rsquo;odeur typique de chlore. Efficace contre les algues et les d\u00e9p\u00f4ts organiques. Ne se d\u00e9grade pas sous l&rsquo;influence du soleil (UV). Pour une application en eau douce et en eau dure.<\/p>\n","protected":false},"excerpt":{"rendered":"<p>Pastilles de d\u00e9sinfection au brome de 20g pour les piscines. Pastilles de d\u00e9sinfection \u00e0 dissolution lente 20g. Id\u00e9al pour le traitement de l&rsquo;eau des spas (temp\u00e9rature et pH \u00e9lev\u00e9s). Moins irritant pour les yeux et la peau sensible, ne donne pas d&rsquo;odeur typique de chlore. Efficace contre les algues et les d\u00e9p\u00f4ts organiques. Ne se [&hellip;]<\/p>\n","protected":false},"featured_media":2756,"template":"","behandeling":[],"product_categorie":[116],"product_type":[115],"class_list":["post-4544","product","type-product","status-publish","has-post-thumbnail","hentry","product_categorie-desinfection","product_type-tablettes"],"acf":[],"yoast_head":"<!-- This site is optimized with the Yoast SEO plugin v27.3 - https:\/\/yoast.com\/product\/yoast-seo-wordpress\/ -->\n<title>Melpool BR\/20 - Melpool<\/title>\n<meta name=\"robots\" content=\"index, follow, max-snippet:-1, max-image-preview:large, max-video-preview:-1\" \/>\n<link rel=\"canonical\" href=\"https:\/\/www.melpool.com\/fr\/produit\/melpool-br-20\/\" \/>\n<meta property=\"og:locale\" content=\"fr_FR\" \/>\n<meta property=\"og:type\" content=\"article\" \/>\n<meta property=\"og:title\" content=\"Melpool BR\/20 - Melpool\" \/>\n<meta property=\"og:description\" content=\"Pastilles de d\u00e9sinfection au brome de 20g pour les piscines. Pastilles de d\u00e9sinfection \u00e0 dissolution lente 20g. Id\u00e9al pour le traitement de l&rsquo;eau des spas (temp\u00e9rature et pH \u00e9lev\u00e9s). Moins irritant pour les yeux et la peau sensible, ne donne pas d&rsquo;odeur typique de chlore. Efficace contre les algues et les d\u00e9p\u00f4ts organiques. Ne se [&hellip;]\" \/>\n<meta property=\"og:url\" content=\"https:\/\/www.melpool.com\/fr\/produit\/melpool-br-20\/\" \/>\n<meta property=\"og:site_name\" content=\"Melpool\" \/>\n<meta property=\"article:modified_time\" content=\"2022-12-27T19:24:02+00:00\" \/>\n<meta property=\"og:image\" content=\"https:\/\/www.melpool.com\/wp-content\/uploads\/2022\/04\/Melpool.5kg.BR-20-EN.jpg\" \/>\n\t<meta property=\"og:image:width\" content=\"2000\" \/>\n\t<meta property=\"og:image:height\" content=\"2500\" \/>\n\t<meta property=\"og:image:type\" content=\"image\/jpeg\" \/>\n<meta name=\"twitter:card\" content=\"summary_large_image\" \/>\n<script type=\"application\/ld+json\" class=\"yoast-schema-graph\">{\"@context\":\"https:\\\/\\\/schema.org\",\"@graph\":[{\"@type\":\"WebPage\",\"@id\":\"https:\\\/\\\/www.melpool.com\\\/fr\\\/produit\\\/melpool-br-20\\\/\",\"url\":\"https:\\\/\\\/www.melpool.com\\\/fr\\\/produit\\\/melpool-br-20\\\/\",\"name\":\"Melpool BR\\\/20 - Melpool\",\"isPartOf\":{\"@id\":\"https:\\\/\\\/www.melpool.com\\\/fr\\\/#website\"},\"primaryImageOfPage\":{\"@id\":\"https:\\\/\\\/www.melpool.com\\\/fr\\\/produit\\\/melpool-br-20\\\/#primaryimage\"},\"image\":{\"@id\":\"https:\\\/\\\/www.melpool.com\\\/fr\\\/produit\\\/melpool-br-20\\\/#primaryimage\"},\"thumbnailUrl\":\"https:\\\/\\\/www.melpool.com\\\/wp-content\\\/uploads\\\/2022\\\/04\\\/Melpool.5kg.BR-20-EN.jpg\",\"datePublished\":\"2022-12-23T09:33:37+00:00\",\"dateModified\":\"2022-12-27T19:24:02+00:00\",\"breadcrumb\":{\"@id\":\"https:\\\/\\\/www.melpool.com\\\/fr\\\/produit\\\/melpool-br-20\\\/#breadcrumb\"},\"inLanguage\":\"fr-FR\",\"potentialAction\":[{\"@type\":\"ReadAction\",\"target\":[\"https:\\\/\\\/www.melpool.com\\\/fr\\\/produit\\\/melpool-br-20\\\/\"]}]},{\"@type\":\"ImageObject\",\"inLanguage\":\"fr-FR\",\"@id\":\"https:\\\/\\\/www.melpool.com\\\/fr\\\/produit\\\/melpool-br-20\\\/#primaryimage\",\"url\":\"https:\\\/\\\/www.melpool.com\\\/wp-content\\\/uploads\\\/2022\\\/04\\\/Melpool.5kg.BR-20-EN.jpg\",\"contentUrl\":\"https:\\\/\\\/www.melpool.com\\\/wp-content\\\/uploads\\\/2022\\\/04\\\/Melpool.5kg.BR-20-EN.jpg\",\"width\":2000,\"height\":2500},{\"@type\":\"BreadcrumbList\",\"@id\":\"https:\\\/\\\/www.melpool.com\\\/fr\\\/produit\\\/melpool-br-20\\\/#breadcrumb\",\"itemListElement\":[{\"@type\":\"ListItem\",\"position\":1,\"name\":\"Home\",\"item\":\"https:\\\/\\\/www.melpool.com\\\/fr\\\/\"},{\"@type\":\"ListItem\",\"position\":2,\"name\":\"Produits\",\"item\":\"https:\\\/\\\/www.melpool.com\\\/fr\\\/produit\\\/\"},{\"@type\":\"ListItem\",\"position\":3,\"name\":\"D\u00e9sinfection\",\"item\":\"https:\\\/\\\/www.melpool.com\\\/fr\\\/categorie-de-produit\\\/desinfection\\\/\"},{\"@type\":\"ListItem\",\"position\":4,\"name\":\"Melpool BR\\\/20\"}]},{\"@type\":\"WebSite\",\"@id\":\"https:\\\/\\\/www.melpool.com\\\/fr\\\/#website\",\"url\":\"https:\\\/\\\/www.melpool.com\\\/fr\\\/\",\"name\":\"Melpool\",\"description\":\"Alles voor waterbehandeling van uw zwembad\",\"publisher\":{\"@id\":\"https:\\\/\\\/www.melpool.com\\\/fr\\\/#organization\"},\"potentialAction\":[{\"@type\":\"SearchAction\",\"target\":{\"@type\":\"EntryPoint\",\"urlTemplate\":\"https:\\\/\\\/www.melpool.com\\\/fr\\\/?s={search_term_string}\"},\"query-input\":{\"@type\":\"PropertyValueSpecification\",\"valueRequired\":true,\"valueName\":\"search_term_string\"}}],\"inLanguage\":\"fr-FR\"},{\"@type\":\"Organization\",\"@id\":\"https:\\\/\\\/www.melpool.com\\\/fr\\\/#organization\",\"name\":\"Melpool\",\"url\":\"https:\\\/\\\/www.melpool.com\\\/fr\\\/\",\"logo\":{\"@type\":\"ImageObject\",\"inLanguage\":\"fr-FR\",\"@id\":\"https:\\\/\\\/www.melpool.com\\\/fr\\\/#\\\/schema\\\/logo\\\/image\\\/\",\"url\":\"https:\\\/\\\/www.melpool.com\\\/wp-content\\\/uploads\\\/2021\\\/08\\\/Melpool-Logo-blauw.png\",\"contentUrl\":\"https:\\\/\\\/www.melpool.com\\\/wp-content\\\/uploads\\\/2021\\\/08\\\/Melpool-Logo-blauw.png\",\"width\":1729,\"height\":542,\"caption\":\"Melpool\"},\"image\":{\"@id\":\"https:\\\/\\\/www.melpool.com\\\/fr\\\/#\\\/schema\\\/logo\\\/image\\\/\"}}]}<\/script>\n<!-- \/ Yoast SEO plugin. -->","yoast_head_json":{"title":"Melpool BR\/20 - Melpool","robots":{"index":"index","follow":"follow","max-snippet":"max-snippet:-1","max-image-preview":"max-image-preview:large","max-video-preview":"max-video-preview:-1"},"canonical":"https:\/\/www.melpool.com\/fr\/produit\/melpool-br-20\/","og_locale":"fr_FR","og_type":"article","og_title":"Melpool BR\/20 - Melpool","og_description":"Pastilles de d\u00e9sinfection au brome de 20g pour les piscines. Pastilles de d\u00e9sinfection \u00e0 dissolution lente 20g. Id\u00e9al pour le traitement de l&rsquo;eau des spas (temp\u00e9rature et pH \u00e9lev\u00e9s). Moins irritant pour les yeux et la peau sensible, ne donne pas d&rsquo;odeur typique de chlore. Efficace contre les algues et les d\u00e9p\u00f4ts organiques. Ne se [&hellip;]","og_url":"https:\/\/www.melpool.com\/fr\/produit\/melpool-br-20\/","og_site_name":"Melpool","article_modified_time":"2022-12-27T19:24:02+00:00","og_image":[{"width":2000,"height":2500,"url":"https:\/\/www.melpool.com\/wp-content\/uploads\/2022\/04\/Melpool.5kg.BR-20-EN.jpg","type":"image\/jpeg"}],"twitter_card":"summary_large_image","schema":{"@context":"https:\/\/schema.org","@graph":[{"@type":"WebPage","@id":"https:\/\/www.melpool.com\/fr\/produit\/melpool-br-20\/","url":"https:\/\/www.melpool.com\/fr\/produit\/melpool-br-20\/","name":"Melpool BR\/20 - Melpool","isPartOf":{"@id":"https:\/\/www.melpool.com\/fr\/#website"},"primaryImageOfPage":{"@id":"https:\/\/www.melpool.com\/fr\/produit\/melpool-br-20\/#primaryimage"},"image":{"@id":"https:\/\/www.melpool.com\/fr\/produit\/melpool-br-20\/#primaryimage"},"thumbnailUrl":"https:\/\/www.melpool.com\/wp-content\/uploads\/2022\/04\/Melpool.5kg.BR-20-EN.jpg","datePublished":"2022-12-23T09:33:37+00:00","dateModified":"2022-12-27T19:24:02+00:00","breadcrumb":{"@id":"https:\/\/www.melpool.com\/fr\/produit\/melpool-br-20\/#breadcrumb"},"inLanguage":"fr-FR","potentialAction":[{"@type":"ReadAction","target":["https:\/\/www.melpool.com\/fr\/produit\/melpool-br-20\/"]}]},{"@type":"ImageObject","inLanguage":"fr-FR","@id":"https:\/\/www.melpool.com\/fr\/produit\/melpool-br-20\/#primaryimage","url":"https:\/\/www.melpool.com\/wp-content\/uploads\/2022\/04\/Melpool.5kg.BR-20-EN.jpg","contentUrl":"https:\/\/www.melpool.com\/wp-content\/uploads\/2022\/04\/Melpool.5kg.BR-20-EN.jpg","width":2000,"height":2500},{"@type":"BreadcrumbList","@id":"https:\/\/www.melpool.com\/fr\/produit\/melpool-br-20\/#breadcrumb","itemListElement":[{"@type":"ListItem","position":1,"name":"Home","item":"https:\/\/www.melpool.com\/fr\/"},{"@type":"ListItem","position":2,"name":"Produits","item":"https:\/\/www.melpool.com\/fr\/produit\/"},{"@type":"ListItem","position":3,"name":"D\u00e9sinfection","item":"https:\/\/www.melpool.com\/fr\/categorie-de-produit\/desinfection\/"},{"@type":"ListItem","position":4,"name":"Melpool BR\/20"}]},{"@type":"WebSite","@id":"https:\/\/www.melpool.com\/fr\/#website","url":"https:\/\/www.melpool.com\/fr\/","name":"Melpool","description":"Alles voor waterbehandeling van uw zwembad","publisher":{"@id":"https:\/\/www.melpool.com\/fr\/#organization"},"potentialAction":[{"@type":"SearchAction","target":{"@type":"EntryPoint","urlTemplate":"https:\/\/www.melpool.com\/fr\/?s={search_term_string}"},"query-input":{"@type":"PropertyValueSpecification","valueRequired":true,"valueName":"search_term_string"}}],"inLanguage":"fr-FR"},{"@type":"Organization","@id":"https:\/\/www.melpool.com\/fr\/#organization","name":"Melpool","url":"https:\/\/www.melpool.com\/fr\/","logo":{"@type":"ImageObject","inLanguage":"fr-FR","@id":"https:\/\/www.melpool.com\/fr\/#\/schema\/logo\/image\/","url":"https:\/\/www.melpool.com\/wp-content\/uploads\/2021\/08\/Melpool-Logo-blauw.png","contentUrl":"https:\/\/www.melpool.com\/wp-content\/uploads\/2021\/08\/Melpool-Logo-blauw.png","width":1729,"height":542,"caption":"Melpool"},"image":{"@id":"https:\/\/www.melpool.com\/fr\/#\/schema\/logo\/image\/"}}]}},"_links":{"self":[{"href":"https:\/\/www.melpool.com\/fr\/wp-json\/wp\/v2\/product\/4544","targetHints":{"allow":["GET"]}}],"collection":[{"href":"https:\/\/www.melpool.com\/fr\/wp-json\/wp\/v2\/product"}],"about":[{"href":"https:\/\/www.melpool.com\/fr\/wp-json\/wp\/v2\/types\/product"}],"wp:featuredmedia":[{"embeddable":true,"href":"https:\/\/www.melpool.com\/fr\/wp-json\/wp\/v2\/media\/2756"}],"wp:attachment":[{"href":"https:\/\/www.melpool.com\/fr\/wp-json\/wp\/v2\/media?parent=4544"}],"wp:term":[{"taxonomy":"behandeling","embeddable":true,"href":"https:\/\/www.melpool.com\/fr\/wp-json\/wp\/v2\/behandeling?post=4544"},{"taxonomy":"product_categorie","embeddable":true,"href":"https:\/\/www.melpool.com\/fr\/wp-json\/wp\/v2\/product_categorie?post=4544"},{"taxonomy":"product_type","embeddable":true,"href":"https:\/\/www.melpool.com\/fr\/wp-json\/wp\/v2\/product_type?post=4544"}],"curies":[{"name":"wp","href":"https:\/\/api.w.org\/{rel}","templated":true}]}}