{"id":4566,"date":"2022-12-23T11:14:30","date_gmt":"2022-12-23T11:14:30","guid":{"rendered":"https:\/\/melpool.i-aspect.com\/product\/melpool-55-g\/"},"modified":"2023-10-06T15:31:22","modified_gmt":"2023-10-06T14:31:22","slug":"melpool-55-g","status":"publish","type":"product","link":"https:\/\/www.melpool.com\/fr\/produit\/melpool-55-g\/","title":{"rendered":"Melpool 55\/G"},"content":{"rendered":"\n<p><strong>Granuler pour la d\u00e9sinfection et le contr\u00f4le des algues<\/strong>. <\/p>\n\n<p>Chlore stabilis\u00e9 \u00e0 dissolution rapide (min. 55% Cl.) sous forme de granul\u00e9s. Pour une d\u00e9sinfection continue en eau douce et dure. Id\u00e9al pour un choc chlor\u00e9 et un d\u00e9but de saison. Le stabilisateur prot\u00e8ge le chlore des rayons UV du soleil. Tr\u00e8s efficace contre les algues et les d\u00e9p\u00f4ts organiques. <\/p>\n","protected":false},"excerpt":{"rendered":"<p>Granuler pour la d\u00e9sinfection et le contr\u00f4le des algues. Chlore stabilis\u00e9 \u00e0 dissolution rapide (min. 55% Cl.) sous forme de granul\u00e9s. Pour une d\u00e9sinfection continue en eau douce et dure. Id\u00e9al pour un choc chlor\u00e9 et un d\u00e9but de saison. Le stabilisateur prot\u00e8ge le chlore des rayons UV du soleil. Tr\u00e8s efficace contre les algues [&hellip;]<\/p>\n","protected":false},"featured_media":3228,"template":"","behandeling":[117,121],"product_categorie":[116],"product_type":[],"class_list":["post-4566","product","type-product","status-publish","has-post-thumbnail","hentry","behandeling-analyse-de-leau","behandeling-demarrage-et-dosage","product_categorie-desinfection"],"acf":[],"yoast_head":"<!-- This site is optimized with the Yoast SEO plugin v27.3 - https:\/\/yoast.com\/product\/yoast-seo-wordpress\/ -->\n<title>Melpool 55\/G - Melpool<\/title>\n<meta name=\"robots\" content=\"index, follow, max-snippet:-1, max-image-preview:large, max-video-preview:-1\" \/>\n<link rel=\"canonical\" href=\"https:\/\/www.melpool.com\/fr\/produit\/melpool-55-g\/\" \/>\n<meta property=\"og:locale\" content=\"fr_FR\" \/>\n<meta property=\"og:type\" content=\"article\" \/>\n<meta property=\"og:title\" content=\"Melpool 55\/G - Melpool\" \/>\n<meta property=\"og:description\" content=\"Granuler pour la d\u00e9sinfection et le contr\u00f4le des algues. Chlore stabilis\u00e9 \u00e0 dissolution rapide (min. 55% Cl.) sous forme de granul\u00e9s. Pour une d\u00e9sinfection continue en eau douce et dure. Id\u00e9al pour un choc chlor\u00e9 et un d\u00e9but de saison. Le stabilisateur prot\u00e8ge le chlore des rayons UV du soleil. Tr\u00e8s efficace contre les algues [&hellip;]\" \/>\n<meta property=\"og:url\" content=\"https:\/\/www.melpool.com\/fr\/produit\/melpool-55-g\/\" \/>\n<meta property=\"og:site_name\" content=\"Melpool\" \/>\n<meta property=\"article:modified_time\" content=\"2023-10-06T14:31:22+00:00\" \/>\n<meta property=\"og:image\" content=\"https:\/\/www.melpool.com\/wp-content\/uploads\/2022\/05\/Melpool.5kg.55-G-NL.chloor-shock-1.jpg\" \/>\n\t<meta property=\"og:image:width\" content=\"2000\" \/>\n\t<meta property=\"og:image:height\" content=\"2500\" \/>\n\t<meta property=\"og:image:type\" content=\"image\/jpeg\" \/>\n<meta name=\"twitter:card\" content=\"summary_large_image\" \/>\n<script type=\"application\/ld+json\" class=\"yoast-schema-graph\">{\"@context\":\"https:\\\/\\\/schema.org\",\"@graph\":[{\"@type\":\"WebPage\",\"@id\":\"https:\\\/\\\/www.melpool.com\\\/fr\\\/produit\\\/melpool-55-g\\\/\",\"url\":\"https:\\\/\\\/www.melpool.com\\\/fr\\\/produit\\\/melpool-55-g\\\/\",\"name\":\"Melpool 55\\\/G - Melpool\",\"isPartOf\":{\"@id\":\"https:\\\/\\\/www.melpool.com\\\/fr\\\/#website\"},\"primaryImageOfPage\":{\"@id\":\"https:\\\/\\\/www.melpool.com\\\/fr\\\/produit\\\/melpool-55-g\\\/#primaryimage\"},\"image\":{\"@id\":\"https:\\\/\\\/www.melpool.com\\\/fr\\\/produit\\\/melpool-55-g\\\/#primaryimage\"},\"thumbnailUrl\":\"https:\\\/\\\/www.melpool.com\\\/wp-content\\\/uploads\\\/2022\\\/05\\\/Melpool.5kg.55-G-NL.chloor-shock-1.jpg\",\"datePublished\":\"2022-12-23T11:14:30+00:00\",\"dateModified\":\"2023-10-06T14:31:22+00:00\",\"breadcrumb\":{\"@id\":\"https:\\\/\\\/www.melpool.com\\\/fr\\\/produit\\\/melpool-55-g\\\/#breadcrumb\"},\"inLanguage\":\"fr-FR\",\"potentialAction\":[{\"@type\":\"ReadAction\",\"target\":[\"https:\\\/\\\/www.melpool.com\\\/fr\\\/produit\\\/melpool-55-g\\\/\"]}]},{\"@type\":\"ImageObject\",\"inLanguage\":\"fr-FR\",\"@id\":\"https:\\\/\\\/www.melpool.com\\\/fr\\\/produit\\\/melpool-55-g\\\/#primaryimage\",\"url\":\"https:\\\/\\\/www.melpool.com\\\/wp-content\\\/uploads\\\/2022\\\/05\\\/Melpool.5kg.55-G-NL.chloor-shock-1.jpg\",\"contentUrl\":\"https:\\\/\\\/www.melpool.com\\\/wp-content\\\/uploads\\\/2022\\\/05\\\/Melpool.5kg.55-G-NL.chloor-shock-1.jpg\",\"width\":2000,\"height\":2500},{\"@type\":\"BreadcrumbList\",\"@id\":\"https:\\\/\\\/www.melpool.com\\\/fr\\\/produit\\\/melpool-55-g\\\/#breadcrumb\",\"itemListElement\":[{\"@type\":\"ListItem\",\"position\":1,\"name\":\"Home\",\"item\":\"https:\\\/\\\/www.melpool.com\\\/fr\\\/\"},{\"@type\":\"ListItem\",\"position\":2,\"name\":\"Produits\",\"item\":\"https:\\\/\\\/www.melpool.com\\\/fr\\\/produit\\\/\"},{\"@type\":\"ListItem\",\"position\":3,\"name\":\"D\u00e9sinfection\",\"item\":\"https:\\\/\\\/www.melpool.com\\\/fr\\\/categorie-de-produit\\\/desinfection\\\/\"},{\"@type\":\"ListItem\",\"position\":4,\"name\":\"Melpool 55\\\/G\"}]},{\"@type\":\"WebSite\",\"@id\":\"https:\\\/\\\/www.melpool.com\\\/fr\\\/#website\",\"url\":\"https:\\\/\\\/www.melpool.com\\\/fr\\\/\",\"name\":\"Melpool\",\"description\":\"Alles voor waterbehandeling van uw zwembad\",\"publisher\":{\"@id\":\"https:\\\/\\\/www.melpool.com\\\/fr\\\/#organization\"},\"potentialAction\":[{\"@type\":\"SearchAction\",\"target\":{\"@type\":\"EntryPoint\",\"urlTemplate\":\"https:\\\/\\\/www.melpool.com\\\/fr\\\/?s={search_term_string}\"},\"query-input\":{\"@type\":\"PropertyValueSpecification\",\"valueRequired\":true,\"valueName\":\"search_term_string\"}}],\"inLanguage\":\"fr-FR\"},{\"@type\":\"Organization\",\"@id\":\"https:\\\/\\\/www.melpool.com\\\/fr\\\/#organization\",\"name\":\"Melpool\",\"url\":\"https:\\\/\\\/www.melpool.com\\\/fr\\\/\",\"logo\":{\"@type\":\"ImageObject\",\"inLanguage\":\"fr-FR\",\"@id\":\"https:\\\/\\\/www.melpool.com\\\/fr\\\/#\\\/schema\\\/logo\\\/image\\\/\",\"url\":\"https:\\\/\\\/www.melpool.com\\\/wp-content\\\/uploads\\\/2021\\\/08\\\/Melpool-Logo-blauw.png\",\"contentUrl\":\"https:\\\/\\\/www.melpool.com\\\/wp-content\\\/uploads\\\/2021\\\/08\\\/Melpool-Logo-blauw.png\",\"width\":1729,\"height\":542,\"caption\":\"Melpool\"},\"image\":{\"@id\":\"https:\\\/\\\/www.melpool.com\\\/fr\\\/#\\\/schema\\\/logo\\\/image\\\/\"}}]}<\/script>\n<!-- \/ Yoast SEO plugin. -->","yoast_head_json":{"title":"Melpool 55\/G - Melpool","robots":{"index":"index","follow":"follow","max-snippet":"max-snippet:-1","max-image-preview":"max-image-preview:large","max-video-preview":"max-video-preview:-1"},"canonical":"https:\/\/www.melpool.com\/fr\/produit\/melpool-55-g\/","og_locale":"fr_FR","og_type":"article","og_title":"Melpool 55\/G - Melpool","og_description":"Granuler pour la d\u00e9sinfection et le contr\u00f4le des algues. Chlore stabilis\u00e9 \u00e0 dissolution rapide (min. 55% Cl.) sous forme de granul\u00e9s. Pour une d\u00e9sinfection continue en eau douce et dure. Id\u00e9al pour un choc chlor\u00e9 et un d\u00e9but de saison. Le stabilisateur prot\u00e8ge le chlore des rayons UV du soleil. Tr\u00e8s efficace contre les algues [&hellip;]","og_url":"https:\/\/www.melpool.com\/fr\/produit\/melpool-55-g\/","og_site_name":"Melpool","article_modified_time":"2023-10-06T14:31:22+00:00","og_image":[{"width":2000,"height":2500,"url":"https:\/\/www.melpool.com\/wp-content\/uploads\/2022\/05\/Melpool.5kg.55-G-NL.chloor-shock-1.jpg","type":"image\/jpeg"}],"twitter_card":"summary_large_image","schema":{"@context":"https:\/\/schema.org","@graph":[{"@type":"WebPage","@id":"https:\/\/www.melpool.com\/fr\/produit\/melpool-55-g\/","url":"https:\/\/www.melpool.com\/fr\/produit\/melpool-55-g\/","name":"Melpool 55\/G - Melpool","isPartOf":{"@id":"https:\/\/www.melpool.com\/fr\/#website"},"primaryImageOfPage":{"@id":"https:\/\/www.melpool.com\/fr\/produit\/melpool-55-g\/#primaryimage"},"image":{"@id":"https:\/\/www.melpool.com\/fr\/produit\/melpool-55-g\/#primaryimage"},"thumbnailUrl":"https:\/\/www.melpool.com\/wp-content\/uploads\/2022\/05\/Melpool.5kg.55-G-NL.chloor-shock-1.jpg","datePublished":"2022-12-23T11:14:30+00:00","dateModified":"2023-10-06T14:31:22+00:00","breadcrumb":{"@id":"https:\/\/www.melpool.com\/fr\/produit\/melpool-55-g\/#breadcrumb"},"inLanguage":"fr-FR","potentialAction":[{"@type":"ReadAction","target":["https:\/\/www.melpool.com\/fr\/produit\/melpool-55-g\/"]}]},{"@type":"ImageObject","inLanguage":"fr-FR","@id":"https:\/\/www.melpool.com\/fr\/produit\/melpool-55-g\/#primaryimage","url":"https:\/\/www.melpool.com\/wp-content\/uploads\/2022\/05\/Melpool.5kg.55-G-NL.chloor-shock-1.jpg","contentUrl":"https:\/\/www.melpool.com\/wp-content\/uploads\/2022\/05\/Melpool.5kg.55-G-NL.chloor-shock-1.jpg","width":2000,"height":2500},{"@type":"BreadcrumbList","@id":"https:\/\/www.melpool.com\/fr\/produit\/melpool-55-g\/#breadcrumb","itemListElement":[{"@type":"ListItem","position":1,"name":"Home","item":"https:\/\/www.melpool.com\/fr\/"},{"@type":"ListItem","position":2,"name":"Produits","item":"https:\/\/www.melpool.com\/fr\/produit\/"},{"@type":"ListItem","position":3,"name":"D\u00e9sinfection","item":"https:\/\/www.melpool.com\/fr\/categorie-de-produit\/desinfection\/"},{"@type":"ListItem","position":4,"name":"Melpool 55\/G"}]},{"@type":"WebSite","@id":"https:\/\/www.melpool.com\/fr\/#website","url":"https:\/\/www.melpool.com\/fr\/","name":"Melpool","description":"Alles voor waterbehandeling van uw zwembad","publisher":{"@id":"https:\/\/www.melpool.com\/fr\/#organization"},"potentialAction":[{"@type":"SearchAction","target":{"@type":"EntryPoint","urlTemplate":"https:\/\/www.melpool.com\/fr\/?s={search_term_string}"},"query-input":{"@type":"PropertyValueSpecification","valueRequired":true,"valueName":"search_term_string"}}],"inLanguage":"fr-FR"},{"@type":"Organization","@id":"https:\/\/www.melpool.com\/fr\/#organization","name":"Melpool","url":"https:\/\/www.melpool.com\/fr\/","logo":{"@type":"ImageObject","inLanguage":"fr-FR","@id":"https:\/\/www.melpool.com\/fr\/#\/schema\/logo\/image\/","url":"https:\/\/www.melpool.com\/wp-content\/uploads\/2021\/08\/Melpool-Logo-blauw.png","contentUrl":"https:\/\/www.melpool.com\/wp-content\/uploads\/2021\/08\/Melpool-Logo-blauw.png","width":1729,"height":542,"caption":"Melpool"},"image":{"@id":"https:\/\/www.melpool.com\/fr\/#\/schema\/logo\/image\/"}}]}},"_links":{"self":[{"href":"https:\/\/www.melpool.com\/fr\/wp-json\/wp\/v2\/product\/4566","targetHints":{"allow":["GET"]}}],"collection":[{"href":"https:\/\/www.melpool.com\/fr\/wp-json\/wp\/v2\/product"}],"about":[{"href":"https:\/\/www.melpool.com\/fr\/wp-json\/wp\/v2\/types\/product"}],"wp:featuredmedia":[{"embeddable":true,"href":"https:\/\/www.melpool.com\/fr\/wp-json\/wp\/v2\/media\/3228"}],"wp:attachment":[{"href":"https:\/\/www.melpool.com\/fr\/wp-json\/wp\/v2\/media?parent=4566"}],"wp:term":[{"taxonomy":"behandeling","embeddable":true,"href":"https:\/\/www.melpool.com\/fr\/wp-json\/wp\/v2\/behandeling?post=4566"},{"taxonomy":"product_categorie","embeddable":true,"href":"https:\/\/www.melpool.com\/fr\/wp-json\/wp\/v2\/product_categorie?post=4566"},{"taxonomy":"product_type","embeddable":true,"href":"https:\/\/www.melpool.com\/fr\/wp-json\/wp\/v2\/product_type?post=4566"}],"curies":[{"name":"wp","href":"https:\/\/api.w.org\/{rel}","templated":true}]}}