{"id":7005,"date":"2023-03-21T19:35:00","date_gmt":"2023-03-21T18:35:00","guid":{"rendered":"https:\/\/www.melpool.com\/product\/melpool-70-g-2\/"},"modified":"2023-03-22T10:29:36","modified_gmt":"2023-03-22T09:29:36","slug":"melpool-70-g","status":"publish","type":"product","link":"https:\/\/www.melpool.com\/fr\/produit\/melpool-70-g\/","title":{"rendered":"Melpool 70\/G"},"content":{"rendered":"\n<p><strong>Granuler pour la d\u00e9sinfection et le contr\u00f4le des algues<\/strong>. <\/p>\n\n\n\n<p>Granules de chlore \u00e0 dissolution rapide (min 70% Cl). Tr\u00e8s efficace contre les algues et les d\u00e9p\u00f4ts organiques. Id\u00e9al pour un choc chlor\u00e9 et un d\u00e9but de saison. Pour une d\u00e9sinfection continue dans les eaux douces et moyennement dures. Produit chlor\u00e9 de haute qualit\u00e9 : convient \u00e9galement aux piscines publiques et \u00e0 la d\u00e9sinfection de l&rsquo;eau potable. Ne contient pas de stabilisateur de chlore : aucun risque de sur-stabilisation du chlore.<\/p>\n","protected":false},"excerpt":{"rendered":"<p>Granuler pour la d\u00e9sinfection et le contr\u00f4le des algues. Granules de chlore \u00e0 dissolution rapide (min 70% Cl). Tr\u00e8s efficace contre les algues et les d\u00e9p\u00f4ts organiques. Id\u00e9al pour un choc chlor\u00e9 et un d\u00e9but de saison. Pour une d\u00e9sinfection continue dans les eaux douces et moyennement dures. Produit chlor\u00e9 de haute qualit\u00e9 : convient [&hellip;]<\/p>\n","protected":false},"featured_media":5102,"template":"","behandeling":[121],"product_categorie":[116],"product_type":[],"class_list":["post-7005","product","type-product","status-publish","has-post-thumbnail","hentry","behandeling-demarrage-et-dosage","product_categorie-desinfection"],"acf":[],"yoast_head":"<!-- This site is optimized with the Yoast SEO plugin v27.3 - https:\/\/yoast.com\/product\/yoast-seo-wordpress\/ -->\n<title>Melpool 70\/G - Melpool<\/title>\n<meta name=\"robots\" content=\"index, follow, max-snippet:-1, max-image-preview:large, max-video-preview:-1\" \/>\n<link rel=\"canonical\" href=\"https:\/\/www.melpool.com\/fr\/produit\/melpool-70-g\/\" \/>\n<meta property=\"og:locale\" content=\"fr_FR\" \/>\n<meta property=\"og:type\" content=\"article\" \/>\n<meta property=\"og:title\" content=\"Melpool 70\/G - Melpool\" \/>\n<meta property=\"og:description\" content=\"Granuler pour la d\u00e9sinfection et le contr\u00f4le des algues. Granules de chlore \u00e0 dissolution rapide (min 70% Cl). Tr\u00e8s efficace contre les algues et les d\u00e9p\u00f4ts organiques. Id\u00e9al pour un choc chlor\u00e9 et un d\u00e9but de saison. Pour une d\u00e9sinfection continue dans les eaux douces et moyennement dures. Produit chlor\u00e9 de haute qualit\u00e9 : convient [&hellip;]\" \/>\n<meta property=\"og:url\" content=\"https:\/\/www.melpool.com\/fr\/produit\/melpool-70-g\/\" \/>\n<meta property=\"og:site_name\" content=\"Melpool\" \/>\n<meta property=\"article:modified_time\" content=\"2023-03-22T09:29:36+00:00\" \/>\n<meta property=\"og:image\" content=\"https:\/\/www.melpool.com\/wp-content\/uploads\/2021\/10\/Melpool.5kg.70-G-EN.chlore-shock.jpg\" \/>\n\t<meta property=\"og:image:width\" content=\"2000\" \/>\n\t<meta property=\"og:image:height\" content=\"2500\" \/>\n\t<meta property=\"og:image:type\" content=\"image\/jpeg\" \/>\n<meta name=\"twitter:card\" content=\"summary_large_image\" \/>\n<meta name=\"twitter:label1\" content=\"Dur\u00e9e de lecture estim\u00e9e\" \/>\n\t<meta name=\"twitter:data1\" content=\"1 minute\" \/>\n<script type=\"application\/ld+json\" class=\"yoast-schema-graph\">{\"@context\":\"https:\\\/\\\/schema.org\",\"@graph\":[{\"@type\":\"WebPage\",\"@id\":\"https:\\\/\\\/www.melpool.com\\\/fr\\\/produit\\\/melpool-70-g\\\/\",\"url\":\"https:\\\/\\\/www.melpool.com\\\/fr\\\/produit\\\/melpool-70-g\\\/\",\"name\":\"Melpool 70\\\/G - Melpool\",\"isPartOf\":{\"@id\":\"https:\\\/\\\/www.melpool.com\\\/fr\\\/#website\"},\"primaryImageOfPage\":{\"@id\":\"https:\\\/\\\/www.melpool.com\\\/fr\\\/produit\\\/melpool-70-g\\\/#primaryimage\"},\"image\":{\"@id\":\"https:\\\/\\\/www.melpool.com\\\/fr\\\/produit\\\/melpool-70-g\\\/#primaryimage\"},\"thumbnailUrl\":\"https:\\\/\\\/www.melpool.com\\\/wp-content\\\/uploads\\\/2021\\\/10\\\/Melpool.5kg.70-G-EN.chlore-shock.jpg\",\"datePublished\":\"2023-03-21T18:35:00+00:00\",\"dateModified\":\"2023-03-22T09:29:36+00:00\",\"breadcrumb\":{\"@id\":\"https:\\\/\\\/www.melpool.com\\\/fr\\\/produit\\\/melpool-70-g\\\/#breadcrumb\"},\"inLanguage\":\"fr-FR\",\"potentialAction\":[{\"@type\":\"ReadAction\",\"target\":[\"https:\\\/\\\/www.melpool.com\\\/fr\\\/produit\\\/melpool-70-g\\\/\"]}]},{\"@type\":\"ImageObject\",\"inLanguage\":\"fr-FR\",\"@id\":\"https:\\\/\\\/www.melpool.com\\\/fr\\\/produit\\\/melpool-70-g\\\/#primaryimage\",\"url\":\"https:\\\/\\\/www.melpool.com\\\/wp-content\\\/uploads\\\/2021\\\/10\\\/Melpool.5kg.70-G-EN.chlore-shock.jpg\",\"contentUrl\":\"https:\\\/\\\/www.melpool.com\\\/wp-content\\\/uploads\\\/2021\\\/10\\\/Melpool.5kg.70-G-EN.chlore-shock.jpg\",\"width\":2000,\"height\":2500},{\"@type\":\"BreadcrumbList\",\"@id\":\"https:\\\/\\\/www.melpool.com\\\/fr\\\/produit\\\/melpool-70-g\\\/#breadcrumb\",\"itemListElement\":[{\"@type\":\"ListItem\",\"position\":1,\"name\":\"Home\",\"item\":\"https:\\\/\\\/www.melpool.com\\\/fr\\\/\"},{\"@type\":\"ListItem\",\"position\":2,\"name\":\"Produits\",\"item\":\"https:\\\/\\\/www.melpool.com\\\/fr\\\/produit\\\/\"},{\"@type\":\"ListItem\",\"position\":3,\"name\":\"D\u00e9sinfection\",\"item\":\"https:\\\/\\\/www.melpool.com\\\/fr\\\/categorie-de-produit\\\/desinfection\\\/\"},{\"@type\":\"ListItem\",\"position\":4,\"name\":\"Melpool 70\\\/G\"}]},{\"@type\":\"WebSite\",\"@id\":\"https:\\\/\\\/www.melpool.com\\\/fr\\\/#website\",\"url\":\"https:\\\/\\\/www.melpool.com\\\/fr\\\/\",\"name\":\"Melpool\",\"description\":\"Alles voor waterbehandeling van uw zwembad\",\"publisher\":{\"@id\":\"https:\\\/\\\/www.melpool.com\\\/fr\\\/#organization\"},\"potentialAction\":[{\"@type\":\"SearchAction\",\"target\":{\"@type\":\"EntryPoint\",\"urlTemplate\":\"https:\\\/\\\/www.melpool.com\\\/fr\\\/?s={search_term_string}\"},\"query-input\":{\"@type\":\"PropertyValueSpecification\",\"valueRequired\":true,\"valueName\":\"search_term_string\"}}],\"inLanguage\":\"fr-FR\"},{\"@type\":\"Organization\",\"@id\":\"https:\\\/\\\/www.melpool.com\\\/fr\\\/#organization\",\"name\":\"Melpool\",\"url\":\"https:\\\/\\\/www.melpool.com\\\/fr\\\/\",\"logo\":{\"@type\":\"ImageObject\",\"inLanguage\":\"fr-FR\",\"@id\":\"https:\\\/\\\/www.melpool.com\\\/fr\\\/#\\\/schema\\\/logo\\\/image\\\/\",\"url\":\"https:\\\/\\\/www.melpool.com\\\/wp-content\\\/uploads\\\/2021\\\/08\\\/Melpool-Logo-blauw.png\",\"contentUrl\":\"https:\\\/\\\/www.melpool.com\\\/wp-content\\\/uploads\\\/2021\\\/08\\\/Melpool-Logo-blauw.png\",\"width\":1729,\"height\":542,\"caption\":\"Melpool\"},\"image\":{\"@id\":\"https:\\\/\\\/www.melpool.com\\\/fr\\\/#\\\/schema\\\/logo\\\/image\\\/\"}}]}<\/script>\n<!-- \/ Yoast SEO plugin. -->","yoast_head_json":{"title":"Melpool 70\/G - Melpool","robots":{"index":"index","follow":"follow","max-snippet":"max-snippet:-1","max-image-preview":"max-image-preview:large","max-video-preview":"max-video-preview:-1"},"canonical":"https:\/\/www.melpool.com\/fr\/produit\/melpool-70-g\/","og_locale":"fr_FR","og_type":"article","og_title":"Melpool 70\/G - Melpool","og_description":"Granuler pour la d\u00e9sinfection et le contr\u00f4le des algues. Granules de chlore \u00e0 dissolution rapide (min 70% Cl). Tr\u00e8s efficace contre les algues et les d\u00e9p\u00f4ts organiques. Id\u00e9al pour un choc chlor\u00e9 et un d\u00e9but de saison. Pour une d\u00e9sinfection continue dans les eaux douces et moyennement dures. Produit chlor\u00e9 de haute qualit\u00e9 : convient [&hellip;]","og_url":"https:\/\/www.melpool.com\/fr\/produit\/melpool-70-g\/","og_site_name":"Melpool","article_modified_time":"2023-03-22T09:29:36+00:00","og_image":[{"width":2000,"height":2500,"url":"https:\/\/www.melpool.com\/wp-content\/uploads\/2021\/10\/Melpool.5kg.70-G-EN.chlore-shock.jpg","type":"image\/jpeg"}],"twitter_card":"summary_large_image","twitter_misc":{"Dur\u00e9e de lecture estim\u00e9e":"1 minute"},"schema":{"@context":"https:\/\/schema.org","@graph":[{"@type":"WebPage","@id":"https:\/\/www.melpool.com\/fr\/produit\/melpool-70-g\/","url":"https:\/\/www.melpool.com\/fr\/produit\/melpool-70-g\/","name":"Melpool 70\/G - Melpool","isPartOf":{"@id":"https:\/\/www.melpool.com\/fr\/#website"},"primaryImageOfPage":{"@id":"https:\/\/www.melpool.com\/fr\/produit\/melpool-70-g\/#primaryimage"},"image":{"@id":"https:\/\/www.melpool.com\/fr\/produit\/melpool-70-g\/#primaryimage"},"thumbnailUrl":"https:\/\/www.melpool.com\/wp-content\/uploads\/2021\/10\/Melpool.5kg.70-G-EN.chlore-shock.jpg","datePublished":"2023-03-21T18:35:00+00:00","dateModified":"2023-03-22T09:29:36+00:00","breadcrumb":{"@id":"https:\/\/www.melpool.com\/fr\/produit\/melpool-70-g\/#breadcrumb"},"inLanguage":"fr-FR","potentialAction":[{"@type":"ReadAction","target":["https:\/\/www.melpool.com\/fr\/produit\/melpool-70-g\/"]}]},{"@type":"ImageObject","inLanguage":"fr-FR","@id":"https:\/\/www.melpool.com\/fr\/produit\/melpool-70-g\/#primaryimage","url":"https:\/\/www.melpool.com\/wp-content\/uploads\/2021\/10\/Melpool.5kg.70-G-EN.chlore-shock.jpg","contentUrl":"https:\/\/www.melpool.com\/wp-content\/uploads\/2021\/10\/Melpool.5kg.70-G-EN.chlore-shock.jpg","width":2000,"height":2500},{"@type":"BreadcrumbList","@id":"https:\/\/www.melpool.com\/fr\/produit\/melpool-70-g\/#breadcrumb","itemListElement":[{"@type":"ListItem","position":1,"name":"Home","item":"https:\/\/www.melpool.com\/fr\/"},{"@type":"ListItem","position":2,"name":"Produits","item":"https:\/\/www.melpool.com\/fr\/produit\/"},{"@type":"ListItem","position":3,"name":"D\u00e9sinfection","item":"https:\/\/www.melpool.com\/fr\/categorie-de-produit\/desinfection\/"},{"@type":"ListItem","position":4,"name":"Melpool 70\/G"}]},{"@type":"WebSite","@id":"https:\/\/www.melpool.com\/fr\/#website","url":"https:\/\/www.melpool.com\/fr\/","name":"Melpool","description":"Alles voor waterbehandeling van uw zwembad","publisher":{"@id":"https:\/\/www.melpool.com\/fr\/#organization"},"potentialAction":[{"@type":"SearchAction","target":{"@type":"EntryPoint","urlTemplate":"https:\/\/www.melpool.com\/fr\/?s={search_term_string}"},"query-input":{"@type":"PropertyValueSpecification","valueRequired":true,"valueName":"search_term_string"}}],"inLanguage":"fr-FR"},{"@type":"Organization","@id":"https:\/\/www.melpool.com\/fr\/#organization","name":"Melpool","url":"https:\/\/www.melpool.com\/fr\/","logo":{"@type":"ImageObject","inLanguage":"fr-FR","@id":"https:\/\/www.melpool.com\/fr\/#\/schema\/logo\/image\/","url":"https:\/\/www.melpool.com\/wp-content\/uploads\/2021\/08\/Melpool-Logo-blauw.png","contentUrl":"https:\/\/www.melpool.com\/wp-content\/uploads\/2021\/08\/Melpool-Logo-blauw.png","width":1729,"height":542,"caption":"Melpool"},"image":{"@id":"https:\/\/www.melpool.com\/fr\/#\/schema\/logo\/image\/"}}]}},"_links":{"self":[{"href":"https:\/\/www.melpool.com\/fr\/wp-json\/wp\/v2\/product\/7005","targetHints":{"allow":["GET"]}}],"collection":[{"href":"https:\/\/www.melpool.com\/fr\/wp-json\/wp\/v2\/product"}],"about":[{"href":"https:\/\/www.melpool.com\/fr\/wp-json\/wp\/v2\/types\/product"}],"wp:featuredmedia":[{"embeddable":true,"href":"https:\/\/www.melpool.com\/fr\/wp-json\/wp\/v2\/media\/5102"}],"wp:attachment":[{"href":"https:\/\/www.melpool.com\/fr\/wp-json\/wp\/v2\/media?parent=7005"}],"wp:term":[{"taxonomy":"behandeling","embeddable":true,"href":"https:\/\/www.melpool.com\/fr\/wp-json\/wp\/v2\/behandeling?post=7005"},{"taxonomy":"product_categorie","embeddable":true,"href":"https:\/\/www.melpool.com\/fr\/wp-json\/wp\/v2\/product_categorie?post=7005"},{"taxonomy":"product_type","embeddable":true,"href":"https:\/\/www.melpool.com\/fr\/wp-json\/wp\/v2\/product_type?post=7005"}],"curies":[{"name":"wp","href":"https:\/\/api.w.org\/{rel}","templated":true}]}}