{"id":7698,"date":"2024-12-17T15:52:37","date_gmt":"2024-12-17T14:52:37","guid":{"rendered":"https:\/\/www.melpool.com\/opci-uvjeti-poslovanja\/"},"modified":"2025-02-07T13:43:09","modified_gmt":"2025-02-07T12:43:09","slug":"opci-uvjeti-poslovanja","status":"publish","type":"page","link":"https:\/\/www.melpool.com\/hr\/opci-uvjeti-poslovanja\/","title":{"rendered":"Op\u0107i uvjeti poslovanja"},"content":{"rendered":"\t\t<div data-elementor-type=\"wp-page\" data-elementor-id=\"7698\" class=\"elementor elementor-7698 elementor-687\" data-elementor-post-type=\"page\">\n\t\t\t\t\t\t<section class=\"elementor-section elementor-top-section elementor-element elementor-element-5314d7c9 elementor-section-boxed elementor-section-height-default elementor-section-height-default\" data-id=\"5314d7c9\" data-element_type=\"section\" data-e-type=\"section\">\n\t\t\t\t\t\t<div class=\"elementor-container elementor-column-gap-default\">\n\t\t\t\t\t<div class=\"elementor-column elementor-col-100 elementor-top-column elementor-element elementor-element-38d69e89\" data-id=\"38d69e89\" data-element_type=\"column\" data-e-type=\"column\">\n\t\t\t<div class=\"elementor-widget-wrap elementor-element-populated\">\n\t\t\t\t\t\t<div class=\"elementor-element elementor-element-416b3ac6 elementor-widget elementor-widget-text-editor\" data-id=\"416b3ac6\" data-element_type=\"widget\" data-e-type=\"widget\" data-widget_type=\"text-editor.default\">\n\t\t\t\t<div class=\"elementor-widget-container\">\n\t\t\t\t\t\t\t\t\t<p><strong>Op\u0107i uvjeti Melspring International BV<\/strong><\/p>\n<ul>\n<li><a href=\"https:\/\/melpool297.e.wpstage.net\/wp-content\/uploads\/2023\/02\/MIBV.General.Purchasing.Conditions.EN_.pdf\">Op\u0107i uvjeti kupnje (NL)<\/a><\/li>\n<li><a href=\"https:\/\/melpool297.e.wpstage.net\/wp-content\/uploads\/2023\/02\/MIBV.General.Conditions.of_.Sales_.and_.Deliveries.EN_.pdf\">Op\u0107i uvjeti prodaje i isporuke (NL)<\/a><\/li>\n<\/ul>\n<p><strong> <\/strong><\/p>\n<p><strong>Uvjeti i odredbe web stranice<\/strong><br \/>www.melpool.com i sve prate\u0107e stranice;<br \/><span style=\"color: var( --e-global-color-text ); font-family: var( --e-global-typography-text-font-family ), Sans-serif;\"><br \/><b>Korisnik<br \/><\/b><\/span><span style=\"color: var( --e-global-color-text ); font-family: var( --e-global-typography-text-font-family ), Sans-serif;\"><span style=\"font-weight: var( --e-global-typography-text-font-weight );\">Posjetitelji web stranice;<\/span><br \/><\/span><span style=\"color: var( --e-global-color-text ); font-family: var( --e-global-typography-text-font-family ), Sans-serif;\"><br \/><b>Tvrtka<br \/><\/b><\/span><span style=\"color: var( --e-global-color-text ); font-family: var( --e-global-typography-text-font-family ), Sans-serif; font-weight: var( --e-global-typography-text-font-weight );\">Melspring je ovla\u0161teni izdava\u010d web stranice; Sljede\u0107e se odnosi na na\u0161u web stranicu. Kori\u0161tenjem web stranice prihva\u0107ate ovo odricanje od odgovornosti. Melspring:  <\/span><\/p>\n<ul>\n<li>Redovito a\u017eurira web stranicu i njen sadr\u017eaj. Unato\u010d ovim naporima, sadr\u017eaj na ovoj web stranici mo\u017ee biti nepotpun ili zastario. <\/li>\n<li>Ne pru\u017ea nikakva jamstva u pogledu to\u010dnosti ili potpunosti informacija prikazanih na ovoj web stranici.<\/li>\n<li>Ne pru\u017ea nikakvo jamstvo o sigurnosti na\u0161e web stranice i stoga se ne mo\u017ee smatrati odgovornim za bilo kakvu \u0161tetu pretrpljenu izravno ili neizravno kori\u0161tenjem na\u0161e web stranice.<\/li>\n<li>Nije odgovoran za povezane stranice vanjskih strana;<\/li>\n<li>Pru\u017ea informacije na svojoj web stranici bez ikakvih jamstava ili garancija. Nikakva prava ne mogu se ni na koji na\u010din izvesti iz informacija na web stranici; <\/li>\n<li>Ne mo\u017ee se smatrati odgovornim za bilo kakvu \u0161tetu pretrpljenu kori\u0161tenjem informacija na melpool.com;<\/li>\n<li>Mo\u017ee promijeniti ili prekinuti web stranicu prema vlastitom naho\u0111enju i u bilo koje vrijeme. Melspring se stoga ne mo\u017ee smatrati odgovornim za posljedice promjena ili raskida na\/od melpool.com; <\/li>\n<\/ul>\n<p>Korisnik je isklju\u010divo odgovoran za kori\u0161tenje svih informacija danih na melpool.com;<\/p>\n\t\t\t\t\t\t\t\t<\/div>\n\t\t\t\t<\/div>\n\t\t\t\t\t<\/div>\n\t\t<\/div>\n\t\t\t\t\t<\/div>\n\t\t<\/section>\n\t\t\t\t<\/div>\n\t\t","protected":false},"excerpt":{"rendered":"<p>Op\u0107i uvjeti Melspring International BV Op\u0107i uvjeti kupnje (NL) Op\u0107i uvjeti prodaje i isporuke (NL) Uvjeti i odredbe web stranicewww.melpool.com i sve prate\u0107e stranice; KorisnikPosjetitelji web stranice; TvrtkaMelspring je ovla\u0161teni izdava\u010d web stranice; Sljede\u0107e se odnosi na na\u0161u web stranicu. Kori\u0161tenjem web stranice prihva\u0107ate ovo odricanje od odgovornosti. Melspring: Redovito a\u017eurira web stranicu i njen [&hellip;]<\/p>\n","protected":false},"author":1,"featured_media":0,"parent":0,"menu_order":0,"comment_status":"closed","ping_status":"closed","template":"","meta":{"_acf_changed":false,"footnotes":""},"class_list":["post-7698","page","type-page","status-publish","hentry"],"acf":[],"yoast_head":"<!-- This site is optimized with the Yoast SEO plugin v27.5 - https:\/\/yoast.com\/product\/yoast-seo-wordpress\/ -->\n<title>Op\u0107i uvjeti poslovanja - Melpool<\/title>\n<meta name=\"robots\" content=\"index, follow, max-snippet:-1, max-image-preview:large, max-video-preview:-1\" \/>\n<link rel=\"canonical\" href=\"https:\/\/www.melpool.com\/hr\/opci-uvjeti-poslovanja\/\" \/>\n<meta property=\"og:locale\" content=\"hr_HR\" \/>\n<meta property=\"og:type\" content=\"article\" \/>\n<meta property=\"og:title\" content=\"Op\u0107i uvjeti poslovanja - Melpool\" \/>\n<meta property=\"og:description\" content=\"Op\u0107i uvjeti Melspring International BV Op\u0107i uvjeti kupnje (NL) Op\u0107i uvjeti prodaje i isporuke (NL) Uvjeti i odredbe web stranicewww.melpool.com i sve prate\u0107e stranice; KorisnikPosjetitelji web stranice; TvrtkaMelspring je ovla\u0161teni izdava\u010d web stranice; Sljede\u0107e se odnosi na na\u0161u web stranicu. Kori\u0161tenjem web stranice prihva\u0107ate ovo odricanje od odgovornosti. Melspring: Redovito a\u017eurira web stranicu i njen [&hellip;]\" \/>\n<meta property=\"og:url\" content=\"https:\/\/www.melpool.com\/hr\/opci-uvjeti-poslovanja\/\" \/>\n<meta property=\"og:site_name\" content=\"Melpool\" \/>\n<meta property=\"article:modified_time\" content=\"2025-02-07T12:43:09+00:00\" \/>\n<meta name=\"twitter:card\" content=\"summary_large_image\" \/>\n<meta name=\"twitter:label1\" content=\"Procijenjeno vrijeme \u010ditanja\" \/>\n\t<meta name=\"twitter:data1\" content=\"1 minuta\" \/>\n<script type=\"application\/ld+json\" class=\"yoast-schema-graph\">{\"@context\":\"https:\\\/\\\/schema.org\",\"@graph\":[{\"@type\":\"WebPage\",\"@id\":\"https:\\\/\\\/www.melpool.com\\\/hr\\\/opci-uvjeti-poslovanja\\\/\",\"url\":\"https:\\\/\\\/www.melpool.com\\\/hr\\\/opci-uvjeti-poslovanja\\\/\",\"name\":\"Op\u0107i uvjeti poslovanja - Melpool\",\"isPartOf\":{\"@id\":\"https:\\\/\\\/www.melpool.com\\\/hr\\\/#website\"},\"datePublished\":\"2024-12-17T14:52:37+00:00\",\"dateModified\":\"2025-02-07T12:43:09+00:00\",\"breadcrumb\":{\"@id\":\"https:\\\/\\\/www.melpool.com\\\/hr\\\/opci-uvjeti-poslovanja\\\/#breadcrumb\"},\"inLanguage\":\"hr\",\"potentialAction\":[{\"@type\":\"ReadAction\",\"target\":[\"https:\\\/\\\/www.melpool.com\\\/hr\\\/opci-uvjeti-poslovanja\\\/\"]}]},{\"@type\":\"BreadcrumbList\",\"@id\":\"https:\\\/\\\/www.melpool.com\\\/hr\\\/opci-uvjeti-poslovanja\\\/#breadcrumb\",\"itemListElement\":[{\"@type\":\"ListItem\",\"position\":1,\"name\":\"Home\",\"item\":\"https:\\\/\\\/www.melpool.com\\\/hr\\\/\"},{\"@type\":\"ListItem\",\"position\":2,\"name\":\"Op\u0107i uvjeti poslovanja\"}]},{\"@type\":\"WebSite\",\"@id\":\"https:\\\/\\\/www.melpool.com\\\/hr\\\/#website\",\"url\":\"https:\\\/\\\/www.melpool.com\\\/hr\\\/\",\"name\":\"Melpool\",\"description\":\"Alles voor waterbehandeling van uw zwembad\",\"publisher\":{\"@id\":\"https:\\\/\\\/www.melpool.com\\\/hr\\\/#organization\"},\"potentialAction\":[{\"@type\":\"SearchAction\",\"target\":{\"@type\":\"EntryPoint\",\"urlTemplate\":\"https:\\\/\\\/www.melpool.com\\\/hr\\\/?s={search_term_string}\"},\"query-input\":{\"@type\":\"PropertyValueSpecification\",\"valueRequired\":true,\"valueName\":\"search_term_string\"}}],\"inLanguage\":\"hr\"},{\"@type\":\"Organization\",\"@id\":\"https:\\\/\\\/www.melpool.com\\\/hr\\\/#organization\",\"name\":\"Melpool\",\"url\":\"https:\\\/\\\/www.melpool.com\\\/hr\\\/\",\"logo\":{\"@type\":\"ImageObject\",\"inLanguage\":\"hr\",\"@id\":\"https:\\\/\\\/www.melpool.com\\\/hr\\\/#\\\/schema\\\/logo\\\/image\\\/\",\"url\":\"https:\\\/\\\/www.melpool.com\\\/wp-content\\\/uploads\\\/2021\\\/08\\\/Melpool-Logo-blauw.png\",\"contentUrl\":\"https:\\\/\\\/www.melpool.com\\\/wp-content\\\/uploads\\\/2021\\\/08\\\/Melpool-Logo-blauw.png\",\"width\":1729,\"height\":542,\"caption\":\"Melpool\"},\"image\":{\"@id\":\"https:\\\/\\\/www.melpool.com\\\/hr\\\/#\\\/schema\\\/logo\\\/image\\\/\"}}]}<\/script>\n<!-- \/ Yoast SEO plugin. -->","yoast_head_json":{"title":"Op\u0107i uvjeti poslovanja - Melpool","robots":{"index":"index","follow":"follow","max-snippet":"max-snippet:-1","max-image-preview":"max-image-preview:large","max-video-preview":"max-video-preview:-1"},"canonical":"https:\/\/www.melpool.com\/hr\/opci-uvjeti-poslovanja\/","og_locale":"hr_HR","og_type":"article","og_title":"Op\u0107i uvjeti poslovanja - Melpool","og_description":"Op\u0107i uvjeti Melspring International BV Op\u0107i uvjeti kupnje (NL) Op\u0107i uvjeti prodaje i isporuke (NL) Uvjeti i odredbe web stranicewww.melpool.com i sve prate\u0107e stranice; KorisnikPosjetitelji web stranice; TvrtkaMelspring je ovla\u0161teni izdava\u010d web stranice; Sljede\u0107e se odnosi na na\u0161u web stranicu. Kori\u0161tenjem web stranice prihva\u0107ate ovo odricanje od odgovornosti. Melspring: Redovito a\u017eurira web stranicu i njen [&hellip;]","og_url":"https:\/\/www.melpool.com\/hr\/opci-uvjeti-poslovanja\/","og_site_name":"Melpool","article_modified_time":"2025-02-07T12:43:09+00:00","twitter_card":"summary_large_image","twitter_misc":{"Procijenjeno vrijeme \u010ditanja":"1 minuta"},"schema":{"@context":"https:\/\/schema.org","@graph":[{"@type":"WebPage","@id":"https:\/\/www.melpool.com\/hr\/opci-uvjeti-poslovanja\/","url":"https:\/\/www.melpool.com\/hr\/opci-uvjeti-poslovanja\/","name":"Op\u0107i uvjeti poslovanja - Melpool","isPartOf":{"@id":"https:\/\/www.melpool.com\/hr\/#website"},"datePublished":"2024-12-17T14:52:37+00:00","dateModified":"2025-02-07T12:43:09+00:00","breadcrumb":{"@id":"https:\/\/www.melpool.com\/hr\/opci-uvjeti-poslovanja\/#breadcrumb"},"inLanguage":"hr","potentialAction":[{"@type":"ReadAction","target":["https:\/\/www.melpool.com\/hr\/opci-uvjeti-poslovanja\/"]}]},{"@type":"BreadcrumbList","@id":"https:\/\/www.melpool.com\/hr\/opci-uvjeti-poslovanja\/#breadcrumb","itemListElement":[{"@type":"ListItem","position":1,"name":"Home","item":"https:\/\/www.melpool.com\/hr\/"},{"@type":"ListItem","position":2,"name":"Op\u0107i uvjeti poslovanja"}]},{"@type":"WebSite","@id":"https:\/\/www.melpool.com\/hr\/#website","url":"https:\/\/www.melpool.com\/hr\/","name":"Melpool","description":"Alles voor waterbehandeling van uw zwembad","publisher":{"@id":"https:\/\/www.melpool.com\/hr\/#organization"},"potentialAction":[{"@type":"SearchAction","target":{"@type":"EntryPoint","urlTemplate":"https:\/\/www.melpool.com\/hr\/?s={search_term_string}"},"query-input":{"@type":"PropertyValueSpecification","valueRequired":true,"valueName":"search_term_string"}}],"inLanguage":"hr"},{"@type":"Organization","@id":"https:\/\/www.melpool.com\/hr\/#organization","name":"Melpool","url":"https:\/\/www.melpool.com\/hr\/","logo":{"@type":"ImageObject","inLanguage":"hr","@id":"https:\/\/www.melpool.com\/hr\/#\/schema\/logo\/image\/","url":"https:\/\/www.melpool.com\/wp-content\/uploads\/2021\/08\/Melpool-Logo-blauw.png","contentUrl":"https:\/\/www.melpool.com\/wp-content\/uploads\/2021\/08\/Melpool-Logo-blauw.png","width":1729,"height":542,"caption":"Melpool"},"image":{"@id":"https:\/\/www.melpool.com\/hr\/#\/schema\/logo\/image\/"}}]}},"_links":{"self":[{"href":"https:\/\/www.melpool.com\/hr\/wp-json\/wp\/v2\/pages\/7698","targetHints":{"allow":["GET"]}}],"collection":[{"href":"https:\/\/www.melpool.com\/hr\/wp-json\/wp\/v2\/pages"}],"about":[{"href":"https:\/\/www.melpool.com\/hr\/wp-json\/wp\/v2\/types\/page"}],"author":[{"embeddable":true,"href":"https:\/\/www.melpool.com\/hr\/wp-json\/wp\/v2\/users\/1"}],"replies":[{"embeddable":true,"href":"https:\/\/www.melpool.com\/hr\/wp-json\/wp\/v2\/comments?post=7698"}],"version-history":[{"count":16,"href":"https:\/\/www.melpool.com\/hr\/wp-json\/wp\/v2\/pages\/7698\/revisions"}],"predecessor-version":[{"id":8237,"href":"https:\/\/www.melpool.com\/hr\/wp-json\/wp\/v2\/pages\/7698\/revisions\/8237"}],"wp:attachment":[{"href":"https:\/\/www.melpool.com\/hr\/wp-json\/wp\/v2\/media?parent=7698"}],"curies":[{"name":"wp","href":"https:\/\/api.w.org\/{rel}","templated":true}]}}