{"id":7711,"date":"2024-12-17T15:52:39","date_gmt":"2024-12-17T14:52:39","guid":{"rendered":"https:\/\/www.melpool.com\/product\/melpool-70-20\/"},"modified":"2025-02-06T15:18:49","modified_gmt":"2025-02-06T14:18:49","slug":"melpool-70-20","status":"publish","type":"product","link":"https:\/\/www.melpool.com\/hr\/proizvod\/melpool-70-20\/","title":{"rendered":"Melpool 70\/20"},"content":{"rendered":"\n<p><strong>Tablete za dezinfekciju i suzbijanje algi<\/strong>. <\/p>\n\n<p>Melpool 70\/20 su tablete klora od 20 g (min. 70% klora). Zahvaljuju\u0107i sporotopljivoj formuli, omogu\u0107uju dugotrajnu dezinfekciju i u\u010dinkovito suzbijanje algi meke i srednje tvrde bazenske vode. Ove tablete ne sadr\u017ee stabilizator klora (cijanurnu kiselinu), \u0161to eliminira opasnost od pretjerane stabilizacije.    <\/p>\n","protected":false},"excerpt":{"rendered":"<p>Tablete za dezinfekciju i suzbijanje algi. Melpool 70\/20 su tablete klora od 20 g (min. 70% klora). Zahvaljuju\u0107i sporotopljivoj formuli, omogu\u0107uju dugotrajnu dezinfekciju i u\u010dinkovito suzbijanje algi meke i srednje tvrde bazenske vode. Ove tablete ne sadr\u017ee stabilizator klora (cijanurnu kiselinu), \u0161to eliminira opasnost od pretjerane stabilizacije.<\/p>\n","protected":false},"featured_media":7717,"template":"","behandeling":[192],"product_categorie":[193],"product_type":[],"class_list":["post-7711","product","type-product","status-publish","has-post-thumbnail","hentry","behandeling-analiza-vode","product_categorie-dezinfekcija"],"acf":[],"yoast_head":"<!-- This site is optimized with the Yoast SEO plugin v27.3 - https:\/\/yoast.com\/product\/yoast-seo-wordpress\/ -->\n<title>Melpool 70\/20 - Melpool<\/title>\n<meta name=\"robots\" content=\"index, follow, max-snippet:-1, max-image-preview:large, max-video-preview:-1\" \/>\n<link rel=\"canonical\" href=\"https:\/\/www.melpool.com\/hr\/proizvod\/melpool-70-20\/\" \/>\n<meta property=\"og:locale\" content=\"hr_HR\" \/>\n<meta property=\"og:type\" content=\"article\" \/>\n<meta property=\"og:title\" content=\"Melpool 70\/20 - Melpool\" \/>\n<meta property=\"og:description\" content=\"Tablete za dezinfekciju i suzbijanje algi. Melpool 70\/20 su tablete klora od 20 g (min. 70% klora). Zahvaljuju\u0107i sporotopljivoj formuli, omogu\u0107uju dugotrajnu dezinfekciju i u\u010dinkovito suzbijanje algi meke i srednje tvrde bazenske vode. Ove tablete ne sadr\u017ee stabilizator klora (cijanurnu kiselinu), \u0161to eliminira opasnost od pretjerane stabilizacije.\" \/>\n<meta property=\"og:url\" content=\"https:\/\/www.melpool.com\/hr\/proizvod\/melpool-70-20\/\" \/>\n<meta property=\"og:site_name\" content=\"Melpool\" \/>\n<meta property=\"article:modified_time\" content=\"2025-02-06T14:18:49+00:00\" \/>\n<meta property=\"og:image\" content=\"https:\/\/www.melpool.com\/wp-content\/uploads\/2022\/05\/Melpool.5kg.70-20-NL.chloor-shock.jpg\" \/>\n\t<meta property=\"og:image:width\" content=\"2000\" \/>\n\t<meta property=\"og:image:height\" content=\"2500\" \/>\n\t<meta property=\"og:image:type\" content=\"image\/jpeg\" \/>\n<meta name=\"twitter:card\" content=\"summary_large_image\" \/>\n<script type=\"application\/ld+json\" class=\"yoast-schema-graph\">{\"@context\":\"https:\\\/\\\/schema.org\",\"@graph\":[{\"@type\":\"WebPage\",\"@id\":\"https:\\\/\\\/www.melpool.com\\\/hr\\\/proizvod\\\/melpool-70-20\\\/\",\"url\":\"https:\\\/\\\/www.melpool.com\\\/hr\\\/proizvod\\\/melpool-70-20\\\/\",\"name\":\"Melpool 70\\\/20 - Melpool\",\"isPartOf\":{\"@id\":\"https:\\\/\\\/www.melpool.com\\\/hr\\\/#website\"},\"primaryImageOfPage\":{\"@id\":\"https:\\\/\\\/www.melpool.com\\\/hr\\\/proizvod\\\/melpool-70-20\\\/#primaryimage\"},\"image\":{\"@id\":\"https:\\\/\\\/www.melpool.com\\\/hr\\\/proizvod\\\/melpool-70-20\\\/#primaryimage\"},\"thumbnailUrl\":\"https:\\\/\\\/www.melpool.com\\\/wp-content\\\/uploads\\\/2022\\\/05\\\/Melpool.5kg.70-20-NL.chloor-shock.jpg\",\"datePublished\":\"2024-12-17T14:52:39+00:00\",\"dateModified\":\"2025-02-06T14:18:49+00:00\",\"breadcrumb\":{\"@id\":\"https:\\\/\\\/www.melpool.com\\\/hr\\\/proizvod\\\/melpool-70-20\\\/#breadcrumb\"},\"inLanguage\":\"hr\",\"potentialAction\":[{\"@type\":\"ReadAction\",\"target\":[\"https:\\\/\\\/www.melpool.com\\\/hr\\\/proizvod\\\/melpool-70-20\\\/\"]}]},{\"@type\":\"ImageObject\",\"inLanguage\":\"hr\",\"@id\":\"https:\\\/\\\/www.melpool.com\\\/hr\\\/proizvod\\\/melpool-70-20\\\/#primaryimage\",\"url\":\"https:\\\/\\\/www.melpool.com\\\/wp-content\\\/uploads\\\/2022\\\/05\\\/Melpool.5kg.70-20-NL.chloor-shock.jpg\",\"contentUrl\":\"https:\\\/\\\/www.melpool.com\\\/wp-content\\\/uploads\\\/2022\\\/05\\\/Melpool.5kg.70-20-NL.chloor-shock.jpg\",\"width\":2000,\"height\":2500},{\"@type\":\"BreadcrumbList\",\"@id\":\"https:\\\/\\\/www.melpool.com\\\/hr\\\/proizvod\\\/melpool-70-20\\\/#breadcrumb\",\"itemListElement\":[{\"@type\":\"ListItem\",\"position\":1,\"name\":\"Home\",\"item\":\"https:\\\/\\\/www.melpool.com\\\/hr\\\/\"},{\"@type\":\"ListItem\",\"position\":2,\"name\":\"Proizvodi\",\"item\":\"https:\\\/\\\/www.melpool.com\\\/hr\\\/proizvod\\\/\"},{\"@type\":\"ListItem\",\"position\":3,\"name\":\"Dezinfekcija\",\"item\":\"https:\\\/\\\/www.melpool.com\\\/hr\\\/kategorija-proizvoda\\\/dezinfekcija\\\/\"},{\"@type\":\"ListItem\",\"position\":4,\"name\":\"Melpool 70\\\/20\"}]},{\"@type\":\"WebSite\",\"@id\":\"https:\\\/\\\/www.melpool.com\\\/hr\\\/#website\",\"url\":\"https:\\\/\\\/www.melpool.com\\\/hr\\\/\",\"name\":\"Melpool\",\"description\":\"Alles voor waterbehandeling van uw zwembad\",\"publisher\":{\"@id\":\"https:\\\/\\\/www.melpool.com\\\/hr\\\/#organization\"},\"potentialAction\":[{\"@type\":\"SearchAction\",\"target\":{\"@type\":\"EntryPoint\",\"urlTemplate\":\"https:\\\/\\\/www.melpool.com\\\/hr\\\/?s={search_term_string}\"},\"query-input\":{\"@type\":\"PropertyValueSpecification\",\"valueRequired\":true,\"valueName\":\"search_term_string\"}}],\"inLanguage\":\"hr\"},{\"@type\":\"Organization\",\"@id\":\"https:\\\/\\\/www.melpool.com\\\/hr\\\/#organization\",\"name\":\"Melpool\",\"url\":\"https:\\\/\\\/www.melpool.com\\\/hr\\\/\",\"logo\":{\"@type\":\"ImageObject\",\"inLanguage\":\"hr\",\"@id\":\"https:\\\/\\\/www.melpool.com\\\/hr\\\/#\\\/schema\\\/logo\\\/image\\\/\",\"url\":\"https:\\\/\\\/www.melpool.com\\\/wp-content\\\/uploads\\\/2021\\\/08\\\/Melpool-Logo-blauw.png\",\"contentUrl\":\"https:\\\/\\\/www.melpool.com\\\/wp-content\\\/uploads\\\/2021\\\/08\\\/Melpool-Logo-blauw.png\",\"width\":1729,\"height\":542,\"caption\":\"Melpool\"},\"image\":{\"@id\":\"https:\\\/\\\/www.melpool.com\\\/hr\\\/#\\\/schema\\\/logo\\\/image\\\/\"}}]}<\/script>\n<!-- \/ Yoast SEO plugin. -->","yoast_head_json":{"title":"Melpool 70\/20 - Melpool","robots":{"index":"index","follow":"follow","max-snippet":"max-snippet:-1","max-image-preview":"max-image-preview:large","max-video-preview":"max-video-preview:-1"},"canonical":"https:\/\/www.melpool.com\/hr\/proizvod\/melpool-70-20\/","og_locale":"hr_HR","og_type":"article","og_title":"Melpool 70\/20 - Melpool","og_description":"Tablete za dezinfekciju i suzbijanje algi. Melpool 70\/20 su tablete klora od 20 g (min. 70% klora). Zahvaljuju\u0107i sporotopljivoj formuli, omogu\u0107uju dugotrajnu dezinfekciju i u\u010dinkovito suzbijanje algi meke i srednje tvrde bazenske vode. Ove tablete ne sadr\u017ee stabilizator klora (cijanurnu kiselinu), \u0161to eliminira opasnost od pretjerane stabilizacije.","og_url":"https:\/\/www.melpool.com\/hr\/proizvod\/melpool-70-20\/","og_site_name":"Melpool","article_modified_time":"2025-02-06T14:18:49+00:00","og_image":[{"width":2000,"height":2500,"url":"https:\/\/www.melpool.com\/wp-content\/uploads\/2022\/05\/Melpool.5kg.70-20-NL.chloor-shock.jpg","type":"image\/jpeg"}],"twitter_card":"summary_large_image","schema":{"@context":"https:\/\/schema.org","@graph":[{"@type":"WebPage","@id":"https:\/\/www.melpool.com\/hr\/proizvod\/melpool-70-20\/","url":"https:\/\/www.melpool.com\/hr\/proizvod\/melpool-70-20\/","name":"Melpool 70\/20 - Melpool","isPartOf":{"@id":"https:\/\/www.melpool.com\/hr\/#website"},"primaryImageOfPage":{"@id":"https:\/\/www.melpool.com\/hr\/proizvod\/melpool-70-20\/#primaryimage"},"image":{"@id":"https:\/\/www.melpool.com\/hr\/proizvod\/melpool-70-20\/#primaryimage"},"thumbnailUrl":"https:\/\/www.melpool.com\/wp-content\/uploads\/2022\/05\/Melpool.5kg.70-20-NL.chloor-shock.jpg","datePublished":"2024-12-17T14:52:39+00:00","dateModified":"2025-02-06T14:18:49+00:00","breadcrumb":{"@id":"https:\/\/www.melpool.com\/hr\/proizvod\/melpool-70-20\/#breadcrumb"},"inLanguage":"hr","potentialAction":[{"@type":"ReadAction","target":["https:\/\/www.melpool.com\/hr\/proizvod\/melpool-70-20\/"]}]},{"@type":"ImageObject","inLanguage":"hr","@id":"https:\/\/www.melpool.com\/hr\/proizvod\/melpool-70-20\/#primaryimage","url":"https:\/\/www.melpool.com\/wp-content\/uploads\/2022\/05\/Melpool.5kg.70-20-NL.chloor-shock.jpg","contentUrl":"https:\/\/www.melpool.com\/wp-content\/uploads\/2022\/05\/Melpool.5kg.70-20-NL.chloor-shock.jpg","width":2000,"height":2500},{"@type":"BreadcrumbList","@id":"https:\/\/www.melpool.com\/hr\/proizvod\/melpool-70-20\/#breadcrumb","itemListElement":[{"@type":"ListItem","position":1,"name":"Home","item":"https:\/\/www.melpool.com\/hr\/"},{"@type":"ListItem","position":2,"name":"Proizvodi","item":"https:\/\/www.melpool.com\/hr\/proizvod\/"},{"@type":"ListItem","position":3,"name":"Dezinfekcija","item":"https:\/\/www.melpool.com\/hr\/kategorija-proizvoda\/dezinfekcija\/"},{"@type":"ListItem","position":4,"name":"Melpool 70\/20"}]},{"@type":"WebSite","@id":"https:\/\/www.melpool.com\/hr\/#website","url":"https:\/\/www.melpool.com\/hr\/","name":"Melpool","description":"Alles voor waterbehandeling van uw zwembad","publisher":{"@id":"https:\/\/www.melpool.com\/hr\/#organization"},"potentialAction":[{"@type":"SearchAction","target":{"@type":"EntryPoint","urlTemplate":"https:\/\/www.melpool.com\/hr\/?s={search_term_string}"},"query-input":{"@type":"PropertyValueSpecification","valueRequired":true,"valueName":"search_term_string"}}],"inLanguage":"hr"},{"@type":"Organization","@id":"https:\/\/www.melpool.com\/hr\/#organization","name":"Melpool","url":"https:\/\/www.melpool.com\/hr\/","logo":{"@type":"ImageObject","inLanguage":"hr","@id":"https:\/\/www.melpool.com\/hr\/#\/schema\/logo\/image\/","url":"https:\/\/www.melpool.com\/wp-content\/uploads\/2021\/08\/Melpool-Logo-blauw.png","contentUrl":"https:\/\/www.melpool.com\/wp-content\/uploads\/2021\/08\/Melpool-Logo-blauw.png","width":1729,"height":542,"caption":"Melpool"},"image":{"@id":"https:\/\/www.melpool.com\/hr\/#\/schema\/logo\/image\/"}}]}},"_links":{"self":[{"href":"https:\/\/www.melpool.com\/hr\/wp-json\/wp\/v2\/product\/7711","targetHints":{"allow":["GET"]}}],"collection":[{"href":"https:\/\/www.melpool.com\/hr\/wp-json\/wp\/v2\/product"}],"about":[{"href":"https:\/\/www.melpool.com\/hr\/wp-json\/wp\/v2\/types\/product"}],"wp:featuredmedia":[{"embeddable":true,"href":"https:\/\/www.melpool.com\/hr\/wp-json\/wp\/v2\/media\/7717"}],"wp:attachment":[{"href":"https:\/\/www.melpool.com\/hr\/wp-json\/wp\/v2\/media?parent=7711"}],"wp:term":[{"taxonomy":"behandeling","embeddable":true,"href":"https:\/\/www.melpool.com\/hr\/wp-json\/wp\/v2\/behandeling?post=7711"},{"taxonomy":"product_categorie","embeddable":true,"href":"https:\/\/www.melpool.com\/hr\/wp-json\/wp\/v2\/product_categorie?post=7711"},{"taxonomy":"product_type","embeddable":true,"href":"https:\/\/www.melpool.com\/hr\/wp-json\/wp\/v2\/product_type?post=7711"}],"curies":[{"name":"wp","href":"https:\/\/api.w.org\/{rel}","templated":true}]}}