{"id":7747,"date":"2024-12-17T15:52:48","date_gmt":"2024-12-17T14:52:48","guid":{"rendered":"https:\/\/www.melpool.com\/product\/melpool-qac\/"},"modified":"2025-02-06T15:06:18","modified_gmt":"2025-02-06T14:06:18","slug":"melpool-qac","status":"publish","type":"product","link":"https:\/\/www.melpool.com\/hr\/proizvod\/melpool-qac\/","title":{"rendered":"Melpool QAC"},"content":{"rendered":"\n<p><strong>Sredstvo za prevenciju rasta i suzbijanje algi<\/strong>. <\/p>\n\n<p>Melpool QAC algicid je visoko u\u010dinkovito sredstvo za suzbijanje i prevenciju rasta algi u bazenima svih vrsta. Ovaj specijalizirani algicid je kompatibilan s klorom, \u010dine\u0107i ga savr\u0161enim rje\u0161enjem za integraciju u postoje\u0107e sustave odr\u017eavanja bazena. Posebno je u\u010dinkovit tijekom prezimljavanja bazena, jer u\u010dinkovito sprje\u010dava nakupljanje algi tijekom hladnih mjeseci. Redovita uporaba Melpool QAC algicida, uz uobi\u010dajena sredstva za dezinfekciju, pru\u017ea cjelokupnu za\u0161titu bazenske vode.   <\/p>\n","protected":false},"excerpt":{"rendered":"<p>Sredstvo za prevenciju rasta i suzbijanje algi. Melpool QAC algicid je visoko u\u010dinkovito sredstvo za suzbijanje i prevenciju rasta algi u bazenima svih vrsta. Ovaj specijalizirani algicid je kompatibilan s klorom, \u010dine\u0107i ga savr\u0161enim rje\u0161enjem za integraciju u postoje\u0107e sustave odr\u017eavanja bazena. Posebno je u\u010dinkovit tijekom prezimljavanja bazena, jer u\u010dinkovito sprje\u010dava nakupljanje algi tijekom hladnih [&hellip;]<\/p>\n","protected":false},"featured_media":7749,"template":"","behandeling":[198],"product_categorie":[199],"product_type":[],"class_list":["post-7747","product","type-product","status-publish","has-post-thumbnail","hentry","behandeling-uklanjanje-algi","product_categorie-kontrola-algi"],"acf":[],"yoast_head":"<!-- This site is optimized with the Yoast SEO plugin v27.3 - https:\/\/yoast.com\/product\/yoast-seo-wordpress\/ -->\n<title>Melpool QAC - Melpool<\/title>\n<meta name=\"robots\" content=\"index, follow, max-snippet:-1, max-image-preview:large, max-video-preview:-1\" \/>\n<link rel=\"canonical\" href=\"https:\/\/www.melpool.com\/hr\/proizvod\/melpool-qac\/\" \/>\n<meta property=\"og:locale\" content=\"hr_HR\" \/>\n<meta property=\"og:type\" content=\"article\" \/>\n<meta property=\"og:title\" content=\"Melpool QAC - Melpool\" \/>\n<meta property=\"og:description\" content=\"Sredstvo za prevenciju rasta i suzbijanje algi. Melpool QAC algicid je visoko u\u010dinkovito sredstvo za suzbijanje i prevenciju rasta algi u bazenima svih vrsta. Ovaj specijalizirani algicid je kompatibilan s klorom, \u010dine\u0107i ga savr\u0161enim rje\u0161enjem za integraciju u postoje\u0107e sustave odr\u017eavanja bazena. Posebno je u\u010dinkovit tijekom prezimljavanja bazena, jer u\u010dinkovito sprje\u010dava nakupljanje algi tijekom hladnih [&hellip;]\" \/>\n<meta property=\"og:url\" content=\"https:\/\/www.melpool.com\/hr\/proizvod\/melpool-qac\/\" \/>\n<meta property=\"og:site_name\" content=\"Melpool\" \/>\n<meta property=\"article:modified_time\" content=\"2025-02-06T14:06:18+00:00\" \/>\n<meta property=\"og:image\" content=\"https:\/\/www.melpool.com\/wp-content\/uploads\/2022\/04\/Melpool.5kg.QAC-NL.jpg\" \/>\n\t<meta property=\"og:image:width\" content=\"2000\" \/>\n\t<meta property=\"og:image:height\" content=\"2500\" \/>\n\t<meta property=\"og:image:type\" content=\"image\/jpeg\" \/>\n<meta name=\"twitter:card\" content=\"summary_large_image\" \/>\n<script type=\"application\/ld+json\" class=\"yoast-schema-graph\">{\"@context\":\"https:\\\/\\\/schema.org\",\"@graph\":[{\"@type\":\"WebPage\",\"@id\":\"https:\\\/\\\/www.melpool.com\\\/hr\\\/proizvod\\\/melpool-qac\\\/\",\"url\":\"https:\\\/\\\/www.melpool.com\\\/hr\\\/proizvod\\\/melpool-qac\\\/\",\"name\":\"Melpool QAC - Melpool\",\"isPartOf\":{\"@id\":\"https:\\\/\\\/www.melpool.com\\\/hr\\\/#website\"},\"primaryImageOfPage\":{\"@id\":\"https:\\\/\\\/www.melpool.com\\\/hr\\\/proizvod\\\/melpool-qac\\\/#primaryimage\"},\"image\":{\"@id\":\"https:\\\/\\\/www.melpool.com\\\/hr\\\/proizvod\\\/melpool-qac\\\/#primaryimage\"},\"thumbnailUrl\":\"https:\\\/\\\/www.melpool.com\\\/wp-content\\\/uploads\\\/2022\\\/04\\\/Melpool.5kg.QAC-NL.jpg\",\"datePublished\":\"2024-12-17T14:52:48+00:00\",\"dateModified\":\"2025-02-06T14:06:18+00:00\",\"breadcrumb\":{\"@id\":\"https:\\\/\\\/www.melpool.com\\\/hr\\\/proizvod\\\/melpool-qac\\\/#breadcrumb\"},\"inLanguage\":\"hr\",\"potentialAction\":[{\"@type\":\"ReadAction\",\"target\":[\"https:\\\/\\\/www.melpool.com\\\/hr\\\/proizvod\\\/melpool-qac\\\/\"]}]},{\"@type\":\"ImageObject\",\"inLanguage\":\"hr\",\"@id\":\"https:\\\/\\\/www.melpool.com\\\/hr\\\/proizvod\\\/melpool-qac\\\/#primaryimage\",\"url\":\"https:\\\/\\\/www.melpool.com\\\/wp-content\\\/uploads\\\/2022\\\/04\\\/Melpool.5kg.QAC-NL.jpg\",\"contentUrl\":\"https:\\\/\\\/www.melpool.com\\\/wp-content\\\/uploads\\\/2022\\\/04\\\/Melpool.5kg.QAC-NL.jpg\",\"width\":2000,\"height\":2500},{\"@type\":\"BreadcrumbList\",\"@id\":\"https:\\\/\\\/www.melpool.com\\\/hr\\\/proizvod\\\/melpool-qac\\\/#breadcrumb\",\"itemListElement\":[{\"@type\":\"ListItem\",\"position\":1,\"name\":\"Home\",\"item\":\"https:\\\/\\\/www.melpool.com\\\/hr\\\/\"},{\"@type\":\"ListItem\",\"position\":2,\"name\":\"Proizvodi\",\"item\":\"https:\\\/\\\/www.melpool.com\\\/hr\\\/proizvod\\\/\"},{\"@type\":\"ListItem\",\"position\":3,\"name\":\"Kontrola algi\",\"item\":\"https:\\\/\\\/www.melpool.com\\\/hr\\\/kategorija-proizvoda\\\/kontrola-algi\\\/\"},{\"@type\":\"ListItem\",\"position\":4,\"name\":\"Melpool QAC\"}]},{\"@type\":\"WebSite\",\"@id\":\"https:\\\/\\\/www.melpool.com\\\/hr\\\/#website\",\"url\":\"https:\\\/\\\/www.melpool.com\\\/hr\\\/\",\"name\":\"Melpool\",\"description\":\"Alles voor waterbehandeling van uw zwembad\",\"publisher\":{\"@id\":\"https:\\\/\\\/www.melpool.com\\\/hr\\\/#organization\"},\"potentialAction\":[{\"@type\":\"SearchAction\",\"target\":{\"@type\":\"EntryPoint\",\"urlTemplate\":\"https:\\\/\\\/www.melpool.com\\\/hr\\\/?s={search_term_string}\"},\"query-input\":{\"@type\":\"PropertyValueSpecification\",\"valueRequired\":true,\"valueName\":\"search_term_string\"}}],\"inLanguage\":\"hr\"},{\"@type\":\"Organization\",\"@id\":\"https:\\\/\\\/www.melpool.com\\\/hr\\\/#organization\",\"name\":\"Melpool\",\"url\":\"https:\\\/\\\/www.melpool.com\\\/hr\\\/\",\"logo\":{\"@type\":\"ImageObject\",\"inLanguage\":\"hr\",\"@id\":\"https:\\\/\\\/www.melpool.com\\\/hr\\\/#\\\/schema\\\/logo\\\/image\\\/\",\"url\":\"https:\\\/\\\/www.melpool.com\\\/wp-content\\\/uploads\\\/2021\\\/08\\\/Melpool-Logo-blauw.png\",\"contentUrl\":\"https:\\\/\\\/www.melpool.com\\\/wp-content\\\/uploads\\\/2021\\\/08\\\/Melpool-Logo-blauw.png\",\"width\":1729,\"height\":542,\"caption\":\"Melpool\"},\"image\":{\"@id\":\"https:\\\/\\\/www.melpool.com\\\/hr\\\/#\\\/schema\\\/logo\\\/image\\\/\"}}]}<\/script>\n<!-- \/ Yoast SEO plugin. -->","yoast_head_json":{"title":"Melpool QAC - Melpool","robots":{"index":"index","follow":"follow","max-snippet":"max-snippet:-1","max-image-preview":"max-image-preview:large","max-video-preview":"max-video-preview:-1"},"canonical":"https:\/\/www.melpool.com\/hr\/proizvod\/melpool-qac\/","og_locale":"hr_HR","og_type":"article","og_title":"Melpool QAC - Melpool","og_description":"Sredstvo za prevenciju rasta i suzbijanje algi. Melpool QAC algicid je visoko u\u010dinkovito sredstvo za suzbijanje i prevenciju rasta algi u bazenima svih vrsta. Ovaj specijalizirani algicid je kompatibilan s klorom, \u010dine\u0107i ga savr\u0161enim rje\u0161enjem za integraciju u postoje\u0107e sustave odr\u017eavanja bazena. Posebno je u\u010dinkovit tijekom prezimljavanja bazena, jer u\u010dinkovito sprje\u010dava nakupljanje algi tijekom hladnih [&hellip;]","og_url":"https:\/\/www.melpool.com\/hr\/proizvod\/melpool-qac\/","og_site_name":"Melpool","article_modified_time":"2025-02-06T14:06:18+00:00","og_image":[{"width":2000,"height":2500,"url":"https:\/\/www.melpool.com\/wp-content\/uploads\/2022\/04\/Melpool.5kg.QAC-NL.jpg","type":"image\/jpeg"}],"twitter_card":"summary_large_image","schema":{"@context":"https:\/\/schema.org","@graph":[{"@type":"WebPage","@id":"https:\/\/www.melpool.com\/hr\/proizvod\/melpool-qac\/","url":"https:\/\/www.melpool.com\/hr\/proizvod\/melpool-qac\/","name":"Melpool QAC - Melpool","isPartOf":{"@id":"https:\/\/www.melpool.com\/hr\/#website"},"primaryImageOfPage":{"@id":"https:\/\/www.melpool.com\/hr\/proizvod\/melpool-qac\/#primaryimage"},"image":{"@id":"https:\/\/www.melpool.com\/hr\/proizvod\/melpool-qac\/#primaryimage"},"thumbnailUrl":"https:\/\/www.melpool.com\/wp-content\/uploads\/2022\/04\/Melpool.5kg.QAC-NL.jpg","datePublished":"2024-12-17T14:52:48+00:00","dateModified":"2025-02-06T14:06:18+00:00","breadcrumb":{"@id":"https:\/\/www.melpool.com\/hr\/proizvod\/melpool-qac\/#breadcrumb"},"inLanguage":"hr","potentialAction":[{"@type":"ReadAction","target":["https:\/\/www.melpool.com\/hr\/proizvod\/melpool-qac\/"]}]},{"@type":"ImageObject","inLanguage":"hr","@id":"https:\/\/www.melpool.com\/hr\/proizvod\/melpool-qac\/#primaryimage","url":"https:\/\/www.melpool.com\/wp-content\/uploads\/2022\/04\/Melpool.5kg.QAC-NL.jpg","contentUrl":"https:\/\/www.melpool.com\/wp-content\/uploads\/2022\/04\/Melpool.5kg.QAC-NL.jpg","width":2000,"height":2500},{"@type":"BreadcrumbList","@id":"https:\/\/www.melpool.com\/hr\/proizvod\/melpool-qac\/#breadcrumb","itemListElement":[{"@type":"ListItem","position":1,"name":"Home","item":"https:\/\/www.melpool.com\/hr\/"},{"@type":"ListItem","position":2,"name":"Proizvodi","item":"https:\/\/www.melpool.com\/hr\/proizvod\/"},{"@type":"ListItem","position":3,"name":"Kontrola algi","item":"https:\/\/www.melpool.com\/hr\/kategorija-proizvoda\/kontrola-algi\/"},{"@type":"ListItem","position":4,"name":"Melpool QAC"}]},{"@type":"WebSite","@id":"https:\/\/www.melpool.com\/hr\/#website","url":"https:\/\/www.melpool.com\/hr\/","name":"Melpool","description":"Alles voor waterbehandeling van uw zwembad","publisher":{"@id":"https:\/\/www.melpool.com\/hr\/#organization"},"potentialAction":[{"@type":"SearchAction","target":{"@type":"EntryPoint","urlTemplate":"https:\/\/www.melpool.com\/hr\/?s={search_term_string}"},"query-input":{"@type":"PropertyValueSpecification","valueRequired":true,"valueName":"search_term_string"}}],"inLanguage":"hr"},{"@type":"Organization","@id":"https:\/\/www.melpool.com\/hr\/#organization","name":"Melpool","url":"https:\/\/www.melpool.com\/hr\/","logo":{"@type":"ImageObject","inLanguage":"hr","@id":"https:\/\/www.melpool.com\/hr\/#\/schema\/logo\/image\/","url":"https:\/\/www.melpool.com\/wp-content\/uploads\/2021\/08\/Melpool-Logo-blauw.png","contentUrl":"https:\/\/www.melpool.com\/wp-content\/uploads\/2021\/08\/Melpool-Logo-blauw.png","width":1729,"height":542,"caption":"Melpool"},"image":{"@id":"https:\/\/www.melpool.com\/hr\/#\/schema\/logo\/image\/"}}]}},"_links":{"self":[{"href":"https:\/\/www.melpool.com\/hr\/wp-json\/wp\/v2\/product\/7747","targetHints":{"allow":["GET"]}}],"collection":[{"href":"https:\/\/www.melpool.com\/hr\/wp-json\/wp\/v2\/product"}],"about":[{"href":"https:\/\/www.melpool.com\/hr\/wp-json\/wp\/v2\/types\/product"}],"wp:featuredmedia":[{"embeddable":true,"href":"https:\/\/www.melpool.com\/hr\/wp-json\/wp\/v2\/media\/7749"}],"wp:attachment":[{"href":"https:\/\/www.melpool.com\/hr\/wp-json\/wp\/v2\/media?parent=7747"}],"wp:term":[{"taxonomy":"behandeling","embeddable":true,"href":"https:\/\/www.melpool.com\/hr\/wp-json\/wp\/v2\/behandeling?post=7747"},{"taxonomy":"product_categorie","embeddable":true,"href":"https:\/\/www.melpool.com\/hr\/wp-json\/wp\/v2\/product_categorie?post=7747"},{"taxonomy":"product_type","embeddable":true,"href":"https:\/\/www.melpool.com\/hr\/wp-json\/wp\/v2\/product_type?post=7747"}],"curies":[{"name":"wp","href":"https:\/\/api.w.org\/{rel}","templated":true}]}}