{"id":7754,"date":"2024-12-17T15:52:51","date_gmt":"2024-12-17T14:52:51","guid":{"rendered":"https:\/\/www.melpool.com\/product\/melpool-gel-d\/"},"modified":"2025-02-01T11:23:08","modified_gmt":"2025-02-01T10:23:08","slug":"melpool-gel-d","status":"publish","type":"product","link":"https:\/\/www.melpool.com\/hr\/proizvod\/melpool-gel-d\/","title":{"rendered":"Melpool GEL-D"},"content":{"rendered":"\n<p><strong>Deterd\u017eent za \u010di\u0161\u0107enje rubova bazena i hidromasa\u017enih bazena<\/strong>. <\/p>\n\n<p>Melpool GEL-D uklanja i sprje\u010dava nakupljanje naslaga na rubovima bazena. Posebno je u\u010dinkovit protiv masnih naslaga poput onih od krema za sun\u010danje, \u0161minke, te drugih organskih ne\u010disto\u0107a. Ovaj deterd\u017eent je blag prema osjetljivim povr\u0161inama, \u0161to ga \u010dini idealnim za sve vrste bazena. Zahvaljuju\u0107i GEL strukturi, izuzetno dobro prianja na zidove bazena, \u010dine\u0107i ga pogodnim za \u010di\u0161\u0107enje bilo koje povr\u0161ine.      <\/p>\n","protected":false},"excerpt":{"rendered":"<p>Deterd\u017eent za \u010di\u0161\u0107enje rubova bazena i hidromasa\u017enih bazena. Melpool GEL-D uklanja i sprje\u010dava nakupljanje naslaga na rubovima bazena. Posebno je u\u010dinkovit protiv masnih naslaga poput onih od krema za sun\u010danje, \u0161minke, te drugih organskih ne\u010disto\u0107a. Ovaj deterd\u017eent je blag prema osjetljivim povr\u0161inama, \u0161to ga \u010dini idealnim za sve vrste bazena. Zahvaljuju\u0107i GEL strukturi, izuzetno dobro [&hellip;]<\/p>\n","protected":false},"featured_media":7756,"template":"","behandeling":[201,194],"product_categorie":[203],"product_type":[],"class_list":["post-7754","product","type-product","status-publish","has-post-thumbnail","hentry","behandeling-ciscenje","behandeling-pokretanje-i-doziranje","product_categorie-ciscenje"],"acf":[],"yoast_head":"<!-- This site is optimized with the Yoast SEO plugin v27.3 - https:\/\/yoast.com\/product\/yoast-seo-wordpress\/ -->\n<title>Melpool GEL-D - Melpool<\/title>\n<meta name=\"robots\" content=\"index, follow, max-snippet:-1, max-image-preview:large, max-video-preview:-1\" \/>\n<link rel=\"canonical\" href=\"https:\/\/www.melpool.com\/hr\/proizvod\/melpool-gel-d\/\" \/>\n<meta property=\"og:locale\" content=\"hr_HR\" \/>\n<meta property=\"og:type\" content=\"article\" \/>\n<meta property=\"og:title\" content=\"Melpool GEL-D - Melpool\" \/>\n<meta property=\"og:description\" content=\"Deterd\u017eent za \u010di\u0161\u0107enje rubova bazena i hidromasa\u017enih bazena. Melpool GEL-D uklanja i sprje\u010dava nakupljanje naslaga na rubovima bazena. Posebno je u\u010dinkovit protiv masnih naslaga poput onih od krema za sun\u010danje, \u0161minke, te drugih organskih ne\u010disto\u0107a. Ovaj deterd\u017eent je blag prema osjetljivim povr\u0161inama, \u0161to ga \u010dini idealnim za sve vrste bazena. Zahvaljuju\u0107i GEL strukturi, izuzetno dobro [&hellip;]\" \/>\n<meta property=\"og:url\" content=\"https:\/\/www.melpool.com\/hr\/proizvod\/melpool-gel-d\/\" \/>\n<meta property=\"og:site_name\" content=\"Melpool\" \/>\n<meta property=\"article:modified_time\" content=\"2025-02-01T10:23:08+00:00\" \/>\n<meta property=\"og:image\" content=\"https:\/\/www.melpool.com\/wp-content\/uploads\/2022\/04\/Melpool.1L.Gel-D-NL.jpg\" \/>\n\t<meta property=\"og:image:width\" content=\"2000\" \/>\n\t<meta property=\"og:image:height\" content=\"2500\" \/>\n\t<meta property=\"og:image:type\" content=\"image\/jpeg\" \/>\n<meta name=\"twitter:card\" content=\"summary_large_image\" \/>\n<script type=\"application\/ld+json\" class=\"yoast-schema-graph\">{\"@context\":\"https:\\\/\\\/schema.org\",\"@graph\":[{\"@type\":\"WebPage\",\"@id\":\"https:\\\/\\\/www.melpool.com\\\/hr\\\/proizvod\\\/melpool-gel-d\\\/\",\"url\":\"https:\\\/\\\/www.melpool.com\\\/hr\\\/proizvod\\\/melpool-gel-d\\\/\",\"name\":\"Melpool GEL-D - Melpool\",\"isPartOf\":{\"@id\":\"https:\\\/\\\/www.melpool.com\\\/hr\\\/#website\"},\"primaryImageOfPage\":{\"@id\":\"https:\\\/\\\/www.melpool.com\\\/hr\\\/proizvod\\\/melpool-gel-d\\\/#primaryimage\"},\"image\":{\"@id\":\"https:\\\/\\\/www.melpool.com\\\/hr\\\/proizvod\\\/melpool-gel-d\\\/#primaryimage\"},\"thumbnailUrl\":\"https:\\\/\\\/www.melpool.com\\\/wp-content\\\/uploads\\\/2022\\\/04\\\/Melpool.1L.Gel-D-NL.jpg\",\"datePublished\":\"2024-12-17T14:52:51+00:00\",\"dateModified\":\"2025-02-01T10:23:08+00:00\",\"breadcrumb\":{\"@id\":\"https:\\\/\\\/www.melpool.com\\\/hr\\\/proizvod\\\/melpool-gel-d\\\/#breadcrumb\"},\"inLanguage\":\"hr\",\"potentialAction\":[{\"@type\":\"ReadAction\",\"target\":[\"https:\\\/\\\/www.melpool.com\\\/hr\\\/proizvod\\\/melpool-gel-d\\\/\"]}]},{\"@type\":\"ImageObject\",\"inLanguage\":\"hr\",\"@id\":\"https:\\\/\\\/www.melpool.com\\\/hr\\\/proizvod\\\/melpool-gel-d\\\/#primaryimage\",\"url\":\"https:\\\/\\\/www.melpool.com\\\/wp-content\\\/uploads\\\/2022\\\/04\\\/Melpool.1L.Gel-D-NL.jpg\",\"contentUrl\":\"https:\\\/\\\/www.melpool.com\\\/wp-content\\\/uploads\\\/2022\\\/04\\\/Melpool.1L.Gel-D-NL.jpg\",\"width\":2000,\"height\":2500},{\"@type\":\"BreadcrumbList\",\"@id\":\"https:\\\/\\\/www.melpool.com\\\/hr\\\/proizvod\\\/melpool-gel-d\\\/#breadcrumb\",\"itemListElement\":[{\"@type\":\"ListItem\",\"position\":1,\"name\":\"Home\",\"item\":\"https:\\\/\\\/www.melpool.com\\\/hr\\\/\"},{\"@type\":\"ListItem\",\"position\":2,\"name\":\"Proizvodi\",\"item\":\"https:\\\/\\\/www.melpool.com\\\/hr\\\/proizvod\\\/\"},{\"@type\":\"ListItem\",\"position\":3,\"name\":\"\u010ci\u0161\u0107enje\",\"item\":\"https:\\\/\\\/www.melpool.com\\\/hr\\\/kategorija-proizvoda\\\/ciscenje\\\/\"},{\"@type\":\"ListItem\",\"position\":4,\"name\":\"Melpool GEL-D\"}]},{\"@type\":\"WebSite\",\"@id\":\"https:\\\/\\\/www.melpool.com\\\/hr\\\/#website\",\"url\":\"https:\\\/\\\/www.melpool.com\\\/hr\\\/\",\"name\":\"Melpool\",\"description\":\"Alles voor waterbehandeling van uw zwembad\",\"publisher\":{\"@id\":\"https:\\\/\\\/www.melpool.com\\\/hr\\\/#organization\"},\"potentialAction\":[{\"@type\":\"SearchAction\",\"target\":{\"@type\":\"EntryPoint\",\"urlTemplate\":\"https:\\\/\\\/www.melpool.com\\\/hr\\\/?s={search_term_string}\"},\"query-input\":{\"@type\":\"PropertyValueSpecification\",\"valueRequired\":true,\"valueName\":\"search_term_string\"}}],\"inLanguage\":\"hr\"},{\"@type\":\"Organization\",\"@id\":\"https:\\\/\\\/www.melpool.com\\\/hr\\\/#organization\",\"name\":\"Melpool\",\"url\":\"https:\\\/\\\/www.melpool.com\\\/hr\\\/\",\"logo\":{\"@type\":\"ImageObject\",\"inLanguage\":\"hr\",\"@id\":\"https:\\\/\\\/www.melpool.com\\\/hr\\\/#\\\/schema\\\/logo\\\/image\\\/\",\"url\":\"https:\\\/\\\/www.melpool.com\\\/wp-content\\\/uploads\\\/2021\\\/08\\\/Melpool-Logo-blauw.png\",\"contentUrl\":\"https:\\\/\\\/www.melpool.com\\\/wp-content\\\/uploads\\\/2021\\\/08\\\/Melpool-Logo-blauw.png\",\"width\":1729,\"height\":542,\"caption\":\"Melpool\"},\"image\":{\"@id\":\"https:\\\/\\\/www.melpool.com\\\/hr\\\/#\\\/schema\\\/logo\\\/image\\\/\"}}]}<\/script>\n<!-- \/ Yoast SEO plugin. -->","yoast_head_json":{"title":"Melpool GEL-D - Melpool","robots":{"index":"index","follow":"follow","max-snippet":"max-snippet:-1","max-image-preview":"max-image-preview:large","max-video-preview":"max-video-preview:-1"},"canonical":"https:\/\/www.melpool.com\/hr\/proizvod\/melpool-gel-d\/","og_locale":"hr_HR","og_type":"article","og_title":"Melpool GEL-D - Melpool","og_description":"Deterd\u017eent za \u010di\u0161\u0107enje rubova bazena i hidromasa\u017enih bazena. Melpool GEL-D uklanja i sprje\u010dava nakupljanje naslaga na rubovima bazena. Posebno je u\u010dinkovit protiv masnih naslaga poput onih od krema za sun\u010danje, \u0161minke, te drugih organskih ne\u010disto\u0107a. Ovaj deterd\u017eent je blag prema osjetljivim povr\u0161inama, \u0161to ga \u010dini idealnim za sve vrste bazena. Zahvaljuju\u0107i GEL strukturi, izuzetno dobro [&hellip;]","og_url":"https:\/\/www.melpool.com\/hr\/proizvod\/melpool-gel-d\/","og_site_name":"Melpool","article_modified_time":"2025-02-01T10:23:08+00:00","og_image":[{"width":2000,"height":2500,"url":"https:\/\/www.melpool.com\/wp-content\/uploads\/2022\/04\/Melpool.1L.Gel-D-NL.jpg","type":"image\/jpeg"}],"twitter_card":"summary_large_image","schema":{"@context":"https:\/\/schema.org","@graph":[{"@type":"WebPage","@id":"https:\/\/www.melpool.com\/hr\/proizvod\/melpool-gel-d\/","url":"https:\/\/www.melpool.com\/hr\/proizvod\/melpool-gel-d\/","name":"Melpool GEL-D - Melpool","isPartOf":{"@id":"https:\/\/www.melpool.com\/hr\/#website"},"primaryImageOfPage":{"@id":"https:\/\/www.melpool.com\/hr\/proizvod\/melpool-gel-d\/#primaryimage"},"image":{"@id":"https:\/\/www.melpool.com\/hr\/proizvod\/melpool-gel-d\/#primaryimage"},"thumbnailUrl":"https:\/\/www.melpool.com\/wp-content\/uploads\/2022\/04\/Melpool.1L.Gel-D-NL.jpg","datePublished":"2024-12-17T14:52:51+00:00","dateModified":"2025-02-01T10:23:08+00:00","breadcrumb":{"@id":"https:\/\/www.melpool.com\/hr\/proizvod\/melpool-gel-d\/#breadcrumb"},"inLanguage":"hr","potentialAction":[{"@type":"ReadAction","target":["https:\/\/www.melpool.com\/hr\/proizvod\/melpool-gel-d\/"]}]},{"@type":"ImageObject","inLanguage":"hr","@id":"https:\/\/www.melpool.com\/hr\/proizvod\/melpool-gel-d\/#primaryimage","url":"https:\/\/www.melpool.com\/wp-content\/uploads\/2022\/04\/Melpool.1L.Gel-D-NL.jpg","contentUrl":"https:\/\/www.melpool.com\/wp-content\/uploads\/2022\/04\/Melpool.1L.Gel-D-NL.jpg","width":2000,"height":2500},{"@type":"BreadcrumbList","@id":"https:\/\/www.melpool.com\/hr\/proizvod\/melpool-gel-d\/#breadcrumb","itemListElement":[{"@type":"ListItem","position":1,"name":"Home","item":"https:\/\/www.melpool.com\/hr\/"},{"@type":"ListItem","position":2,"name":"Proizvodi","item":"https:\/\/www.melpool.com\/hr\/proizvod\/"},{"@type":"ListItem","position":3,"name":"\u010ci\u0161\u0107enje","item":"https:\/\/www.melpool.com\/hr\/kategorija-proizvoda\/ciscenje\/"},{"@type":"ListItem","position":4,"name":"Melpool GEL-D"}]},{"@type":"WebSite","@id":"https:\/\/www.melpool.com\/hr\/#website","url":"https:\/\/www.melpool.com\/hr\/","name":"Melpool","description":"Alles voor waterbehandeling van uw zwembad","publisher":{"@id":"https:\/\/www.melpool.com\/hr\/#organization"},"potentialAction":[{"@type":"SearchAction","target":{"@type":"EntryPoint","urlTemplate":"https:\/\/www.melpool.com\/hr\/?s={search_term_string}"},"query-input":{"@type":"PropertyValueSpecification","valueRequired":true,"valueName":"search_term_string"}}],"inLanguage":"hr"},{"@type":"Organization","@id":"https:\/\/www.melpool.com\/hr\/#organization","name":"Melpool","url":"https:\/\/www.melpool.com\/hr\/","logo":{"@type":"ImageObject","inLanguage":"hr","@id":"https:\/\/www.melpool.com\/hr\/#\/schema\/logo\/image\/","url":"https:\/\/www.melpool.com\/wp-content\/uploads\/2021\/08\/Melpool-Logo-blauw.png","contentUrl":"https:\/\/www.melpool.com\/wp-content\/uploads\/2021\/08\/Melpool-Logo-blauw.png","width":1729,"height":542,"caption":"Melpool"},"image":{"@id":"https:\/\/www.melpool.com\/hr\/#\/schema\/logo\/image\/"}}]}},"_links":{"self":[{"href":"https:\/\/www.melpool.com\/hr\/wp-json\/wp\/v2\/product\/7754","targetHints":{"allow":["GET"]}}],"collection":[{"href":"https:\/\/www.melpool.com\/hr\/wp-json\/wp\/v2\/product"}],"about":[{"href":"https:\/\/www.melpool.com\/hr\/wp-json\/wp\/v2\/types\/product"}],"wp:featuredmedia":[{"embeddable":true,"href":"https:\/\/www.melpool.com\/hr\/wp-json\/wp\/v2\/media\/7756"}],"wp:attachment":[{"href":"https:\/\/www.melpool.com\/hr\/wp-json\/wp\/v2\/media?parent=7754"}],"wp:term":[{"taxonomy":"behandeling","embeddable":true,"href":"https:\/\/www.melpool.com\/hr\/wp-json\/wp\/v2\/behandeling?post=7754"},{"taxonomy":"product_categorie","embeddable":true,"href":"https:\/\/www.melpool.com\/hr\/wp-json\/wp\/v2\/product_categorie?post=7754"},{"taxonomy":"product_type","embeddable":true,"href":"https:\/\/www.melpool.com\/hr\/wp-json\/wp\/v2\/product_type?post=7754"}],"curies":[{"name":"wp","href":"https:\/\/api.w.org\/{rel}","templated":true}]}}