{"id":7759,"date":"2024-12-17T15:52:52","date_gmt":"2024-12-17T14:52:52","guid":{"rendered":"https:\/\/www.melpool.com\/product\/melpool-det\/"},"modified":"2025-03-24T10:37:00","modified_gmt":"2025-03-24T09:37:00","slug":"melpool-det","status":"publish","type":"product","link":"https:\/\/www.melpool.com\/hr\/proizvod\/melpool-det\/","title":{"rendered":"Melpool DET"},"content":{"rendered":"\n<p><strong>Teku\u0107e sredstvo za \u010di\u0161\u0107enje (pje\u0161\u010danih) filtera<\/strong> .  <\/p>\n\n<p>Melpool DET je sna\u017eno sredstvo za temeljito \u010di\u0161\u0107enje srednjih filtera od pijeska, stakla, te kartu\u0161nih filtera. Idealan je za po\u010detak bazenske sezone, jer u\u010dinkovito uklanja naslage kamenca, prljav\u0161tinu i druge ne\u010disto\u0107e koje se mogu nakupiti tijekom zime i produljuje \u017eivotni vijek va\u0161eg filtera. Ovaj teku\u0107i koncentrat lako se dozira, \u0161to \u010dini obnavljanje funkcije va\u0161eg filtra brzom i jednostavnom. Preporu\u010dujemo redovito \u010di\u0161\u0107enje filtera na po\u010detku svakog bazenskog razdoblja kako biste osigurali dugotrajan rad i u\u010dinkovito filtriranje.   <\/p>\n","protected":false},"excerpt":{"rendered":"<p>Teku\u0107e sredstvo za \u010di\u0161\u0107enje (pje\u0161\u010danih) filtera . Melpool DET je sna\u017eno sredstvo za temeljito \u010di\u0161\u0107enje srednjih filtera od pijeska, stakla, te kartu\u0161nih filtera. Idealan je za po\u010detak bazenske sezone, jer u\u010dinkovito uklanja naslage kamenca, prljav\u0161tinu i druge ne\u010disto\u0107e koje se mogu nakupiti tijekom zime i produljuje \u017eivotni vijek va\u0161eg filtera. Ovaj teku\u0107i koncentrat lako se [&hellip;]<\/p>\n","protected":false},"featured_media":7763,"template":"","behandeling":[201,194],"product_categorie":[203],"product_type":[],"class_list":["post-7759","product","type-product","status-publish","has-post-thumbnail","hentry","behandeling-ciscenje","behandeling-pokretanje-i-doziranje","product_categorie-ciscenje"],"acf":[],"yoast_head":"<!-- This site is optimized with the Yoast SEO plugin v27.4 - https:\/\/yoast.com\/product\/yoast-seo-wordpress\/ -->\n<title>Melpool DET - Melpool<\/title>\n<meta name=\"robots\" content=\"index, follow, max-snippet:-1, max-image-preview:large, max-video-preview:-1\" \/>\n<link rel=\"canonical\" href=\"https:\/\/www.melpool.com\/hr\/proizvod\/melpool-det\/\" \/>\n<meta property=\"og:locale\" content=\"hr_HR\" \/>\n<meta property=\"og:type\" content=\"article\" \/>\n<meta property=\"og:title\" content=\"Melpool DET - Melpool\" \/>\n<meta property=\"og:description\" content=\"Teku\u0107e sredstvo za \u010di\u0161\u0107enje (pje\u0161\u010danih) filtera . Melpool DET je sna\u017eno sredstvo za temeljito \u010di\u0161\u0107enje srednjih filtera od pijeska, stakla, te kartu\u0161nih filtera. Idealan je za po\u010detak bazenske sezone, jer u\u010dinkovito uklanja naslage kamenca, prljav\u0161tinu i druge ne\u010disto\u0107e koje se mogu nakupiti tijekom zime i produljuje \u017eivotni vijek va\u0161eg filtera. Ovaj teku\u0107i koncentrat lako se [&hellip;]\" \/>\n<meta property=\"og:url\" content=\"https:\/\/www.melpool.com\/hr\/proizvod\/melpool-det\/\" \/>\n<meta property=\"og:site_name\" content=\"Melpool\" \/>\n<meta property=\"article:modified_time\" content=\"2025-03-24T09:37:00+00:00\" \/>\n<meta property=\"og:image\" content=\"https:\/\/www.melpool.com\/wp-content\/uploads\/2022\/04\/Melpool.5L.DET-NL.jpg\" \/>\n\t<meta property=\"og:image:width\" content=\"2000\" \/>\n\t<meta property=\"og:image:height\" content=\"2500\" \/>\n\t<meta property=\"og:image:type\" content=\"image\/jpeg\" \/>\n<meta name=\"twitter:card\" content=\"summary_large_image\" \/>\n<script type=\"application\/ld+json\" class=\"yoast-schema-graph\">{\"@context\":\"https:\\\/\\\/schema.org\",\"@graph\":[{\"@type\":\"WebPage\",\"@id\":\"https:\\\/\\\/www.melpool.com\\\/hr\\\/proizvod\\\/melpool-det\\\/\",\"url\":\"https:\\\/\\\/www.melpool.com\\\/hr\\\/proizvod\\\/melpool-det\\\/\",\"name\":\"Melpool DET - Melpool\",\"isPartOf\":{\"@id\":\"https:\\\/\\\/www.melpool.com\\\/hr\\\/#website\"},\"primaryImageOfPage\":{\"@id\":\"https:\\\/\\\/www.melpool.com\\\/hr\\\/proizvod\\\/melpool-det\\\/#primaryimage\"},\"image\":{\"@id\":\"https:\\\/\\\/www.melpool.com\\\/hr\\\/proizvod\\\/melpool-det\\\/#primaryimage\"},\"thumbnailUrl\":\"https:\\\/\\\/www.melpool.com\\\/wp-content\\\/uploads\\\/2022\\\/04\\\/Melpool.5L.DET-NL.jpg\",\"datePublished\":\"2024-12-17T14:52:52+00:00\",\"dateModified\":\"2025-03-24T09:37:00+00:00\",\"breadcrumb\":{\"@id\":\"https:\\\/\\\/www.melpool.com\\\/hr\\\/proizvod\\\/melpool-det\\\/#breadcrumb\"},\"inLanguage\":\"hr\",\"potentialAction\":[{\"@type\":\"ReadAction\",\"target\":[\"https:\\\/\\\/www.melpool.com\\\/hr\\\/proizvod\\\/melpool-det\\\/\"]}]},{\"@type\":\"ImageObject\",\"inLanguage\":\"hr\",\"@id\":\"https:\\\/\\\/www.melpool.com\\\/hr\\\/proizvod\\\/melpool-det\\\/#primaryimage\",\"url\":\"https:\\\/\\\/www.melpool.com\\\/wp-content\\\/uploads\\\/2022\\\/04\\\/Melpool.5L.DET-NL.jpg\",\"contentUrl\":\"https:\\\/\\\/www.melpool.com\\\/wp-content\\\/uploads\\\/2022\\\/04\\\/Melpool.5L.DET-NL.jpg\",\"width\":2000,\"height\":2500},{\"@type\":\"BreadcrumbList\",\"@id\":\"https:\\\/\\\/www.melpool.com\\\/hr\\\/proizvod\\\/melpool-det\\\/#breadcrumb\",\"itemListElement\":[{\"@type\":\"ListItem\",\"position\":1,\"name\":\"Home\",\"item\":\"https:\\\/\\\/www.melpool.com\\\/hr\\\/\"},{\"@type\":\"ListItem\",\"position\":2,\"name\":\"Proizvodi\",\"item\":\"https:\\\/\\\/www.melpool.com\\\/hr\\\/proizvod\\\/\"},{\"@type\":\"ListItem\",\"position\":3,\"name\":\"\u010ci\u0161\u0107enje\",\"item\":\"https:\\\/\\\/www.melpool.com\\\/hr\\\/kategorija-proizvoda\\\/ciscenje\\\/\"},{\"@type\":\"ListItem\",\"position\":4,\"name\":\"Melpool DET\"}]},{\"@type\":\"WebSite\",\"@id\":\"https:\\\/\\\/www.melpool.com\\\/hr\\\/#website\",\"url\":\"https:\\\/\\\/www.melpool.com\\\/hr\\\/\",\"name\":\"Melpool\",\"description\":\"Alles voor waterbehandeling van uw zwembad\",\"publisher\":{\"@id\":\"https:\\\/\\\/www.melpool.com\\\/hr\\\/#organization\"},\"potentialAction\":[{\"@type\":\"SearchAction\",\"target\":{\"@type\":\"EntryPoint\",\"urlTemplate\":\"https:\\\/\\\/www.melpool.com\\\/hr\\\/?s={search_term_string}\"},\"query-input\":{\"@type\":\"PropertyValueSpecification\",\"valueRequired\":true,\"valueName\":\"search_term_string\"}}],\"inLanguage\":\"hr\"},{\"@type\":\"Organization\",\"@id\":\"https:\\\/\\\/www.melpool.com\\\/hr\\\/#organization\",\"name\":\"Melpool\",\"url\":\"https:\\\/\\\/www.melpool.com\\\/hr\\\/\",\"logo\":{\"@type\":\"ImageObject\",\"inLanguage\":\"hr\",\"@id\":\"https:\\\/\\\/www.melpool.com\\\/hr\\\/#\\\/schema\\\/logo\\\/image\\\/\",\"url\":\"https:\\\/\\\/www.melpool.com\\\/wp-content\\\/uploads\\\/2021\\\/08\\\/Melpool-Logo-blauw.png\",\"contentUrl\":\"https:\\\/\\\/www.melpool.com\\\/wp-content\\\/uploads\\\/2021\\\/08\\\/Melpool-Logo-blauw.png\",\"width\":1729,\"height\":542,\"caption\":\"Melpool\"},\"image\":{\"@id\":\"https:\\\/\\\/www.melpool.com\\\/hr\\\/#\\\/schema\\\/logo\\\/image\\\/\"}}]}<\/script>\n<!-- \/ Yoast SEO plugin. -->","yoast_head_json":{"title":"Melpool DET - Melpool","robots":{"index":"index","follow":"follow","max-snippet":"max-snippet:-1","max-image-preview":"max-image-preview:large","max-video-preview":"max-video-preview:-1"},"canonical":"https:\/\/www.melpool.com\/hr\/proizvod\/melpool-det\/","og_locale":"hr_HR","og_type":"article","og_title":"Melpool DET - Melpool","og_description":"Teku\u0107e sredstvo za \u010di\u0161\u0107enje (pje\u0161\u010danih) filtera . Melpool DET je sna\u017eno sredstvo za temeljito \u010di\u0161\u0107enje srednjih filtera od pijeska, stakla, te kartu\u0161nih filtera. Idealan je za po\u010detak bazenske sezone, jer u\u010dinkovito uklanja naslage kamenca, prljav\u0161tinu i druge ne\u010disto\u0107e koje se mogu nakupiti tijekom zime i produljuje \u017eivotni vijek va\u0161eg filtera. Ovaj teku\u0107i koncentrat lako se [&hellip;]","og_url":"https:\/\/www.melpool.com\/hr\/proizvod\/melpool-det\/","og_site_name":"Melpool","article_modified_time":"2025-03-24T09:37:00+00:00","og_image":[{"width":2000,"height":2500,"url":"https:\/\/www.melpool.com\/wp-content\/uploads\/2022\/04\/Melpool.5L.DET-NL.jpg","type":"image\/jpeg"}],"twitter_card":"summary_large_image","schema":{"@context":"https:\/\/schema.org","@graph":[{"@type":"WebPage","@id":"https:\/\/www.melpool.com\/hr\/proizvod\/melpool-det\/","url":"https:\/\/www.melpool.com\/hr\/proizvod\/melpool-det\/","name":"Melpool DET - Melpool","isPartOf":{"@id":"https:\/\/www.melpool.com\/hr\/#website"},"primaryImageOfPage":{"@id":"https:\/\/www.melpool.com\/hr\/proizvod\/melpool-det\/#primaryimage"},"image":{"@id":"https:\/\/www.melpool.com\/hr\/proizvod\/melpool-det\/#primaryimage"},"thumbnailUrl":"https:\/\/www.melpool.com\/wp-content\/uploads\/2022\/04\/Melpool.5L.DET-NL.jpg","datePublished":"2024-12-17T14:52:52+00:00","dateModified":"2025-03-24T09:37:00+00:00","breadcrumb":{"@id":"https:\/\/www.melpool.com\/hr\/proizvod\/melpool-det\/#breadcrumb"},"inLanguage":"hr","potentialAction":[{"@type":"ReadAction","target":["https:\/\/www.melpool.com\/hr\/proizvod\/melpool-det\/"]}]},{"@type":"ImageObject","inLanguage":"hr","@id":"https:\/\/www.melpool.com\/hr\/proizvod\/melpool-det\/#primaryimage","url":"https:\/\/www.melpool.com\/wp-content\/uploads\/2022\/04\/Melpool.5L.DET-NL.jpg","contentUrl":"https:\/\/www.melpool.com\/wp-content\/uploads\/2022\/04\/Melpool.5L.DET-NL.jpg","width":2000,"height":2500},{"@type":"BreadcrumbList","@id":"https:\/\/www.melpool.com\/hr\/proizvod\/melpool-det\/#breadcrumb","itemListElement":[{"@type":"ListItem","position":1,"name":"Home","item":"https:\/\/www.melpool.com\/hr\/"},{"@type":"ListItem","position":2,"name":"Proizvodi","item":"https:\/\/www.melpool.com\/hr\/proizvod\/"},{"@type":"ListItem","position":3,"name":"\u010ci\u0161\u0107enje","item":"https:\/\/www.melpool.com\/hr\/kategorija-proizvoda\/ciscenje\/"},{"@type":"ListItem","position":4,"name":"Melpool DET"}]},{"@type":"WebSite","@id":"https:\/\/www.melpool.com\/hr\/#website","url":"https:\/\/www.melpool.com\/hr\/","name":"Melpool","description":"Alles voor waterbehandeling van uw zwembad","publisher":{"@id":"https:\/\/www.melpool.com\/hr\/#organization"},"potentialAction":[{"@type":"SearchAction","target":{"@type":"EntryPoint","urlTemplate":"https:\/\/www.melpool.com\/hr\/?s={search_term_string}"},"query-input":{"@type":"PropertyValueSpecification","valueRequired":true,"valueName":"search_term_string"}}],"inLanguage":"hr"},{"@type":"Organization","@id":"https:\/\/www.melpool.com\/hr\/#organization","name":"Melpool","url":"https:\/\/www.melpool.com\/hr\/","logo":{"@type":"ImageObject","inLanguage":"hr","@id":"https:\/\/www.melpool.com\/hr\/#\/schema\/logo\/image\/","url":"https:\/\/www.melpool.com\/wp-content\/uploads\/2021\/08\/Melpool-Logo-blauw.png","contentUrl":"https:\/\/www.melpool.com\/wp-content\/uploads\/2021\/08\/Melpool-Logo-blauw.png","width":1729,"height":542,"caption":"Melpool"},"image":{"@id":"https:\/\/www.melpool.com\/hr\/#\/schema\/logo\/image\/"}}]}},"_links":{"self":[{"href":"https:\/\/www.melpool.com\/hr\/wp-json\/wp\/v2\/product\/7759","targetHints":{"allow":["GET"]}}],"collection":[{"href":"https:\/\/www.melpool.com\/hr\/wp-json\/wp\/v2\/product"}],"about":[{"href":"https:\/\/www.melpool.com\/hr\/wp-json\/wp\/v2\/types\/product"}],"wp:featuredmedia":[{"embeddable":true,"href":"https:\/\/www.melpool.com\/hr\/wp-json\/wp\/v2\/media\/7763"}],"wp:attachment":[{"href":"https:\/\/www.melpool.com\/hr\/wp-json\/wp\/v2\/media?parent=7759"}],"wp:term":[{"taxonomy":"behandeling","embeddable":true,"href":"https:\/\/www.melpool.com\/hr\/wp-json\/wp\/v2\/behandeling?post=7759"},{"taxonomy":"product_categorie","embeddable":true,"href":"https:\/\/www.melpool.com\/hr\/wp-json\/wp\/v2\/product_categorie?post=7759"},{"taxonomy":"product_type","embeddable":true,"href":"https:\/\/www.melpool.com\/hr\/wp-json\/wp\/v2\/product_type?post=7759"}],"curies":[{"name":"wp","href":"https:\/\/api.w.org\/{rel}","templated":true}]}}