{"id":8510,"date":"2025-03-24T11:39:14","date_gmt":"2025-03-24T10:39:14","guid":{"rendered":"https:\/\/www.melpool.com\/?post_type=product&#038;p=8510"},"modified":"2025-03-24T11:39:16","modified_gmt":"2025-03-24T10:39:16","slug":"melpool-met","status":"publish","type":"product","link":"https:\/\/www.melpool.com\/hr\/proizvod\/melpool-met\/","title":{"rendered":"Melpool MET"},"content":{"rendered":"\n<p><strong>Metal Magic, posve\u0107en potpornim referentnim komorama organa i metalnim ionima<\/strong><\/p>\n\n\n\n<p>1. pH raspon od 0 do 7,5. Tako\u0111er potenciram svoj pH-free potencijal, koriste\u0107i pH+ i TA+ granule.<\/p>\n\n\n\n<ol class=\"wp-block-list\"><\/ol>\n\n\n\n<p>2. Za prskanje i \u010di\u0161\u0107enje organa koristite metalnu komoru i metalni ion (sito, kanta, itd.): dodajte 3-5 dl Metal Magice u 10 m\u00b3 vode, lagano mije\u0161aju\u0107i vodu s preostalom vodom. Odaberite filter pumpu i vidjet \u0107ete da je radijus pumpe 48 cm, \u0161to je dovoljno da pokrije cijelu povr\u0161inu filtera. <\/p>\n\n\n\n<p>3. Preventivni tretman: dodati 1-2 dl na 10 m\u00b3 vode 1-2 puta dnevno. Ravnomjerno evakuacija ko\u017ee na zahva\u0107eno podru\u010dje. Filtarska pumpa opremljena je radijusom od 48 vata koji omogu\u0107uje slobodno strujanje vode, ostavljaju\u0107i idealan filter.  <\/p>\n\n\n\n<p><\/p>\n","protected":false},"excerpt":{"rendered":"<p>Metal Magic, posve\u0107en potpornim referentnim komorama organa i metalnim ionima 1. pH raspon od 0 do 7,5. Tako\u0111er potenciram svoj pH-free potencijal, koriste\u0107i pH+ i TA+ granule. 2. Za prskanje i \u010di\u0161\u0107enje organa koristite metalnu komoru i metalni ion (sito, kanta, itd.): dodajte 3-5 dl Metal Magice u 10 m\u00b3 vode, lagano mije\u0161aju\u0107i vodu s [&hellip;]<\/p>\n","protected":false},"featured_media":7763,"template":"","behandeling":[201,50],"product_categorie":[203],"product_type":[205,54],"class_list":["post-8510","product","type-product","status-publish","has-post-thumbnail","hentry","behandeling-ciscenje","behandeling-reiniging","product_categorie-ciscenje","product_type-tekucina","product_type-vloeibaar"],"acf":[],"yoast_head":"<!-- This site is optimized with the Yoast SEO plugin v27.5 - https:\/\/yoast.com\/product\/yoast-seo-wordpress\/ -->\n<title>Melpool MET - Melpool<\/title>\n<meta name=\"robots\" content=\"index, follow, max-snippet:-1, max-image-preview:large, max-video-preview:-1\" \/>\n<link rel=\"canonical\" href=\"https:\/\/www.melpool.com\/hr\/proizvod\/melpool-met\/\" \/>\n<meta property=\"og:locale\" content=\"hr_HR\" \/>\n<meta property=\"og:type\" content=\"article\" \/>\n<meta property=\"og:title\" content=\"Melpool MET - Melpool\" \/>\n<meta property=\"og:description\" content=\"Metal Magic, posve\u0107en potpornim referentnim komorama organa i metalnim ionima 1. pH raspon od 0 do 7,5. Tako\u0111er potenciram svoj pH-free potencijal, koriste\u0107i pH+ i TA+ granule. 2. Za prskanje i \u010di\u0161\u0107enje organa koristite metalnu komoru i metalni ion (sito, kanta, itd.): dodajte 3-5 dl Metal Magice u 10 m\u00b3 vode, lagano mije\u0161aju\u0107i vodu s [&hellip;]\" \/>\n<meta property=\"og:url\" content=\"https:\/\/www.melpool.com\/hr\/proizvod\/melpool-met\/\" \/>\n<meta property=\"og:site_name\" content=\"Melpool\" \/>\n<meta property=\"article:modified_time\" content=\"2025-03-24T10:39:16+00:00\" \/>\n<meta property=\"og:image\" content=\"https:\/\/www.melpool.com\/wp-content\/uploads\/2022\/04\/Melpool.5L.DET-NL.jpg\" \/>\n\t<meta property=\"og:image:width\" content=\"2000\" \/>\n\t<meta property=\"og:image:height\" content=\"2500\" \/>\n\t<meta property=\"og:image:type\" content=\"image\/jpeg\" \/>\n<meta name=\"twitter:card\" content=\"summary_large_image\" \/>\n<meta name=\"twitter:label1\" content=\"Procijenjeno vrijeme \u010ditanja\" \/>\n\t<meta name=\"twitter:data1\" content=\"1 minuta\" \/>\n<script type=\"application\/ld+json\" class=\"yoast-schema-graph\">{\"@context\":\"https:\\\/\\\/schema.org\",\"@graph\":[{\"@type\":\"WebPage\",\"@id\":\"https:\\\/\\\/www.melpool.com\\\/hr\\\/proizvod\\\/melpool-met\\\/\",\"url\":\"https:\\\/\\\/www.melpool.com\\\/hr\\\/proizvod\\\/melpool-met\\\/\",\"name\":\"Melpool MET - Melpool\",\"isPartOf\":{\"@id\":\"https:\\\/\\\/www.melpool.com\\\/hr\\\/#website\"},\"primaryImageOfPage\":{\"@id\":\"https:\\\/\\\/www.melpool.com\\\/hr\\\/proizvod\\\/melpool-met\\\/#primaryimage\"},\"image\":{\"@id\":\"https:\\\/\\\/www.melpool.com\\\/hr\\\/proizvod\\\/melpool-met\\\/#primaryimage\"},\"thumbnailUrl\":\"https:\\\/\\\/www.melpool.com\\\/wp-content\\\/uploads\\\/2022\\\/04\\\/Melpool.5L.DET-NL.jpg\",\"datePublished\":\"2025-03-24T10:39:14+00:00\",\"dateModified\":\"2025-03-24T10:39:16+00:00\",\"breadcrumb\":{\"@id\":\"https:\\\/\\\/www.melpool.com\\\/hr\\\/proizvod\\\/melpool-met\\\/#breadcrumb\"},\"inLanguage\":\"hr\",\"potentialAction\":[{\"@type\":\"ReadAction\",\"target\":[\"https:\\\/\\\/www.melpool.com\\\/hr\\\/proizvod\\\/melpool-met\\\/\"]}]},{\"@type\":\"ImageObject\",\"inLanguage\":\"hr\",\"@id\":\"https:\\\/\\\/www.melpool.com\\\/hr\\\/proizvod\\\/melpool-met\\\/#primaryimage\",\"url\":\"https:\\\/\\\/www.melpool.com\\\/wp-content\\\/uploads\\\/2022\\\/04\\\/Melpool.5L.DET-NL.jpg\",\"contentUrl\":\"https:\\\/\\\/www.melpool.com\\\/wp-content\\\/uploads\\\/2022\\\/04\\\/Melpool.5L.DET-NL.jpg\",\"width\":2000,\"height\":2500},{\"@type\":\"BreadcrumbList\",\"@id\":\"https:\\\/\\\/www.melpool.com\\\/hr\\\/proizvod\\\/melpool-met\\\/#breadcrumb\",\"itemListElement\":[{\"@type\":\"ListItem\",\"position\":1,\"name\":\"Home\",\"item\":\"https:\\\/\\\/www.melpool.com\\\/hr\\\/\"},{\"@type\":\"ListItem\",\"position\":2,\"name\":\"Proizvodi\",\"item\":\"https:\\\/\\\/www.melpool.com\\\/hr\\\/proizvod\\\/\"},{\"@type\":\"ListItem\",\"position\":3,\"name\":\"\u010ci\u0161\u0107enje\",\"item\":\"https:\\\/\\\/www.melpool.com\\\/hr\\\/kategorija-proizvoda\\\/ciscenje\\\/\"},{\"@type\":\"ListItem\",\"position\":4,\"name\":\"Melpool MET\"}]},{\"@type\":\"WebSite\",\"@id\":\"https:\\\/\\\/www.melpool.com\\\/hr\\\/#website\",\"url\":\"https:\\\/\\\/www.melpool.com\\\/hr\\\/\",\"name\":\"Melpool\",\"description\":\"Alles voor waterbehandeling van uw zwembad\",\"publisher\":{\"@id\":\"https:\\\/\\\/www.melpool.com\\\/hr\\\/#organization\"},\"potentialAction\":[{\"@type\":\"SearchAction\",\"target\":{\"@type\":\"EntryPoint\",\"urlTemplate\":\"https:\\\/\\\/www.melpool.com\\\/hr\\\/?s={search_term_string}\"},\"query-input\":{\"@type\":\"PropertyValueSpecification\",\"valueRequired\":true,\"valueName\":\"search_term_string\"}}],\"inLanguage\":\"hr\"},{\"@type\":\"Organization\",\"@id\":\"https:\\\/\\\/www.melpool.com\\\/hr\\\/#organization\",\"name\":\"Melpool\",\"url\":\"https:\\\/\\\/www.melpool.com\\\/hr\\\/\",\"logo\":{\"@type\":\"ImageObject\",\"inLanguage\":\"hr\",\"@id\":\"https:\\\/\\\/www.melpool.com\\\/hr\\\/#\\\/schema\\\/logo\\\/image\\\/\",\"url\":\"https:\\\/\\\/www.melpool.com\\\/wp-content\\\/uploads\\\/2021\\\/08\\\/Melpool-Logo-blauw.png\",\"contentUrl\":\"https:\\\/\\\/www.melpool.com\\\/wp-content\\\/uploads\\\/2021\\\/08\\\/Melpool-Logo-blauw.png\",\"width\":1729,\"height\":542,\"caption\":\"Melpool\"},\"image\":{\"@id\":\"https:\\\/\\\/www.melpool.com\\\/hr\\\/#\\\/schema\\\/logo\\\/image\\\/\"}}]}<\/script>\n<!-- \/ Yoast SEO plugin. -->","yoast_head_json":{"title":"Melpool MET - Melpool","robots":{"index":"index","follow":"follow","max-snippet":"max-snippet:-1","max-image-preview":"max-image-preview:large","max-video-preview":"max-video-preview:-1"},"canonical":"https:\/\/www.melpool.com\/hr\/proizvod\/melpool-met\/","og_locale":"hr_HR","og_type":"article","og_title":"Melpool MET - Melpool","og_description":"Metal Magic, posve\u0107en potpornim referentnim komorama organa i metalnim ionima 1. pH raspon od 0 do 7,5. Tako\u0111er potenciram svoj pH-free potencijal, koriste\u0107i pH+ i TA+ granule. 2. Za prskanje i \u010di\u0161\u0107enje organa koristite metalnu komoru i metalni ion (sito, kanta, itd.): dodajte 3-5 dl Metal Magice u 10 m\u00b3 vode, lagano mije\u0161aju\u0107i vodu s [&hellip;]","og_url":"https:\/\/www.melpool.com\/hr\/proizvod\/melpool-met\/","og_site_name":"Melpool","article_modified_time":"2025-03-24T10:39:16+00:00","og_image":[{"width":2000,"height":2500,"url":"https:\/\/www.melpool.com\/wp-content\/uploads\/2022\/04\/Melpool.5L.DET-NL.jpg","type":"image\/jpeg"}],"twitter_card":"summary_large_image","twitter_misc":{"Procijenjeno vrijeme \u010ditanja":"1 minuta"},"schema":{"@context":"https:\/\/schema.org","@graph":[{"@type":"WebPage","@id":"https:\/\/www.melpool.com\/hr\/proizvod\/melpool-met\/","url":"https:\/\/www.melpool.com\/hr\/proizvod\/melpool-met\/","name":"Melpool MET - Melpool","isPartOf":{"@id":"https:\/\/www.melpool.com\/hr\/#website"},"primaryImageOfPage":{"@id":"https:\/\/www.melpool.com\/hr\/proizvod\/melpool-met\/#primaryimage"},"image":{"@id":"https:\/\/www.melpool.com\/hr\/proizvod\/melpool-met\/#primaryimage"},"thumbnailUrl":"https:\/\/www.melpool.com\/wp-content\/uploads\/2022\/04\/Melpool.5L.DET-NL.jpg","datePublished":"2025-03-24T10:39:14+00:00","dateModified":"2025-03-24T10:39:16+00:00","breadcrumb":{"@id":"https:\/\/www.melpool.com\/hr\/proizvod\/melpool-met\/#breadcrumb"},"inLanguage":"hr","potentialAction":[{"@type":"ReadAction","target":["https:\/\/www.melpool.com\/hr\/proizvod\/melpool-met\/"]}]},{"@type":"ImageObject","inLanguage":"hr","@id":"https:\/\/www.melpool.com\/hr\/proizvod\/melpool-met\/#primaryimage","url":"https:\/\/www.melpool.com\/wp-content\/uploads\/2022\/04\/Melpool.5L.DET-NL.jpg","contentUrl":"https:\/\/www.melpool.com\/wp-content\/uploads\/2022\/04\/Melpool.5L.DET-NL.jpg","width":2000,"height":2500},{"@type":"BreadcrumbList","@id":"https:\/\/www.melpool.com\/hr\/proizvod\/melpool-met\/#breadcrumb","itemListElement":[{"@type":"ListItem","position":1,"name":"Home","item":"https:\/\/www.melpool.com\/hr\/"},{"@type":"ListItem","position":2,"name":"Proizvodi","item":"https:\/\/www.melpool.com\/hr\/proizvod\/"},{"@type":"ListItem","position":3,"name":"\u010ci\u0161\u0107enje","item":"https:\/\/www.melpool.com\/hr\/kategorija-proizvoda\/ciscenje\/"},{"@type":"ListItem","position":4,"name":"Melpool MET"}]},{"@type":"WebSite","@id":"https:\/\/www.melpool.com\/hr\/#website","url":"https:\/\/www.melpool.com\/hr\/","name":"Melpool","description":"Alles voor waterbehandeling van uw zwembad","publisher":{"@id":"https:\/\/www.melpool.com\/hr\/#organization"},"potentialAction":[{"@type":"SearchAction","target":{"@type":"EntryPoint","urlTemplate":"https:\/\/www.melpool.com\/hr\/?s={search_term_string}"},"query-input":{"@type":"PropertyValueSpecification","valueRequired":true,"valueName":"search_term_string"}}],"inLanguage":"hr"},{"@type":"Organization","@id":"https:\/\/www.melpool.com\/hr\/#organization","name":"Melpool","url":"https:\/\/www.melpool.com\/hr\/","logo":{"@type":"ImageObject","inLanguage":"hr","@id":"https:\/\/www.melpool.com\/hr\/#\/schema\/logo\/image\/","url":"https:\/\/www.melpool.com\/wp-content\/uploads\/2021\/08\/Melpool-Logo-blauw.png","contentUrl":"https:\/\/www.melpool.com\/wp-content\/uploads\/2021\/08\/Melpool-Logo-blauw.png","width":1729,"height":542,"caption":"Melpool"},"image":{"@id":"https:\/\/www.melpool.com\/hr\/#\/schema\/logo\/image\/"}}]}},"_links":{"self":[{"href":"https:\/\/www.melpool.com\/hr\/wp-json\/wp\/v2\/product\/8510","targetHints":{"allow":["GET"]}}],"collection":[{"href":"https:\/\/www.melpool.com\/hr\/wp-json\/wp\/v2\/product"}],"about":[{"href":"https:\/\/www.melpool.com\/hr\/wp-json\/wp\/v2\/types\/product"}],"wp:featuredmedia":[{"embeddable":true,"href":"https:\/\/www.melpool.com\/hr\/wp-json\/wp\/v2\/media\/7763"}],"wp:attachment":[{"href":"https:\/\/www.melpool.com\/hr\/wp-json\/wp\/v2\/media?parent=8510"}],"wp:term":[{"taxonomy":"behandeling","embeddable":true,"href":"https:\/\/www.melpool.com\/hr\/wp-json\/wp\/v2\/behandeling?post=8510"},{"taxonomy":"product_categorie","embeddable":true,"href":"https:\/\/www.melpool.com\/hr\/wp-json\/wp\/v2\/product_categorie?post=8510"},{"taxonomy":"product_type","embeddable":true,"href":"https:\/\/www.melpool.com\/hr\/wp-json\/wp\/v2\/product_type?post=8510"}],"curies":[{"name":"wp","href":"https:\/\/api.w.org\/{rel}","templated":true}]}}