{"id":8513,"date":"2025-03-24T12:09:21","date_gmt":"2025-03-24T11:09:21","guid":{"rendered":"https:\/\/www.melpool.com\/product\/melpool-bez-pjene\/"},"modified":"2025-03-24T12:12:08","modified_gmt":"2025-03-24T11:12:08","slug":"melpool-bez-pjene","status":"publish","type":"product","link":"https:\/\/www.melpool.com\/hr\/proizvod\/melpool-bez-pjene\/","title":{"rendered":"Melpool No Foam"},"content":{"rendered":"\n<p>Sprje\u010dava stvaranje pjene na povr\u0161ini vode u hidromasa\u017enim bazenima.<\/p>\n\n<p>U ve\u0107ini slu\u010dajeva pjena je uzrokovana organskim one\u010di\u0161\u0107enjem u vodi, Melpool No Foam protiv pjenjenja sprje\u010dava stvaranje pjene i uklanja pjenu s povr\u0161ine vode. <\/p>\n\n<p>Primjena: Provjerite da je pH vrijednost vode izme\u0111u 7,2 i 7,7. Kada je filtracijska pumpa u radu, dodajte 40 ml (2 zatvara\u010da) Melpool No Foam protiv pjenjenja na 1.000 litara vode, u ve\u0107ini slu\u010dajeva to bi trebalo biti dovoljno. Ako \u017eeljeni rezultat nije postignut, mo\u017eete dodati malo vi\u0161e proizvoda.   <\/p>\n\n<p>Skladi\u0161titi na suhom mjestu, izvan dohvata djece.<\/p>\n\n<p>Mo\u017ee izazvati alergijsku reakciju ko\u017ee.<\/p>\n","protected":false},"excerpt":{"rendered":"<p>Sprje\u010dava stvaranje pjene na povr\u0161ini vode u hidromasa\u017enim bazenima. U ve\u0107ini slu\u010dajeva pjena je uzrokovana organskim one\u010di\u0161\u0107enjem u vodi, Melpool No Foam protiv pjenjenja sprje\u010dava stvaranje pjene i uklanja pjenu s povr\u0161ine vode. Primjena: Provjerite da je pH vrijednost vode izme\u0111u 7,2 i 7,7. Kada je filtracijska pumpa u radu, dodajte 40 ml (2 zatvara\u010da) [&hellip;]<\/p>\n","protected":false},"featured_media":0,"template":"","behandeling":[197],"product_categorie":[],"product_type":[],"class_list":["post-8513","product","type-product","status-publish","hentry","behandeling-alkalnost-i-ravnoteza-vode"],"acf":[],"yoast_head":"<!-- This site is optimized with the Yoast SEO plugin v27.3 - https:\/\/yoast.com\/product\/yoast-seo-wordpress\/ -->\n<title>Melpool No Foam - Melpool<\/title>\n<meta name=\"robots\" content=\"index, follow, max-snippet:-1, max-image-preview:large, max-video-preview:-1\" \/>\n<link rel=\"canonical\" href=\"https:\/\/www.melpool.com\/hr\/proizvod\/melpool-bez-pjene\/\" \/>\n<meta property=\"og:locale\" content=\"hr_HR\" \/>\n<meta property=\"og:type\" content=\"article\" \/>\n<meta property=\"og:title\" content=\"Melpool No Foam - Melpool\" \/>\n<meta property=\"og:description\" content=\"Sprje\u010dava stvaranje pjene na povr\u0161ini vode u hidromasa\u017enim bazenima. U ve\u0107ini slu\u010dajeva pjena je uzrokovana organskim one\u010di\u0161\u0107enjem u vodi, Melpool No Foam protiv pjenjenja sprje\u010dava stvaranje pjene i uklanja pjenu s povr\u0161ine vode. Primjena: Provjerite da je pH vrijednost vode izme\u0111u 7,2 i 7,7. Kada je filtracijska pumpa u radu, dodajte 40 ml (2 zatvara\u010da) [&hellip;]\" \/>\n<meta property=\"og:url\" content=\"https:\/\/www.melpool.com\/hr\/proizvod\/melpool-bez-pjene\/\" \/>\n<meta property=\"og:site_name\" content=\"Melpool\" \/>\n<meta property=\"article:modified_time\" content=\"2025-03-24T11:12:08+00:00\" \/>\n<meta name=\"twitter:card\" content=\"summary_large_image\" \/>\n<meta name=\"twitter:label1\" content=\"Procijenjeno vrijeme \u010ditanja\" \/>\n\t<meta name=\"twitter:data1\" content=\"1 minuta\" \/>\n<script type=\"application\/ld+json\" class=\"yoast-schema-graph\">{\"@context\":\"https:\\\/\\\/schema.org\",\"@graph\":[{\"@type\":\"WebPage\",\"@id\":\"https:\\\/\\\/www.melpool.com\\\/hr\\\/proizvod\\\/melpool-bez-pjene\\\/\",\"url\":\"https:\\\/\\\/www.melpool.com\\\/hr\\\/proizvod\\\/melpool-bez-pjene\\\/\",\"name\":\"Melpool No Foam - Melpool\",\"isPartOf\":{\"@id\":\"https:\\\/\\\/www.melpool.com\\\/hr\\\/#website\"},\"datePublished\":\"2025-03-24T11:09:21+00:00\",\"dateModified\":\"2025-03-24T11:12:08+00:00\",\"breadcrumb\":{\"@id\":\"https:\\\/\\\/www.melpool.com\\\/hr\\\/proizvod\\\/melpool-bez-pjene\\\/#breadcrumb\"},\"inLanguage\":\"hr\",\"potentialAction\":[{\"@type\":\"ReadAction\",\"target\":[\"https:\\\/\\\/www.melpool.com\\\/hr\\\/proizvod\\\/melpool-bez-pjene\\\/\"]}]},{\"@type\":\"BreadcrumbList\",\"@id\":\"https:\\\/\\\/www.melpool.com\\\/hr\\\/proizvod\\\/melpool-bez-pjene\\\/#breadcrumb\",\"itemListElement\":[{\"@type\":\"ListItem\",\"position\":1,\"name\":\"Home\",\"item\":\"https:\\\/\\\/www.melpool.com\\\/hr\\\/\"},{\"@type\":\"ListItem\",\"position\":2,\"name\":\"Proizvodi\",\"item\":\"https:\\\/\\\/www.melpool.com\\\/hr\\\/proizvod\\\/\"},{\"@type\":\"ListItem\",\"position\":3,\"name\":\"Melpool No Foam\"}]},{\"@type\":\"WebSite\",\"@id\":\"https:\\\/\\\/www.melpool.com\\\/hr\\\/#website\",\"url\":\"https:\\\/\\\/www.melpool.com\\\/hr\\\/\",\"name\":\"Melpool\",\"description\":\"Alles voor waterbehandeling van uw zwembad\",\"publisher\":{\"@id\":\"https:\\\/\\\/www.melpool.com\\\/hr\\\/#organization\"},\"potentialAction\":[{\"@type\":\"SearchAction\",\"target\":{\"@type\":\"EntryPoint\",\"urlTemplate\":\"https:\\\/\\\/www.melpool.com\\\/hr\\\/?s={search_term_string}\"},\"query-input\":{\"@type\":\"PropertyValueSpecification\",\"valueRequired\":true,\"valueName\":\"search_term_string\"}}],\"inLanguage\":\"hr\"},{\"@type\":\"Organization\",\"@id\":\"https:\\\/\\\/www.melpool.com\\\/hr\\\/#organization\",\"name\":\"Melpool\",\"url\":\"https:\\\/\\\/www.melpool.com\\\/hr\\\/\",\"logo\":{\"@type\":\"ImageObject\",\"inLanguage\":\"hr\",\"@id\":\"https:\\\/\\\/www.melpool.com\\\/hr\\\/#\\\/schema\\\/logo\\\/image\\\/\",\"url\":\"https:\\\/\\\/www.melpool.com\\\/wp-content\\\/uploads\\\/2021\\\/08\\\/Melpool-Logo-blauw.png\",\"contentUrl\":\"https:\\\/\\\/www.melpool.com\\\/wp-content\\\/uploads\\\/2021\\\/08\\\/Melpool-Logo-blauw.png\",\"width\":1729,\"height\":542,\"caption\":\"Melpool\"},\"image\":{\"@id\":\"https:\\\/\\\/www.melpool.com\\\/hr\\\/#\\\/schema\\\/logo\\\/image\\\/\"}}]}<\/script>\n<!-- \/ Yoast SEO plugin. -->","yoast_head_json":{"title":"Melpool No Foam - Melpool","robots":{"index":"index","follow":"follow","max-snippet":"max-snippet:-1","max-image-preview":"max-image-preview:large","max-video-preview":"max-video-preview:-1"},"canonical":"https:\/\/www.melpool.com\/hr\/proizvod\/melpool-bez-pjene\/","og_locale":"hr_HR","og_type":"article","og_title":"Melpool No Foam - Melpool","og_description":"Sprje\u010dava stvaranje pjene na povr\u0161ini vode u hidromasa\u017enim bazenima. U ve\u0107ini slu\u010dajeva pjena je uzrokovana organskim one\u010di\u0161\u0107enjem u vodi, Melpool No Foam protiv pjenjenja sprje\u010dava stvaranje pjene i uklanja pjenu s povr\u0161ine vode. Primjena: Provjerite da je pH vrijednost vode izme\u0111u 7,2 i 7,7. Kada je filtracijska pumpa u radu, dodajte 40 ml (2 zatvara\u010da) [&hellip;]","og_url":"https:\/\/www.melpool.com\/hr\/proizvod\/melpool-bez-pjene\/","og_site_name":"Melpool","article_modified_time":"2025-03-24T11:12:08+00:00","twitter_card":"summary_large_image","twitter_misc":{"Procijenjeno vrijeme \u010ditanja":"1 minuta"},"schema":{"@context":"https:\/\/schema.org","@graph":[{"@type":"WebPage","@id":"https:\/\/www.melpool.com\/hr\/proizvod\/melpool-bez-pjene\/","url":"https:\/\/www.melpool.com\/hr\/proizvod\/melpool-bez-pjene\/","name":"Melpool No Foam - Melpool","isPartOf":{"@id":"https:\/\/www.melpool.com\/hr\/#website"},"datePublished":"2025-03-24T11:09:21+00:00","dateModified":"2025-03-24T11:12:08+00:00","breadcrumb":{"@id":"https:\/\/www.melpool.com\/hr\/proizvod\/melpool-bez-pjene\/#breadcrumb"},"inLanguage":"hr","potentialAction":[{"@type":"ReadAction","target":["https:\/\/www.melpool.com\/hr\/proizvod\/melpool-bez-pjene\/"]}]},{"@type":"BreadcrumbList","@id":"https:\/\/www.melpool.com\/hr\/proizvod\/melpool-bez-pjene\/#breadcrumb","itemListElement":[{"@type":"ListItem","position":1,"name":"Home","item":"https:\/\/www.melpool.com\/hr\/"},{"@type":"ListItem","position":2,"name":"Proizvodi","item":"https:\/\/www.melpool.com\/hr\/proizvod\/"},{"@type":"ListItem","position":3,"name":"Melpool No Foam"}]},{"@type":"WebSite","@id":"https:\/\/www.melpool.com\/hr\/#website","url":"https:\/\/www.melpool.com\/hr\/","name":"Melpool","description":"Alles voor waterbehandeling van uw zwembad","publisher":{"@id":"https:\/\/www.melpool.com\/hr\/#organization"},"potentialAction":[{"@type":"SearchAction","target":{"@type":"EntryPoint","urlTemplate":"https:\/\/www.melpool.com\/hr\/?s={search_term_string}"},"query-input":{"@type":"PropertyValueSpecification","valueRequired":true,"valueName":"search_term_string"}}],"inLanguage":"hr"},{"@type":"Organization","@id":"https:\/\/www.melpool.com\/hr\/#organization","name":"Melpool","url":"https:\/\/www.melpool.com\/hr\/","logo":{"@type":"ImageObject","inLanguage":"hr","@id":"https:\/\/www.melpool.com\/hr\/#\/schema\/logo\/image\/","url":"https:\/\/www.melpool.com\/wp-content\/uploads\/2021\/08\/Melpool-Logo-blauw.png","contentUrl":"https:\/\/www.melpool.com\/wp-content\/uploads\/2021\/08\/Melpool-Logo-blauw.png","width":1729,"height":542,"caption":"Melpool"},"image":{"@id":"https:\/\/www.melpool.com\/hr\/#\/schema\/logo\/image\/"}}]}},"_links":{"self":[{"href":"https:\/\/www.melpool.com\/hr\/wp-json\/wp\/v2\/product\/8513","targetHints":{"allow":["GET"]}}],"collection":[{"href":"https:\/\/www.melpool.com\/hr\/wp-json\/wp\/v2\/product"}],"about":[{"href":"https:\/\/www.melpool.com\/hr\/wp-json\/wp\/v2\/types\/product"}],"wp:attachment":[{"href":"https:\/\/www.melpool.com\/hr\/wp-json\/wp\/v2\/media?parent=8513"}],"wp:term":[{"taxonomy":"behandeling","embeddable":true,"href":"https:\/\/www.melpool.com\/hr\/wp-json\/wp\/v2\/behandeling?post=8513"},{"taxonomy":"product_categorie","embeddable":true,"href":"https:\/\/www.melpool.com\/hr\/wp-json\/wp\/v2\/product_categorie?post=8513"},{"taxonomy":"product_type","embeddable":true,"href":"https:\/\/www.melpool.com\/hr\/wp-json\/wp\/v2\/product_type?post=8513"}],"curies":[{"name":"wp","href":"https:\/\/api.w.org\/{rel}","templated":true}]}}