{"id":4647,"date":"2022-12-23T12:17:26","date_gmt":"2022-12-23T12:17:26","guid":{"rendered":"https:\/\/melpool.i-aspect.com\/personvern\/"},"modified":"2023-03-20T15:46:29","modified_gmt":"2023-03-20T14:46:29","slug":"personvern","status":"publish","type":"page","link":"https:\/\/www.melpool.com\/no\/personvern\/","title":{"rendered":"Personvern"},"content":{"rendered":"\t\t<div data-elementor-type=\"wp-page\" data-elementor-id=\"4647\" class=\"elementor elementor-4647 elementor-686\" data-elementor-post-type=\"page\">\n\t\t\t\t\t\t<section class=\"elementor-section elementor-top-section elementor-element elementor-element-7113285a elementor-section-boxed elementor-section-height-default elementor-section-height-default\" data-id=\"7113285a\" data-element_type=\"section\" data-e-type=\"section\">\n\t\t\t\t\t\t<div class=\"elementor-container elementor-column-gap-default\">\n\t\t\t\t\t<div class=\"elementor-column elementor-col-100 elementor-top-column elementor-element elementor-element-4bbdace4\" data-id=\"4bbdace4\" data-element_type=\"column\" data-e-type=\"column\">\n\t\t\t<div class=\"elementor-widget-wrap elementor-element-populated\">\n\t\t\t\t\t\t<div class=\"elementor-element elementor-element-81056bd elementor-widget elementor-widget-text-editor\" data-id=\"81056bd\" data-element_type=\"widget\" data-e-type=\"widget\" data-widget_type=\"text-editor.default\">\n\t\t\t\t<div class=\"elementor-widget-container\">\n\t\t\t\t\t\t\t\t\t<p><\/p>\n<p><strong>Generell bedriftsinformasjon<\/strong><br>Melspring International BV, lokalisert i Arnhemsestraatweg 8, 6881NG VELP, er ansvarlig for behandlingen av personopplysninger som vist i denne personvernerkl\u00e6ringen. <br><span style=\"color: var( --e-global-color-text ); font-family: var( --e-global-typography-text-font-family ), Sans-serif;\"><br><b>Kontaktinformasjon<br><\/b><\/span>Melspring<span style=\"color: var( --e-global-color-text ); font-family: var( --e-global-typography-text-font-family ), Sans-serif; font-weight: var( --e-global-typography-text-font-weight );\">&nbsp;International BV&nbsp;<br><\/span><span style=\"color: var( --e-global-color-text ); font-family: var( --e-global-typography-text-font-family ), Sans-serif; font-weight: var( --e-global-typography-text-font-weight );\">Arnhemsestraatweg 8<br><\/span><span style=\"color: var( --e-global-color-text ); font-family: var( --e-global-typography-text-font-family ), Sans-serif; font-weight: var( --e-global-typography-text-font-weight );\">6881 NG VELP<br><\/span><span style=\"color: var( --e-global-color-text ); font-family: var( --e-global-typography-text-font-family ), Sans-serif;\"><span style=\"font-weight: var( --e-global-typography-text-font-weight );\">Generelt telefonnummer: +31 (0)26 384 2000<\/span><br><\/span><span style=\"color: var( --e-global-color-text ); font-family: var( --e-global-typography-text-font-family ), Sans-serif;\"><br><b>Personopplysninger som vi behandler<br><\/b><\/span>Melspring<span style=\"color: var( --e-global-color-text ); font-family: var( --e-global-typography-text-font-family ), Sans-serif; font-weight: var( --e-global-typography-text-font-weight );\">&nbsp;International BV behandler dine personopplysninger fordi du bruker tjenestene v\u00e5re og\/eller fordi du selv gir dem til oss.&nbsp;<\/span><span style=\"color: var( --e-global-color-text ); font-family: var( --e-global-typography-text-font-family ), Sans-serif; font-weight: var( --e-global-typography-text-font-weight );\">Nedenfor finner du en oversikt over personopplysningene vi behandler:<\/span><\/p>\n<p><\/p>\n<ul>\n<li>Fornavn og etternavn<\/li>\n<li>Adressedata<\/li>\n<li>telefonnummer<\/li>\n<li>Epostadresse<\/li>\n<li>IP adresse<\/li>\n<li>Andre personopplysninger som du aktivt oppgir ved \u00e5 opprette en profil p\u00e5 denne nettsiden, eller innhentet i korrespondanse og per telefon<\/li>\n<li>Stedsdata<\/li>\n<li>Informasjon om dine aktiviteter p\u00e5 nettsiden v\u00e5r<\/li>\n<li>Data om surfeatferden din p\u00e5 forskjellige nettsteder (for eksempel fordi dette selskapet er en del av et annonsenettverk)<\/li>\n<li>Liste over kundekontaktdetaljer via en app<\/li>\n<li>Nettleser og enhetstype<\/li>\n<\/ul>\n<p><\/p>\n<p><strong><br>Spesielle og\/eller sensitive personopplysninger som vi behandler<\/strong><br>V\u00e5r nettside og\/eller tjeneste har ikke til hensikt \u00e5 samle inn data om bes\u00f8kende p\u00e5 nettstedet under 16 \u00e5r. Med mindre de har samtykke fra foreldre eller foresatte. Vi kan imidlertid ikke sjekke om en bes\u00f8kende er eldre enn 16 \u00e5r. Vi anbefaler derfor foreldre \u00e5 v\u00e6re involvert i barnas aktiviteter p\u00e5 nett, for \u00e5 forhindre at data om barn samles inn uten foreldrenes samtykke. Hvis du er overbevist om at vi har samlet inn personlig informasjon om en mindre\u00e5rig uten denne tillatelsen, vennligst kontakt oss p\u00e5 info@melpool.com og vi vil slette denne informasjonen.<br><br><span style=\"color: var( --e-global-color-text ); font-family: var( --e-global-typography-text-font-family ), Sans-serif;\"><b>M\u00e5l<\/b><\/span><br> <span style=\"color: var( --e-global-color-text ); font-family: var( --e-global-typography-text-font-family ), Sans-serif; font-weight: var( --e-global-typography-text-font-weight );\">Melspring<\/span>&nbsp; <span style=\"color: var( --e-global-color-text ); font-family: var( --e-global-typography-text-font-family ), Sans-serif; font-weight: var( --e-global-typography-text-font-weight );\">International BV behandler dine personopplysninger for f\u00f8lgende form\u00e5l:<\/span><\/p>\n<p><\/p>\n<ul>\n<li>Sender v\u00e5rt nyhetsbrev<\/li>\n<li>Telefon eller e-post kontakt dersom dette er n\u00f8dvendig for \u00e5 utf\u00f8re v\u00e5re tjenester<\/li>\n<li>Presentere informasjon om endringer i v\u00e5re tjenester og produkter<\/li>\n<\/ul>\n<p><\/p>\n<p><strong>Analyse<\/strong><br>Melspring&nbsp; International BV analyserer din oppf\u00f8rsel p\u00e5 nettstedet for \u00e5 forbedre nettstedet og for \u00e5 skreddersy utvalget av produkter og tjenester til dine preferanser. Melspring&nbsp; International BV f\u00f8lger surfeatferden din p\u00e5 ulike nettsteder som vi skreddersyr v\u00e5re produkter og tjenester til dine behov.&nbsp;<br><span style=\"color: var( --e-global-color-text ); font-family: var( --e-global-typography-text-font-family ), Sans-serif;\"><br><b>Hvor lenge vi oppbevarer personopplysninger<br><\/b><\/span><span style=\"color: var( --e-global-color-text ); font-family: var( --e-global-typography-text-font-family ), Sans-serif;\"><span style=\"font-weight: var( --e-global-typography-text-font-weight );\">Melspring&nbsp; International BV lagrer ikke dine personopplysninger lenger enn det som er strengt n\u00f8dvendig for \u00e5 oppn\u00e5 form\u00e5lene som dataene dine samles inn for.<\/span><br><\/span><span style=\"color: var( --e-global-color-text ); font-family: var( --e-global-typography-text-font-family ), Sans-serif;\"><br><b>Deling av personopplysninger med tredjeparter<br><\/b><\/span>Melspring<span style=\"color: var( --e-global-color-text ); font-family: var( --e-global-typography-text-font-family ), Sans-serif;\"><span style=\"font-weight: var( --e-global-typography-text-font-weight );\">&nbsp;International BV selger ikke dataene dine til tredjeparter og gir dem kun dersom dette er n\u00f8dvendig for gjennomf\u00f8ringen av v\u00e5r avtale med deg eller for \u00e5 overholde en juridisk forpliktelse.&nbsp;<\/span><br><\/span><span style=\"color: var( --e-global-color-text ); font-family: var( --e-global-typography-text-font-family ), Sans-serif;\"><br><b>informasjonskapsler<br><\/b><\/span>Melspring<span style=\"color: var( --e-global-color-text ); font-family: var( --e-global-typography-text-font-family ), Sans-serif; font-weight: var( --e-global-typography-text-font-weight );\">&nbsp;International BV bruker funksjonelle, analytiske og sporingsinformasjonskapsler. En informasjonskapsel er en liten tekstfil som lagres i nettleseren p\u00e5 datamaskinen, nettbrettet eller smarttelefonen din f\u00f8rste gang du bes\u00f8ker denne nettsiden.&nbsp;<\/span>Melspring<span style=\"color: var( --e-global-color-text ); font-family: var( --e-global-typography-text-font-family ), Sans-serif; font-weight: var( --e-global-typography-text-font-weight );\">&nbsp;International BV bruker informasjonskapsler med en rent teknisk funksjonalitet. Disse sikrer at nettsiden fungerer som den skal og at for eksempel dine foretrukne innstillinger huskes. Disse informasjonskapslene brukes ogs\u00e5 for \u00e5 f\u00e5 nettstedet til \u00e5 fungere skikkelig og for \u00e5 optimalisere det. I tillegg plasserer vi informasjonskapsler som sporer surfeatferden din slik at vi kan tilby tilpasset innhold og annonser.<br><\/span><span style=\"color: var( --e-global-color-text ); font-family: var( --e-global-typography-text-font-family ), Sans-serif;\"><br><span style=\"font-weight: var( --e-global-typography-text-font-weight );\">Ved ditt f\u00f8rste bes\u00f8k p\u00e5 nettstedet v\u00e5rt har vi allerede informert deg om disse informasjonskapslene og bedt om tillatelse til \u00e5 plassere dem. Du kan velge bort informasjonskapsler ved \u00e5 stille inn nettleseren din slik at den ikke lenger lagrer informasjonskapsler. I tillegg kan du ogs\u00e5 slette all informasjon som tidligere er lagret via innstillingene i nettleseren din.&nbsp;<\/span><br><\/span><span style=\"color: var( --e-global-color-text ); font-family: var( --e-global-typography-text-font-family ), Sans-serif;\"><br><b>Se, endre eller slett data<br><\/b><\/span><span style=\"color: var( --e-global-color-text ); font-family: var( --e-global-typography-text-font-family ), Sans-serif; font-weight: var( --e-global-typography-text-font-weight );\">Du har rett til \u00e5 se, rette eller slette dine personopplysninger. Du har ogs\u00e5 rett til \u00e5 trekke tilbake ditt samtykke til databehandlingen eller \u00e5 protestere mot behandlingen av dine personopplysninger av Melspring.<\/span><span style=\"color: var( --e-global-color-text ); font-family: var( --e-global-typography-text-font-family ), Sans-serif; font-weight: var( --e-global-typography-text-font-weight );\">&nbsp;International BV og du har rett til dataportabilitet. Dette betyr at du kan sende inn en foresp\u00f8rsel til oss om \u00e5 sende personopplysningene vi har om deg i en datafil til deg eller en annen organisasjon nevnt av deg.<br><\/span><span style=\"color: var( --e-global-color-text ); font-family: var( --e-global-typography-text-font-family ), Sans-serif; font-weight: var( --e-global-typography-text-font-weight );\"><br>Du kan sende en foresp\u00f8rsel om innsyn, retting, sletting, dataoverf\u00f8ring av dine personopplysninger eller foresp\u00f8rsel om tilbaketrekking av ditt samtykke eller innsigelse mot behandlingen av dine personopplysninger til info@melpool.com. For \u00e5 sikre at foresp\u00f8rselen om tilgang er gjort av deg, ber vi deg om \u00e5 legge ved en kopi av ditt identitetsbevis sammen med foresp\u00f8rselen. Gj\u00f8r passbildet ditt, MRZ (maskinlesbar sone, stripen med tall nederst p\u00e5 passet), passnummer og borgerservicenummer (BSN) svart i denne kopien. Dette er for \u00e5 beskytte personvernet ditt. Vi vil svare p\u00e5 foresp\u00f8rselen din s\u00e5 raskt som mulig, men innen fire uker.<br><\/span><span style=\"color: var( --e-global-color-text ); font-family: var( --e-global-typography-text-font-family ), Sans-serif; font-weight: var( --e-global-typography-text-font-weight );\"><br><\/span>Melspring<span style=\"color: var( --e-global-color-text ); font-family: var( --e-global-typography-text-font-family ), Sans-serif;\"><span style=\"font-weight: var( --e-global-typography-text-font-weight );\">&nbsp;International BV vil ogs\u00e5 p\u00e5peke at du har muligheten til \u00e5 sende inn en klage til den nasjonale tilsynsmyndigheten, den nederlandske datatilsynet. Dette kan gj\u00f8res via f\u00f8lgende lenke: https:\/\/autoriteitpersoonsgegevens.nl\/nl\/contact-met-de-autoriteit-persoonsgegevens\/tip-ons<\/span><br><\/span><br><span style=\"color: var( --e-global-color-text ); font-family: var( --e-global-typography-text-font-family ), Sans-serif;\"><b>Hvordan vi sikrer personopplysninger<\/b><\/span><br> Melspring<span style=\"color: var( --e-global-color-text ); font-family: var( --e-global-typography-text-font-family ), Sans-serif; font-weight: var( --e-global-typography-text-font-weight );\">&nbsp;International BV tar beskyttelsen av dine data p\u00e5 alvor og tar passende tiltak for \u00e5 forhindre misbruk, tap, uautorisert tilgang, u\u00f8nsket avsl\u00f8ring og uautoriserte endringer. Hvis du har inntrykk av at dataene dine ikke er ordentlig sikret eller det er indikasjoner p\u00e5 misbruk, ta kontakt med info@melpool.com.<\/span><\/p>\n<p><\/p>\t\t\t\t\t\t\t\t<\/div>\n\t\t\t\t<\/div>\n\t\t\t\t\t<\/div>\n\t\t<\/div>\n\t\t\t\t\t<\/div>\n\t\t<\/section>\n\t\t\t\t<\/div>\n\t\t","protected":false},"excerpt":{"rendered":"<p>Generell bedriftsinformasjonMelspring International BV, lokalisert i Arnhemsestraatweg 8, 6881NG VELP, er ansvarlig for behandlingen av personopplysninger som vist i denne personvernerkl\u00e6ringen. KontaktinformasjonMelspring&nbsp;International BV&nbsp;Arnhemsestraatweg 86881 NG VELPGenerelt telefonnummer: +31 (0)26 384 2000 Personopplysninger som vi behandlerMelspring&nbsp;International BV behandler dine personopplysninger fordi du bruker tjenestene v\u00e5re og\/eller fordi du selv gir dem til oss.&nbsp;Nedenfor finner du en [&hellip;]<\/p>\n","protected":false},"author":1,"featured_media":0,"parent":0,"menu_order":0,"comment_status":"closed","ping_status":"closed","template":"","meta":{"_acf_changed":false,"footnotes":""},"class_list":["post-4647","page","type-page","status-publish","hentry"],"acf":[],"yoast_head":"<!-- This site is optimized with the Yoast SEO plugin v27.5 - https:\/\/yoast.com\/product\/yoast-seo-wordpress\/ -->\n<title>Personvern - Melpool<\/title>\n<meta name=\"robots\" content=\"index, follow, max-snippet:-1, max-image-preview:large, max-video-preview:-1\" \/>\n<link rel=\"canonical\" href=\"https:\/\/www.melpool.com\/no\/personvern\/\" \/>\n<meta property=\"og:locale\" content=\"nb_NO\" \/>\n<meta property=\"og:type\" content=\"article\" \/>\n<meta property=\"og:title\" content=\"Personvern - Melpool\" \/>\n<meta property=\"og:description\" content=\"Generell bedriftsinformasjonMelspring International BV, lokalisert i Arnhemsestraatweg 8, 6881NG VELP, er ansvarlig for behandlingen av personopplysninger som vist i denne personvernerkl\u00e6ringen. KontaktinformasjonMelspring&nbsp;International BV&nbsp;Arnhemsestraatweg 86881 NG VELPGenerelt telefonnummer: +31 (0)26 384 2000 Personopplysninger som vi behandlerMelspring&nbsp;International BV behandler dine personopplysninger fordi du bruker tjenestene v\u00e5re og\/eller fordi du selv gir dem til oss.&nbsp;Nedenfor finner du en [&hellip;]\" \/>\n<meta property=\"og:url\" content=\"https:\/\/www.melpool.com\/no\/personvern\/\" \/>\n<meta property=\"og:site_name\" content=\"Melpool\" \/>\n<meta property=\"article:modified_time\" content=\"2023-03-20T14:46:29+00:00\" \/>\n<meta name=\"twitter:card\" content=\"summary_large_image\" \/>\n<meta name=\"twitter:label1\" content=\"Ansl. lesetid\" \/>\n\t<meta name=\"twitter:data1\" content=\"4 minutter\" \/>\n<script type=\"application\/ld+json\" class=\"yoast-schema-graph\">{\"@context\":\"https:\\\/\\\/schema.org\",\"@graph\":[{\"@type\":\"WebPage\",\"@id\":\"https:\\\/\\\/www.melpool.com\\\/no\\\/personvern\\\/\",\"url\":\"https:\\\/\\\/www.melpool.com\\\/no\\\/personvern\\\/\",\"name\":\"Personvern - Melpool\",\"isPartOf\":{\"@id\":\"https:\\\/\\\/www.melpool.com\\\/no\\\/#website\"},\"datePublished\":\"2022-12-23T12:17:26+00:00\",\"dateModified\":\"2023-03-20T14:46:29+00:00\",\"breadcrumb\":{\"@id\":\"https:\\\/\\\/www.melpool.com\\\/no\\\/personvern\\\/#breadcrumb\"},\"inLanguage\":\"nb-NO\",\"potentialAction\":[{\"@type\":\"ReadAction\",\"target\":[\"https:\\\/\\\/www.melpool.com\\\/no\\\/personvern\\\/\"]}]},{\"@type\":\"BreadcrumbList\",\"@id\":\"https:\\\/\\\/www.melpool.com\\\/no\\\/personvern\\\/#breadcrumb\",\"itemListElement\":[{\"@type\":\"ListItem\",\"position\":1,\"name\":\"Home\",\"item\":\"https:\\\/\\\/www.melpool.com\\\/no\\\/\"},{\"@type\":\"ListItem\",\"position\":2,\"name\":\"Personvern\"}]},{\"@type\":\"WebSite\",\"@id\":\"https:\\\/\\\/www.melpool.com\\\/no\\\/#website\",\"url\":\"https:\\\/\\\/www.melpool.com\\\/no\\\/\",\"name\":\"Melpool\",\"description\":\"Alles voor waterbehandeling van uw zwembad\",\"publisher\":{\"@id\":\"https:\\\/\\\/www.melpool.com\\\/no\\\/#organization\"},\"potentialAction\":[{\"@type\":\"SearchAction\",\"target\":{\"@type\":\"EntryPoint\",\"urlTemplate\":\"https:\\\/\\\/www.melpool.com\\\/no\\\/?s={search_term_string}\"},\"query-input\":{\"@type\":\"PropertyValueSpecification\",\"valueRequired\":true,\"valueName\":\"search_term_string\"}}],\"inLanguage\":\"nb-NO\"},{\"@type\":\"Organization\",\"@id\":\"https:\\\/\\\/www.melpool.com\\\/no\\\/#organization\",\"name\":\"Melpool\",\"url\":\"https:\\\/\\\/www.melpool.com\\\/no\\\/\",\"logo\":{\"@type\":\"ImageObject\",\"inLanguage\":\"nb-NO\",\"@id\":\"https:\\\/\\\/www.melpool.com\\\/no\\\/#\\\/schema\\\/logo\\\/image\\\/\",\"url\":\"https:\\\/\\\/www.melpool.com\\\/wp-content\\\/uploads\\\/2021\\\/08\\\/Melpool-Logo-blauw.png\",\"contentUrl\":\"https:\\\/\\\/www.melpool.com\\\/wp-content\\\/uploads\\\/2021\\\/08\\\/Melpool-Logo-blauw.png\",\"width\":1729,\"height\":542,\"caption\":\"Melpool\"},\"image\":{\"@id\":\"https:\\\/\\\/www.melpool.com\\\/no\\\/#\\\/schema\\\/logo\\\/image\\\/\"}}]}<\/script>\n<!-- \/ Yoast SEO plugin. -->","yoast_head_json":{"title":"Personvern - Melpool","robots":{"index":"index","follow":"follow","max-snippet":"max-snippet:-1","max-image-preview":"max-image-preview:large","max-video-preview":"max-video-preview:-1"},"canonical":"https:\/\/www.melpool.com\/no\/personvern\/","og_locale":"nb_NO","og_type":"article","og_title":"Personvern - Melpool","og_description":"Generell bedriftsinformasjonMelspring International BV, lokalisert i Arnhemsestraatweg 8, 6881NG VELP, er ansvarlig for behandlingen av personopplysninger som vist i denne personvernerkl\u00e6ringen. KontaktinformasjonMelspring&nbsp;International BV&nbsp;Arnhemsestraatweg 86881 NG VELPGenerelt telefonnummer: +31 (0)26 384 2000 Personopplysninger som vi behandlerMelspring&nbsp;International BV behandler dine personopplysninger fordi du bruker tjenestene v\u00e5re og\/eller fordi du selv gir dem til oss.&nbsp;Nedenfor finner du en [&hellip;]","og_url":"https:\/\/www.melpool.com\/no\/personvern\/","og_site_name":"Melpool","article_modified_time":"2023-03-20T14:46:29+00:00","twitter_card":"summary_large_image","twitter_misc":{"Ansl. lesetid":"4 minutter"},"schema":{"@context":"https:\/\/schema.org","@graph":[{"@type":"WebPage","@id":"https:\/\/www.melpool.com\/no\/personvern\/","url":"https:\/\/www.melpool.com\/no\/personvern\/","name":"Personvern - Melpool","isPartOf":{"@id":"https:\/\/www.melpool.com\/no\/#website"},"datePublished":"2022-12-23T12:17:26+00:00","dateModified":"2023-03-20T14:46:29+00:00","breadcrumb":{"@id":"https:\/\/www.melpool.com\/no\/personvern\/#breadcrumb"},"inLanguage":"nb-NO","potentialAction":[{"@type":"ReadAction","target":["https:\/\/www.melpool.com\/no\/personvern\/"]}]},{"@type":"BreadcrumbList","@id":"https:\/\/www.melpool.com\/no\/personvern\/#breadcrumb","itemListElement":[{"@type":"ListItem","position":1,"name":"Home","item":"https:\/\/www.melpool.com\/no\/"},{"@type":"ListItem","position":2,"name":"Personvern"}]},{"@type":"WebSite","@id":"https:\/\/www.melpool.com\/no\/#website","url":"https:\/\/www.melpool.com\/no\/","name":"Melpool","description":"Alles voor waterbehandeling van uw zwembad","publisher":{"@id":"https:\/\/www.melpool.com\/no\/#organization"},"potentialAction":[{"@type":"SearchAction","target":{"@type":"EntryPoint","urlTemplate":"https:\/\/www.melpool.com\/no\/?s={search_term_string}"},"query-input":{"@type":"PropertyValueSpecification","valueRequired":true,"valueName":"search_term_string"}}],"inLanguage":"nb-NO"},{"@type":"Organization","@id":"https:\/\/www.melpool.com\/no\/#organization","name":"Melpool","url":"https:\/\/www.melpool.com\/no\/","logo":{"@type":"ImageObject","inLanguage":"nb-NO","@id":"https:\/\/www.melpool.com\/no\/#\/schema\/logo\/image\/","url":"https:\/\/www.melpool.com\/wp-content\/uploads\/2021\/08\/Melpool-Logo-blauw.png","contentUrl":"https:\/\/www.melpool.com\/wp-content\/uploads\/2021\/08\/Melpool-Logo-blauw.png","width":1729,"height":542,"caption":"Melpool"},"image":{"@id":"https:\/\/www.melpool.com\/no\/#\/schema\/logo\/image\/"}}]}},"_links":{"self":[{"href":"https:\/\/www.melpool.com\/no\/wp-json\/wp\/v2\/pages\/4647","targetHints":{"allow":["GET"]}}],"collection":[{"href":"https:\/\/www.melpool.com\/no\/wp-json\/wp\/v2\/pages"}],"about":[{"href":"https:\/\/www.melpool.com\/no\/wp-json\/wp\/v2\/types\/page"}],"author":[{"embeddable":true,"href":"https:\/\/www.melpool.com\/no\/wp-json\/wp\/v2\/users\/1"}],"replies":[{"embeddable":true,"href":"https:\/\/www.melpool.com\/no\/wp-json\/wp\/v2\/comments?post=4647"}],"version-history":[{"count":3,"href":"https:\/\/www.melpool.com\/no\/wp-json\/wp\/v2\/pages\/4647\/revisions"}],"predecessor-version":[{"id":6415,"href":"https:\/\/www.melpool.com\/no\/wp-json\/wp\/v2\/pages\/4647\/revisions\/6415"}],"wp:attachment":[{"href":"https:\/\/www.melpool.com\/no\/wp-json\/wp\/v2\/media?parent=4647"}],"curies":[{"name":"wp","href":"https:\/\/api.w.org\/{rel}","templated":true}]}}