{"id":4760,"date":"2022-12-23T12:42:53","date_gmt":"2022-12-23T12:42:53","guid":{"rendered":"https:\/\/melpool.i-aspect.com\/ansvarsfraskrivelse\/"},"modified":"2022-12-23T12:42:54","modified_gmt":"2022-12-23T12:42:54","slug":"ansvarsfraskrivelse","status":"publish","type":"page","link":"https:\/\/www.melpool.com\/no\/ansvarsfraskrivelse\/","title":{"rendered":"Ansvarsfraskrivelse"},"content":{"rendered":"\t\t<div data-elementor-type=\"wp-page\" data-elementor-id=\"4760\" class=\"elementor elementor-4760 elementor-688\" data-elementor-post-type=\"page\">\n\t\t\t\t\t\t<section class=\"elementor-section elementor-top-section elementor-element elementor-element-581c4f71 elementor-section-boxed elementor-section-height-default elementor-section-height-default\" data-id=\"581c4f71\" data-element_type=\"section\" data-e-type=\"section\">\n\t\t\t\t\t\t<div class=\"elementor-container elementor-column-gap-default\">\n\t\t\t\t\t<div class=\"elementor-column elementor-col-100 elementor-top-column elementor-element elementor-element-34c79624\" data-id=\"34c79624\" data-element_type=\"column\" data-e-type=\"column\">\n\t\t\t<div class=\"elementor-widget-wrap elementor-element-populated\">\n\t\t\t\t\t\t<div class=\"elementor-element elementor-element-3aee55eb elementor-widget elementor-widget-text-editor\" data-id=\"3aee55eb\" data-element_type=\"widget\" data-e-type=\"widget\" data-widget_type=\"text-editor.default\">\n\t\t\t\t<div class=\"elementor-widget-container\">\n\t\t\t\t\t\t\t\t\t<p><\/p>\n<p>All informasjon p\u00e5 denne nettsiden \u2013 https:\/\/www.melpool.com\/ \u2013 publiseres i god tro og kun for generelle informasjonsform\u00e5l. Melspring International BV gir ingen garantier om fullstendigheten, p\u00e5liteligheten og n\u00f8yaktigheten til denne informasjonen. Enhver handling du tar som svar p\u00e5 informasjonen du finner p\u00e5 denne nettsiden (melpool.com) er strengt tatt p\u00e5 egen risiko. Melspring International BV er ikke ansvarlig for tap og\/eller skade i forbindelse med bruken av nettstedet v\u00e5rt.<br><span style=\"color: var( --e-global-color-text ); font-family: var( --e-global-typography-text-font-family ), Sans-serif;\"><br><span style=\"font-weight: var( --e-global-typography-text-font-weight );\">Fra nettstedet v\u00e5rt kan du bes\u00f8ke andre nettsteder ved \u00e5 f\u00f8lge hyperkoblinger til slike eksterne nettsteder. Selv om vi bestreber oss p\u00e5 kun \u00e5 tilby kvalitetslenker til relevante og etiske nettsteder, har vi ingen kontroll over innholdet og arten til disse nettstedene. Disse koblingene til andre nettsteder inneb\u00e6rer ikke godkjenning av alt innhold p\u00e5 disse nettstedene. Nettstedseiere og innhold kan endres uten varsel og kan forekomme f\u00f8r vi har mulighet til \u00e5 fjerne en lenke som kan ha blitt &laquo;ikke bra\/oppdatert&raquo;.<\/span><br><\/span><br><span style=\"color: var( --e-global-color-text ); font-family: var( --e-global-typography-text-font-family ), Sans-serif;\"><b>Tillatelse<\/b><\/span><br> <span style=\"color: var( --e-global-color-text ); font-family: var( --e-global-typography-text-font-family ), Sans-serif;\"><span style=\"font-weight: var( --e-global-typography-text-font-weight );\">Ved \u00e5 bruke nettstedet v\u00e5rt samtykker du herved til v\u00e5r ansvarsfraskrivelse og godtar vilk\u00e5rene.<\/span><\/span><br><br> <span style=\"color: var( --e-global-color-text ); font-family: var( --e-global-typography-text-font-family ), Sans-serif;\"><b>oppdateringer<\/b><\/span><br> <span style=\"color: var( --e-global-color-text ); font-family: var( --e-global-typography-text-font-family ), Sans-serif; font-weight: var( --e-global-typography-text-font-weight );\">Skulle vi oppdatere, endre eller gj\u00f8re endringer i dette dokumentet, vil disse endringene bli lagt ut tydelig her.<\/span><\/p>\n<p><\/p>\t\t\t\t\t\t\t\t<\/div>\n\t\t\t\t<\/div>\n\t\t\t\t\t<\/div>\n\t\t<\/div>\n\t\t\t\t\t<\/div>\n\t\t<\/section>\n\t\t\t\t<\/div>\n\t\t","protected":false},"excerpt":{"rendered":"<p>All informasjon p\u00e5 denne nettsiden \u2013 https:\/\/www.melpool.com\/ \u2013 publiseres i god tro og kun for generelle informasjonsform\u00e5l. Melspring International BV gir ingen garantier om fullstendigheten, p\u00e5liteligheten og n\u00f8yaktigheten til denne informasjonen. Enhver handling du tar som svar p\u00e5 informasjonen du finner p\u00e5 denne nettsiden (melpool.com) er strengt tatt p\u00e5 egen risiko. Melspring International BV er [&hellip;]<\/p>\n","protected":false},"author":1,"featured_media":0,"parent":0,"menu_order":0,"comment_status":"closed","ping_status":"closed","template":"","meta":{"_acf_changed":false,"footnotes":""},"class_list":["post-4760","page","type-page","status-publish","hentry"],"acf":[],"yoast_head":"<!-- This site is optimized with the Yoast SEO plugin v27.3 - https:\/\/yoast.com\/product\/yoast-seo-wordpress\/ -->\n<title>Ansvarsfraskrivelse - Melpool<\/title>\n<meta name=\"robots\" content=\"index, follow, max-snippet:-1, max-image-preview:large, max-video-preview:-1\" \/>\n<link rel=\"canonical\" href=\"https:\/\/www.melpool.com\/no\/ansvarsfraskrivelse\/\" \/>\n<meta property=\"og:locale\" content=\"nb_NO\" \/>\n<meta property=\"og:type\" content=\"article\" \/>\n<meta property=\"og:title\" content=\"Ansvarsfraskrivelse - Melpool\" \/>\n<meta property=\"og:description\" content=\"All informasjon p\u00e5 denne nettsiden \u2013 https:\/\/www.melpool.com\/ \u2013 publiseres i god tro og kun for generelle informasjonsform\u00e5l. Melspring International BV gir ingen garantier om fullstendigheten, p\u00e5liteligheten og n\u00f8yaktigheten til denne informasjonen. Enhver handling du tar som svar p\u00e5 informasjonen du finner p\u00e5 denne nettsiden (melpool.com) er strengt tatt p\u00e5 egen risiko. Melspring International BV er [&hellip;]\" \/>\n<meta property=\"og:url\" content=\"https:\/\/www.melpool.com\/no\/ansvarsfraskrivelse\/\" \/>\n<meta property=\"og:site_name\" content=\"Melpool\" \/>\n<meta property=\"article:modified_time\" content=\"2022-12-23T12:42:54+00:00\" \/>\n<meta name=\"twitter:card\" content=\"summary_large_image\" \/>\n<meta name=\"twitter:label1\" content=\"Ansl. lesetid\" \/>\n\t<meta name=\"twitter:data1\" content=\"1 minutt\" \/>\n<script type=\"application\/ld+json\" class=\"yoast-schema-graph\">{\"@context\":\"https:\\\/\\\/schema.org\",\"@graph\":[{\"@type\":\"WebPage\",\"@id\":\"https:\\\/\\\/www.melpool.com\\\/no\\\/ansvarsfraskrivelse\\\/\",\"url\":\"https:\\\/\\\/www.melpool.com\\\/no\\\/ansvarsfraskrivelse\\\/\",\"name\":\"Ansvarsfraskrivelse - Melpool\",\"isPartOf\":{\"@id\":\"https:\\\/\\\/www.melpool.com\\\/no\\\/#website\"},\"datePublished\":\"2022-12-23T12:42:53+00:00\",\"dateModified\":\"2022-12-23T12:42:54+00:00\",\"breadcrumb\":{\"@id\":\"https:\\\/\\\/www.melpool.com\\\/no\\\/ansvarsfraskrivelse\\\/#breadcrumb\"},\"inLanguage\":\"nb-NO\",\"potentialAction\":[{\"@type\":\"ReadAction\",\"target\":[\"https:\\\/\\\/www.melpool.com\\\/no\\\/ansvarsfraskrivelse\\\/\"]}]},{\"@type\":\"BreadcrumbList\",\"@id\":\"https:\\\/\\\/www.melpool.com\\\/no\\\/ansvarsfraskrivelse\\\/#breadcrumb\",\"itemListElement\":[{\"@type\":\"ListItem\",\"position\":1,\"name\":\"Home\",\"item\":\"https:\\\/\\\/www.melpool.com\\\/no\\\/\"},{\"@type\":\"ListItem\",\"position\":2,\"name\":\"Ansvarsfraskrivelse\"}]},{\"@type\":\"WebSite\",\"@id\":\"https:\\\/\\\/www.melpool.com\\\/no\\\/#website\",\"url\":\"https:\\\/\\\/www.melpool.com\\\/no\\\/\",\"name\":\"Melpool\",\"description\":\"Alles voor waterbehandeling van uw zwembad\",\"publisher\":{\"@id\":\"https:\\\/\\\/www.melpool.com\\\/no\\\/#organization\"},\"potentialAction\":[{\"@type\":\"SearchAction\",\"target\":{\"@type\":\"EntryPoint\",\"urlTemplate\":\"https:\\\/\\\/www.melpool.com\\\/no\\\/?s={search_term_string}\"},\"query-input\":{\"@type\":\"PropertyValueSpecification\",\"valueRequired\":true,\"valueName\":\"search_term_string\"}}],\"inLanguage\":\"nb-NO\"},{\"@type\":\"Organization\",\"@id\":\"https:\\\/\\\/www.melpool.com\\\/no\\\/#organization\",\"name\":\"Melpool\",\"url\":\"https:\\\/\\\/www.melpool.com\\\/no\\\/\",\"logo\":{\"@type\":\"ImageObject\",\"inLanguage\":\"nb-NO\",\"@id\":\"https:\\\/\\\/www.melpool.com\\\/no\\\/#\\\/schema\\\/logo\\\/image\\\/\",\"url\":\"https:\\\/\\\/www.melpool.com\\\/wp-content\\\/uploads\\\/2021\\\/08\\\/Melpool-Logo-blauw.png\",\"contentUrl\":\"https:\\\/\\\/www.melpool.com\\\/wp-content\\\/uploads\\\/2021\\\/08\\\/Melpool-Logo-blauw.png\",\"width\":1729,\"height\":542,\"caption\":\"Melpool\"},\"image\":{\"@id\":\"https:\\\/\\\/www.melpool.com\\\/no\\\/#\\\/schema\\\/logo\\\/image\\\/\"}}]}<\/script>\n<!-- \/ Yoast SEO plugin. -->","yoast_head_json":{"title":"Ansvarsfraskrivelse - Melpool","robots":{"index":"index","follow":"follow","max-snippet":"max-snippet:-1","max-image-preview":"max-image-preview:large","max-video-preview":"max-video-preview:-1"},"canonical":"https:\/\/www.melpool.com\/no\/ansvarsfraskrivelse\/","og_locale":"nb_NO","og_type":"article","og_title":"Ansvarsfraskrivelse - Melpool","og_description":"All informasjon p\u00e5 denne nettsiden \u2013 https:\/\/www.melpool.com\/ \u2013 publiseres i god tro og kun for generelle informasjonsform\u00e5l. Melspring International BV gir ingen garantier om fullstendigheten, p\u00e5liteligheten og n\u00f8yaktigheten til denne informasjonen. Enhver handling du tar som svar p\u00e5 informasjonen du finner p\u00e5 denne nettsiden (melpool.com) er strengt tatt p\u00e5 egen risiko. Melspring International BV er [&hellip;]","og_url":"https:\/\/www.melpool.com\/no\/ansvarsfraskrivelse\/","og_site_name":"Melpool","article_modified_time":"2022-12-23T12:42:54+00:00","twitter_card":"summary_large_image","twitter_misc":{"Ansl. lesetid":"1 minutt"},"schema":{"@context":"https:\/\/schema.org","@graph":[{"@type":"WebPage","@id":"https:\/\/www.melpool.com\/no\/ansvarsfraskrivelse\/","url":"https:\/\/www.melpool.com\/no\/ansvarsfraskrivelse\/","name":"Ansvarsfraskrivelse - Melpool","isPartOf":{"@id":"https:\/\/www.melpool.com\/no\/#website"},"datePublished":"2022-12-23T12:42:53+00:00","dateModified":"2022-12-23T12:42:54+00:00","breadcrumb":{"@id":"https:\/\/www.melpool.com\/no\/ansvarsfraskrivelse\/#breadcrumb"},"inLanguage":"nb-NO","potentialAction":[{"@type":"ReadAction","target":["https:\/\/www.melpool.com\/no\/ansvarsfraskrivelse\/"]}]},{"@type":"BreadcrumbList","@id":"https:\/\/www.melpool.com\/no\/ansvarsfraskrivelse\/#breadcrumb","itemListElement":[{"@type":"ListItem","position":1,"name":"Home","item":"https:\/\/www.melpool.com\/no\/"},{"@type":"ListItem","position":2,"name":"Ansvarsfraskrivelse"}]},{"@type":"WebSite","@id":"https:\/\/www.melpool.com\/no\/#website","url":"https:\/\/www.melpool.com\/no\/","name":"Melpool","description":"Alles voor waterbehandeling van uw zwembad","publisher":{"@id":"https:\/\/www.melpool.com\/no\/#organization"},"potentialAction":[{"@type":"SearchAction","target":{"@type":"EntryPoint","urlTemplate":"https:\/\/www.melpool.com\/no\/?s={search_term_string}"},"query-input":{"@type":"PropertyValueSpecification","valueRequired":true,"valueName":"search_term_string"}}],"inLanguage":"nb-NO"},{"@type":"Organization","@id":"https:\/\/www.melpool.com\/no\/#organization","name":"Melpool","url":"https:\/\/www.melpool.com\/no\/","logo":{"@type":"ImageObject","inLanguage":"nb-NO","@id":"https:\/\/www.melpool.com\/no\/#\/schema\/logo\/image\/","url":"https:\/\/www.melpool.com\/wp-content\/uploads\/2021\/08\/Melpool-Logo-blauw.png","contentUrl":"https:\/\/www.melpool.com\/wp-content\/uploads\/2021\/08\/Melpool-Logo-blauw.png","width":1729,"height":542,"caption":"Melpool"},"image":{"@id":"https:\/\/www.melpool.com\/no\/#\/schema\/logo\/image\/"}}]}},"_links":{"self":[{"href":"https:\/\/www.melpool.com\/no\/wp-json\/wp\/v2\/pages\/4760","targetHints":{"allow":["GET"]}}],"collection":[{"href":"https:\/\/www.melpool.com\/no\/wp-json\/wp\/v2\/pages"}],"about":[{"href":"https:\/\/www.melpool.com\/no\/wp-json\/wp\/v2\/types\/page"}],"author":[{"embeddable":true,"href":"https:\/\/www.melpool.com\/no\/wp-json\/wp\/v2\/users\/1"}],"replies":[{"embeddable":true,"href":"https:\/\/www.melpool.com\/no\/wp-json\/wp\/v2\/comments?post=4760"}],"version-history":[{"count":1,"href":"https:\/\/www.melpool.com\/no\/wp-json\/wp\/v2\/pages\/4760\/revisions"}],"predecessor-version":[{"id":4761,"href":"https:\/\/www.melpool.com\/no\/wp-json\/wp\/v2\/pages\/4760\/revisions\/4761"}],"wp:attachment":[{"href":"https:\/\/www.melpool.com\/no\/wp-json\/wp\/v2\/media?parent=4760"}],"curies":[{"name":"wp","href":"https:\/\/api.w.org\/{rel}","templated":true}]}}