{"id":4805,"date":"2022-12-23T13:06:04","date_gmt":"2022-12-23T13:06:04","guid":{"rendered":"https:\/\/melpool.i-aspect.com\/vilkar-og-betingelser\/"},"modified":"2023-02-24T14:40:34","modified_gmt":"2023-02-24T14:40:34","slug":"vilkar-og-betingelser","status":"publish","type":"page","link":"https:\/\/www.melpool.com\/no\/vilkar-og-betingelser\/","title":{"rendered":"Vilk\u00e5r og betingelser"},"content":{"rendered":"\t\t<div data-elementor-type=\"wp-page\" data-elementor-id=\"4805\" class=\"elementor elementor-4805 elementor-687\" data-elementor-post-type=\"page\">\n\t\t\t\t\t\t<section class=\"elementor-section elementor-top-section elementor-element elementor-element-5314d7c9 elementor-section-boxed elementor-section-height-default elementor-section-height-default\" data-id=\"5314d7c9\" data-element_type=\"section\" data-e-type=\"section\">\n\t\t\t\t\t\t<div class=\"elementor-container elementor-column-gap-default\">\n\t\t\t\t\t<div class=\"elementor-column elementor-col-100 elementor-top-column elementor-element elementor-element-38d69e89\" data-id=\"38d69e89\" data-element_type=\"column\" data-e-type=\"column\">\n\t\t\t<div class=\"elementor-widget-wrap elementor-element-populated\">\n\t\t\t\t\t\t<div class=\"elementor-element elementor-element-416b3ac6 elementor-widget elementor-widget-text-editor\" data-id=\"416b3ac6\" data-element_type=\"widget\" data-e-type=\"widget\" data-widget_type=\"text-editor.default\">\n\t\t\t\t<div class=\"elementor-widget-container\">\n\t\t\t\t\t\t\t\t\t<p><strong>Vilk\u00e5r og betingelser Melspring International BV<\/strong><\/p>\n<ul>\n<li><a href=\"https:\/\/www.melpool.com\/wp-content\/uploads\/2023\/02\/MIBV.General.Purchasing.Conditions.EN_.pdf\">Generelle kj\u00f8psbetingelser<\/a><\/li>\n<li><a href=\"https:\/\/www.melpool.com\/wp-content\/uploads\/2023\/02\/MIBV.General.Conditions.of_.Sales_.and_.Deliveries.EN_.pdf\">Generelle vilk\u00e5r og betingelser for salg og levering<\/a><\/li>\n<\/ul>\n<p><strong> <\/strong><\/p>\n<p><strong>Vilk\u00e5r og betingelser nettsted<\/strong><br \/>www.melpool.com og alle underliggende sider;<br \/><span style=\"color: var( --e-global-color-text ); font-family: var( --e-global-typography-text-font-family ), Sans-serif;\"><br \/><b>Bruker<br \/><\/b><\/span><span style=\"color: var( --e-global-color-text ); font-family: var( --e-global-typography-text-font-family ), Sans-serif;\"><span style=\"font-weight: var( --e-global-typography-text-font-weight );\">De bes\u00f8kende p\u00e5 nettstedet;<\/span><br \/><\/span><span style=\"color: var( --e-global-color-text ); font-family: var( --e-global-typography-text-font-family ), Sans-serif;\"><br \/><b>Virksomhet<br \/><\/b><\/span><span style=\"color: var( --e-global-color-text ); font-family: var( --e-global-typography-text-font-family ), Sans-serif; font-weight: var( --e-global-typography-text-font-weight );\">Melspring er autorisert utgiver av nettsiden; F\u00f8lgende gjelder for v\u00e5r nettside. Ved \u00e5 bruke nettstedet godtar du denne ansvarsfraskrivelsen. Melspring:<\/span><\/p>\n<ul>\n<li>Oppdaterer jevnlig innholdet p\u00e5 nettsiden og oppdaterer nettsiden jevnlig. Til tross for denne innsatsen kan innholdet p\u00e5 denne nettsiden v\u00e6re ufullstendig eller utdatert.<\/li>\n<li>Garanterer ikke p\u00e5 noen m\u00e5te riktigheten eller fullstendigheten av informasjonen som er konsultert p\u00e5 denne nettsiden.<\/li>\n<li>Garanterer ikke sikkerheten til nettsiden v\u00e5r og kan derfor ikke holdes ansvarlig for skader p\u00e5f\u00f8rt direkte eller indirekte fra bruken av nettsiden v\u00e5r.<\/li>\n<li>Er ikke ansvarlig for tredjepartssider lenket til;<\/li>\n<li>Gir informasjon p\u00e5 sin nettside uten garanti eller garanti av noe slag. Ingen rettigheter kan p\u00e5 noen m\u00e5te utledes fra informasjonen p\u00e5 nettstedet;<\/li>\n<li>Kan ikke holdes ansvarlig for noen som helst skade p\u00e5f\u00f8rt fra bruken av informasjonen p\u00e5 melpool.com;<\/li>\n<li>Kan endre eller avslutte nettsiden etter eget skj\u00f8nn og n\u00e5r som helst. Melspring kan derfor ikke holdes ansvarlig for konsekvensene av endringer eller oppsigelse p\u00e5\/fra melpool.com;<\/li>\n<\/ul>\n<p>Brukeren er alene ansvarlig for bruken av all informasjon gitt p\u00e5 melpool.com;<\/p>\n\t\t\t\t\t\t\t\t<\/div>\n\t\t\t\t<\/div>\n\t\t\t\t\t<\/div>\n\t\t<\/div>\n\t\t\t\t\t<\/div>\n\t\t<\/section>\n\t\t\t\t<\/div>\n\t\t","protected":false},"excerpt":{"rendered":"<p>Vilk\u00e5r og betingelser Melspring International BV Generelle kj\u00f8psbetingelser Generelle vilk\u00e5r og betingelser for salg og levering Vilk\u00e5r og betingelser nettstedwww.melpool.com og alle underliggende sider; BrukerDe bes\u00f8kende p\u00e5 nettstedet; VirksomhetMelspring er autorisert utgiver av nettsiden; F\u00f8lgende gjelder for v\u00e5r nettside. Ved \u00e5 bruke nettstedet godtar du denne ansvarsfraskrivelsen. Melspring: Oppdaterer jevnlig innholdet p\u00e5 nettsiden og oppdaterer [&hellip;]<\/p>\n","protected":false},"author":1,"featured_media":0,"parent":0,"menu_order":0,"comment_status":"closed","ping_status":"closed","template":"","meta":{"_acf_changed":false,"footnotes":""},"class_list":["post-4805","page","type-page","status-publish","hentry"],"acf":[],"yoast_head":"<!-- This site is optimized with the Yoast SEO plugin v27.5 - https:\/\/yoast.com\/product\/yoast-seo-wordpress\/ -->\n<title>Vilk\u00e5r og betingelser - Melpool<\/title>\n<meta name=\"robots\" content=\"index, follow, max-snippet:-1, max-image-preview:large, max-video-preview:-1\" \/>\n<link rel=\"canonical\" href=\"https:\/\/www.melpool.com\/no\/vilkar-og-betingelser\/\" \/>\n<meta property=\"og:locale\" content=\"nb_NO\" \/>\n<meta property=\"og:type\" content=\"article\" \/>\n<meta property=\"og:title\" content=\"Vilk\u00e5r og betingelser - Melpool\" \/>\n<meta property=\"og:description\" content=\"Vilk\u00e5r og betingelser Melspring International BV Generelle kj\u00f8psbetingelser Generelle vilk\u00e5r og betingelser for salg og levering Vilk\u00e5r og betingelser nettstedwww.melpool.com og alle underliggende sider; BrukerDe bes\u00f8kende p\u00e5 nettstedet; VirksomhetMelspring er autorisert utgiver av nettsiden; F\u00f8lgende gjelder for v\u00e5r nettside. Ved \u00e5 bruke nettstedet godtar du denne ansvarsfraskrivelsen. Melspring: Oppdaterer jevnlig innholdet p\u00e5 nettsiden og oppdaterer [&hellip;]\" \/>\n<meta property=\"og:url\" content=\"https:\/\/www.melpool.com\/no\/vilkar-og-betingelser\/\" \/>\n<meta property=\"og:site_name\" content=\"Melpool\" \/>\n<meta property=\"article:modified_time\" content=\"2023-02-24T14:40:34+00:00\" \/>\n<meta name=\"twitter:card\" content=\"summary_large_image\" \/>\n<meta name=\"twitter:label1\" content=\"Ansl. lesetid\" \/>\n\t<meta name=\"twitter:data1\" content=\"1 minutt\" \/>\n<script type=\"application\/ld+json\" class=\"yoast-schema-graph\">{\"@context\":\"https:\\\/\\\/schema.org\",\"@graph\":[{\"@type\":\"WebPage\",\"@id\":\"https:\\\/\\\/www.melpool.com\\\/no\\\/vilkar-og-betingelser\\\/\",\"url\":\"https:\\\/\\\/www.melpool.com\\\/no\\\/vilkar-og-betingelser\\\/\",\"name\":\"Vilk\u00e5r og betingelser - Melpool\",\"isPartOf\":{\"@id\":\"https:\\\/\\\/www.melpool.com\\\/no\\\/#website\"},\"datePublished\":\"2022-12-23T13:06:04+00:00\",\"dateModified\":\"2023-02-24T14:40:34+00:00\",\"breadcrumb\":{\"@id\":\"https:\\\/\\\/www.melpool.com\\\/no\\\/vilkar-og-betingelser\\\/#breadcrumb\"},\"inLanguage\":\"nb-NO\",\"potentialAction\":[{\"@type\":\"ReadAction\",\"target\":[\"https:\\\/\\\/www.melpool.com\\\/no\\\/vilkar-og-betingelser\\\/\"]}]},{\"@type\":\"BreadcrumbList\",\"@id\":\"https:\\\/\\\/www.melpool.com\\\/no\\\/vilkar-og-betingelser\\\/#breadcrumb\",\"itemListElement\":[{\"@type\":\"ListItem\",\"position\":1,\"name\":\"Home\",\"item\":\"https:\\\/\\\/www.melpool.com\\\/no\\\/\"},{\"@type\":\"ListItem\",\"position\":2,\"name\":\"Vilk\u00e5r og betingelser\"}]},{\"@type\":\"WebSite\",\"@id\":\"https:\\\/\\\/www.melpool.com\\\/no\\\/#website\",\"url\":\"https:\\\/\\\/www.melpool.com\\\/no\\\/\",\"name\":\"Melpool\",\"description\":\"Alles voor waterbehandeling van uw zwembad\",\"publisher\":{\"@id\":\"https:\\\/\\\/www.melpool.com\\\/no\\\/#organization\"},\"potentialAction\":[{\"@type\":\"SearchAction\",\"target\":{\"@type\":\"EntryPoint\",\"urlTemplate\":\"https:\\\/\\\/www.melpool.com\\\/no\\\/?s={search_term_string}\"},\"query-input\":{\"@type\":\"PropertyValueSpecification\",\"valueRequired\":true,\"valueName\":\"search_term_string\"}}],\"inLanguage\":\"nb-NO\"},{\"@type\":\"Organization\",\"@id\":\"https:\\\/\\\/www.melpool.com\\\/no\\\/#organization\",\"name\":\"Melpool\",\"url\":\"https:\\\/\\\/www.melpool.com\\\/no\\\/\",\"logo\":{\"@type\":\"ImageObject\",\"inLanguage\":\"nb-NO\",\"@id\":\"https:\\\/\\\/www.melpool.com\\\/no\\\/#\\\/schema\\\/logo\\\/image\\\/\",\"url\":\"https:\\\/\\\/www.melpool.com\\\/wp-content\\\/uploads\\\/2021\\\/08\\\/Melpool-Logo-blauw.png\",\"contentUrl\":\"https:\\\/\\\/www.melpool.com\\\/wp-content\\\/uploads\\\/2021\\\/08\\\/Melpool-Logo-blauw.png\",\"width\":1729,\"height\":542,\"caption\":\"Melpool\"},\"image\":{\"@id\":\"https:\\\/\\\/www.melpool.com\\\/no\\\/#\\\/schema\\\/logo\\\/image\\\/\"}}]}<\/script>\n<!-- \/ Yoast SEO plugin. -->","yoast_head_json":{"title":"Vilk\u00e5r og betingelser - Melpool","robots":{"index":"index","follow":"follow","max-snippet":"max-snippet:-1","max-image-preview":"max-image-preview:large","max-video-preview":"max-video-preview:-1"},"canonical":"https:\/\/www.melpool.com\/no\/vilkar-og-betingelser\/","og_locale":"nb_NO","og_type":"article","og_title":"Vilk\u00e5r og betingelser - Melpool","og_description":"Vilk\u00e5r og betingelser Melspring International BV Generelle kj\u00f8psbetingelser Generelle vilk\u00e5r og betingelser for salg og levering Vilk\u00e5r og betingelser nettstedwww.melpool.com og alle underliggende sider; BrukerDe bes\u00f8kende p\u00e5 nettstedet; VirksomhetMelspring er autorisert utgiver av nettsiden; F\u00f8lgende gjelder for v\u00e5r nettside. Ved \u00e5 bruke nettstedet godtar du denne ansvarsfraskrivelsen. Melspring: Oppdaterer jevnlig innholdet p\u00e5 nettsiden og oppdaterer [&hellip;]","og_url":"https:\/\/www.melpool.com\/no\/vilkar-og-betingelser\/","og_site_name":"Melpool","article_modified_time":"2023-02-24T14:40:34+00:00","twitter_card":"summary_large_image","twitter_misc":{"Ansl. lesetid":"1 minutt"},"schema":{"@context":"https:\/\/schema.org","@graph":[{"@type":"WebPage","@id":"https:\/\/www.melpool.com\/no\/vilkar-og-betingelser\/","url":"https:\/\/www.melpool.com\/no\/vilkar-og-betingelser\/","name":"Vilk\u00e5r og betingelser - Melpool","isPartOf":{"@id":"https:\/\/www.melpool.com\/no\/#website"},"datePublished":"2022-12-23T13:06:04+00:00","dateModified":"2023-02-24T14:40:34+00:00","breadcrumb":{"@id":"https:\/\/www.melpool.com\/no\/vilkar-og-betingelser\/#breadcrumb"},"inLanguage":"nb-NO","potentialAction":[{"@type":"ReadAction","target":["https:\/\/www.melpool.com\/no\/vilkar-og-betingelser\/"]}]},{"@type":"BreadcrumbList","@id":"https:\/\/www.melpool.com\/no\/vilkar-og-betingelser\/#breadcrumb","itemListElement":[{"@type":"ListItem","position":1,"name":"Home","item":"https:\/\/www.melpool.com\/no\/"},{"@type":"ListItem","position":2,"name":"Vilk\u00e5r og betingelser"}]},{"@type":"WebSite","@id":"https:\/\/www.melpool.com\/no\/#website","url":"https:\/\/www.melpool.com\/no\/","name":"Melpool","description":"Alles voor waterbehandeling van uw zwembad","publisher":{"@id":"https:\/\/www.melpool.com\/no\/#organization"},"potentialAction":[{"@type":"SearchAction","target":{"@type":"EntryPoint","urlTemplate":"https:\/\/www.melpool.com\/no\/?s={search_term_string}"},"query-input":{"@type":"PropertyValueSpecification","valueRequired":true,"valueName":"search_term_string"}}],"inLanguage":"nb-NO"},{"@type":"Organization","@id":"https:\/\/www.melpool.com\/no\/#organization","name":"Melpool","url":"https:\/\/www.melpool.com\/no\/","logo":{"@type":"ImageObject","inLanguage":"nb-NO","@id":"https:\/\/www.melpool.com\/no\/#\/schema\/logo\/image\/","url":"https:\/\/www.melpool.com\/wp-content\/uploads\/2021\/08\/Melpool-Logo-blauw.png","contentUrl":"https:\/\/www.melpool.com\/wp-content\/uploads\/2021\/08\/Melpool-Logo-blauw.png","width":1729,"height":542,"caption":"Melpool"},"image":{"@id":"https:\/\/www.melpool.com\/no\/#\/schema\/logo\/image\/"}}]}},"_links":{"self":[{"href":"https:\/\/www.melpool.com\/no\/wp-json\/wp\/v2\/pages\/4805","targetHints":{"allow":["GET"]}}],"collection":[{"href":"https:\/\/www.melpool.com\/no\/wp-json\/wp\/v2\/pages"}],"about":[{"href":"https:\/\/www.melpool.com\/no\/wp-json\/wp\/v2\/types\/page"}],"author":[{"embeddable":true,"href":"https:\/\/www.melpool.com\/no\/wp-json\/wp\/v2\/users\/1"}],"replies":[{"embeddable":true,"href":"https:\/\/www.melpool.com\/no\/wp-json\/wp\/v2\/comments?post=4805"}],"version-history":[{"count":2,"href":"https:\/\/www.melpool.com\/no\/wp-json\/wp\/v2\/pages\/4805\/revisions"}],"predecessor-version":[{"id":5895,"href":"https:\/\/www.melpool.com\/no\/wp-json\/wp\/v2\/pages\/4805\/revisions\/5895"}],"wp:attachment":[{"href":"https:\/\/www.melpool.com\/no\/wp-json\/wp\/v2\/media?parent=4805"}],"curies":[{"name":"wp","href":"https:\/\/api.w.org\/{rel}","templated":true}]}}