{"id":4850,"date":"2022-12-23T13:35:20","date_gmt":"2022-12-23T13:35:20","guid":{"rendered":"https:\/\/melpool.i-aspect.com\/product\/melpool-ph-2\/"},"modified":"2024-07-08T08:47:30","modified_gmt":"2024-07-08T07:47:30","slug":"melpool-ph-2","status":"publish","type":"product","link":"https:\/\/www.melpool.com\/no\/produkt\/melpool-ph-2\/","title":{"rendered":"Melpool pH+"},"content":{"rendered":"\n<p><strong>\u00d8ker pH-verdien til sv\u00f8mmebassengvannet<\/strong> . <\/p>\n\n<p>pH-verdien er viktig for optimal funksjon av klor\/desinfeksjonsprodukter. pH-verdi som er for lav kan f\u00f8re til korrosivitet (filterpumpe). H\u00f8ykvalitets, hurtigoppl\u00f8selig granulat.<\/p>\n","protected":false},"excerpt":{"rendered":"<p>\u00d8ker pH-verdien til sv\u00f8mmebassengvannet . pH-verdien er viktig for optimal funksjon av klor\/desinfeksjonsprodukter. pH-verdi som er for lav kan f\u00f8re til korrosivitet (filterpumpe). H\u00f8ykvalitets, hurtigoppl\u00f8selig granulat.<\/p>\n","protected":false},"featured_media":4385,"template":"","behandeling":[157],"product_categorie":[156],"product_type":[],"class_list":["post-4850","product","type-product","status-publish","has-post-thumbnail","hentry","behandeling-ph-verdi","product_categorie-stabilisatorer-no"],"acf":[],"yoast_head":"<!-- This site is optimized with the Yoast SEO plugin v27.3 - https:\/\/yoast.com\/product\/yoast-seo-wordpress\/ -->\n<title>Melpool pH+ - Melpool<\/title>\n<meta name=\"robots\" content=\"index, follow, max-snippet:-1, max-image-preview:large, max-video-preview:-1\" \/>\n<link rel=\"canonical\" href=\"https:\/\/www.melpool.com\/no\/produkt\/melpool-ph-2\/\" \/>\n<meta property=\"og:locale\" content=\"nb_NO\" \/>\n<meta property=\"og:type\" content=\"article\" \/>\n<meta property=\"og:title\" content=\"Melpool pH+ - Melpool\" \/>\n<meta property=\"og:description\" content=\"\u00d8ker pH-verdien til sv\u00f8mmebassengvannet . pH-verdien er viktig for optimal funksjon av klor\/desinfeksjonsprodukter. pH-verdi som er for lav kan f\u00f8re til korrosivitet (filterpumpe). H\u00f8ykvalitets, hurtigoppl\u00f8selig granulat.\" \/>\n<meta property=\"og:url\" content=\"https:\/\/www.melpool.com\/no\/produkt\/melpool-ph-2\/\" \/>\n<meta property=\"og:site_name\" content=\"Melpool\" \/>\n<meta property=\"article:modified_time\" content=\"2024-07-08T07:47:30+00:00\" \/>\n<meta property=\"og:image\" content=\"https:\/\/www.melpool.com\/wp-content\/uploads\/2022\/04\/Melpool.5kg.pH_.-NL.jpg\" \/>\n\t<meta property=\"og:image:width\" content=\"2000\" \/>\n\t<meta property=\"og:image:height\" content=\"2500\" \/>\n\t<meta property=\"og:image:type\" content=\"image\/jpeg\" \/>\n<meta name=\"twitter:card\" content=\"summary_large_image\" \/>\n<script type=\"application\/ld+json\" class=\"yoast-schema-graph\">{\"@context\":\"https:\\\/\\\/schema.org\",\"@graph\":[{\"@type\":\"WebPage\",\"@id\":\"https:\\\/\\\/www.melpool.com\\\/no\\\/produkt\\\/melpool-ph-2\\\/\",\"url\":\"https:\\\/\\\/www.melpool.com\\\/no\\\/produkt\\\/melpool-ph-2\\\/\",\"name\":\"Melpool pH+ - Melpool\",\"isPartOf\":{\"@id\":\"https:\\\/\\\/www.melpool.com\\\/no\\\/#website\"},\"primaryImageOfPage\":{\"@id\":\"https:\\\/\\\/www.melpool.com\\\/no\\\/produkt\\\/melpool-ph-2\\\/#primaryimage\"},\"image\":{\"@id\":\"https:\\\/\\\/www.melpool.com\\\/no\\\/produkt\\\/melpool-ph-2\\\/#primaryimage\"},\"thumbnailUrl\":\"https:\\\/\\\/www.melpool.com\\\/wp-content\\\/uploads\\\/2022\\\/04\\\/Melpool.5kg.pH_.-NL.jpg\",\"datePublished\":\"2022-12-23T13:35:20+00:00\",\"dateModified\":\"2024-07-08T07:47:30+00:00\",\"breadcrumb\":{\"@id\":\"https:\\\/\\\/www.melpool.com\\\/no\\\/produkt\\\/melpool-ph-2\\\/#breadcrumb\"},\"inLanguage\":\"nb-NO\",\"potentialAction\":[{\"@type\":\"ReadAction\",\"target\":[\"https:\\\/\\\/www.melpool.com\\\/no\\\/produkt\\\/melpool-ph-2\\\/\"]}]},{\"@type\":\"ImageObject\",\"inLanguage\":\"nb-NO\",\"@id\":\"https:\\\/\\\/www.melpool.com\\\/no\\\/produkt\\\/melpool-ph-2\\\/#primaryimage\",\"url\":\"https:\\\/\\\/www.melpool.com\\\/wp-content\\\/uploads\\\/2022\\\/04\\\/Melpool.5kg.pH_.-NL.jpg\",\"contentUrl\":\"https:\\\/\\\/www.melpool.com\\\/wp-content\\\/uploads\\\/2022\\\/04\\\/Melpool.5kg.pH_.-NL.jpg\",\"width\":2000,\"height\":2500},{\"@type\":\"BreadcrumbList\",\"@id\":\"https:\\\/\\\/www.melpool.com\\\/no\\\/produkt\\\/melpool-ph-2\\\/#breadcrumb\",\"itemListElement\":[{\"@type\":\"ListItem\",\"position\":1,\"name\":\"Home\",\"item\":\"https:\\\/\\\/www.melpool.com\\\/no\\\/\"},{\"@type\":\"ListItem\",\"position\":2,\"name\":\"Produkter\",\"item\":\"https:\\\/\\\/www.melpool.com\\\/no\\\/produkt\\\/\"},{\"@type\":\"ListItem\",\"position\":3,\"name\":\"Stabilisatorer\",\"item\":\"https:\\\/\\\/www.melpool.com\\\/no\\\/produktkategori\\\/stabilisatorer-no\\\/\"},{\"@type\":\"ListItem\",\"position\":4,\"name\":\"Melpool pH+\"}]},{\"@type\":\"WebSite\",\"@id\":\"https:\\\/\\\/www.melpool.com\\\/no\\\/#website\",\"url\":\"https:\\\/\\\/www.melpool.com\\\/no\\\/\",\"name\":\"Melpool\",\"description\":\"Alles voor waterbehandeling van uw zwembad\",\"publisher\":{\"@id\":\"https:\\\/\\\/www.melpool.com\\\/no\\\/#organization\"},\"potentialAction\":[{\"@type\":\"SearchAction\",\"target\":{\"@type\":\"EntryPoint\",\"urlTemplate\":\"https:\\\/\\\/www.melpool.com\\\/no\\\/?s={search_term_string}\"},\"query-input\":{\"@type\":\"PropertyValueSpecification\",\"valueRequired\":true,\"valueName\":\"search_term_string\"}}],\"inLanguage\":\"nb-NO\"},{\"@type\":\"Organization\",\"@id\":\"https:\\\/\\\/www.melpool.com\\\/no\\\/#organization\",\"name\":\"Melpool\",\"url\":\"https:\\\/\\\/www.melpool.com\\\/no\\\/\",\"logo\":{\"@type\":\"ImageObject\",\"inLanguage\":\"nb-NO\",\"@id\":\"https:\\\/\\\/www.melpool.com\\\/no\\\/#\\\/schema\\\/logo\\\/image\\\/\",\"url\":\"https:\\\/\\\/www.melpool.com\\\/wp-content\\\/uploads\\\/2021\\\/08\\\/Melpool-Logo-blauw.png\",\"contentUrl\":\"https:\\\/\\\/www.melpool.com\\\/wp-content\\\/uploads\\\/2021\\\/08\\\/Melpool-Logo-blauw.png\",\"width\":1729,\"height\":542,\"caption\":\"Melpool\"},\"image\":{\"@id\":\"https:\\\/\\\/www.melpool.com\\\/no\\\/#\\\/schema\\\/logo\\\/image\\\/\"}}]}<\/script>\n<!-- \/ Yoast SEO plugin. -->","yoast_head_json":{"title":"Melpool pH+ - Melpool","robots":{"index":"index","follow":"follow","max-snippet":"max-snippet:-1","max-image-preview":"max-image-preview:large","max-video-preview":"max-video-preview:-1"},"canonical":"https:\/\/www.melpool.com\/no\/produkt\/melpool-ph-2\/","og_locale":"nb_NO","og_type":"article","og_title":"Melpool pH+ - Melpool","og_description":"\u00d8ker pH-verdien til sv\u00f8mmebassengvannet . pH-verdien er viktig for optimal funksjon av klor\/desinfeksjonsprodukter. pH-verdi som er for lav kan f\u00f8re til korrosivitet (filterpumpe). H\u00f8ykvalitets, hurtigoppl\u00f8selig granulat.","og_url":"https:\/\/www.melpool.com\/no\/produkt\/melpool-ph-2\/","og_site_name":"Melpool","article_modified_time":"2024-07-08T07:47:30+00:00","og_image":[{"width":2000,"height":2500,"url":"https:\/\/www.melpool.com\/wp-content\/uploads\/2022\/04\/Melpool.5kg.pH_.-NL.jpg","type":"image\/jpeg"}],"twitter_card":"summary_large_image","schema":{"@context":"https:\/\/schema.org","@graph":[{"@type":"WebPage","@id":"https:\/\/www.melpool.com\/no\/produkt\/melpool-ph-2\/","url":"https:\/\/www.melpool.com\/no\/produkt\/melpool-ph-2\/","name":"Melpool pH+ - Melpool","isPartOf":{"@id":"https:\/\/www.melpool.com\/no\/#website"},"primaryImageOfPage":{"@id":"https:\/\/www.melpool.com\/no\/produkt\/melpool-ph-2\/#primaryimage"},"image":{"@id":"https:\/\/www.melpool.com\/no\/produkt\/melpool-ph-2\/#primaryimage"},"thumbnailUrl":"https:\/\/www.melpool.com\/wp-content\/uploads\/2022\/04\/Melpool.5kg.pH_.-NL.jpg","datePublished":"2022-12-23T13:35:20+00:00","dateModified":"2024-07-08T07:47:30+00:00","breadcrumb":{"@id":"https:\/\/www.melpool.com\/no\/produkt\/melpool-ph-2\/#breadcrumb"},"inLanguage":"nb-NO","potentialAction":[{"@type":"ReadAction","target":["https:\/\/www.melpool.com\/no\/produkt\/melpool-ph-2\/"]}]},{"@type":"ImageObject","inLanguage":"nb-NO","@id":"https:\/\/www.melpool.com\/no\/produkt\/melpool-ph-2\/#primaryimage","url":"https:\/\/www.melpool.com\/wp-content\/uploads\/2022\/04\/Melpool.5kg.pH_.-NL.jpg","contentUrl":"https:\/\/www.melpool.com\/wp-content\/uploads\/2022\/04\/Melpool.5kg.pH_.-NL.jpg","width":2000,"height":2500},{"@type":"BreadcrumbList","@id":"https:\/\/www.melpool.com\/no\/produkt\/melpool-ph-2\/#breadcrumb","itemListElement":[{"@type":"ListItem","position":1,"name":"Home","item":"https:\/\/www.melpool.com\/no\/"},{"@type":"ListItem","position":2,"name":"Produkter","item":"https:\/\/www.melpool.com\/no\/produkt\/"},{"@type":"ListItem","position":3,"name":"Stabilisatorer","item":"https:\/\/www.melpool.com\/no\/produktkategori\/stabilisatorer-no\/"},{"@type":"ListItem","position":4,"name":"Melpool pH+"}]},{"@type":"WebSite","@id":"https:\/\/www.melpool.com\/no\/#website","url":"https:\/\/www.melpool.com\/no\/","name":"Melpool","description":"Alles voor waterbehandeling van uw zwembad","publisher":{"@id":"https:\/\/www.melpool.com\/no\/#organization"},"potentialAction":[{"@type":"SearchAction","target":{"@type":"EntryPoint","urlTemplate":"https:\/\/www.melpool.com\/no\/?s={search_term_string}"},"query-input":{"@type":"PropertyValueSpecification","valueRequired":true,"valueName":"search_term_string"}}],"inLanguage":"nb-NO"},{"@type":"Organization","@id":"https:\/\/www.melpool.com\/no\/#organization","name":"Melpool","url":"https:\/\/www.melpool.com\/no\/","logo":{"@type":"ImageObject","inLanguage":"nb-NO","@id":"https:\/\/www.melpool.com\/no\/#\/schema\/logo\/image\/","url":"https:\/\/www.melpool.com\/wp-content\/uploads\/2021\/08\/Melpool-Logo-blauw.png","contentUrl":"https:\/\/www.melpool.com\/wp-content\/uploads\/2021\/08\/Melpool-Logo-blauw.png","width":1729,"height":542,"caption":"Melpool"},"image":{"@id":"https:\/\/www.melpool.com\/no\/#\/schema\/logo\/image\/"}}]}},"_links":{"self":[{"href":"https:\/\/www.melpool.com\/no\/wp-json\/wp\/v2\/product\/4850","targetHints":{"allow":["GET"]}}],"collection":[{"href":"https:\/\/www.melpool.com\/no\/wp-json\/wp\/v2\/product"}],"about":[{"href":"https:\/\/www.melpool.com\/no\/wp-json\/wp\/v2\/types\/product"}],"wp:featuredmedia":[{"embeddable":true,"href":"https:\/\/www.melpool.com\/no\/wp-json\/wp\/v2\/media\/4385"}],"wp:attachment":[{"href":"https:\/\/www.melpool.com\/no\/wp-json\/wp\/v2\/media?parent=4850"}],"wp:term":[{"taxonomy":"behandeling","embeddable":true,"href":"https:\/\/www.melpool.com\/no\/wp-json\/wp\/v2\/behandeling?post=4850"},{"taxonomy":"product_categorie","embeddable":true,"href":"https:\/\/www.melpool.com\/no\/wp-json\/wp\/v2\/product_categorie?post=4850"},{"taxonomy":"product_type","embeddable":true,"href":"https:\/\/www.melpool.com\/no\/wp-json\/wp\/v2\/product_type?post=4850"}],"curies":[{"name":"wp","href":"https:\/\/api.w.org\/{rel}","templated":true}]}}