{"id":4895,"date":"2022-12-23T13:49:21","date_gmt":"2022-12-23T13:49:21","guid":{"rendered":"https:\/\/melpool.i-aspect.com\/product\/melpool-gel-d\/"},"modified":"2023-03-02T12:39:07","modified_gmt":"2023-03-02T12:39:07","slug":"melpool-gel-d","status":"publish","type":"product","link":"https:\/\/www.melpool.com\/no\/produkt\/melpool-gel-d\/","title":{"rendered":"Melpool GEL-D"},"content":{"rendered":"\n<p><strong>Kantrensende vaskemiddel for sv\u00f8mmebasseng og spa<\/strong> . <\/p>\n\n<p>Fjerner og forhindrer fete avleiringer p\u00e5 vannkanten. Spesielt mot avleiringer av solkrem, sminke og hudoljer. Kraftig mot organiske avleiringer, sk\u00e5nsom mot sensitive overflater. H\u00f8ykvalitets bassengkantrens med gelegenskaper. Fester ekstra godt til veggen. Passer for enhver bassengoverflate. <\/p>\n","protected":false},"excerpt":{"rendered":"<p>Kantrensende vaskemiddel for sv\u00f8mmebasseng og spa . Fjerner og forhindrer fete avleiringer p\u00e5 vannkanten. Spesielt mot avleiringer av solkrem, sminke og hudoljer. Kraftig mot organiske avleiringer, sk\u00e5nsom mot sensitive overflater. H\u00f8ykvalitets bassengkantrens med gelegenskaper. Fester ekstra godt til veggen. Passer for enhver bassengoverflate.<\/p>\n","protected":false},"featured_media":4371,"template":"","behandeling":[180,150],"product_categorie":[181],"product_type":[],"class_list":["post-4895","product","type-product","status-publish","has-post-thumbnail","hentry","behandeling-rengjoring","behandeling-start-opp-og-doser","product_categorie-rengjoring"],"acf":[],"yoast_head":"<!-- This site is optimized with the Yoast SEO plugin v27.4 - https:\/\/yoast.com\/product\/yoast-seo-wordpress\/ -->\n<title>Melpool GEL-D - Melpool<\/title>\n<meta name=\"robots\" content=\"index, follow, max-snippet:-1, max-image-preview:large, max-video-preview:-1\" \/>\n<link rel=\"canonical\" href=\"https:\/\/www.melpool.com\/no\/produkt\/melpool-gel-d\/\" \/>\n<meta property=\"og:locale\" content=\"nb_NO\" \/>\n<meta property=\"og:type\" content=\"article\" \/>\n<meta property=\"og:title\" content=\"Melpool GEL-D - Melpool\" \/>\n<meta property=\"og:description\" content=\"Kantrensende vaskemiddel for sv\u00f8mmebasseng og spa . Fjerner og forhindrer fete avleiringer p\u00e5 vannkanten. Spesielt mot avleiringer av solkrem, sminke og hudoljer. Kraftig mot organiske avleiringer, sk\u00e5nsom mot sensitive overflater. H\u00f8ykvalitets bassengkantrens med gelegenskaper. Fester ekstra godt til veggen. Passer for enhver bassengoverflate.\" \/>\n<meta property=\"og:url\" content=\"https:\/\/www.melpool.com\/no\/produkt\/melpool-gel-d\/\" \/>\n<meta property=\"og:site_name\" content=\"Melpool\" \/>\n<meta property=\"article:modified_time\" content=\"2023-03-02T12:39:07+00:00\" \/>\n<meta property=\"og:image\" content=\"https:\/\/www.melpool.com\/wp-content\/uploads\/2022\/04\/Melpool.1L.Gel-D-NL.jpg\" \/>\n\t<meta property=\"og:image:width\" content=\"2000\" \/>\n\t<meta property=\"og:image:height\" content=\"2500\" \/>\n\t<meta property=\"og:image:type\" content=\"image\/jpeg\" \/>\n<meta name=\"twitter:card\" content=\"summary_large_image\" \/>\n<script type=\"application\/ld+json\" class=\"yoast-schema-graph\">{\"@context\":\"https:\\\/\\\/schema.org\",\"@graph\":[{\"@type\":\"WebPage\",\"@id\":\"https:\\\/\\\/www.melpool.com\\\/no\\\/produkt\\\/melpool-gel-d\\\/\",\"url\":\"https:\\\/\\\/www.melpool.com\\\/no\\\/produkt\\\/melpool-gel-d\\\/\",\"name\":\"Melpool GEL-D - Melpool\",\"isPartOf\":{\"@id\":\"https:\\\/\\\/www.melpool.com\\\/no\\\/#website\"},\"primaryImageOfPage\":{\"@id\":\"https:\\\/\\\/www.melpool.com\\\/no\\\/produkt\\\/melpool-gel-d\\\/#primaryimage\"},\"image\":{\"@id\":\"https:\\\/\\\/www.melpool.com\\\/no\\\/produkt\\\/melpool-gel-d\\\/#primaryimage\"},\"thumbnailUrl\":\"https:\\\/\\\/www.melpool.com\\\/wp-content\\\/uploads\\\/2022\\\/04\\\/Melpool.1L.Gel-D-NL.jpg\",\"datePublished\":\"2022-12-23T13:49:21+00:00\",\"dateModified\":\"2023-03-02T12:39:07+00:00\",\"breadcrumb\":{\"@id\":\"https:\\\/\\\/www.melpool.com\\\/no\\\/produkt\\\/melpool-gel-d\\\/#breadcrumb\"},\"inLanguage\":\"nb-NO\",\"potentialAction\":[{\"@type\":\"ReadAction\",\"target\":[\"https:\\\/\\\/www.melpool.com\\\/no\\\/produkt\\\/melpool-gel-d\\\/\"]}]},{\"@type\":\"ImageObject\",\"inLanguage\":\"nb-NO\",\"@id\":\"https:\\\/\\\/www.melpool.com\\\/no\\\/produkt\\\/melpool-gel-d\\\/#primaryimage\",\"url\":\"https:\\\/\\\/www.melpool.com\\\/wp-content\\\/uploads\\\/2022\\\/04\\\/Melpool.1L.Gel-D-NL.jpg\",\"contentUrl\":\"https:\\\/\\\/www.melpool.com\\\/wp-content\\\/uploads\\\/2022\\\/04\\\/Melpool.1L.Gel-D-NL.jpg\",\"width\":2000,\"height\":2500},{\"@type\":\"BreadcrumbList\",\"@id\":\"https:\\\/\\\/www.melpool.com\\\/no\\\/produkt\\\/melpool-gel-d\\\/#breadcrumb\",\"itemListElement\":[{\"@type\":\"ListItem\",\"position\":1,\"name\":\"Home\",\"item\":\"https:\\\/\\\/www.melpool.com\\\/no\\\/\"},{\"@type\":\"ListItem\",\"position\":2,\"name\":\"Produkter\",\"item\":\"https:\\\/\\\/www.melpool.com\\\/no\\\/produkt\\\/\"},{\"@type\":\"ListItem\",\"position\":3,\"name\":\"Rengj\u00f8ring\",\"item\":\"https:\\\/\\\/www.melpool.com\\\/no\\\/produktkategori\\\/rengjoring\\\/\"},{\"@type\":\"ListItem\",\"position\":4,\"name\":\"Melpool GEL-D\"}]},{\"@type\":\"WebSite\",\"@id\":\"https:\\\/\\\/www.melpool.com\\\/no\\\/#website\",\"url\":\"https:\\\/\\\/www.melpool.com\\\/no\\\/\",\"name\":\"Melpool\",\"description\":\"Alles voor waterbehandeling van uw zwembad\",\"publisher\":{\"@id\":\"https:\\\/\\\/www.melpool.com\\\/no\\\/#organization\"},\"potentialAction\":[{\"@type\":\"SearchAction\",\"target\":{\"@type\":\"EntryPoint\",\"urlTemplate\":\"https:\\\/\\\/www.melpool.com\\\/no\\\/?s={search_term_string}\"},\"query-input\":{\"@type\":\"PropertyValueSpecification\",\"valueRequired\":true,\"valueName\":\"search_term_string\"}}],\"inLanguage\":\"nb-NO\"},{\"@type\":\"Organization\",\"@id\":\"https:\\\/\\\/www.melpool.com\\\/no\\\/#organization\",\"name\":\"Melpool\",\"url\":\"https:\\\/\\\/www.melpool.com\\\/no\\\/\",\"logo\":{\"@type\":\"ImageObject\",\"inLanguage\":\"nb-NO\",\"@id\":\"https:\\\/\\\/www.melpool.com\\\/no\\\/#\\\/schema\\\/logo\\\/image\\\/\",\"url\":\"https:\\\/\\\/www.melpool.com\\\/wp-content\\\/uploads\\\/2021\\\/08\\\/Melpool-Logo-blauw.png\",\"contentUrl\":\"https:\\\/\\\/www.melpool.com\\\/wp-content\\\/uploads\\\/2021\\\/08\\\/Melpool-Logo-blauw.png\",\"width\":1729,\"height\":542,\"caption\":\"Melpool\"},\"image\":{\"@id\":\"https:\\\/\\\/www.melpool.com\\\/no\\\/#\\\/schema\\\/logo\\\/image\\\/\"}}]}<\/script>\n<!-- \/ Yoast SEO plugin. -->","yoast_head_json":{"title":"Melpool GEL-D - Melpool","robots":{"index":"index","follow":"follow","max-snippet":"max-snippet:-1","max-image-preview":"max-image-preview:large","max-video-preview":"max-video-preview:-1"},"canonical":"https:\/\/www.melpool.com\/no\/produkt\/melpool-gel-d\/","og_locale":"nb_NO","og_type":"article","og_title":"Melpool GEL-D - Melpool","og_description":"Kantrensende vaskemiddel for sv\u00f8mmebasseng og spa . Fjerner og forhindrer fete avleiringer p\u00e5 vannkanten. Spesielt mot avleiringer av solkrem, sminke og hudoljer. Kraftig mot organiske avleiringer, sk\u00e5nsom mot sensitive overflater. H\u00f8ykvalitets bassengkantrens med gelegenskaper. Fester ekstra godt til veggen. Passer for enhver bassengoverflate.","og_url":"https:\/\/www.melpool.com\/no\/produkt\/melpool-gel-d\/","og_site_name":"Melpool","article_modified_time":"2023-03-02T12:39:07+00:00","og_image":[{"width":2000,"height":2500,"url":"https:\/\/www.melpool.com\/wp-content\/uploads\/2022\/04\/Melpool.1L.Gel-D-NL.jpg","type":"image\/jpeg"}],"twitter_card":"summary_large_image","schema":{"@context":"https:\/\/schema.org","@graph":[{"@type":"WebPage","@id":"https:\/\/www.melpool.com\/no\/produkt\/melpool-gel-d\/","url":"https:\/\/www.melpool.com\/no\/produkt\/melpool-gel-d\/","name":"Melpool GEL-D - Melpool","isPartOf":{"@id":"https:\/\/www.melpool.com\/no\/#website"},"primaryImageOfPage":{"@id":"https:\/\/www.melpool.com\/no\/produkt\/melpool-gel-d\/#primaryimage"},"image":{"@id":"https:\/\/www.melpool.com\/no\/produkt\/melpool-gel-d\/#primaryimage"},"thumbnailUrl":"https:\/\/www.melpool.com\/wp-content\/uploads\/2022\/04\/Melpool.1L.Gel-D-NL.jpg","datePublished":"2022-12-23T13:49:21+00:00","dateModified":"2023-03-02T12:39:07+00:00","breadcrumb":{"@id":"https:\/\/www.melpool.com\/no\/produkt\/melpool-gel-d\/#breadcrumb"},"inLanguage":"nb-NO","potentialAction":[{"@type":"ReadAction","target":["https:\/\/www.melpool.com\/no\/produkt\/melpool-gel-d\/"]}]},{"@type":"ImageObject","inLanguage":"nb-NO","@id":"https:\/\/www.melpool.com\/no\/produkt\/melpool-gel-d\/#primaryimage","url":"https:\/\/www.melpool.com\/wp-content\/uploads\/2022\/04\/Melpool.1L.Gel-D-NL.jpg","contentUrl":"https:\/\/www.melpool.com\/wp-content\/uploads\/2022\/04\/Melpool.1L.Gel-D-NL.jpg","width":2000,"height":2500},{"@type":"BreadcrumbList","@id":"https:\/\/www.melpool.com\/no\/produkt\/melpool-gel-d\/#breadcrumb","itemListElement":[{"@type":"ListItem","position":1,"name":"Home","item":"https:\/\/www.melpool.com\/no\/"},{"@type":"ListItem","position":2,"name":"Produkter","item":"https:\/\/www.melpool.com\/no\/produkt\/"},{"@type":"ListItem","position":3,"name":"Rengj\u00f8ring","item":"https:\/\/www.melpool.com\/no\/produktkategori\/rengjoring\/"},{"@type":"ListItem","position":4,"name":"Melpool GEL-D"}]},{"@type":"WebSite","@id":"https:\/\/www.melpool.com\/no\/#website","url":"https:\/\/www.melpool.com\/no\/","name":"Melpool","description":"Alles voor waterbehandeling van uw zwembad","publisher":{"@id":"https:\/\/www.melpool.com\/no\/#organization"},"potentialAction":[{"@type":"SearchAction","target":{"@type":"EntryPoint","urlTemplate":"https:\/\/www.melpool.com\/no\/?s={search_term_string}"},"query-input":{"@type":"PropertyValueSpecification","valueRequired":true,"valueName":"search_term_string"}}],"inLanguage":"nb-NO"},{"@type":"Organization","@id":"https:\/\/www.melpool.com\/no\/#organization","name":"Melpool","url":"https:\/\/www.melpool.com\/no\/","logo":{"@type":"ImageObject","inLanguage":"nb-NO","@id":"https:\/\/www.melpool.com\/no\/#\/schema\/logo\/image\/","url":"https:\/\/www.melpool.com\/wp-content\/uploads\/2021\/08\/Melpool-Logo-blauw.png","contentUrl":"https:\/\/www.melpool.com\/wp-content\/uploads\/2021\/08\/Melpool-Logo-blauw.png","width":1729,"height":542,"caption":"Melpool"},"image":{"@id":"https:\/\/www.melpool.com\/no\/#\/schema\/logo\/image\/"}}]}},"_links":{"self":[{"href":"https:\/\/www.melpool.com\/no\/wp-json\/wp\/v2\/product\/4895","targetHints":{"allow":["GET"]}}],"collection":[{"href":"https:\/\/www.melpool.com\/no\/wp-json\/wp\/v2\/product"}],"about":[{"href":"https:\/\/www.melpool.com\/no\/wp-json\/wp\/v2\/types\/product"}],"wp:featuredmedia":[{"embeddable":true,"href":"https:\/\/www.melpool.com\/no\/wp-json\/wp\/v2\/media\/4371"}],"wp:attachment":[{"href":"https:\/\/www.melpool.com\/no\/wp-json\/wp\/v2\/media?parent=4895"}],"wp:term":[{"taxonomy":"behandeling","embeddable":true,"href":"https:\/\/www.melpool.com\/no\/wp-json\/wp\/v2\/behandeling?post=4895"},{"taxonomy":"product_categorie","embeddable":true,"href":"https:\/\/www.melpool.com\/no\/wp-json\/wp\/v2\/product_categorie?post=4895"},{"taxonomy":"product_type","embeddable":true,"href":"https:\/\/www.melpool.com\/no\/wp-json\/wp\/v2\/product_type?post=4895"}],"curies":[{"name":"wp","href":"https:\/\/api.w.org\/{rel}","templated":true}]}}