{"id":4930,"date":"2022-12-23T13:58:14","date_gmt":"2022-12-23T13:58:14","guid":{"rendered":"https:\/\/melpool.i-aspect.com\/product\/melpool-mf-200\/"},"modified":"2022-12-27T20:02:49","modified_gmt":"2022-12-27T20:02:49","slug":"melpool-mf-200","status":"publish","type":"product","link":"https:\/\/www.melpool.com\/no\/produkt\/melpool-mf-200\/","title":{"rendered":"Melpool MF\/200"},"content":{"rendered":"\n<p><strong>Desinfiserende stabilisator algicid flokkuleringsmiddel for sv\u00f8mmebassenger<\/strong> . <\/p>\n\n<p>Langsomt oppl\u00f8selig multifunksjonelt desinfeksjonsmiddel i tabletter (200g). Ideell for langvarig og jevn desinfeksjon av sv\u00f8mmebassengvann. Multifunksjon: desinfeksjon, anti-alger, flokkuleringsmiddel og stabilisering (UV). tabletter; praktisk og lett \u00e5 dosere. Forebyggende effekt mot alger og organiske avleiringer\/belastning. H\u00f8yt stabilt klorinnhold: Min. 90 %. For bruk i mykt og hardt vann.<\/p>\n","protected":false},"excerpt":{"rendered":"<p>Desinfiserende stabilisator algicid flokkuleringsmiddel for sv\u00f8mmebassenger . Langsomt oppl\u00f8selig multifunksjonelt desinfeksjonsmiddel i tabletter (200g). Ideell for langvarig og jevn desinfeksjon av sv\u00f8mmebassengvann. Multifunksjon: desinfeksjon, anti-alger, flokkuleringsmiddel og stabilisering (UV). tabletter; praktisk og lett \u00e5 dosere. Forebyggende effekt mot alger og organiske avleiringer\/belastning. H\u00f8yt stabilt klorinnhold: Min. 90 %. For bruk i mykt og hardt vann.<\/p>\n","protected":false},"featured_media":4383,"template":"","behandeling":[],"product_categorie":[144],"product_type":[136],"class_list":["post-4930","product","type-product","status-publish","has-post-thumbnail","hentry","product_categorie-desinfeksjon","product_type-nettbrett"],"acf":[],"yoast_head":"<!-- This site is optimized with the Yoast SEO plugin v27.3 - https:\/\/yoast.com\/product\/yoast-seo-wordpress\/ -->\n<title>Melpool MF\/200 - Melpool<\/title>\n<meta name=\"robots\" content=\"index, follow, max-snippet:-1, max-image-preview:large, max-video-preview:-1\" \/>\n<link rel=\"canonical\" href=\"https:\/\/www.melpool.com\/no\/produkt\/melpool-mf-200\/\" \/>\n<meta property=\"og:locale\" content=\"nb_NO\" \/>\n<meta property=\"og:type\" content=\"article\" \/>\n<meta property=\"og:title\" content=\"Melpool MF\/200 - Melpool\" \/>\n<meta property=\"og:description\" content=\"Desinfiserende stabilisator algicid flokkuleringsmiddel for sv\u00f8mmebassenger . Langsomt oppl\u00f8selig multifunksjonelt desinfeksjonsmiddel i tabletter (200g). Ideell for langvarig og jevn desinfeksjon av sv\u00f8mmebassengvann. Multifunksjon: desinfeksjon, anti-alger, flokkuleringsmiddel og stabilisering (UV). tabletter; praktisk og lett \u00e5 dosere. Forebyggende effekt mot alger og organiske avleiringer\/belastning. H\u00f8yt stabilt klorinnhold: Min. 90 %. For bruk i mykt og hardt vann.\" \/>\n<meta property=\"og:url\" content=\"https:\/\/www.melpool.com\/no\/produkt\/melpool-mf-200\/\" \/>\n<meta property=\"og:site_name\" content=\"Melpool\" \/>\n<meta property=\"article:modified_time\" content=\"2022-12-27T20:02:49+00:00\" \/>\n<meta property=\"og:image\" content=\"https:\/\/www.melpool.com\/wp-content\/uploads\/2022\/04\/Melpool.5kg.MF-200-EN.jpg\" \/>\n\t<meta property=\"og:image:width\" content=\"2000\" \/>\n\t<meta property=\"og:image:height\" content=\"2500\" \/>\n\t<meta property=\"og:image:type\" content=\"image\/jpeg\" \/>\n<meta name=\"twitter:card\" content=\"summary_large_image\" \/>\n<script type=\"application\/ld+json\" class=\"yoast-schema-graph\">{\"@context\":\"https:\\\/\\\/schema.org\",\"@graph\":[{\"@type\":\"WebPage\",\"@id\":\"https:\\\/\\\/www.melpool.com\\\/no\\\/produkt\\\/melpool-mf-200\\\/\",\"url\":\"https:\\\/\\\/www.melpool.com\\\/no\\\/produkt\\\/melpool-mf-200\\\/\",\"name\":\"Melpool MF\\\/200 - Melpool\",\"isPartOf\":{\"@id\":\"https:\\\/\\\/www.melpool.com\\\/no\\\/#website\"},\"primaryImageOfPage\":{\"@id\":\"https:\\\/\\\/www.melpool.com\\\/no\\\/produkt\\\/melpool-mf-200\\\/#primaryimage\"},\"image\":{\"@id\":\"https:\\\/\\\/www.melpool.com\\\/no\\\/produkt\\\/melpool-mf-200\\\/#primaryimage\"},\"thumbnailUrl\":\"https:\\\/\\\/www.melpool.com\\\/wp-content\\\/uploads\\\/2022\\\/04\\\/Melpool.5kg.MF-200-EN.jpg\",\"datePublished\":\"2022-12-23T13:58:14+00:00\",\"dateModified\":\"2022-12-27T20:02:49+00:00\",\"breadcrumb\":{\"@id\":\"https:\\\/\\\/www.melpool.com\\\/no\\\/produkt\\\/melpool-mf-200\\\/#breadcrumb\"},\"inLanguage\":\"nb-NO\",\"potentialAction\":[{\"@type\":\"ReadAction\",\"target\":[\"https:\\\/\\\/www.melpool.com\\\/no\\\/produkt\\\/melpool-mf-200\\\/\"]}]},{\"@type\":\"ImageObject\",\"inLanguage\":\"nb-NO\",\"@id\":\"https:\\\/\\\/www.melpool.com\\\/no\\\/produkt\\\/melpool-mf-200\\\/#primaryimage\",\"url\":\"https:\\\/\\\/www.melpool.com\\\/wp-content\\\/uploads\\\/2022\\\/04\\\/Melpool.5kg.MF-200-EN.jpg\",\"contentUrl\":\"https:\\\/\\\/www.melpool.com\\\/wp-content\\\/uploads\\\/2022\\\/04\\\/Melpool.5kg.MF-200-EN.jpg\",\"width\":2000,\"height\":2500},{\"@type\":\"BreadcrumbList\",\"@id\":\"https:\\\/\\\/www.melpool.com\\\/no\\\/produkt\\\/melpool-mf-200\\\/#breadcrumb\",\"itemListElement\":[{\"@type\":\"ListItem\",\"position\":1,\"name\":\"Home\",\"item\":\"https:\\\/\\\/www.melpool.com\\\/no\\\/\"},{\"@type\":\"ListItem\",\"position\":2,\"name\":\"Produkter\",\"item\":\"https:\\\/\\\/www.melpool.com\\\/no\\\/produkt\\\/\"},{\"@type\":\"ListItem\",\"position\":3,\"name\":\"Desinfeksjon\",\"item\":\"https:\\\/\\\/www.melpool.com\\\/no\\\/produktkategori\\\/desinfeksjon\\\/\"},{\"@type\":\"ListItem\",\"position\":4,\"name\":\"Melpool MF\\\/200\"}]},{\"@type\":\"WebSite\",\"@id\":\"https:\\\/\\\/www.melpool.com\\\/no\\\/#website\",\"url\":\"https:\\\/\\\/www.melpool.com\\\/no\\\/\",\"name\":\"Melpool\",\"description\":\"Alles voor waterbehandeling van uw zwembad\",\"publisher\":{\"@id\":\"https:\\\/\\\/www.melpool.com\\\/no\\\/#organization\"},\"potentialAction\":[{\"@type\":\"SearchAction\",\"target\":{\"@type\":\"EntryPoint\",\"urlTemplate\":\"https:\\\/\\\/www.melpool.com\\\/no\\\/?s={search_term_string}\"},\"query-input\":{\"@type\":\"PropertyValueSpecification\",\"valueRequired\":true,\"valueName\":\"search_term_string\"}}],\"inLanguage\":\"nb-NO\"},{\"@type\":\"Organization\",\"@id\":\"https:\\\/\\\/www.melpool.com\\\/no\\\/#organization\",\"name\":\"Melpool\",\"url\":\"https:\\\/\\\/www.melpool.com\\\/no\\\/\",\"logo\":{\"@type\":\"ImageObject\",\"inLanguage\":\"nb-NO\",\"@id\":\"https:\\\/\\\/www.melpool.com\\\/no\\\/#\\\/schema\\\/logo\\\/image\\\/\",\"url\":\"https:\\\/\\\/www.melpool.com\\\/wp-content\\\/uploads\\\/2021\\\/08\\\/Melpool-Logo-blauw.png\",\"contentUrl\":\"https:\\\/\\\/www.melpool.com\\\/wp-content\\\/uploads\\\/2021\\\/08\\\/Melpool-Logo-blauw.png\",\"width\":1729,\"height\":542,\"caption\":\"Melpool\"},\"image\":{\"@id\":\"https:\\\/\\\/www.melpool.com\\\/no\\\/#\\\/schema\\\/logo\\\/image\\\/\"}}]}<\/script>\n<!-- \/ Yoast SEO plugin. -->","yoast_head_json":{"title":"Melpool MF\/200 - Melpool","robots":{"index":"index","follow":"follow","max-snippet":"max-snippet:-1","max-image-preview":"max-image-preview:large","max-video-preview":"max-video-preview:-1"},"canonical":"https:\/\/www.melpool.com\/no\/produkt\/melpool-mf-200\/","og_locale":"nb_NO","og_type":"article","og_title":"Melpool MF\/200 - Melpool","og_description":"Desinfiserende stabilisator algicid flokkuleringsmiddel for sv\u00f8mmebassenger . Langsomt oppl\u00f8selig multifunksjonelt desinfeksjonsmiddel i tabletter (200g). Ideell for langvarig og jevn desinfeksjon av sv\u00f8mmebassengvann. Multifunksjon: desinfeksjon, anti-alger, flokkuleringsmiddel og stabilisering (UV). tabletter; praktisk og lett \u00e5 dosere. Forebyggende effekt mot alger og organiske avleiringer\/belastning. H\u00f8yt stabilt klorinnhold: Min. 90 %. For bruk i mykt og hardt vann.","og_url":"https:\/\/www.melpool.com\/no\/produkt\/melpool-mf-200\/","og_site_name":"Melpool","article_modified_time":"2022-12-27T20:02:49+00:00","og_image":[{"width":2000,"height":2500,"url":"https:\/\/www.melpool.com\/wp-content\/uploads\/2022\/04\/Melpool.5kg.MF-200-EN.jpg","type":"image\/jpeg"}],"twitter_card":"summary_large_image","schema":{"@context":"https:\/\/schema.org","@graph":[{"@type":"WebPage","@id":"https:\/\/www.melpool.com\/no\/produkt\/melpool-mf-200\/","url":"https:\/\/www.melpool.com\/no\/produkt\/melpool-mf-200\/","name":"Melpool MF\/200 - Melpool","isPartOf":{"@id":"https:\/\/www.melpool.com\/no\/#website"},"primaryImageOfPage":{"@id":"https:\/\/www.melpool.com\/no\/produkt\/melpool-mf-200\/#primaryimage"},"image":{"@id":"https:\/\/www.melpool.com\/no\/produkt\/melpool-mf-200\/#primaryimage"},"thumbnailUrl":"https:\/\/www.melpool.com\/wp-content\/uploads\/2022\/04\/Melpool.5kg.MF-200-EN.jpg","datePublished":"2022-12-23T13:58:14+00:00","dateModified":"2022-12-27T20:02:49+00:00","breadcrumb":{"@id":"https:\/\/www.melpool.com\/no\/produkt\/melpool-mf-200\/#breadcrumb"},"inLanguage":"nb-NO","potentialAction":[{"@type":"ReadAction","target":["https:\/\/www.melpool.com\/no\/produkt\/melpool-mf-200\/"]}]},{"@type":"ImageObject","inLanguage":"nb-NO","@id":"https:\/\/www.melpool.com\/no\/produkt\/melpool-mf-200\/#primaryimage","url":"https:\/\/www.melpool.com\/wp-content\/uploads\/2022\/04\/Melpool.5kg.MF-200-EN.jpg","contentUrl":"https:\/\/www.melpool.com\/wp-content\/uploads\/2022\/04\/Melpool.5kg.MF-200-EN.jpg","width":2000,"height":2500},{"@type":"BreadcrumbList","@id":"https:\/\/www.melpool.com\/no\/produkt\/melpool-mf-200\/#breadcrumb","itemListElement":[{"@type":"ListItem","position":1,"name":"Home","item":"https:\/\/www.melpool.com\/no\/"},{"@type":"ListItem","position":2,"name":"Produkter","item":"https:\/\/www.melpool.com\/no\/produkt\/"},{"@type":"ListItem","position":3,"name":"Desinfeksjon","item":"https:\/\/www.melpool.com\/no\/produktkategori\/desinfeksjon\/"},{"@type":"ListItem","position":4,"name":"Melpool MF\/200"}]},{"@type":"WebSite","@id":"https:\/\/www.melpool.com\/no\/#website","url":"https:\/\/www.melpool.com\/no\/","name":"Melpool","description":"Alles voor waterbehandeling van uw zwembad","publisher":{"@id":"https:\/\/www.melpool.com\/no\/#organization"},"potentialAction":[{"@type":"SearchAction","target":{"@type":"EntryPoint","urlTemplate":"https:\/\/www.melpool.com\/no\/?s={search_term_string}"},"query-input":{"@type":"PropertyValueSpecification","valueRequired":true,"valueName":"search_term_string"}}],"inLanguage":"nb-NO"},{"@type":"Organization","@id":"https:\/\/www.melpool.com\/no\/#organization","name":"Melpool","url":"https:\/\/www.melpool.com\/no\/","logo":{"@type":"ImageObject","inLanguage":"nb-NO","@id":"https:\/\/www.melpool.com\/no\/#\/schema\/logo\/image\/","url":"https:\/\/www.melpool.com\/wp-content\/uploads\/2021\/08\/Melpool-Logo-blauw.png","contentUrl":"https:\/\/www.melpool.com\/wp-content\/uploads\/2021\/08\/Melpool-Logo-blauw.png","width":1729,"height":542,"caption":"Melpool"},"image":{"@id":"https:\/\/www.melpool.com\/no\/#\/schema\/logo\/image\/"}}]}},"_links":{"self":[{"href":"https:\/\/www.melpool.com\/no\/wp-json\/wp\/v2\/product\/4930","targetHints":{"allow":["GET"]}}],"collection":[{"href":"https:\/\/www.melpool.com\/no\/wp-json\/wp\/v2\/product"}],"about":[{"href":"https:\/\/www.melpool.com\/no\/wp-json\/wp\/v2\/types\/product"}],"wp:featuredmedia":[{"embeddable":true,"href":"https:\/\/www.melpool.com\/no\/wp-json\/wp\/v2\/media\/4383"}],"wp:attachment":[{"href":"https:\/\/www.melpool.com\/no\/wp-json\/wp\/v2\/media?parent=4930"}],"wp:term":[{"taxonomy":"behandeling","embeddable":true,"href":"https:\/\/www.melpool.com\/no\/wp-json\/wp\/v2\/behandeling?post=4930"},{"taxonomy":"product_categorie","embeddable":true,"href":"https:\/\/www.melpool.com\/no\/wp-json\/wp\/v2\/product_categorie?post=4930"},{"taxonomy":"product_type","embeddable":true,"href":"https:\/\/www.melpool.com\/no\/wp-json\/wp\/v2\/product_type?post=4930"}],"curies":[{"name":"wp","href":"https:\/\/api.w.org\/{rel}","templated":true}]}}