{"id":7006,"date":"2023-03-21T19:35:17","date_gmt":"2023-03-21T18:35:17","guid":{"rendered":"https:\/\/www.melpool.com\/product\/melpool-70-g-2\/"},"modified":"2023-03-22T10:29:32","modified_gmt":"2023-03-22T09:29:32","slug":"melpool-70-g","status":"publish","type":"product","link":"https:\/\/www.melpool.com\/no\/produkt\/melpool-70-g\/","title":{"rendered":"Melpool 70\/G"},"content":{"rendered":"\n<p><strong>Granulat for desinfeksjon og algekontroll<\/strong> . <\/p>\n\n\n\n<p>Raskt oppl\u00f8sende klorgranulat (min. 70 % Cl). Meget effektiv mot alger og organiske avleiringer. Ideell for et klorsjokk og sesongstart. For kontinuerlig desinfeksjon i mykt og middels hardt vann. Klorprodukt av h\u00f8y kvalitet: ogs\u00e5 egnet for offentlige sv\u00f8mmebassenger og desinfeksjon av drikkevann. Inneholder ingen klorstabilisator: ingen risiko for overstabilisering av klor.<\/p>\n","protected":false},"excerpt":{"rendered":"<p>Granulat for desinfeksjon og algekontroll . Raskt oppl\u00f8sende klorgranulat (min. 70 % Cl). Meget effektiv mot alger og organiske avleiringer. Ideell for et klorsjokk og sesongstart. For kontinuerlig desinfeksjon i mykt og middels hardt vann. Klorprodukt av h\u00f8y kvalitet: ogs\u00e5 egnet for offentlige sv\u00f8mmebassenger og desinfeksjon av drikkevann. Inneholder ingen klorstabilisator: ingen risiko for overstabilisering [&hellip;]<\/p>\n","protected":false},"featured_media":5104,"template":"","behandeling":[150],"product_categorie":[144],"product_type":[],"class_list":["post-7006","product","type-product","status-publish","has-post-thumbnail","hentry","behandeling-start-opp-og-doser","product_categorie-desinfeksjon"],"acf":[],"yoast_head":"<!-- This site is optimized with the Yoast SEO plugin v27.4 - https:\/\/yoast.com\/product\/yoast-seo-wordpress\/ -->\n<title>Melpool 70\/G - Melpool<\/title>\n<meta name=\"robots\" content=\"index, follow, max-snippet:-1, max-image-preview:large, max-video-preview:-1\" \/>\n<link rel=\"canonical\" href=\"https:\/\/www.melpool.com\/no\/produkt\/melpool-70-g\/\" \/>\n<meta property=\"og:locale\" content=\"nb_NO\" \/>\n<meta property=\"og:type\" content=\"article\" \/>\n<meta property=\"og:title\" content=\"Melpool 70\/G - Melpool\" \/>\n<meta property=\"og:description\" content=\"Granulat for desinfeksjon og algekontroll . Raskt oppl\u00f8sende klorgranulat (min. 70 % Cl). Meget effektiv mot alger og organiske avleiringer. Ideell for et klorsjokk og sesongstart. For kontinuerlig desinfeksjon i mykt og middels hardt vann. Klorprodukt av h\u00f8y kvalitet: ogs\u00e5 egnet for offentlige sv\u00f8mmebassenger og desinfeksjon av drikkevann. Inneholder ingen klorstabilisator: ingen risiko for overstabilisering [&hellip;]\" \/>\n<meta property=\"og:url\" content=\"https:\/\/www.melpool.com\/no\/produkt\/melpool-70-g\/\" \/>\n<meta property=\"og:site_name\" content=\"Melpool\" \/>\n<meta property=\"article:modified_time\" content=\"2023-03-22T09:29:32+00:00\" \/>\n<meta property=\"og:image\" content=\"https:\/\/www.melpool.com\/wp-content\/uploads\/2021\/10\/Melpool.5kg.70-G-EN.chlore-shock.jpg\" \/>\n\t<meta property=\"og:image:width\" content=\"2000\" \/>\n\t<meta property=\"og:image:height\" content=\"2500\" \/>\n\t<meta property=\"og:image:type\" content=\"image\/jpeg\" \/>\n<meta name=\"twitter:card\" content=\"summary_large_image\" \/>\n<meta name=\"twitter:label1\" content=\"Ansl. lesetid\" \/>\n\t<meta name=\"twitter:data1\" content=\"1 minutt\" \/>\n<script type=\"application\/ld+json\" class=\"yoast-schema-graph\">{\"@context\":\"https:\\\/\\\/schema.org\",\"@graph\":[{\"@type\":\"WebPage\",\"@id\":\"https:\\\/\\\/www.melpool.com\\\/no\\\/produkt\\\/melpool-70-g\\\/\",\"url\":\"https:\\\/\\\/www.melpool.com\\\/no\\\/produkt\\\/melpool-70-g\\\/\",\"name\":\"Melpool 70\\\/G - Melpool\",\"isPartOf\":{\"@id\":\"https:\\\/\\\/www.melpool.com\\\/no\\\/#website\"},\"primaryImageOfPage\":{\"@id\":\"https:\\\/\\\/www.melpool.com\\\/no\\\/produkt\\\/melpool-70-g\\\/#primaryimage\"},\"image\":{\"@id\":\"https:\\\/\\\/www.melpool.com\\\/no\\\/produkt\\\/melpool-70-g\\\/#primaryimage\"},\"thumbnailUrl\":\"https:\\\/\\\/www.melpool.com\\\/wp-content\\\/uploads\\\/2021\\\/10\\\/Melpool.5kg.70-G-EN.chlore-shock.jpg\",\"datePublished\":\"2023-03-21T18:35:17+00:00\",\"dateModified\":\"2023-03-22T09:29:32+00:00\",\"breadcrumb\":{\"@id\":\"https:\\\/\\\/www.melpool.com\\\/no\\\/produkt\\\/melpool-70-g\\\/#breadcrumb\"},\"inLanguage\":\"nb-NO\",\"potentialAction\":[{\"@type\":\"ReadAction\",\"target\":[\"https:\\\/\\\/www.melpool.com\\\/no\\\/produkt\\\/melpool-70-g\\\/\"]}]},{\"@type\":\"ImageObject\",\"inLanguage\":\"nb-NO\",\"@id\":\"https:\\\/\\\/www.melpool.com\\\/no\\\/produkt\\\/melpool-70-g\\\/#primaryimage\",\"url\":\"https:\\\/\\\/www.melpool.com\\\/wp-content\\\/uploads\\\/2021\\\/10\\\/Melpool.5kg.70-G-EN.chlore-shock.jpg\",\"contentUrl\":\"https:\\\/\\\/www.melpool.com\\\/wp-content\\\/uploads\\\/2021\\\/10\\\/Melpool.5kg.70-G-EN.chlore-shock.jpg\",\"width\":2000,\"height\":2500},{\"@type\":\"BreadcrumbList\",\"@id\":\"https:\\\/\\\/www.melpool.com\\\/no\\\/produkt\\\/melpool-70-g\\\/#breadcrumb\",\"itemListElement\":[{\"@type\":\"ListItem\",\"position\":1,\"name\":\"Home\",\"item\":\"https:\\\/\\\/www.melpool.com\\\/no\\\/\"},{\"@type\":\"ListItem\",\"position\":2,\"name\":\"Produkter\",\"item\":\"https:\\\/\\\/www.melpool.com\\\/no\\\/produkt\\\/\"},{\"@type\":\"ListItem\",\"position\":3,\"name\":\"Desinfeksjon\",\"item\":\"https:\\\/\\\/www.melpool.com\\\/no\\\/produktkategori\\\/desinfeksjon\\\/\"},{\"@type\":\"ListItem\",\"position\":4,\"name\":\"Melpool 70\\\/G\"}]},{\"@type\":\"WebSite\",\"@id\":\"https:\\\/\\\/www.melpool.com\\\/no\\\/#website\",\"url\":\"https:\\\/\\\/www.melpool.com\\\/no\\\/\",\"name\":\"Melpool\",\"description\":\"Alles voor waterbehandeling van uw zwembad\",\"publisher\":{\"@id\":\"https:\\\/\\\/www.melpool.com\\\/no\\\/#organization\"},\"potentialAction\":[{\"@type\":\"SearchAction\",\"target\":{\"@type\":\"EntryPoint\",\"urlTemplate\":\"https:\\\/\\\/www.melpool.com\\\/no\\\/?s={search_term_string}\"},\"query-input\":{\"@type\":\"PropertyValueSpecification\",\"valueRequired\":true,\"valueName\":\"search_term_string\"}}],\"inLanguage\":\"nb-NO\"},{\"@type\":\"Organization\",\"@id\":\"https:\\\/\\\/www.melpool.com\\\/no\\\/#organization\",\"name\":\"Melpool\",\"url\":\"https:\\\/\\\/www.melpool.com\\\/no\\\/\",\"logo\":{\"@type\":\"ImageObject\",\"inLanguage\":\"nb-NO\",\"@id\":\"https:\\\/\\\/www.melpool.com\\\/no\\\/#\\\/schema\\\/logo\\\/image\\\/\",\"url\":\"https:\\\/\\\/www.melpool.com\\\/wp-content\\\/uploads\\\/2021\\\/08\\\/Melpool-Logo-blauw.png\",\"contentUrl\":\"https:\\\/\\\/www.melpool.com\\\/wp-content\\\/uploads\\\/2021\\\/08\\\/Melpool-Logo-blauw.png\",\"width\":1729,\"height\":542,\"caption\":\"Melpool\"},\"image\":{\"@id\":\"https:\\\/\\\/www.melpool.com\\\/no\\\/#\\\/schema\\\/logo\\\/image\\\/\"}}]}<\/script>\n<!-- \/ Yoast SEO plugin. -->","yoast_head_json":{"title":"Melpool 70\/G - Melpool","robots":{"index":"index","follow":"follow","max-snippet":"max-snippet:-1","max-image-preview":"max-image-preview:large","max-video-preview":"max-video-preview:-1"},"canonical":"https:\/\/www.melpool.com\/no\/produkt\/melpool-70-g\/","og_locale":"nb_NO","og_type":"article","og_title":"Melpool 70\/G - Melpool","og_description":"Granulat for desinfeksjon og algekontroll . Raskt oppl\u00f8sende klorgranulat (min. 70 % Cl). Meget effektiv mot alger og organiske avleiringer. Ideell for et klorsjokk og sesongstart. For kontinuerlig desinfeksjon i mykt og middels hardt vann. Klorprodukt av h\u00f8y kvalitet: ogs\u00e5 egnet for offentlige sv\u00f8mmebassenger og desinfeksjon av drikkevann. Inneholder ingen klorstabilisator: ingen risiko for overstabilisering [&hellip;]","og_url":"https:\/\/www.melpool.com\/no\/produkt\/melpool-70-g\/","og_site_name":"Melpool","article_modified_time":"2023-03-22T09:29:32+00:00","og_image":[{"width":2000,"height":2500,"url":"https:\/\/www.melpool.com\/wp-content\/uploads\/2021\/10\/Melpool.5kg.70-G-EN.chlore-shock.jpg","type":"image\/jpeg"}],"twitter_card":"summary_large_image","twitter_misc":{"Ansl. lesetid":"1 minutt"},"schema":{"@context":"https:\/\/schema.org","@graph":[{"@type":"WebPage","@id":"https:\/\/www.melpool.com\/no\/produkt\/melpool-70-g\/","url":"https:\/\/www.melpool.com\/no\/produkt\/melpool-70-g\/","name":"Melpool 70\/G - Melpool","isPartOf":{"@id":"https:\/\/www.melpool.com\/no\/#website"},"primaryImageOfPage":{"@id":"https:\/\/www.melpool.com\/no\/produkt\/melpool-70-g\/#primaryimage"},"image":{"@id":"https:\/\/www.melpool.com\/no\/produkt\/melpool-70-g\/#primaryimage"},"thumbnailUrl":"https:\/\/www.melpool.com\/wp-content\/uploads\/2021\/10\/Melpool.5kg.70-G-EN.chlore-shock.jpg","datePublished":"2023-03-21T18:35:17+00:00","dateModified":"2023-03-22T09:29:32+00:00","breadcrumb":{"@id":"https:\/\/www.melpool.com\/no\/produkt\/melpool-70-g\/#breadcrumb"},"inLanguage":"nb-NO","potentialAction":[{"@type":"ReadAction","target":["https:\/\/www.melpool.com\/no\/produkt\/melpool-70-g\/"]}]},{"@type":"ImageObject","inLanguage":"nb-NO","@id":"https:\/\/www.melpool.com\/no\/produkt\/melpool-70-g\/#primaryimage","url":"https:\/\/www.melpool.com\/wp-content\/uploads\/2021\/10\/Melpool.5kg.70-G-EN.chlore-shock.jpg","contentUrl":"https:\/\/www.melpool.com\/wp-content\/uploads\/2021\/10\/Melpool.5kg.70-G-EN.chlore-shock.jpg","width":2000,"height":2500},{"@type":"BreadcrumbList","@id":"https:\/\/www.melpool.com\/no\/produkt\/melpool-70-g\/#breadcrumb","itemListElement":[{"@type":"ListItem","position":1,"name":"Home","item":"https:\/\/www.melpool.com\/no\/"},{"@type":"ListItem","position":2,"name":"Produkter","item":"https:\/\/www.melpool.com\/no\/produkt\/"},{"@type":"ListItem","position":3,"name":"Desinfeksjon","item":"https:\/\/www.melpool.com\/no\/produktkategori\/desinfeksjon\/"},{"@type":"ListItem","position":4,"name":"Melpool 70\/G"}]},{"@type":"WebSite","@id":"https:\/\/www.melpool.com\/no\/#website","url":"https:\/\/www.melpool.com\/no\/","name":"Melpool","description":"Alles voor waterbehandeling van uw zwembad","publisher":{"@id":"https:\/\/www.melpool.com\/no\/#organization"},"potentialAction":[{"@type":"SearchAction","target":{"@type":"EntryPoint","urlTemplate":"https:\/\/www.melpool.com\/no\/?s={search_term_string}"},"query-input":{"@type":"PropertyValueSpecification","valueRequired":true,"valueName":"search_term_string"}}],"inLanguage":"nb-NO"},{"@type":"Organization","@id":"https:\/\/www.melpool.com\/no\/#organization","name":"Melpool","url":"https:\/\/www.melpool.com\/no\/","logo":{"@type":"ImageObject","inLanguage":"nb-NO","@id":"https:\/\/www.melpool.com\/no\/#\/schema\/logo\/image\/","url":"https:\/\/www.melpool.com\/wp-content\/uploads\/2021\/08\/Melpool-Logo-blauw.png","contentUrl":"https:\/\/www.melpool.com\/wp-content\/uploads\/2021\/08\/Melpool-Logo-blauw.png","width":1729,"height":542,"caption":"Melpool"},"image":{"@id":"https:\/\/www.melpool.com\/no\/#\/schema\/logo\/image\/"}}]}},"_links":{"self":[{"href":"https:\/\/www.melpool.com\/no\/wp-json\/wp\/v2\/product\/7006","targetHints":{"allow":["GET"]}}],"collection":[{"href":"https:\/\/www.melpool.com\/no\/wp-json\/wp\/v2\/product"}],"about":[{"href":"https:\/\/www.melpool.com\/no\/wp-json\/wp\/v2\/types\/product"}],"wp:featuredmedia":[{"embeddable":true,"href":"https:\/\/www.melpool.com\/no\/wp-json\/wp\/v2\/media\/5104"}],"wp:attachment":[{"href":"https:\/\/www.melpool.com\/no\/wp-json\/wp\/v2\/media?parent=7006"}],"wp:term":[{"taxonomy":"behandeling","embeddable":true,"href":"https:\/\/www.melpool.com\/no\/wp-json\/wp\/v2\/behandeling?post=7006"},{"taxonomy":"product_categorie","embeddable":true,"href":"https:\/\/www.melpool.com\/no\/wp-json\/wp\/v2\/product_categorie?post=7006"},{"taxonomy":"product_type","embeddable":true,"href":"https:\/\/www.melpool.com\/no\/wp-json\/wp\/v2\/product_type?post=7006"}],"curies":[{"name":"wp","href":"https:\/\/api.w.org\/{rel}","templated":true}]}}