{"id":4672,"date":"2022-12-23T12:21:52","date_gmt":"2022-12-23T12:21:52","guid":{"rendered":"https:\/\/melpool.i-aspect.com\/om-oss\/"},"modified":"2023-03-21T15:36:03","modified_gmt":"2023-03-21T14:36:03","slug":"om-oss","status":"publish","type":"page","link":"https:\/\/www.melpool.com\/sv\/om-oss\/","title":{"rendered":"Om oss"},"content":{"rendered":"\t\t<div data-elementor-type=\"wp-page\" data-elementor-id=\"4672\" class=\"elementor elementor-4672 elementor-36\" data-elementor-post-type=\"page\">\n\t\t\t\t\t\t<section class=\"elementor-section elementor-top-section elementor-element elementor-element-44389f6 elementor-section-height-min-height elementor-section-boxed elementor-section-height-default elementor-section-items-middle\" data-id=\"44389f6\" data-element_type=\"section\" data-e-type=\"section\" data-settings=\"{&quot;background_background&quot;:&quot;classic&quot;}\">\n\t\t\t\t\t\t\t<div class=\"elementor-background-overlay\"><\/div>\n\t\t\t\t\t\t\t<div class=\"elementor-container elementor-column-gap-default\">\n\t\t\t\t\t<div class=\"elementor-column elementor-col-50 elementor-top-column elementor-element elementor-element-1481c51\" data-id=\"1481c51\" data-element_type=\"column\" data-e-type=\"column\">\n\t\t\t<div class=\"elementor-widget-wrap elementor-element-populated\">\n\t\t\t\t\t\t<div class=\"elementor-element elementor-element-23995ee elementor-widget elementor-widget-heading\" data-id=\"23995ee\" data-element_type=\"widget\" data-e-type=\"widget\" data-widget_type=\"heading.default\">\n\t\t\t\t<div class=\"elementor-widget-container\">\n\t\t\t\t\t<h1 class=\"elementor-heading-title elementor-size-default\">Om oss<\/h1>\t\t\t\t<\/div>\n\t\t\t\t<\/div>\n\t\t\t\t\t<\/div>\n\t\t<\/div>\n\t\t\t\t<div class=\"elementor-column elementor-col-50 elementor-top-column elementor-element elementor-element-6ec3ecb elementor-hidden-mobile\" data-id=\"6ec3ecb\" data-element_type=\"column\" data-e-type=\"column\">\n\t\t\t<div class=\"elementor-widget-wrap\">\n\t\t\t\t\t\t\t<\/div>\n\t\t<\/div>\n\t\t\t\t\t<\/div>\n\t\t<\/section>\n\t\t\t\t<section class=\"elementor-section elementor-top-section elementor-element elementor-element-97dc06f elementor-section-boxed elementor-section-height-default elementor-section-height-default elementor-invisible\" data-id=\"97dc06f\" data-element_type=\"section\" data-e-type=\"section\" data-settings=\"{&quot;animation&quot;:&quot;fadeInUp&quot;,&quot;animation_mobile&quot;:&quot;none&quot;}\">\n\t\t\t\t\t\t<div class=\"elementor-container elementor-column-gap-default\">\n\t\t\t\t\t<div class=\"elementor-column elementor-col-100 elementor-top-column elementor-element elementor-element-6785b2c\" data-id=\"6785b2c\" data-element_type=\"column\" data-e-type=\"column\">\n\t\t\t<div class=\"elementor-widget-wrap elementor-element-populated\">\n\t\t\t\t\t\t<section class=\"elementor-section elementor-inner-section elementor-element elementor-element-17bdd8a elementor-reverse-tablet elementor-reverse-mobile elementor-section-boxed elementor-section-height-default elementor-section-height-default\" data-id=\"17bdd8a\" data-element_type=\"section\" data-e-type=\"section\">\n\t\t\t\t\t\t<div class=\"elementor-container elementor-column-gap-default\">\n\t\t\t\t\t<div class=\"elementor-column elementor-col-50 elementor-inner-column elementor-element elementor-element-525e8bf\" data-id=\"525e8bf\" data-element_type=\"column\" data-e-type=\"column\">\n\t\t\t<div class=\"elementor-widget-wrap elementor-element-populated\">\n\t\t\t\t\t\t<div class=\"elementor-element elementor-element-bb1afcd elementor-widget elementor-widget-heading\" data-id=\"bb1afcd\" data-element_type=\"widget\" data-e-type=\"widget\" data-widget_type=\"heading.default\">\n\t\t\t\t<div class=\"elementor-widget-container\">\n\t\t\t\t\t<h2 class=\"elementor-heading-title elementor-size-default\">Melspring International B.V.<\/h2>\t\t\t\t<\/div>\n\t\t\t\t<\/div>\n\t\t\t\t<div class=\"elementor-element elementor-element-a256c1c elementor-widget elementor-widget-text-editor\" data-id=\"a256c1c\" data-element_type=\"widget\" data-e-type=\"widget\" data-widget_type=\"text-editor.default\">\n\t\t\t\t<div class=\"elementor-widget-container\">\n\t\t\t\t\t\t\t\t\t<p>Melpool \u00e4r ett varum\u00e4rke som tillh\u00f6r Melspring International B.V. Melspring ger r\u00e5d, utvecklar och levererar vattenhanteringsprodukter f\u00f6r att uppn\u00e5 och uppr\u00e4tth\u00e5lla hygieniskt rent, s\u00e4kert och anv\u00e4ndbart badvatten. Vare sig det \u00e4r sm\u00e5 uppst\u00e4llningspooler, en lyxig bubbelpool eller en arkitektonisk pool. Melspring erbjuder ett komplett sortiment av desinfektionsprodukter, h\u00f6gkvalitativa pH-stabilisatorer, flockningsmedel, antialger och reng\u00f6ringsprodukter f\u00f6r pooler och spaanl\u00e4ggningar. Med varum\u00e4rket Melpool betj\u00e4nar Melspring den professionella handeln.<\/p>\n\t\t\t\t\t\t\t\t<\/div>\n\t\t\t\t<\/div>\n\t\t\t\t\t<\/div>\n\t\t<\/div>\n\t\t\t\t<div class=\"elementor-column elementor-col-50 elementor-inner-column elementor-element elementor-element-508fb1c\" data-id=\"508fb1c\" data-element_type=\"column\" data-e-type=\"column\">\n\t\t\t<div class=\"elementor-widget-wrap elementor-element-populated\">\n\t\t\t\t\t\t<div class=\"elementor-element elementor-element-bfb7ec2 elementor-widget elementor-widget-image\" data-id=\"bfb7ec2\" data-element_type=\"widget\" data-e-type=\"widget\" data-widget_type=\"image.default\">\n\t\t\t\t<div class=\"elementor-widget-container\">\n\t\t\t\t\t\t\t\t\t\t\t\t\t\t\t<img fetchpriority=\"high\" decoding=\"async\" width=\"544\" height=\"352\" src=\"https:\/\/www.melpool.com\/wp-content\/uploads\/2021\/10\/Uniekeervaring_img.jpg\" class=\"attachment-full size-full wp-image-860\" alt=\"\" srcset=\"https:\/\/www.melpool.com\/wp-content\/uploads\/2021\/10\/Uniekeervaring_img.jpg 544w, https:\/\/www.melpool.com\/wp-content\/uploads\/2021\/10\/Uniekeervaring_img-300x194.jpg 300w\" sizes=\"(max-width: 544px) 100vw, 544px\" \/>\t\t\t\t\t\t\t\t\t\t\t\t\t\t\t<\/div>\n\t\t\t\t<\/div>\n\t\t\t\t\t<\/div>\n\t\t<\/div>\n\t\t\t\t\t<\/div>\n\t\t<\/section>\n\t\t\t\t\t<\/div>\n\t\t<\/div>\n\t\t\t\t\t<\/div>\n\t\t<\/section>\n\t\t\t\t<section class=\"elementor-section elementor-top-section elementor-element elementor-element-cc915b8 elementor-section-boxed elementor-section-height-default elementor-section-height-default elementor-invisible\" data-id=\"cc915b8\" data-element_type=\"section\" data-e-type=\"section\" data-settings=\"{&quot;animation&quot;:&quot;fadeInUp&quot;,&quot;animation_mobile&quot;:&quot;none&quot;}\">\n\t\t\t\t\t\t<div class=\"elementor-container elementor-column-gap-default\">\n\t\t\t\t\t<div class=\"elementor-column elementor-col-100 elementor-top-column elementor-element elementor-element-f778e77\" data-id=\"f778e77\" data-element_type=\"column\" data-e-type=\"column\">\n\t\t\t<div class=\"elementor-widget-wrap elementor-element-populated\">\n\t\t\t\t\t\t<section class=\"elementor-section elementor-inner-section elementor-element elementor-element-f85b358 elementor-reverse-tablet elementor-reverse-mobile elementor-section-boxed elementor-section-height-default elementor-section-height-default\" data-id=\"f85b358\" data-element_type=\"section\" data-e-type=\"section\">\n\t\t\t\t\t\t<div class=\"elementor-container elementor-column-gap-default\">\n\t\t\t\t\t<div class=\"elementor-column elementor-col-50 elementor-inner-column elementor-element elementor-element-131ec64 elementor-hidden-mobile\" data-id=\"131ec64\" data-element_type=\"column\" data-e-type=\"column\">\n\t\t\t<div class=\"elementor-widget-wrap elementor-element-populated\">\n\t\t\t\t\t\t<div class=\"elementor-element elementor-element-6d3aa0d elementor-widget elementor-widget-image\" data-id=\"6d3aa0d\" data-element_type=\"widget\" data-e-type=\"widget\" data-widget_type=\"image.default\">\n\t\t\t\t<div class=\"elementor-widget-container\">\n\t\t\t\t\t\t\t\t\t\t\t\t\t\t\t<img decoding=\"async\" width=\"544\" height=\"329\" data-src=\"https:\/\/www.melpool.com\/wp-content\/uploads\/2021\/10\/veilig.jpg\" class=\"attachment-full size-full wp-image-908 lazyload\" alt=\"\" data-srcset=\"https:\/\/www.melpool.com\/wp-content\/uploads\/2021\/10\/veilig.jpg 544w, https:\/\/www.melpool.com\/wp-content\/uploads\/2021\/10\/veilig-300x181.jpg 300w\" data-sizes=\"(max-width: 544px) 100vw, 544px\" src=\"data:image\/svg+xml;base64,PHN2ZyB3aWR0aD0iMSIgaGVpZ2h0PSIxIiB4bWxucz0iaHR0cDovL3d3dy53My5vcmcvMjAwMC9zdmciPjwvc3ZnPg==\" style=\"--smush-placeholder-width: 544px; --smush-placeholder-aspect-ratio: 544\/329;\" \/>\t\t\t\t\t\t\t\t\t\t\t\t\t\t\t<\/div>\n\t\t\t\t<\/div>\n\t\t\t\t\t<\/div>\n\t\t<\/div>\n\t\t\t\t<div class=\"elementor-column elementor-col-50 elementor-inner-column elementor-element elementor-element-52bcb6b\" data-id=\"52bcb6b\" data-element_type=\"column\" data-e-type=\"column\">\n\t\t\t<div class=\"elementor-widget-wrap elementor-element-populated\">\n\t\t\t\t\t\t<div class=\"elementor-element elementor-element-2275a11 elementor-widget elementor-widget-heading\" data-id=\"2275a11\" data-element_type=\"widget\" data-e-type=\"widget\" data-widget_type=\"heading.default\">\n\t\t\t\t<div class=\"elementor-widget-container\">\n\t\t\t\t\t<h2 class=\"elementor-heading-title elementor-size-default\">V\u00e5rt f\u00f6retag<\/h2>\t\t\t\t<\/div>\n\t\t\t\t<\/div>\n\t\t\t\t<div class=\"elementor-element elementor-element-12947ec elementor-widget elementor-widget-text-editor\" data-id=\"12947ec\" data-element_type=\"widget\" data-e-type=\"widget\" data-widget_type=\"text-editor.default\">\n\t\t\t\t<div class=\"elementor-widget-container\">\n\t\t\t\t\t\t\t\t\t<p>N\u00e4r Melspring grundades b\u00f6rjade f\u00f6retaget som ett import- och handelsf\u00f6retag f\u00f6r kemikalier. Under \u00e5rens lopp har organisationen vuxit till en stor internationell akt\u00f6r p\u00e5 marknaden med egen produktutveckling och ett globalt distributionsn\u00e4tverk. Med filialer och produktionslinjer i bland annat Nederl\u00e4nderna, Frankrike, Spanien och Tjeckien n\u00e5r Melsprings poolv\u00e5rdsprodukter slutanv\u00e4ndare i Europa, Mellan\u00f6stern, Afrika och Karibien. Melspring arbetar kontinuerligt med produktinnovationer&nbsp; f\u00f6r att f\u00e5 produkterna att optimalt motsvara behoven hos anv\u00e4ndarna av simbass\u00e4ngerna. Produkts\u00e4kerheten kommer alltid i f\u00f6rsta hand:<\/p>\n<ul>\n<li>Omfattande urval av produkter och r\u00e5varor<\/li>\n<li>F\u00f6rpackningsmaterial av h\u00f6g kvalitet (ADR, barns\u00e4ker f\u00f6rslutning osv.).<\/li>\n<li>Omfattande teknisk dokumentation<\/li>\n<li>Bred kunskap och erfarenhet Pool Care-teamet<\/li>\n<li>Utbildning om anv\u00e4ndning av vattenreningsprodukter<br><br><\/li>\n<\/ul>\n<p>Mer p\u00e5 <a href=\"http:\/\/www.melspring.com\">www.melspring.com<\/a><\/p>\t\t\t\t\t\t\t\t<\/div>\n\t\t\t\t<\/div>\n\t\t\t\t\t<\/div>\n\t\t<\/div>\n\t\t\t\t\t<\/div>\n\t\t<\/section>\n\t\t\t\t\t<\/div>\n\t\t<\/div>\n\t\t\t\t\t<\/div>\n\t\t<\/section>\n\t\t\t\t<\/div>\n\t\t","protected":false},"excerpt":{"rendered":"<p>Om oss Melspring International B.V. Melpool \u00e4r ett varum\u00e4rke som tillh\u00f6r Melspring International B.V. Melspring ger r\u00e5d, utvecklar och levererar vattenhanteringsprodukter f\u00f6r att uppn\u00e5 och uppr\u00e4tth\u00e5lla hygieniskt rent, s\u00e4kert och anv\u00e4ndbart badvatten. Vare sig det \u00e4r sm\u00e5 uppst\u00e4llningspooler, en lyxig bubbelpool eller en arkitektonisk pool. Melspring erbjuder ett komplett sortiment av desinfektionsprodukter, h\u00f6gkvalitativa pH-stabilisatorer, flockningsmedel, [&hellip;]<\/p>\n","protected":false},"author":1,"featured_media":0,"parent":0,"menu_order":0,"comment_status":"closed","ping_status":"closed","template":"","meta":{"_acf_changed":false,"footnotes":""},"class_list":["post-4672","page","type-page","status-publish","hentry"],"acf":[],"yoast_head":"<!-- This site is optimized with the Yoast SEO plugin v27.4 - https:\/\/yoast.com\/product\/yoast-seo-wordpress\/ -->\n<title>Om oss - Melpool<\/title>\n<meta name=\"robots\" content=\"index, follow, max-snippet:-1, max-image-preview:large, max-video-preview:-1\" \/>\n<link rel=\"canonical\" href=\"https:\/\/www.melpool.com\/sv\/om-oss\/\" \/>\n<meta property=\"og:locale\" content=\"sv_SE\" \/>\n<meta property=\"og:type\" content=\"article\" \/>\n<meta property=\"og:title\" content=\"Om oss - Melpool\" \/>\n<meta property=\"og:description\" content=\"Om oss Melspring International B.V. Melpool \u00e4r ett varum\u00e4rke som tillh\u00f6r Melspring International B.V. Melspring ger r\u00e5d, utvecklar och levererar vattenhanteringsprodukter f\u00f6r att uppn\u00e5 och uppr\u00e4tth\u00e5lla hygieniskt rent, s\u00e4kert och anv\u00e4ndbart badvatten. Vare sig det \u00e4r sm\u00e5 uppst\u00e4llningspooler, en lyxig bubbelpool eller en arkitektonisk pool. Melspring erbjuder ett komplett sortiment av desinfektionsprodukter, h\u00f6gkvalitativa pH-stabilisatorer, flockningsmedel, [&hellip;]\" \/>\n<meta property=\"og:url\" content=\"https:\/\/www.melpool.com\/sv\/om-oss\/\" \/>\n<meta property=\"og:site_name\" content=\"Melpool\" \/>\n<meta property=\"article:modified_time\" content=\"2023-03-21T14:36:03+00:00\" \/>\n<meta property=\"og:image\" content=\"https:\/\/www.melpool.com\/wp-content\/uploads\/2021\/10\/Uniekeervaring_img.jpg\" \/>\n<meta name=\"twitter:card\" content=\"summary_large_image\" \/>\n<meta name=\"twitter:label1\" content=\"Ber\u00e4knad l\u00e4stid\" \/>\n\t<meta name=\"twitter:data1\" content=\"1 minut\" \/>\n<script type=\"application\/ld+json\" class=\"yoast-schema-graph\">{\"@context\":\"https:\\\/\\\/schema.org\",\"@graph\":[{\"@type\":\"WebPage\",\"@id\":\"https:\\\/\\\/www.melpool.com\\\/sv\\\/om-oss\\\/\",\"url\":\"https:\\\/\\\/www.melpool.com\\\/sv\\\/om-oss\\\/\",\"name\":\"Om oss - Melpool\",\"isPartOf\":{\"@id\":\"https:\\\/\\\/www.melpool.com\\\/sv\\\/#website\"},\"primaryImageOfPage\":{\"@id\":\"https:\\\/\\\/www.melpool.com\\\/sv\\\/om-oss\\\/#primaryimage\"},\"image\":{\"@id\":\"https:\\\/\\\/www.melpool.com\\\/sv\\\/om-oss\\\/#primaryimage\"},\"thumbnailUrl\":\"https:\\\/\\\/www.melpool.com\\\/wp-content\\\/uploads\\\/2021\\\/10\\\/Uniekeervaring_img.jpg\",\"datePublished\":\"2022-12-23T12:21:52+00:00\",\"dateModified\":\"2023-03-21T14:36:03+00:00\",\"breadcrumb\":{\"@id\":\"https:\\\/\\\/www.melpool.com\\\/sv\\\/om-oss\\\/#breadcrumb\"},\"inLanguage\":\"sv-SE\",\"potentialAction\":[{\"@type\":\"ReadAction\",\"target\":[\"https:\\\/\\\/www.melpool.com\\\/sv\\\/om-oss\\\/\"]}]},{\"@type\":\"ImageObject\",\"inLanguage\":\"sv-SE\",\"@id\":\"https:\\\/\\\/www.melpool.com\\\/sv\\\/om-oss\\\/#primaryimage\",\"url\":\"https:\\\/\\\/www.melpool.com\\\/wp-content\\\/uploads\\\/2021\\\/10\\\/Uniekeervaring_img.jpg\",\"contentUrl\":\"https:\\\/\\\/www.melpool.com\\\/wp-content\\\/uploads\\\/2021\\\/10\\\/Uniekeervaring_img.jpg\"},{\"@type\":\"BreadcrumbList\",\"@id\":\"https:\\\/\\\/www.melpool.com\\\/sv\\\/om-oss\\\/#breadcrumb\",\"itemListElement\":[{\"@type\":\"ListItem\",\"position\":1,\"name\":\"Home\",\"item\":\"https:\\\/\\\/www.melpool.com\\\/sv\\\/\"},{\"@type\":\"ListItem\",\"position\":2,\"name\":\"Om oss\"}]},{\"@type\":\"WebSite\",\"@id\":\"https:\\\/\\\/www.melpool.com\\\/sv\\\/#website\",\"url\":\"https:\\\/\\\/www.melpool.com\\\/sv\\\/\",\"name\":\"Melpool\",\"description\":\"Alles voor waterbehandeling van uw zwembad\",\"publisher\":{\"@id\":\"https:\\\/\\\/www.melpool.com\\\/sv\\\/#organization\"},\"potentialAction\":[{\"@type\":\"SearchAction\",\"target\":{\"@type\":\"EntryPoint\",\"urlTemplate\":\"https:\\\/\\\/www.melpool.com\\\/sv\\\/?s={search_term_string}\"},\"query-input\":{\"@type\":\"PropertyValueSpecification\",\"valueRequired\":true,\"valueName\":\"search_term_string\"}}],\"inLanguage\":\"sv-SE\"},{\"@type\":\"Organization\",\"@id\":\"https:\\\/\\\/www.melpool.com\\\/sv\\\/#organization\",\"name\":\"Melpool\",\"url\":\"https:\\\/\\\/www.melpool.com\\\/sv\\\/\",\"logo\":{\"@type\":\"ImageObject\",\"inLanguage\":\"sv-SE\",\"@id\":\"https:\\\/\\\/www.melpool.com\\\/sv\\\/#\\\/schema\\\/logo\\\/image\\\/\",\"url\":\"https:\\\/\\\/www.melpool.com\\\/wp-content\\\/uploads\\\/2021\\\/08\\\/Melpool-Logo-blauw.png\",\"contentUrl\":\"https:\\\/\\\/www.melpool.com\\\/wp-content\\\/uploads\\\/2021\\\/08\\\/Melpool-Logo-blauw.png\",\"width\":1729,\"height\":542,\"caption\":\"Melpool\"},\"image\":{\"@id\":\"https:\\\/\\\/www.melpool.com\\\/sv\\\/#\\\/schema\\\/logo\\\/image\\\/\"}}]}<\/script>\n<!-- \/ Yoast SEO plugin. -->","yoast_head_json":{"title":"Om oss - Melpool","robots":{"index":"index","follow":"follow","max-snippet":"max-snippet:-1","max-image-preview":"max-image-preview:large","max-video-preview":"max-video-preview:-1"},"canonical":"https:\/\/www.melpool.com\/sv\/om-oss\/","og_locale":"sv_SE","og_type":"article","og_title":"Om oss - Melpool","og_description":"Om oss Melspring International B.V. Melpool \u00e4r ett varum\u00e4rke som tillh\u00f6r Melspring International B.V. Melspring ger r\u00e5d, utvecklar och levererar vattenhanteringsprodukter f\u00f6r att uppn\u00e5 och uppr\u00e4tth\u00e5lla hygieniskt rent, s\u00e4kert och anv\u00e4ndbart badvatten. Vare sig det \u00e4r sm\u00e5 uppst\u00e4llningspooler, en lyxig bubbelpool eller en arkitektonisk pool. Melspring erbjuder ett komplett sortiment av desinfektionsprodukter, h\u00f6gkvalitativa pH-stabilisatorer, flockningsmedel, [&hellip;]","og_url":"https:\/\/www.melpool.com\/sv\/om-oss\/","og_site_name":"Melpool","article_modified_time":"2023-03-21T14:36:03+00:00","og_image":[{"url":"https:\/\/www.melpool.com\/wp-content\/uploads\/2021\/10\/Uniekeervaring_img.jpg","type":"","width":"","height":""}],"twitter_card":"summary_large_image","twitter_misc":{"Ber\u00e4knad l\u00e4stid":"1 minut"},"schema":{"@context":"https:\/\/schema.org","@graph":[{"@type":"WebPage","@id":"https:\/\/www.melpool.com\/sv\/om-oss\/","url":"https:\/\/www.melpool.com\/sv\/om-oss\/","name":"Om oss - Melpool","isPartOf":{"@id":"https:\/\/www.melpool.com\/sv\/#website"},"primaryImageOfPage":{"@id":"https:\/\/www.melpool.com\/sv\/om-oss\/#primaryimage"},"image":{"@id":"https:\/\/www.melpool.com\/sv\/om-oss\/#primaryimage"},"thumbnailUrl":"https:\/\/www.melpool.com\/wp-content\/uploads\/2021\/10\/Uniekeervaring_img.jpg","datePublished":"2022-12-23T12:21:52+00:00","dateModified":"2023-03-21T14:36:03+00:00","breadcrumb":{"@id":"https:\/\/www.melpool.com\/sv\/om-oss\/#breadcrumb"},"inLanguage":"sv-SE","potentialAction":[{"@type":"ReadAction","target":["https:\/\/www.melpool.com\/sv\/om-oss\/"]}]},{"@type":"ImageObject","inLanguage":"sv-SE","@id":"https:\/\/www.melpool.com\/sv\/om-oss\/#primaryimage","url":"https:\/\/www.melpool.com\/wp-content\/uploads\/2021\/10\/Uniekeervaring_img.jpg","contentUrl":"https:\/\/www.melpool.com\/wp-content\/uploads\/2021\/10\/Uniekeervaring_img.jpg"},{"@type":"BreadcrumbList","@id":"https:\/\/www.melpool.com\/sv\/om-oss\/#breadcrumb","itemListElement":[{"@type":"ListItem","position":1,"name":"Home","item":"https:\/\/www.melpool.com\/sv\/"},{"@type":"ListItem","position":2,"name":"Om oss"}]},{"@type":"WebSite","@id":"https:\/\/www.melpool.com\/sv\/#website","url":"https:\/\/www.melpool.com\/sv\/","name":"Melpool","description":"Alles voor waterbehandeling van uw zwembad","publisher":{"@id":"https:\/\/www.melpool.com\/sv\/#organization"},"potentialAction":[{"@type":"SearchAction","target":{"@type":"EntryPoint","urlTemplate":"https:\/\/www.melpool.com\/sv\/?s={search_term_string}"},"query-input":{"@type":"PropertyValueSpecification","valueRequired":true,"valueName":"search_term_string"}}],"inLanguage":"sv-SE"},{"@type":"Organization","@id":"https:\/\/www.melpool.com\/sv\/#organization","name":"Melpool","url":"https:\/\/www.melpool.com\/sv\/","logo":{"@type":"ImageObject","inLanguage":"sv-SE","@id":"https:\/\/www.melpool.com\/sv\/#\/schema\/logo\/image\/","url":"https:\/\/www.melpool.com\/wp-content\/uploads\/2021\/08\/Melpool-Logo-blauw.png","contentUrl":"https:\/\/www.melpool.com\/wp-content\/uploads\/2021\/08\/Melpool-Logo-blauw.png","width":1729,"height":542,"caption":"Melpool"},"image":{"@id":"https:\/\/www.melpool.com\/sv\/#\/schema\/logo\/image\/"}}]}},"_links":{"self":[{"href":"https:\/\/www.melpool.com\/sv\/wp-json\/wp\/v2\/pages\/4672","targetHints":{"allow":["GET"]}}],"collection":[{"href":"https:\/\/www.melpool.com\/sv\/wp-json\/wp\/v2\/pages"}],"about":[{"href":"https:\/\/www.melpool.com\/sv\/wp-json\/wp\/v2\/types\/page"}],"author":[{"embeddable":true,"href":"https:\/\/www.melpool.com\/sv\/wp-json\/wp\/v2\/users\/1"}],"replies":[{"embeddable":true,"href":"https:\/\/www.melpool.com\/sv\/wp-json\/wp\/v2\/comments?post=4672"}],"version-history":[{"count":3,"href":"https:\/\/www.melpool.com\/sv\/wp-json\/wp\/v2\/pages\/4672\/revisions"}],"predecessor-version":[{"id":6857,"href":"https:\/\/www.melpool.com\/sv\/wp-json\/wp\/v2\/pages\/4672\/revisions\/6857"}],"wp:attachment":[{"href":"https:\/\/www.melpool.com\/sv\/wp-json\/wp\/v2\/media?parent=4672"}],"curies":[{"name":"wp","href":"https:\/\/api.w.org\/{rel}","templated":true}]}}