{"id":4931,"date":"2022-12-23T13:58:28","date_gmt":"2022-12-23T13:58:28","guid":{"rendered":"https:\/\/melpool.i-aspect.com\/product\/melpool-mf-200\/"},"modified":"2022-12-27T20:03:55","modified_gmt":"2022-12-27T20:03:55","slug":"melpool-mf-200","status":"publish","type":"product","link":"https:\/\/www.melpool.com\/sv\/produkt\/melpool-mf-200\/","title":{"rendered":"Melpool MF\/200"},"content":{"rendered":"\n<p><strong>Desinfektionsmedel, stabiliseringsmedel, algicid, flockningsmedel f\u00f6r simbass\u00e4nger<\/strong>.  <\/p>\n\n<p>L\u00e5ngsamt uppl\u00f6sande desinfektionsmedel f\u00f6r flera \u00e4ndam\u00e5l i tabletter (200 g). Idealisk f\u00f6r l\u00e5ngsiktig och j\u00e4mn desinfektion av poolvatten. Multifunktion: desinfektion, antialger, flockningsmedel och stabilisering (UV). Tabletter; praktiska och l\u00e4tta att dosera. F\u00f6rebyggande \u00e5tg\u00e4rder mot alger och organiska avlagringar\/avfall. H\u00f6g stabil klorhalt: minst 90 %. F\u00f6r anv\u00e4ndning i mjukt och h\u00e5rt vatten.<\/p>\n","protected":false},"excerpt":{"rendered":"<p>Desinfektionsmedel, stabiliseringsmedel, algicid, flockningsmedel f\u00f6r simbass\u00e4nger. L\u00e5ngsamt uppl\u00f6sande desinfektionsmedel f\u00f6r flera \u00e4ndam\u00e5l i tabletter (200 g). Idealisk f\u00f6r l\u00e5ngsiktig och j\u00e4mn desinfektion av poolvatten. Multifunktion: desinfektion, antialger, flockningsmedel och stabilisering (UV). Tabletter; praktiska och l\u00e4tta att dosera. F\u00f6rebyggande \u00e5tg\u00e4rder mot alger och organiska avlagringar\/avfall. H\u00f6g stabil klorhalt: minst 90 %. F\u00f6r anv\u00e4ndning i mjukt och [&hellip;]<\/p>\n","protected":false},"featured_media":2784,"template":"","behandeling":[],"product_categorie":[146],"product_type":[139],"class_list":["post-4931","product","type-product","status-publish","has-post-thumbnail","hentry","product_categorie-desinfektion-sv","product_type-tabletter-sv"],"acf":[],"yoast_head":"<!-- This site is optimized with the Yoast SEO plugin v27.4 - https:\/\/yoast.com\/product\/yoast-seo-wordpress\/ -->\n<title>Melpool MF\/200 - Melpool<\/title>\n<meta name=\"robots\" content=\"index, follow, max-snippet:-1, max-image-preview:large, max-video-preview:-1\" \/>\n<link rel=\"canonical\" href=\"https:\/\/www.melpool.com\/sv\/produkt\/melpool-mf-200\/\" \/>\n<meta property=\"og:locale\" content=\"sv_SE\" \/>\n<meta property=\"og:type\" content=\"article\" \/>\n<meta property=\"og:title\" content=\"Melpool MF\/200 - Melpool\" \/>\n<meta property=\"og:description\" content=\"Desinfektionsmedel, stabiliseringsmedel, algicid, flockningsmedel f\u00f6r simbass\u00e4nger. L\u00e5ngsamt uppl\u00f6sande desinfektionsmedel f\u00f6r flera \u00e4ndam\u00e5l i tabletter (200 g). Idealisk f\u00f6r l\u00e5ngsiktig och j\u00e4mn desinfektion av poolvatten. Multifunktion: desinfektion, antialger, flockningsmedel och stabilisering (UV). Tabletter; praktiska och l\u00e4tta att dosera. F\u00f6rebyggande \u00e5tg\u00e4rder mot alger och organiska avlagringar\/avfall. H\u00f6g stabil klorhalt: minst 90 %. F\u00f6r anv\u00e4ndning i mjukt och [&hellip;]\" \/>\n<meta property=\"og:url\" content=\"https:\/\/www.melpool.com\/sv\/produkt\/melpool-mf-200\/\" \/>\n<meta property=\"og:site_name\" content=\"Melpool\" \/>\n<meta property=\"article:modified_time\" content=\"2022-12-27T20:03:55+00:00\" \/>\n<meta property=\"og:image\" content=\"https:\/\/www.melpool.com\/wp-content\/uploads\/2022\/04\/Melpool.5kg.MF-200-EN.jpg\" \/>\n\t<meta property=\"og:image:width\" content=\"2000\" \/>\n\t<meta property=\"og:image:height\" content=\"2500\" \/>\n\t<meta property=\"og:image:type\" content=\"image\/jpeg\" \/>\n<meta name=\"twitter:card\" content=\"summary_large_image\" \/>\n<script type=\"application\/ld+json\" class=\"yoast-schema-graph\">{\"@context\":\"https:\\\/\\\/schema.org\",\"@graph\":[{\"@type\":\"WebPage\",\"@id\":\"https:\\\/\\\/www.melpool.com\\\/sv\\\/produkt\\\/melpool-mf-200\\\/\",\"url\":\"https:\\\/\\\/www.melpool.com\\\/sv\\\/produkt\\\/melpool-mf-200\\\/\",\"name\":\"Melpool MF\\\/200 - Melpool\",\"isPartOf\":{\"@id\":\"https:\\\/\\\/www.melpool.com\\\/sv\\\/#website\"},\"primaryImageOfPage\":{\"@id\":\"https:\\\/\\\/www.melpool.com\\\/sv\\\/produkt\\\/melpool-mf-200\\\/#primaryimage\"},\"image\":{\"@id\":\"https:\\\/\\\/www.melpool.com\\\/sv\\\/produkt\\\/melpool-mf-200\\\/#primaryimage\"},\"thumbnailUrl\":\"https:\\\/\\\/www.melpool.com\\\/wp-content\\\/uploads\\\/2022\\\/04\\\/Melpool.5kg.MF-200-EN.jpg\",\"datePublished\":\"2022-12-23T13:58:28+00:00\",\"dateModified\":\"2022-12-27T20:03:55+00:00\",\"breadcrumb\":{\"@id\":\"https:\\\/\\\/www.melpool.com\\\/sv\\\/produkt\\\/melpool-mf-200\\\/#breadcrumb\"},\"inLanguage\":\"sv-SE\",\"potentialAction\":[{\"@type\":\"ReadAction\",\"target\":[\"https:\\\/\\\/www.melpool.com\\\/sv\\\/produkt\\\/melpool-mf-200\\\/\"]}]},{\"@type\":\"ImageObject\",\"inLanguage\":\"sv-SE\",\"@id\":\"https:\\\/\\\/www.melpool.com\\\/sv\\\/produkt\\\/melpool-mf-200\\\/#primaryimage\",\"url\":\"https:\\\/\\\/www.melpool.com\\\/wp-content\\\/uploads\\\/2022\\\/04\\\/Melpool.5kg.MF-200-EN.jpg\",\"contentUrl\":\"https:\\\/\\\/www.melpool.com\\\/wp-content\\\/uploads\\\/2022\\\/04\\\/Melpool.5kg.MF-200-EN.jpg\",\"width\":2000,\"height\":2500},{\"@type\":\"BreadcrumbList\",\"@id\":\"https:\\\/\\\/www.melpool.com\\\/sv\\\/produkt\\\/melpool-mf-200\\\/#breadcrumb\",\"itemListElement\":[{\"@type\":\"ListItem\",\"position\":1,\"name\":\"Home\",\"item\":\"https:\\\/\\\/www.melpool.com\\\/sv\\\/\"},{\"@type\":\"ListItem\",\"position\":2,\"name\":\"Produkter\",\"item\":\"https:\\\/\\\/www.melpool.com\\\/sv\\\/produkt\\\/\"},{\"@type\":\"ListItem\",\"position\":3,\"name\":\"Desinfektion\",\"item\":\"https:\\\/\\\/www.melpool.com\\\/sv\\\/produktkategori\\\/desinfektion-sv\\\/\"},{\"@type\":\"ListItem\",\"position\":4,\"name\":\"Melpool MF\\\/200\"}]},{\"@type\":\"WebSite\",\"@id\":\"https:\\\/\\\/www.melpool.com\\\/sv\\\/#website\",\"url\":\"https:\\\/\\\/www.melpool.com\\\/sv\\\/\",\"name\":\"Melpool\",\"description\":\"Alles voor waterbehandeling van uw zwembad\",\"publisher\":{\"@id\":\"https:\\\/\\\/www.melpool.com\\\/sv\\\/#organization\"},\"potentialAction\":[{\"@type\":\"SearchAction\",\"target\":{\"@type\":\"EntryPoint\",\"urlTemplate\":\"https:\\\/\\\/www.melpool.com\\\/sv\\\/?s={search_term_string}\"},\"query-input\":{\"@type\":\"PropertyValueSpecification\",\"valueRequired\":true,\"valueName\":\"search_term_string\"}}],\"inLanguage\":\"sv-SE\"},{\"@type\":\"Organization\",\"@id\":\"https:\\\/\\\/www.melpool.com\\\/sv\\\/#organization\",\"name\":\"Melpool\",\"url\":\"https:\\\/\\\/www.melpool.com\\\/sv\\\/\",\"logo\":{\"@type\":\"ImageObject\",\"inLanguage\":\"sv-SE\",\"@id\":\"https:\\\/\\\/www.melpool.com\\\/sv\\\/#\\\/schema\\\/logo\\\/image\\\/\",\"url\":\"https:\\\/\\\/www.melpool.com\\\/wp-content\\\/uploads\\\/2021\\\/08\\\/Melpool-Logo-blauw.png\",\"contentUrl\":\"https:\\\/\\\/www.melpool.com\\\/wp-content\\\/uploads\\\/2021\\\/08\\\/Melpool-Logo-blauw.png\",\"width\":1729,\"height\":542,\"caption\":\"Melpool\"},\"image\":{\"@id\":\"https:\\\/\\\/www.melpool.com\\\/sv\\\/#\\\/schema\\\/logo\\\/image\\\/\"}}]}<\/script>\n<!-- \/ Yoast SEO plugin. -->","yoast_head_json":{"title":"Melpool MF\/200 - Melpool","robots":{"index":"index","follow":"follow","max-snippet":"max-snippet:-1","max-image-preview":"max-image-preview:large","max-video-preview":"max-video-preview:-1"},"canonical":"https:\/\/www.melpool.com\/sv\/produkt\/melpool-mf-200\/","og_locale":"sv_SE","og_type":"article","og_title":"Melpool MF\/200 - Melpool","og_description":"Desinfektionsmedel, stabiliseringsmedel, algicid, flockningsmedel f\u00f6r simbass\u00e4nger. L\u00e5ngsamt uppl\u00f6sande desinfektionsmedel f\u00f6r flera \u00e4ndam\u00e5l i tabletter (200 g). Idealisk f\u00f6r l\u00e5ngsiktig och j\u00e4mn desinfektion av poolvatten. Multifunktion: desinfektion, antialger, flockningsmedel och stabilisering (UV). Tabletter; praktiska och l\u00e4tta att dosera. F\u00f6rebyggande \u00e5tg\u00e4rder mot alger och organiska avlagringar\/avfall. H\u00f6g stabil klorhalt: minst 90 %. F\u00f6r anv\u00e4ndning i mjukt och [&hellip;]","og_url":"https:\/\/www.melpool.com\/sv\/produkt\/melpool-mf-200\/","og_site_name":"Melpool","article_modified_time":"2022-12-27T20:03:55+00:00","og_image":[{"width":2000,"height":2500,"url":"https:\/\/www.melpool.com\/wp-content\/uploads\/2022\/04\/Melpool.5kg.MF-200-EN.jpg","type":"image\/jpeg"}],"twitter_card":"summary_large_image","schema":{"@context":"https:\/\/schema.org","@graph":[{"@type":"WebPage","@id":"https:\/\/www.melpool.com\/sv\/produkt\/melpool-mf-200\/","url":"https:\/\/www.melpool.com\/sv\/produkt\/melpool-mf-200\/","name":"Melpool MF\/200 - Melpool","isPartOf":{"@id":"https:\/\/www.melpool.com\/sv\/#website"},"primaryImageOfPage":{"@id":"https:\/\/www.melpool.com\/sv\/produkt\/melpool-mf-200\/#primaryimage"},"image":{"@id":"https:\/\/www.melpool.com\/sv\/produkt\/melpool-mf-200\/#primaryimage"},"thumbnailUrl":"https:\/\/www.melpool.com\/wp-content\/uploads\/2022\/04\/Melpool.5kg.MF-200-EN.jpg","datePublished":"2022-12-23T13:58:28+00:00","dateModified":"2022-12-27T20:03:55+00:00","breadcrumb":{"@id":"https:\/\/www.melpool.com\/sv\/produkt\/melpool-mf-200\/#breadcrumb"},"inLanguage":"sv-SE","potentialAction":[{"@type":"ReadAction","target":["https:\/\/www.melpool.com\/sv\/produkt\/melpool-mf-200\/"]}]},{"@type":"ImageObject","inLanguage":"sv-SE","@id":"https:\/\/www.melpool.com\/sv\/produkt\/melpool-mf-200\/#primaryimage","url":"https:\/\/www.melpool.com\/wp-content\/uploads\/2022\/04\/Melpool.5kg.MF-200-EN.jpg","contentUrl":"https:\/\/www.melpool.com\/wp-content\/uploads\/2022\/04\/Melpool.5kg.MF-200-EN.jpg","width":2000,"height":2500},{"@type":"BreadcrumbList","@id":"https:\/\/www.melpool.com\/sv\/produkt\/melpool-mf-200\/#breadcrumb","itemListElement":[{"@type":"ListItem","position":1,"name":"Home","item":"https:\/\/www.melpool.com\/sv\/"},{"@type":"ListItem","position":2,"name":"Produkter","item":"https:\/\/www.melpool.com\/sv\/produkt\/"},{"@type":"ListItem","position":3,"name":"Desinfektion","item":"https:\/\/www.melpool.com\/sv\/produktkategori\/desinfektion-sv\/"},{"@type":"ListItem","position":4,"name":"Melpool MF\/200"}]},{"@type":"WebSite","@id":"https:\/\/www.melpool.com\/sv\/#website","url":"https:\/\/www.melpool.com\/sv\/","name":"Melpool","description":"Alles voor waterbehandeling van uw zwembad","publisher":{"@id":"https:\/\/www.melpool.com\/sv\/#organization"},"potentialAction":[{"@type":"SearchAction","target":{"@type":"EntryPoint","urlTemplate":"https:\/\/www.melpool.com\/sv\/?s={search_term_string}"},"query-input":{"@type":"PropertyValueSpecification","valueRequired":true,"valueName":"search_term_string"}}],"inLanguage":"sv-SE"},{"@type":"Organization","@id":"https:\/\/www.melpool.com\/sv\/#organization","name":"Melpool","url":"https:\/\/www.melpool.com\/sv\/","logo":{"@type":"ImageObject","inLanguage":"sv-SE","@id":"https:\/\/www.melpool.com\/sv\/#\/schema\/logo\/image\/","url":"https:\/\/www.melpool.com\/wp-content\/uploads\/2021\/08\/Melpool-Logo-blauw.png","contentUrl":"https:\/\/www.melpool.com\/wp-content\/uploads\/2021\/08\/Melpool-Logo-blauw.png","width":1729,"height":542,"caption":"Melpool"},"image":{"@id":"https:\/\/www.melpool.com\/sv\/#\/schema\/logo\/image\/"}}]}},"_links":{"self":[{"href":"https:\/\/www.melpool.com\/sv\/wp-json\/wp\/v2\/product\/4931","targetHints":{"allow":["GET"]}}],"collection":[{"href":"https:\/\/www.melpool.com\/sv\/wp-json\/wp\/v2\/product"}],"about":[{"href":"https:\/\/www.melpool.com\/sv\/wp-json\/wp\/v2\/types\/product"}],"wp:featuredmedia":[{"embeddable":true,"href":"https:\/\/www.melpool.com\/sv\/wp-json\/wp\/v2\/media\/2784"}],"wp:attachment":[{"href":"https:\/\/www.melpool.com\/sv\/wp-json\/wp\/v2\/media?parent=4931"}],"wp:term":[{"taxonomy":"behandeling","embeddable":true,"href":"https:\/\/www.melpool.com\/sv\/wp-json\/wp\/v2\/behandeling?post=4931"},{"taxonomy":"product_categorie","embeddable":true,"href":"https:\/\/www.melpool.com\/sv\/wp-json\/wp\/v2\/product_categorie?post=4931"},{"taxonomy":"product_type","embeddable":true,"href":"https:\/\/www.melpool.com\/sv\/wp-json\/wp\/v2\/product_type?post=4931"}],"curies":[{"name":"wp","href":"https:\/\/api.w.org\/{rel}","templated":true}]}}