{"id":4936,"date":"2022-12-23T13:59:40","date_gmt":"2022-12-23T13:59:40","guid":{"rendered":"https:\/\/melpool.i-aspect.com\/product\/melpool-br-20\/"},"modified":"2022-12-27T19:25:19","modified_gmt":"2022-12-27T19:25:19","slug":"melpool-br-20","status":"publish","type":"product","link":"https:\/\/www.melpool.com\/sv\/produkt\/melpool-br-20\/","title":{"rendered":"Melpool BR\/20"},"content":{"rendered":"\n<p><strong>Bromatabletter med 20 g f\u00f6r desinfektion av bromatabletter f\u00f6r simbass\u00e4nger<\/strong>.<\/p>\n\n<p>L\u00e5ngsamt uppl\u00f6sande desinfektionstabletter 20g. Idealisk f\u00f6r behandling av spavatten (h\u00f6g temperatur och pH). Mindre irriterande f\u00f6r \u00f6gon och k\u00e4nslig hud, ger ingen typisk klorlukt. Effektivt mot alger och organiska avlagringar. F\u00f6rsvinner inte under p\u00e5verkan av solen (UV). F\u00f6r anv\u00e4ndning i mjukt och h\u00e5rt vatten.<\/p>\n","protected":false},"excerpt":{"rendered":"<p>Bromatabletter med 20 g f\u00f6r desinfektion av bromatabletter f\u00f6r simbass\u00e4nger. L\u00e5ngsamt uppl\u00f6sande desinfektionstabletter 20g. Idealisk f\u00f6r behandling av spavatten (h\u00f6g temperatur och pH). Mindre irriterande f\u00f6r \u00f6gon och k\u00e4nslig hud, ger ingen typisk klorlukt. Effektivt mot alger och organiska avlagringar. F\u00f6rsvinner inte under p\u00e5verkan av solen (UV). F\u00f6r anv\u00e4ndning i mjukt och h\u00e5rt vatten.<\/p>\n","protected":false},"featured_media":2760,"template":"","behandeling":[],"product_categorie":[146],"product_type":[139],"class_list":["post-4936","product","type-product","status-publish","has-post-thumbnail","hentry","product_categorie-desinfektion-sv","product_type-tabletter-sv"],"acf":[],"yoast_head":"<!-- This site is optimized with the Yoast SEO plugin v27.4 - https:\/\/yoast.com\/product\/yoast-seo-wordpress\/ -->\n<title>Melpool BR\/20 - Melpool<\/title>\n<meta name=\"robots\" content=\"index, follow, max-snippet:-1, max-image-preview:large, max-video-preview:-1\" \/>\n<link rel=\"canonical\" href=\"https:\/\/www.melpool.com\/sv\/produkt\/melpool-br-20\/\" \/>\n<meta property=\"og:locale\" content=\"sv_SE\" \/>\n<meta property=\"og:type\" content=\"article\" \/>\n<meta property=\"og:title\" content=\"Melpool BR\/20 - Melpool\" \/>\n<meta property=\"og:description\" content=\"Bromatabletter med 20 g f\u00f6r desinfektion av bromatabletter f\u00f6r simbass\u00e4nger. L\u00e5ngsamt uppl\u00f6sande desinfektionstabletter 20g. Idealisk f\u00f6r behandling av spavatten (h\u00f6g temperatur och pH). Mindre irriterande f\u00f6r \u00f6gon och k\u00e4nslig hud, ger ingen typisk klorlukt. Effektivt mot alger och organiska avlagringar. F\u00f6rsvinner inte under p\u00e5verkan av solen (UV). F\u00f6r anv\u00e4ndning i mjukt och h\u00e5rt vatten.\" \/>\n<meta property=\"og:url\" content=\"https:\/\/www.melpool.com\/sv\/produkt\/melpool-br-20\/\" \/>\n<meta property=\"og:site_name\" content=\"Melpool\" \/>\n<meta property=\"article:modified_time\" content=\"2022-12-27T19:25:19+00:00\" \/>\n<meta property=\"og:image\" content=\"https:\/\/www.melpool.com\/wp-content\/uploads\/2022\/04\/Melpool.5kg.BR-20-EN.jpg\" \/>\n\t<meta property=\"og:image:width\" content=\"2000\" \/>\n\t<meta property=\"og:image:height\" content=\"2500\" \/>\n\t<meta property=\"og:image:type\" content=\"image\/jpeg\" \/>\n<meta name=\"twitter:card\" content=\"summary_large_image\" \/>\n<script type=\"application\/ld+json\" class=\"yoast-schema-graph\">{\"@context\":\"https:\\\/\\\/schema.org\",\"@graph\":[{\"@type\":\"WebPage\",\"@id\":\"https:\\\/\\\/www.melpool.com\\\/sv\\\/produkt\\\/melpool-br-20\\\/\",\"url\":\"https:\\\/\\\/www.melpool.com\\\/sv\\\/produkt\\\/melpool-br-20\\\/\",\"name\":\"Melpool BR\\\/20 - Melpool\",\"isPartOf\":{\"@id\":\"https:\\\/\\\/www.melpool.com\\\/sv\\\/#website\"},\"primaryImageOfPage\":{\"@id\":\"https:\\\/\\\/www.melpool.com\\\/sv\\\/produkt\\\/melpool-br-20\\\/#primaryimage\"},\"image\":{\"@id\":\"https:\\\/\\\/www.melpool.com\\\/sv\\\/produkt\\\/melpool-br-20\\\/#primaryimage\"},\"thumbnailUrl\":\"https:\\\/\\\/www.melpool.com\\\/wp-content\\\/uploads\\\/2022\\\/04\\\/Melpool.5kg.BR-20-EN.jpg\",\"datePublished\":\"2022-12-23T13:59:40+00:00\",\"dateModified\":\"2022-12-27T19:25:19+00:00\",\"breadcrumb\":{\"@id\":\"https:\\\/\\\/www.melpool.com\\\/sv\\\/produkt\\\/melpool-br-20\\\/#breadcrumb\"},\"inLanguage\":\"sv-SE\",\"potentialAction\":[{\"@type\":\"ReadAction\",\"target\":[\"https:\\\/\\\/www.melpool.com\\\/sv\\\/produkt\\\/melpool-br-20\\\/\"]}]},{\"@type\":\"ImageObject\",\"inLanguage\":\"sv-SE\",\"@id\":\"https:\\\/\\\/www.melpool.com\\\/sv\\\/produkt\\\/melpool-br-20\\\/#primaryimage\",\"url\":\"https:\\\/\\\/www.melpool.com\\\/wp-content\\\/uploads\\\/2022\\\/04\\\/Melpool.5kg.BR-20-EN.jpg\",\"contentUrl\":\"https:\\\/\\\/www.melpool.com\\\/wp-content\\\/uploads\\\/2022\\\/04\\\/Melpool.5kg.BR-20-EN.jpg\",\"width\":2000,\"height\":2500},{\"@type\":\"BreadcrumbList\",\"@id\":\"https:\\\/\\\/www.melpool.com\\\/sv\\\/produkt\\\/melpool-br-20\\\/#breadcrumb\",\"itemListElement\":[{\"@type\":\"ListItem\",\"position\":1,\"name\":\"Home\",\"item\":\"https:\\\/\\\/www.melpool.com\\\/sv\\\/\"},{\"@type\":\"ListItem\",\"position\":2,\"name\":\"Produkter\",\"item\":\"https:\\\/\\\/www.melpool.com\\\/sv\\\/produkt\\\/\"},{\"@type\":\"ListItem\",\"position\":3,\"name\":\"Desinfektion\",\"item\":\"https:\\\/\\\/www.melpool.com\\\/sv\\\/produktkategori\\\/desinfektion-sv\\\/\"},{\"@type\":\"ListItem\",\"position\":4,\"name\":\"Melpool BR\\\/20\"}]},{\"@type\":\"WebSite\",\"@id\":\"https:\\\/\\\/www.melpool.com\\\/sv\\\/#website\",\"url\":\"https:\\\/\\\/www.melpool.com\\\/sv\\\/\",\"name\":\"Melpool\",\"description\":\"Alles voor waterbehandeling van uw zwembad\",\"publisher\":{\"@id\":\"https:\\\/\\\/www.melpool.com\\\/sv\\\/#organization\"},\"potentialAction\":[{\"@type\":\"SearchAction\",\"target\":{\"@type\":\"EntryPoint\",\"urlTemplate\":\"https:\\\/\\\/www.melpool.com\\\/sv\\\/?s={search_term_string}\"},\"query-input\":{\"@type\":\"PropertyValueSpecification\",\"valueRequired\":true,\"valueName\":\"search_term_string\"}}],\"inLanguage\":\"sv-SE\"},{\"@type\":\"Organization\",\"@id\":\"https:\\\/\\\/www.melpool.com\\\/sv\\\/#organization\",\"name\":\"Melpool\",\"url\":\"https:\\\/\\\/www.melpool.com\\\/sv\\\/\",\"logo\":{\"@type\":\"ImageObject\",\"inLanguage\":\"sv-SE\",\"@id\":\"https:\\\/\\\/www.melpool.com\\\/sv\\\/#\\\/schema\\\/logo\\\/image\\\/\",\"url\":\"https:\\\/\\\/www.melpool.com\\\/wp-content\\\/uploads\\\/2021\\\/08\\\/Melpool-Logo-blauw.png\",\"contentUrl\":\"https:\\\/\\\/www.melpool.com\\\/wp-content\\\/uploads\\\/2021\\\/08\\\/Melpool-Logo-blauw.png\",\"width\":1729,\"height\":542,\"caption\":\"Melpool\"},\"image\":{\"@id\":\"https:\\\/\\\/www.melpool.com\\\/sv\\\/#\\\/schema\\\/logo\\\/image\\\/\"}}]}<\/script>\n<!-- \/ Yoast SEO plugin. -->","yoast_head_json":{"title":"Melpool BR\/20 - Melpool","robots":{"index":"index","follow":"follow","max-snippet":"max-snippet:-1","max-image-preview":"max-image-preview:large","max-video-preview":"max-video-preview:-1"},"canonical":"https:\/\/www.melpool.com\/sv\/produkt\/melpool-br-20\/","og_locale":"sv_SE","og_type":"article","og_title":"Melpool BR\/20 - Melpool","og_description":"Bromatabletter med 20 g f\u00f6r desinfektion av bromatabletter f\u00f6r simbass\u00e4nger. L\u00e5ngsamt uppl\u00f6sande desinfektionstabletter 20g. Idealisk f\u00f6r behandling av spavatten (h\u00f6g temperatur och pH). Mindre irriterande f\u00f6r \u00f6gon och k\u00e4nslig hud, ger ingen typisk klorlukt. Effektivt mot alger och organiska avlagringar. F\u00f6rsvinner inte under p\u00e5verkan av solen (UV). F\u00f6r anv\u00e4ndning i mjukt och h\u00e5rt vatten.","og_url":"https:\/\/www.melpool.com\/sv\/produkt\/melpool-br-20\/","og_site_name":"Melpool","article_modified_time":"2022-12-27T19:25:19+00:00","og_image":[{"width":2000,"height":2500,"url":"https:\/\/www.melpool.com\/wp-content\/uploads\/2022\/04\/Melpool.5kg.BR-20-EN.jpg","type":"image\/jpeg"}],"twitter_card":"summary_large_image","schema":{"@context":"https:\/\/schema.org","@graph":[{"@type":"WebPage","@id":"https:\/\/www.melpool.com\/sv\/produkt\/melpool-br-20\/","url":"https:\/\/www.melpool.com\/sv\/produkt\/melpool-br-20\/","name":"Melpool BR\/20 - Melpool","isPartOf":{"@id":"https:\/\/www.melpool.com\/sv\/#website"},"primaryImageOfPage":{"@id":"https:\/\/www.melpool.com\/sv\/produkt\/melpool-br-20\/#primaryimage"},"image":{"@id":"https:\/\/www.melpool.com\/sv\/produkt\/melpool-br-20\/#primaryimage"},"thumbnailUrl":"https:\/\/www.melpool.com\/wp-content\/uploads\/2022\/04\/Melpool.5kg.BR-20-EN.jpg","datePublished":"2022-12-23T13:59:40+00:00","dateModified":"2022-12-27T19:25:19+00:00","breadcrumb":{"@id":"https:\/\/www.melpool.com\/sv\/produkt\/melpool-br-20\/#breadcrumb"},"inLanguage":"sv-SE","potentialAction":[{"@type":"ReadAction","target":["https:\/\/www.melpool.com\/sv\/produkt\/melpool-br-20\/"]}]},{"@type":"ImageObject","inLanguage":"sv-SE","@id":"https:\/\/www.melpool.com\/sv\/produkt\/melpool-br-20\/#primaryimage","url":"https:\/\/www.melpool.com\/wp-content\/uploads\/2022\/04\/Melpool.5kg.BR-20-EN.jpg","contentUrl":"https:\/\/www.melpool.com\/wp-content\/uploads\/2022\/04\/Melpool.5kg.BR-20-EN.jpg","width":2000,"height":2500},{"@type":"BreadcrumbList","@id":"https:\/\/www.melpool.com\/sv\/produkt\/melpool-br-20\/#breadcrumb","itemListElement":[{"@type":"ListItem","position":1,"name":"Home","item":"https:\/\/www.melpool.com\/sv\/"},{"@type":"ListItem","position":2,"name":"Produkter","item":"https:\/\/www.melpool.com\/sv\/produkt\/"},{"@type":"ListItem","position":3,"name":"Desinfektion","item":"https:\/\/www.melpool.com\/sv\/produktkategori\/desinfektion-sv\/"},{"@type":"ListItem","position":4,"name":"Melpool BR\/20"}]},{"@type":"WebSite","@id":"https:\/\/www.melpool.com\/sv\/#website","url":"https:\/\/www.melpool.com\/sv\/","name":"Melpool","description":"Alles voor waterbehandeling van uw zwembad","publisher":{"@id":"https:\/\/www.melpool.com\/sv\/#organization"},"potentialAction":[{"@type":"SearchAction","target":{"@type":"EntryPoint","urlTemplate":"https:\/\/www.melpool.com\/sv\/?s={search_term_string}"},"query-input":{"@type":"PropertyValueSpecification","valueRequired":true,"valueName":"search_term_string"}}],"inLanguage":"sv-SE"},{"@type":"Organization","@id":"https:\/\/www.melpool.com\/sv\/#organization","name":"Melpool","url":"https:\/\/www.melpool.com\/sv\/","logo":{"@type":"ImageObject","inLanguage":"sv-SE","@id":"https:\/\/www.melpool.com\/sv\/#\/schema\/logo\/image\/","url":"https:\/\/www.melpool.com\/wp-content\/uploads\/2021\/08\/Melpool-Logo-blauw.png","contentUrl":"https:\/\/www.melpool.com\/wp-content\/uploads\/2021\/08\/Melpool-Logo-blauw.png","width":1729,"height":542,"caption":"Melpool"},"image":{"@id":"https:\/\/www.melpool.com\/sv\/#\/schema\/logo\/image\/"}}]}},"_links":{"self":[{"href":"https:\/\/www.melpool.com\/sv\/wp-json\/wp\/v2\/product\/4936","targetHints":{"allow":["GET"]}}],"collection":[{"href":"https:\/\/www.melpool.com\/sv\/wp-json\/wp\/v2\/product"}],"about":[{"href":"https:\/\/www.melpool.com\/sv\/wp-json\/wp\/v2\/types\/product"}],"wp:featuredmedia":[{"embeddable":true,"href":"https:\/\/www.melpool.com\/sv\/wp-json\/wp\/v2\/media\/2760"}],"wp:attachment":[{"href":"https:\/\/www.melpool.com\/sv\/wp-json\/wp\/v2\/media?parent=4936"}],"wp:term":[{"taxonomy":"behandeling","embeddable":true,"href":"https:\/\/www.melpool.com\/sv\/wp-json\/wp\/v2\/behandeling?post=4936"},{"taxonomy":"product_categorie","embeddable":true,"href":"https:\/\/www.melpool.com\/sv\/wp-json\/wp\/v2\/product_categorie?post=4936"},{"taxonomy":"product_type","embeddable":true,"href":"https:\/\/www.melpool.com\/sv\/wp-json\/wp\/v2\/product_type?post=4936"}],"curies":[{"name":"wp","href":"https:\/\/api.w.org\/{rel}","templated":true}]}}