{"id":7007,"date":"2023-03-21T19:35:35","date_gmt":"2023-03-21T18:35:35","guid":{"rendered":"https:\/\/www.melpool.com\/product\/melpool-70-g-2\/"},"modified":"2023-03-22T10:29:28","modified_gmt":"2023-03-22T09:29:28","slug":"melpool-70-g","status":"publish","type":"product","link":"https:\/\/www.melpool.com\/sv\/produkt\/melpool-70-g\/","title":{"rendered":"Melpool 70\/G"},"content":{"rendered":"\n<p><strong>Granulat f\u00f6r desinfektion och algkontroll<\/strong>.  <\/p>\n\n\n\n<p>Snabbt uppl\u00f6sande klorgranulat (minst 70 % Cl). Mycket effektiv mot alger och organiska avlagringar. Perfekt f\u00f6r klorchock och s\u00e4songsstart. F\u00f6r kontinuerlig desinfektion i mjukt och medelh\u00e5rt vatten. Klorprodukt av h\u00f6g kvalitet: l\u00e4mpar sig \u00e4ven f\u00f6r offentliga simbass\u00e4nger och desinfektion av dricksvatten. Inneh\u00e5ller ingen klorstabilisator: ingen risk f\u00f6r \u00f6verstabilisering av klor.<\/p>\n","protected":false},"excerpt":{"rendered":"<p>Granulat f\u00f6r desinfektion och algkontroll. Snabbt uppl\u00f6sande klorgranulat (minst 70 % Cl). Mycket effektiv mot alger och organiska avlagringar. Perfekt f\u00f6r klorchock och s\u00e4songsstart. F\u00f6r kontinuerlig desinfektion i mjukt och medelh\u00e5rt vatten. Klorprodukt av h\u00f6g kvalitet: l\u00e4mpar sig \u00e4ven f\u00f6r offentliga simbass\u00e4nger och desinfektion av dricksvatten. Inneh\u00e5ller ingen klorstabilisator: ingen risk f\u00f6r \u00f6verstabilisering av klor.<\/p>\n","protected":false},"featured_media":5105,"template":"","behandeling":[151],"product_categorie":[146],"product_type":[],"class_list":["post-7007","product","type-product","status-publish","has-post-thumbnail","hentry","behandeling-uppstart-och-dosering","product_categorie-desinfektion-sv"],"acf":[],"yoast_head":"<!-- This site is optimized with the Yoast SEO plugin v27.4 - https:\/\/yoast.com\/product\/yoast-seo-wordpress\/ -->\n<title>Melpool 70\/G - Melpool<\/title>\n<meta name=\"robots\" content=\"index, follow, max-snippet:-1, max-image-preview:large, max-video-preview:-1\" \/>\n<link rel=\"canonical\" href=\"https:\/\/www.melpool.com\/sv\/produkt\/melpool-70-g\/\" \/>\n<meta property=\"og:locale\" content=\"sv_SE\" \/>\n<meta property=\"og:type\" content=\"article\" \/>\n<meta property=\"og:title\" content=\"Melpool 70\/G - Melpool\" \/>\n<meta property=\"og:description\" content=\"Granulat f\u00f6r desinfektion och algkontroll. Snabbt uppl\u00f6sande klorgranulat (minst 70 % Cl). Mycket effektiv mot alger och organiska avlagringar. Perfekt f\u00f6r klorchock och s\u00e4songsstart. F\u00f6r kontinuerlig desinfektion i mjukt och medelh\u00e5rt vatten. Klorprodukt av h\u00f6g kvalitet: l\u00e4mpar sig \u00e4ven f\u00f6r offentliga simbass\u00e4nger och desinfektion av dricksvatten. Inneh\u00e5ller ingen klorstabilisator: ingen risk f\u00f6r \u00f6verstabilisering av klor.\" \/>\n<meta property=\"og:url\" content=\"https:\/\/www.melpool.com\/sv\/produkt\/melpool-70-g\/\" \/>\n<meta property=\"og:site_name\" content=\"Melpool\" \/>\n<meta property=\"article:modified_time\" content=\"2023-03-22T09:29:28+00:00\" \/>\n<meta property=\"og:image\" content=\"https:\/\/www.melpool.com\/wp-content\/uploads\/2021\/10\/Melpool.5kg.70-G-EN.chlore-shock.jpg\" \/>\n\t<meta property=\"og:image:width\" content=\"2000\" \/>\n\t<meta property=\"og:image:height\" content=\"2500\" \/>\n\t<meta property=\"og:image:type\" content=\"image\/jpeg\" \/>\n<meta name=\"twitter:card\" content=\"summary_large_image\" \/>\n<meta name=\"twitter:label1\" content=\"Ber\u00e4knad l\u00e4stid\" \/>\n\t<meta name=\"twitter:data1\" content=\"1 minut\" \/>\n<script type=\"application\/ld+json\" class=\"yoast-schema-graph\">{\"@context\":\"https:\\\/\\\/schema.org\",\"@graph\":[{\"@type\":\"WebPage\",\"@id\":\"https:\\\/\\\/www.melpool.com\\\/sv\\\/produkt\\\/melpool-70-g\\\/\",\"url\":\"https:\\\/\\\/www.melpool.com\\\/sv\\\/produkt\\\/melpool-70-g\\\/\",\"name\":\"Melpool 70\\\/G - Melpool\",\"isPartOf\":{\"@id\":\"https:\\\/\\\/www.melpool.com\\\/sv\\\/#website\"},\"primaryImageOfPage\":{\"@id\":\"https:\\\/\\\/www.melpool.com\\\/sv\\\/produkt\\\/melpool-70-g\\\/#primaryimage\"},\"image\":{\"@id\":\"https:\\\/\\\/www.melpool.com\\\/sv\\\/produkt\\\/melpool-70-g\\\/#primaryimage\"},\"thumbnailUrl\":\"https:\\\/\\\/www.melpool.com\\\/wp-content\\\/uploads\\\/2021\\\/10\\\/Melpool.5kg.70-G-EN.chlore-shock.jpg\",\"datePublished\":\"2023-03-21T18:35:35+00:00\",\"dateModified\":\"2023-03-22T09:29:28+00:00\",\"breadcrumb\":{\"@id\":\"https:\\\/\\\/www.melpool.com\\\/sv\\\/produkt\\\/melpool-70-g\\\/#breadcrumb\"},\"inLanguage\":\"sv-SE\",\"potentialAction\":[{\"@type\":\"ReadAction\",\"target\":[\"https:\\\/\\\/www.melpool.com\\\/sv\\\/produkt\\\/melpool-70-g\\\/\"]}]},{\"@type\":\"ImageObject\",\"inLanguage\":\"sv-SE\",\"@id\":\"https:\\\/\\\/www.melpool.com\\\/sv\\\/produkt\\\/melpool-70-g\\\/#primaryimage\",\"url\":\"https:\\\/\\\/www.melpool.com\\\/wp-content\\\/uploads\\\/2021\\\/10\\\/Melpool.5kg.70-G-EN.chlore-shock.jpg\",\"contentUrl\":\"https:\\\/\\\/www.melpool.com\\\/wp-content\\\/uploads\\\/2021\\\/10\\\/Melpool.5kg.70-G-EN.chlore-shock.jpg\",\"width\":2000,\"height\":2500},{\"@type\":\"BreadcrumbList\",\"@id\":\"https:\\\/\\\/www.melpool.com\\\/sv\\\/produkt\\\/melpool-70-g\\\/#breadcrumb\",\"itemListElement\":[{\"@type\":\"ListItem\",\"position\":1,\"name\":\"Home\",\"item\":\"https:\\\/\\\/www.melpool.com\\\/sv\\\/\"},{\"@type\":\"ListItem\",\"position\":2,\"name\":\"Produkter\",\"item\":\"https:\\\/\\\/www.melpool.com\\\/sv\\\/produkt\\\/\"},{\"@type\":\"ListItem\",\"position\":3,\"name\":\"Desinfektion\",\"item\":\"https:\\\/\\\/www.melpool.com\\\/sv\\\/produktkategori\\\/desinfektion-sv\\\/\"},{\"@type\":\"ListItem\",\"position\":4,\"name\":\"Melpool 70\\\/G\"}]},{\"@type\":\"WebSite\",\"@id\":\"https:\\\/\\\/www.melpool.com\\\/sv\\\/#website\",\"url\":\"https:\\\/\\\/www.melpool.com\\\/sv\\\/\",\"name\":\"Melpool\",\"description\":\"Alles voor waterbehandeling van uw zwembad\",\"publisher\":{\"@id\":\"https:\\\/\\\/www.melpool.com\\\/sv\\\/#organization\"},\"potentialAction\":[{\"@type\":\"SearchAction\",\"target\":{\"@type\":\"EntryPoint\",\"urlTemplate\":\"https:\\\/\\\/www.melpool.com\\\/sv\\\/?s={search_term_string}\"},\"query-input\":{\"@type\":\"PropertyValueSpecification\",\"valueRequired\":true,\"valueName\":\"search_term_string\"}}],\"inLanguage\":\"sv-SE\"},{\"@type\":\"Organization\",\"@id\":\"https:\\\/\\\/www.melpool.com\\\/sv\\\/#organization\",\"name\":\"Melpool\",\"url\":\"https:\\\/\\\/www.melpool.com\\\/sv\\\/\",\"logo\":{\"@type\":\"ImageObject\",\"inLanguage\":\"sv-SE\",\"@id\":\"https:\\\/\\\/www.melpool.com\\\/sv\\\/#\\\/schema\\\/logo\\\/image\\\/\",\"url\":\"https:\\\/\\\/www.melpool.com\\\/wp-content\\\/uploads\\\/2021\\\/08\\\/Melpool-Logo-blauw.png\",\"contentUrl\":\"https:\\\/\\\/www.melpool.com\\\/wp-content\\\/uploads\\\/2021\\\/08\\\/Melpool-Logo-blauw.png\",\"width\":1729,\"height\":542,\"caption\":\"Melpool\"},\"image\":{\"@id\":\"https:\\\/\\\/www.melpool.com\\\/sv\\\/#\\\/schema\\\/logo\\\/image\\\/\"}}]}<\/script>\n<!-- \/ Yoast SEO plugin. -->","yoast_head_json":{"title":"Melpool 70\/G - Melpool","robots":{"index":"index","follow":"follow","max-snippet":"max-snippet:-1","max-image-preview":"max-image-preview:large","max-video-preview":"max-video-preview:-1"},"canonical":"https:\/\/www.melpool.com\/sv\/produkt\/melpool-70-g\/","og_locale":"sv_SE","og_type":"article","og_title":"Melpool 70\/G - Melpool","og_description":"Granulat f\u00f6r desinfektion och algkontroll. Snabbt uppl\u00f6sande klorgranulat (minst 70 % Cl). Mycket effektiv mot alger och organiska avlagringar. Perfekt f\u00f6r klorchock och s\u00e4songsstart. F\u00f6r kontinuerlig desinfektion i mjukt och medelh\u00e5rt vatten. Klorprodukt av h\u00f6g kvalitet: l\u00e4mpar sig \u00e4ven f\u00f6r offentliga simbass\u00e4nger och desinfektion av dricksvatten. Inneh\u00e5ller ingen klorstabilisator: ingen risk f\u00f6r \u00f6verstabilisering av klor.","og_url":"https:\/\/www.melpool.com\/sv\/produkt\/melpool-70-g\/","og_site_name":"Melpool","article_modified_time":"2023-03-22T09:29:28+00:00","og_image":[{"width":2000,"height":2500,"url":"https:\/\/www.melpool.com\/wp-content\/uploads\/2021\/10\/Melpool.5kg.70-G-EN.chlore-shock.jpg","type":"image\/jpeg"}],"twitter_card":"summary_large_image","twitter_misc":{"Ber\u00e4knad l\u00e4stid":"1 minut"},"schema":{"@context":"https:\/\/schema.org","@graph":[{"@type":"WebPage","@id":"https:\/\/www.melpool.com\/sv\/produkt\/melpool-70-g\/","url":"https:\/\/www.melpool.com\/sv\/produkt\/melpool-70-g\/","name":"Melpool 70\/G - Melpool","isPartOf":{"@id":"https:\/\/www.melpool.com\/sv\/#website"},"primaryImageOfPage":{"@id":"https:\/\/www.melpool.com\/sv\/produkt\/melpool-70-g\/#primaryimage"},"image":{"@id":"https:\/\/www.melpool.com\/sv\/produkt\/melpool-70-g\/#primaryimage"},"thumbnailUrl":"https:\/\/www.melpool.com\/wp-content\/uploads\/2021\/10\/Melpool.5kg.70-G-EN.chlore-shock.jpg","datePublished":"2023-03-21T18:35:35+00:00","dateModified":"2023-03-22T09:29:28+00:00","breadcrumb":{"@id":"https:\/\/www.melpool.com\/sv\/produkt\/melpool-70-g\/#breadcrumb"},"inLanguage":"sv-SE","potentialAction":[{"@type":"ReadAction","target":["https:\/\/www.melpool.com\/sv\/produkt\/melpool-70-g\/"]}]},{"@type":"ImageObject","inLanguage":"sv-SE","@id":"https:\/\/www.melpool.com\/sv\/produkt\/melpool-70-g\/#primaryimage","url":"https:\/\/www.melpool.com\/wp-content\/uploads\/2021\/10\/Melpool.5kg.70-G-EN.chlore-shock.jpg","contentUrl":"https:\/\/www.melpool.com\/wp-content\/uploads\/2021\/10\/Melpool.5kg.70-G-EN.chlore-shock.jpg","width":2000,"height":2500},{"@type":"BreadcrumbList","@id":"https:\/\/www.melpool.com\/sv\/produkt\/melpool-70-g\/#breadcrumb","itemListElement":[{"@type":"ListItem","position":1,"name":"Home","item":"https:\/\/www.melpool.com\/sv\/"},{"@type":"ListItem","position":2,"name":"Produkter","item":"https:\/\/www.melpool.com\/sv\/produkt\/"},{"@type":"ListItem","position":3,"name":"Desinfektion","item":"https:\/\/www.melpool.com\/sv\/produktkategori\/desinfektion-sv\/"},{"@type":"ListItem","position":4,"name":"Melpool 70\/G"}]},{"@type":"WebSite","@id":"https:\/\/www.melpool.com\/sv\/#website","url":"https:\/\/www.melpool.com\/sv\/","name":"Melpool","description":"Alles voor waterbehandeling van uw zwembad","publisher":{"@id":"https:\/\/www.melpool.com\/sv\/#organization"},"potentialAction":[{"@type":"SearchAction","target":{"@type":"EntryPoint","urlTemplate":"https:\/\/www.melpool.com\/sv\/?s={search_term_string}"},"query-input":{"@type":"PropertyValueSpecification","valueRequired":true,"valueName":"search_term_string"}}],"inLanguage":"sv-SE"},{"@type":"Organization","@id":"https:\/\/www.melpool.com\/sv\/#organization","name":"Melpool","url":"https:\/\/www.melpool.com\/sv\/","logo":{"@type":"ImageObject","inLanguage":"sv-SE","@id":"https:\/\/www.melpool.com\/sv\/#\/schema\/logo\/image\/","url":"https:\/\/www.melpool.com\/wp-content\/uploads\/2021\/08\/Melpool-Logo-blauw.png","contentUrl":"https:\/\/www.melpool.com\/wp-content\/uploads\/2021\/08\/Melpool-Logo-blauw.png","width":1729,"height":542,"caption":"Melpool"},"image":{"@id":"https:\/\/www.melpool.com\/sv\/#\/schema\/logo\/image\/"}}]}},"_links":{"self":[{"href":"https:\/\/www.melpool.com\/sv\/wp-json\/wp\/v2\/product\/7007","targetHints":{"allow":["GET"]}}],"collection":[{"href":"https:\/\/www.melpool.com\/sv\/wp-json\/wp\/v2\/product"}],"about":[{"href":"https:\/\/www.melpool.com\/sv\/wp-json\/wp\/v2\/types\/product"}],"wp:featuredmedia":[{"embeddable":true,"href":"https:\/\/www.melpool.com\/sv\/wp-json\/wp\/v2\/media\/5105"}],"wp:attachment":[{"href":"https:\/\/www.melpool.com\/sv\/wp-json\/wp\/v2\/media?parent=7007"}],"wp:term":[{"taxonomy":"behandeling","embeddable":true,"href":"https:\/\/www.melpool.com\/sv\/wp-json\/wp\/v2\/behandeling?post=7007"},{"taxonomy":"product_categorie","embeddable":true,"href":"https:\/\/www.melpool.com\/sv\/wp-json\/wp\/v2\/product_categorie?post=7007"},{"taxonomy":"product_type","embeddable":true,"href":"https:\/\/www.melpool.com\/sv\/wp-json\/wp\/v2\/product_type?post=7007"}],"curies":[{"name":"wp","href":"https:\/\/api.w.org\/{rel}","templated":true}]}}